{"id":894,"date":"2024-01-22T13:27:09","date_gmt":"2024-01-22T13:27:09","guid":{"rendered":"https:\/\/audiomed.com.pl\/apt\/?post_type=product&#038;p=894"},"modified":"2024-01-22T13:41:40","modified_gmt":"2024-01-22T13:41:40","slug":"matcha-slim","status":"publish","type":"product","link":"https:\/\/audiomed.com.pl\/apt\/produkty\/matcha-slim\/","title":{"rendered":"Matcha Slim"},"content":{"rendered":"\n<p>Matcha Slim nadwaga i oty\u0142o\u015b\u0107 sta\u0142y si\u0119 powa\u017cnym problemem we wsp\u00f3\u0142czesnym spo\u0142ecze\u0144stwie. Miliony ludzi zmagaj\u0105 si\u0119 z dodatkowymi kilogramami i pr\u00f3buj\u0105 znale\u017a\u0107 skuteczne rozwi\u0105zania, aby schudn\u0105\u0107. Ta bitwa mo\u017ce by\u0107 trudna, a czasem frustruj\u0105ca, poniewa\u017c nadwaga mo\u017ce mie\u0107 powa\u017cne konsekwencje zdrowotne, w tym zwi\u0119kszone ryzyko chor\u00f3b serca, cukrzycy typu 2, wysokiego ci\u015bnienia krwi i innych.<\/p>\n\n\n\n<p>Oty\u0142o\u015b\u0107 mo\u017ce wp\u0142ywa\u0107 nie tylko na zdrowie fizyczne, ale tak\u017ce na zdrowie psychiczne. Osoby z nadwag\u0105 lub oty\u0142o\u015bci\u0105 mog\u0105 cierpie\u0107 na pi\u0119tno spo\u0142eczne i mog\u0105 mie\u0107 problemy z obrazem siebie. Mo\u017ce to prowadzi\u0107 do stresu i niepokoju, co jeszcze bardziej pogarsza problem. Dlatego wa\u017cne jest znalezienie skutecznych sposob\u00f3w zwalczania nadwagi i promowania zdrowego stylu \u017cycia.<\/p>\n\n\n\n<h2 class=\"wp-block-heading\">Czym jest Matcha Slim?<\/h2>\n\n\n\n<p>Matcha Slim to suplement diety w postaci herbaty, przeznaczony do wspomagania odchudzania i detoksykacji organizmu. Bazuje na ekstrakcie matcha, kt\u00f3ry jest rodzajem zielonej herbaty pochodz\u0105cej z Japonii. Matcha sta\u0142a si\u0119 znana ze swoich korzy\u015bci zdrowotnych, w tym bogatej zawarto\u015bci sk\u0142adnik\u00f3w od\u017cywczych i przeciwutleniaczy.<\/p>\n\n\n\n<p>W tym kontek\u015bcie Matcha Slim, wyr\u00f3\u017cnia si\u0119 jako produkt, kt\u00f3ry obiecuje pom\u00f3c w walce z nadwag\u0105 i promowa\u0107 zdrowy tryb \u017cycia. Ale czym jest Matcha Slim i jak dzia\u0142a? W tym artykule om\u00f3wimy szczeg\u00f3\u0142y tego produktu i jego sk\u0142ad, aby lepiej zrozumie\u0107, w jaki spos\u00f3b mo\u017ce pom\u00f3c ci schudn\u0105\u0107 i poprawi\u0107 zdrowie.<\/p>\n\n\n\n<h2 class=\"wp-block-heading\">Wskazania do stosowania Matcha Slim<\/h2>\n\n\n\n<p>Je\u015bli masz wcze\u015bniej istniej\u0105cy stan chorobowy lub przyjmujesz leki, zawsze zaleca si\u0119 skonsultowanie si\u0119 z lekarzem lub specjalist\u0105 przed zastosowaniem jakiegokolwiek suplementu odchudzaj\u0105cego. Mog\u0105 udzieli\u0107 Ci spersonalizowanych porad i poinformowa\u0107 o potencjalnych interakcjach mi\u0119dzy suplementem a przyjmowanymi lekami.<\/p>\n\n\n\n<p>Dzi\u0119ki naturalnej i skutecznej formule produkt ten zosta\u0142 zaprojektowany, aby wspiera\u0107 odchudzanie w bezpieczny i zr\u00f3wnowa\u017cony spos\u00f3b. Je\u015bli chcesz uzyska\u0107 lepsze wyniki w procesie odchudzania, Matcha Slim mo\u017ce by\u0107 \u015bwietn\u0105 opcj\u0105 do rozwa\u017cenia.<\/p>\n\n\n\n<h2 class=\"wp-block-heading\">Efekty stosowania \u2013 Jak dzia\u0142a Matcha Slim<\/h2>\n\n\n\n<p>Jedn\u0105 z najbardziej niezwyk\u0142ych cech Matcha Slim, jest jego zdolno\u015b\u0107 do stymulowania bicia serca i przyspieszania procesu lipolizy, co oznacza, \u017ce przyczynia si\u0119 do rozpadu t\u0142uszczu podsk\u00f3rnego. Wynika to z zawarto\u015bci teofiliny i katechin, kt\u00f3re dzia\u0142aj\u0105 na receptory beta w organizmie.<\/p>\n\n\n\n<p>Kolejn\u0105 wa\u017cn\u0105 zalet\u0105 tego produktu jest jego zdolno\u015b\u0107 do dzia\u0142ania jako silny absorbent, usuwaj\u0105c toksyny i zanieczyszczenia z organizmu. Pomaga to nie tylko oczy\u015bci\u0107 organizm, ale tak\u017ce poprawia prac\u0119 uk\u0142adu pokarmowego.<\/p>\n\n\n\n<p>Pod wzgl\u0119dem skutk\u00f3w ubocznych Matcha Slim, ma minimalne ryzyko wywo\u0142ania takich negatywnych skutk\u00f3w. Dzieje si\u0119 tak, poniewa\u017c jest to ca\u0142kowicie naturalny produkt bez sztucznych chemikali\u00f3w i dodatk\u00f3w.<\/p>\n\n\n\n<h2 class=\"wp-block-heading\">Sk\u0142adniki \u2013 Co zawiera Matcha Slim<\/h2>\n\n\n\n<p><strong>Matcha Tea<\/strong> &#8211; Matcha Slim zawiera ekstrakt matcha, kt\u00f3ry jest bogaty w sk\u0142adniki od\u017cywcze takie jak teofilina, ryboflawina, retinol, chlorofil, L-teanina i katechiny. Te substancje czynne s\u0105 niezb\u0119dne do przyspieszenia procesu lipolizy, kt\u00f3ry obejmuje rozpad t\u0142uszczu podsk\u00f3rnego.<\/p>\n\n\n\n<p><strong>L-teanina<\/strong> &#8211; ta substancja pomaga zmniejszy\u0107 stres i niepok\u00f3j, co mo\u017ce pom\u00f3c kontrolowa\u0107 apetyt na jedzenie i poprawi\u0107 sen.<\/p>\n\n\n\n<p><strong>Ekstrakt z imbiru<\/strong> &#8211; imbir ma w\u0142a\u015bciwo\u015bci przeciwzapalne i przeciwutleniaj\u0105ce oraz mo\u017ce przyspieszy\u0107 metabolizm sk\u0142adniki Matcha Slim.<\/p>\n\n\n\n<p><strong>Ekstrakt z pieprzu Cayenne<\/strong> &#8211; ten sk\u0142adnik mo\u017ce stymulowa\u0107 spalanie kalorii poprzez podniesienie temperatury cia\u0142a.<\/p>\n\n\n\n<p><strong>Witamina C<\/strong> &#8211; witamina C jest niezb\u0119dna dla og\u00f3lnego stanu zdrowia i mo\u017ce wspiera\u0107 uk\u0142ad odporno\u015bciowy.<\/p>\n\n\n\n<p><strong>Ekstrakt z grejpfruta<\/strong> &#8211; grejpfrut mo\u017ce pom\u00f3c kontrolowa\u0107 apetyt i kontrolowa\u0107 poziom cukru we krwi.<\/p>\n\n\n\n<h2 class=\"wp-block-heading\">Cena Matcha Slim<\/h2>\n\n\n\n<p>Aby uzyska\u0107 najlepsz\u0105 cen\u0119 za Matcha Slim, zalecamy zakup go na oficjalnej stronie producenta. Znajdziesz tam specjalne oferty i promocje, kt\u00f3re pozwol\u0105 Ci zaoszcz\u0119dzi\u0107 pieni\u0105dze, jednocze\u015bnie ciesz\u0105c si\u0119 zaletami produktu. Ponadto, kupuj\u0105c bezpo\u015brednio od producenta, unikasz po\u015brednik\u00f3w, co mo\u017ce prowadzi\u0107 do dodatkowych koszt\u00f3w.<\/p>\n\n\n\n<p>Cena Matcha Slim, mo\u017ce si\u0119 r\u00f3\u017cni\u0107 w zale\u017cno\u015bci od ofert, promocji i ilo\u015bci zakupionego produktu. Zawsze zaleca si\u0119 sprawdzenie cen i por\u00f3wnanie wielu \u017ar\u00f3de\u0142 przed dokonaniem zakupu, aby upewni\u0107 si\u0119, \u017ce otrzymujesz najlepszy stosunek jako\u015bci do ceny.<\/p>\n\n\n\n<h2 class=\"wp-block-heading\">Matcha Slim opinie \u2013 recenzje u\u017cytkownik\u00f3w o produkcie<\/h2>\n\n\n\n<p>Matcha Slim to produkt odchudzaj\u0105cy na bazie herbaty Matcha o sprawdzonych efektach i pozytywnych recenzjach. Kupowanie na oficjalnej stronie producenta zapewnia dost\u0119p do oryginalnego produktu i najlepszych ofert. Pozytywne recenzje u\u017cytkownik\u00f3w i zalecenia ekspert\u00f3w podkre\u015blaj\u0105 skuteczno\u015b\u0107 i bezpiecze\u0144stwo tego produktu w odchudzaniu.<\/p>\n\n\n\n<p>Matcha Slim wydaje si\u0119 by\u0107 ciekawym produktem dla tych, kt\u00f3rzy chc\u0105 poprawi\u0107 swoje zdrowie i walczy\u0107 z nadwag\u0105. Nale\u017cy jednak pami\u0119ta\u0107 Matcha Slim opinie, \u017ce ka\u017cda osoba jest inna, a wyniki mog\u0105 si\u0119 r\u00f3\u017cni\u0107. Zawsze zaleca si\u0119 rozmow\u0119 z pracownikiem s\u0142u\u017cby zdrowia przed rozpocz\u0119ciem jakiegokolwiek programu odchudzania lub przyjmowania suplement\u00f3w diety.<\/p>\n\n\n\n<h2 class=\"wp-block-heading\">Spos\u00f3b przyjmowania \u2013 Jak stosowa\u0107 Matcha Slim<\/h2>\n\n\n\n<p>Aby uzyska\u0107 najlepsze wyniki z Matcha Slim, wa\u017cne jest, aby post\u0119powa\u0107 zgodnie z instrukcj\u0105 u\u017cytkowania. Do produktu Zwykle do\u0142\u0105czona jest ulotka zawieraj\u0105ca szczeg\u00f3\u0142owe informacje o prawid\u0142owym stosowaniu.<\/p>\n\n\n\n<p>Og\u00f3lnie instrukcje u\u017cytkowania obejmuj\u0105:<\/p>\n\n\n\n<p><strong>Zalecane dawkowanie<\/strong> &#8211; zwykle zaleca si\u0119 zmieszanie jednej \u0142y\u017ceczki lub saszetki Matcha Slim ze szklank\u0105 wody lub innego p\u0142ynu i spo\u017cywanie jej raz dziennie.<\/p>\n\n\n\n<p><strong>Odpowiedni czas<\/strong> &#8211; dobrze jest spo\u017cywa\u0107 produkt przed jednym z g\u0142\u00f3wnych posi\u0142k\u00f3w, aby pom\u00f3c kontrolowa\u0107 apetyt i przyspieszy\u0107 proces spalania t\u0142uszczu.<\/p>\n\n\n\n<p><strong>Przestrzeganie zalece\u0144<\/strong> &#8211; aby uzyska\u0107 optymalne wyniki, wa\u017cne jest \u015bcis\u0142e przestrzeganie dawkowania i instrukcji u\u017cytkowania.<\/p>\n\n\n\n<h2 class=\"wp-block-heading\">Gdzie kupi\u0107 proszek Matcha Slim: apteka, Amazon czy oficjalna strona producenta<\/h2>\n\n\n\n<p>Matcha Slim mo\u017cna kupi\u0107 w kilku miejscach, ale najbezpieczniejsz\u0105 i najskuteczniejsz\u0105 opcj\u0105 jest zakup jej na oficjalnej stronie producenta Matcha Slim. Gwarantuje to, \u017ce otrzymasz autentyczny i wysokiej jako\u015bci produkt. Nale\u017cy r\u00f3wnie\u017c pami\u0119ta\u0107, \u017ce Matcha Slim nie jest dost\u0119pna w aptekach ani sklepach typu. Chocia\u017c mo\u017cna go znale\u017a\u0107 w niekt\u00f3rych aptekach internetowych, zakup od producenta jest najlepsz\u0105 opcj\u0105, aby unikn\u0105\u0107 po\u015brednik\u00f3w i uzyska\u0107 oryginalny produkt.<\/p>\n\n\n\n<p>Matcha Slim mo\u017cna kupi\u0107 online na oficjalnej stronie producenta lub w niekt\u00f3rych sklepach i internetowych platformach sprzeda\u017cy specjalizuj\u0105cych si\u0119 w produktach zdrowotnych i wellness. Zaleca si\u0119 zakup produktu bezpo\u015brednio od producenta lub z zaufanych \u017ar\u00f3de\u0142, aby upewni\u0107 si\u0119 apteka, \u017ce otrzymasz oryginalny i wysokiej jako\u015bci produkt.<\/p>\n\n\n\n<h2 class=\"wp-block-heading\">Najcz\u0119\u015bciej zadawane pytania<\/h2>\n\n\n\n<h3 class=\"wp-block-heading\">W jakim celu stosuje si\u0119 Matcha Slim?<\/h3>\n\n\n\n<p>Matcha Slim dzia\u0142a poprzez po\u0142\u0105czenie wielu zalet jego sk\u0142adnik\u00f3w. Ekstrakt Matcha stymuluje proces lipolizy, co oznacza, \u017ce pomaga rozk\u0142ada\u0107 podsk\u00f3rn\u0105 tkank\u0119 t\u0142uszczow\u0105.<\/p>\n\n\n\n<h3 class=\"wp-block-heading\">Jakie s\u0105 opinie lekarzy na temat Matcha Slim?<\/h3>\n\n\n\n<p>Matcha Slim jest cudowna! Uda\u0142o mi si\u0119 pozby\u0107 niechcianego t\u0142uszczu z brzucha, a moje poczucie syto\u015bci znacznie si\u0119 poprawi\u0142o.<\/p>\n","protected":false},"excerpt":{"rendered":"<p>Matcha Slim nadwaga i oty\u0142o\u015b\u0107 sta\u0142y si\u0119 powa\u017cnym problemem we wsp\u00f3\u0142czesnym spo\u0142ecze\u0144stwie. Miliony ludzi zmagaj\u0105 si\u0119 z dodatkowymi kilogramami i pr\u00f3buj\u0105 znale\u017a\u0107 skuteczne rozwi\u0105zania, aby schudn\u0105\u0107. Ta bitwa mo\u017ce by\u0107 trudna, a czasem frustruj\u0105ca, poniewa\u017c nadwaga mo\u017ce mie\u0107 powa\u017cne konsekwencje zdrowotne, w tym zwi\u0119kszone ryzyko chor\u00f3b serca, cukrzycy typu 2, wysokiego ci\u015bnienia krwi i innych. &#8230; <a title=\"Matcha Slim\" class=\"read-more\" href=\"https:\/\/audiomed.com.pl\/apt\/produkty\/matcha-slim\/\" aria-label=\"More on Matcha Slim\">Czytaj dalej<\/a><\/p>\n","protected":false},"featured_media":895,"comment_status":"open","ping_status":"closed","template":"","meta":{"_uag_custom_page_level_css":""},"product_brand":[],"product_cat":[21],"product_tag":[],"class_list":{"0":"post-894","1":"product","2":"type-product","3":"status-publish","4":"has-post-thumbnail","6":"product_cat-odchudzanie","7":"sales-flash-overlay","8":"woocommerce-text-align-center","9":"woocommerce-image-align-center","10":"do-quantity-buttons","12":"first","13":"instock","14":"sale","15":"shipping-taxable","16":"product-type-external"},"yoast_head":"<!-- This site is optimized with the Yoast SEO plugin v27.5 - https:\/\/yoast.com\/product\/yoast-seo-wordpress\/ -->\n<title>Matcha Slim proszek - opinie, cena, sk\u0142ad, efekty 2024<\/title>\n<meta name=\"description\" content=\"Jak schudn\u0105\u0107 szybko i \u0142atwo? Spr\u00f3buj! Matcha Slim!\" \/>\n<meta name=\"robots\" content=\"index, follow, max-snippet:-1, max-image-preview:large, max-video-preview:-1\" \/>\n<link rel=\"canonical\" href=\"https:\/\/audiomed.com.pl\/apt\/produkty\/matcha-slim\/\" \/>\n<meta property=\"og:locale\" content=\"pl_PL\" \/>\n<meta property=\"og:type\" content=\"article\" \/>\n<meta property=\"og:title\" content=\"Matcha Slim proszek - opinie, cena, sk\u0142ad, efekty 2024\" \/>\n<meta property=\"og:description\" content=\"Jak schudn\u0105\u0107 szybko i \u0142atwo? Spr\u00f3buj! Matcha Slim!\" \/>\n<meta property=\"og:url\" content=\"https:\/\/audiomed.com.pl\/apt\/produkty\/matcha-slim\/\" \/>\n<meta property=\"og:site_name\" content=\"Audiomed\" \/>\n<meta property=\"article:modified_time\" content=\"2024-01-22T13:41:40+00:00\" \/>\n<meta property=\"og:image\" content=\"https:\/\/audiomed.com.pl\/apt\/wp-content\/uploads\/2024\/01\/Matcha-Slim.png\" \/>\n\t<meta property=\"og:image:width\" content=\"400\" \/>\n\t<meta property=\"og:image:height\" content=\"400\" \/>\n\t<meta property=\"og:image:type\" content=\"image\/png\" \/>\n<meta name=\"twitter:card\" content=\"summary_large_image\" \/>\n<meta name=\"twitter:label1\" content=\"Szacowany czas czytania\" \/>\n\t<meta name=\"twitter:data1\" content=\"7 minut\" \/>\n<script type=\"application\/ld+json\" class=\"yoast-schema-graph\">{\"@context\":\"https:\\\/\\\/schema.org\",\"@graph\":[{\"@type\":\"WebPage\",\"@id\":\"https:\\\/\\\/audiomed.com.pl\\\/apt\\\/produkty\\\/matcha-slim\\\/\",\"url\":\"https:\\\/\\\/audiomed.com.pl\\\/apt\\\/produkty\\\/matcha-slim\\\/\",\"name\":\"Matcha Slim proszek - opinie, cena, sk\u0142ad, efekty 2024\",\"isPartOf\":{\"@id\":\"http:\\\/\\\/audiomed.com.pl\\\/apt\\\/#website\"},\"primaryImageOfPage\":{\"@id\":\"https:\\\/\\\/audiomed.com.pl\\\/apt\\\/produkty\\\/matcha-slim\\\/#primaryimage\"},\"image\":{\"@id\":\"https:\\\/\\\/audiomed.com.pl\\\/apt\\\/produkty\\\/matcha-slim\\\/#primaryimage\"},\"thumbnailUrl\":\"https:\\\/\\\/audiomed.com.pl\\\/apt\\\/wp-content\\\/uploads\\\/2024\\\/01\\\/Matcha-Slim.png\",\"datePublished\":\"2024-01-22T13:27:09+00:00\",\"dateModified\":\"2024-01-22T13:41:40+00:00\",\"description\":\"Jak schudn\u0105\u0107 szybko i \u0142atwo? Spr\u00f3buj! Matcha Slim!\",\"breadcrumb\":{\"@id\":\"https:\\\/\\\/audiomed.com.pl\\\/apt\\\/produkty\\\/matcha-slim\\\/#breadcrumb\"},\"inLanguage\":\"pl-PL\",\"potentialAction\":[{\"@type\":\"ReadAction\",\"target\":[\"https:\\\/\\\/audiomed.com.pl\\\/apt\\\/produkty\\\/matcha-slim\\\/\"]}]},{\"@type\":\"ImageObject\",\"inLanguage\":\"pl-PL\",\"@id\":\"https:\\\/\\\/audiomed.com.pl\\\/apt\\\/produkty\\\/matcha-slim\\\/#primaryimage\",\"url\":\"https:\\\/\\\/audiomed.com.pl\\\/apt\\\/wp-content\\\/uploads\\\/2024\\\/01\\\/Matcha-Slim.png\",\"contentUrl\":\"https:\\\/\\\/audiomed.com.pl\\\/apt\\\/wp-content\\\/uploads\\\/2024\\\/01\\\/Matcha-Slim.png\",\"width\":400,\"height\":400,\"caption\":\"Matcha Slim\"},{\"@type\":\"BreadcrumbList\",\"@id\":\"https:\\\/\\\/audiomed.com.pl\\\/apt\\\/produkty\\\/matcha-slim\\\/#breadcrumb\",\"itemListElement\":[{\"@type\":\"ListItem\",\"position\":1,\"name\":\"Home\",\"item\":\"http:\\\/\\\/audiomed.com.pl\\\/apt\\\/\"},{\"@type\":\"ListItem\",\"position\":2,\"name\":\"Produkty\",\"item\":\"http:\\\/\\\/audiomed.com.pl\\\/apt\\\/\"},{\"@type\":\"ListItem\",\"position\":3,\"name\":\"Matcha Slim\"}]},{\"@type\":\"WebSite\",\"@id\":\"http:\\\/\\\/audiomed.com.pl\\\/apt\\\/#website\",\"url\":\"http:\\\/\\\/audiomed.com.pl\\\/apt\\\/\",\"name\":\"Audiomed\",\"description\":\"\",\"potentialAction\":[{\"@type\":\"SearchAction\",\"target\":{\"@type\":\"EntryPoint\",\"urlTemplate\":\"http:\\\/\\\/audiomed.com.pl\\\/apt\\\/?s={search_term_string}\"},\"query-input\":{\"@type\":\"PropertyValueSpecification\",\"valueRequired\":true,\"valueName\":\"search_term_string\"}}],\"inLanguage\":\"pl-PL\"}]}<\/script>\n<!-- \/ Yoast SEO plugin. -->","yoast_head_json":{"title":"Matcha Slim proszek - opinie, cena, sk\u0142ad, efekty 2024","description":"Jak schudn\u0105\u0107 szybko i \u0142atwo? Spr\u00f3buj! Matcha Slim!","robots":{"index":"index","follow":"follow","max-snippet":"max-snippet:-1","max-image-preview":"max-image-preview:large","max-video-preview":"max-video-preview:-1"},"canonical":"https:\/\/audiomed.com.pl\/apt\/produkty\/matcha-slim\/","og_locale":"pl_PL","og_type":"article","og_title":"Matcha Slim proszek - opinie, cena, sk\u0142ad, efekty 2024","og_description":"Jak schudn\u0105\u0107 szybko i \u0142atwo? Spr\u00f3buj! Matcha Slim!","og_url":"https:\/\/audiomed.com.pl\/apt\/produkty\/matcha-slim\/","og_site_name":"Audiomed","article_modified_time":"2024-01-22T13:41:40+00:00","og_image":[{"width":400,"height":400,"url":"https:\/\/audiomed.com.pl\/apt\/wp-content\/uploads\/2024\/01\/Matcha-Slim.png","type":"image\/png"}],"twitter_card":"summary_large_image","twitter_misc":{"Szacowany czas czytania":"7 minut"},"schema":{"@context":"https:\/\/schema.org","@graph":[{"@type":"WebPage","@id":"https:\/\/audiomed.com.pl\/apt\/produkty\/matcha-slim\/","url":"https:\/\/audiomed.com.pl\/apt\/produkty\/matcha-slim\/","name":"Matcha Slim proszek - opinie, cena, sk\u0142ad, efekty 2024","isPartOf":{"@id":"http:\/\/audiomed.com.pl\/apt\/#website"},"primaryImageOfPage":{"@id":"https:\/\/audiomed.com.pl\/apt\/produkty\/matcha-slim\/#primaryimage"},"image":{"@id":"https:\/\/audiomed.com.pl\/apt\/produkty\/matcha-slim\/#primaryimage"},"thumbnailUrl":"https:\/\/audiomed.com.pl\/apt\/wp-content\/uploads\/2024\/01\/Matcha-Slim.png","datePublished":"2024-01-22T13:27:09+00:00","dateModified":"2024-01-22T13:41:40+00:00","description":"Jak schudn\u0105\u0107 szybko i \u0142atwo? Spr\u00f3buj! Matcha Slim!","breadcrumb":{"@id":"https:\/\/audiomed.com.pl\/apt\/produkty\/matcha-slim\/#breadcrumb"},"inLanguage":"pl-PL","potentialAction":[{"@type":"ReadAction","target":["https:\/\/audiomed.com.pl\/apt\/produkty\/matcha-slim\/"]}]},{"@type":"ImageObject","inLanguage":"pl-PL","@id":"https:\/\/audiomed.com.pl\/apt\/produkty\/matcha-slim\/#primaryimage","url":"https:\/\/audiomed.com.pl\/apt\/wp-content\/uploads\/2024\/01\/Matcha-Slim.png","contentUrl":"https:\/\/audiomed.com.pl\/apt\/wp-content\/uploads\/2024\/01\/Matcha-Slim.png","width":400,"height":400,"caption":"Matcha Slim"},{"@type":"BreadcrumbList","@id":"https:\/\/audiomed.com.pl\/apt\/produkty\/matcha-slim\/#breadcrumb","itemListElement":[{"@type":"ListItem","position":1,"name":"Home","item":"http:\/\/audiomed.com.pl\/apt\/"},{"@type":"ListItem","position":2,"name":"Produkty","item":"http:\/\/audiomed.com.pl\/apt\/"},{"@type":"ListItem","position":3,"name":"Matcha Slim"}]},{"@type":"WebSite","@id":"http:\/\/audiomed.com.pl\/apt\/#website","url":"http:\/\/audiomed.com.pl\/apt\/","name":"Audiomed","description":"","potentialAction":[{"@type":"SearchAction","target":{"@type":"EntryPoint","urlTemplate":"http:\/\/audiomed.com.pl\/apt\/?s={search_term_string}"},"query-input":{"@type":"PropertyValueSpecification","valueRequired":true,"valueName":"search_term_string"}}],"inLanguage":"pl-PL"}]}},"uagb_featured_image_src":{"full":["https:\/\/audiomed.com.pl\/apt\/wp-content\/uploads\/2024\/01\/Matcha-Slim.png",400,400,false],"thumbnail":["https:\/\/audiomed.com.pl\/apt\/wp-content\/uploads\/2024\/01\/Matcha-Slim-150x150.png",150,150,true],"medium":["https:\/\/audiomed.com.pl\/apt\/wp-content\/uploads\/2024\/01\/Matcha-Slim-300x300.png",300,300,true],"medium_large":["https:\/\/audiomed.com.pl\/apt\/wp-content\/uploads\/2024\/01\/Matcha-Slim.png",400,400,false],"large":["https:\/\/audiomed.com.pl\/apt\/wp-content\/uploads\/2024\/01\/Matcha-Slim.png",400,400,false],"1536x1536":["https:\/\/audiomed.com.pl\/apt\/wp-content\/uploads\/2024\/01\/Matcha-Slim.png",400,400,false],"2048x2048":["https:\/\/audiomed.com.pl\/apt\/wp-content\/uploads\/2024\/01\/Matcha-Slim.png",400,400,false],"woocommerce_thumbnail":["https:\/\/audiomed.com.pl\/apt\/wp-content\/uploads\/2024\/01\/Matcha-Slim-300x300.png",300,300,true],"woocommerce_single":["https:\/\/audiomed.com.pl\/apt\/wp-content\/uploads\/2024\/01\/Matcha-Slim.png",400,400,false],"woocommerce_gallery_thumbnail":["https:\/\/audiomed.com.pl\/apt\/wp-content\/uploads\/2024\/01\/Matcha-Slim-100x100.png",100,100,true],"yarpp-thumbnail":["https:\/\/audiomed.com.pl\/apt\/wp-content\/uploads\/2024\/01\/Matcha-Slim-120x120.png",120,120,true]},"uagb_author_info":{"display_name":"Patrycja","author_link":"https:\/\/audiomed.com.pl\/apt\/author\/"},"uagb_comment_info":0,"uagb_excerpt":"Matcha Slim nadwaga i oty\u0142o\u015b\u0107 sta\u0142y si\u0119 powa\u017cnym problemem we wsp\u00f3\u0142czesnym spo\u0142ecze\u0144stwie. Miliony ludzi zmagaj\u0105 si\u0119 z dodatkowymi kilogramami i pr\u00f3buj\u0105 znale\u017a\u0107 skuteczne rozwi\u0105zania, aby schudn\u0105\u0107. Ta bitwa mo\u017ce by\u0107 trudna, a czasem frustruj\u0105ca, poniewa\u017c nadwaga mo\u017ce mie\u0107 powa\u017cne konsekwencje zdrowotne, w tym zwi\u0119kszone ryzyko chor\u00f3b serca, cukrzycy typu 2, wysokiego ci\u015bnienia krwi i innych.&hellip;","_links":{"self":[{"href":"https:\/\/audiomed.com.pl\/apt\/wp-json\/wp\/v2\/product\/894","targetHints":{"allow":["GET"]}}],"collection":[{"href":"https:\/\/audiomed.com.pl\/apt\/wp-json\/wp\/v2\/product"}],"about":[{"href":"https:\/\/audiomed.com.pl\/apt\/wp-json\/wp\/v2\/types\/product"}],"replies":[{"embeddable":true,"href":"https:\/\/audiomed.com.pl\/apt\/wp-json\/wp\/v2\/comments?post=894"}],"wp:featuredmedia":[{"embeddable":true,"href":"https:\/\/audiomed.com.pl\/apt\/wp-json\/wp\/v2\/media\/895"}],"wp:attachment":[{"href":"https:\/\/audiomed.com.pl\/apt\/wp-json\/wp\/v2\/media?parent=894"}],"wp:term":[{"taxonomy":"product_brand","embeddable":true,"href":"https:\/\/audiomed.com.pl\/apt\/wp-json\/wp\/v2\/product_brand?post=894"},{"taxonomy":"product_cat","embeddable":true,"href":"https:\/\/audiomed.com.pl\/apt\/wp-json\/wp\/v2\/product_cat?post=894"},{"taxonomy":"product_tag","embeddable":true,"href":"https:\/\/audiomed.com.pl\/apt\/wp-json\/wp\/v2\/product_tag?post=894"}],"curies":[{"name":"wp","href":"https:\/\/api.w.org\/{rel}","templated":true}]}}