{"id":884,"date":"2024-01-19T14:55:09","date_gmt":"2024-01-19T14:55:09","guid":{"rendered":"https:\/\/audiomed.com.pl\/apt\/?post_type=product&#038;p=884"},"modified":"2024-01-19T15:11:53","modified_gmt":"2024-01-19T15:11:53","slug":"moring-slim","status":"publish","type":"product","link":"https:\/\/audiomed.com.pl\/apt\/produkty\/moring-slim\/","title":{"rendered":"Moring Slim"},"content":{"rendered":"\n<p>Moring Slim nadwaga i tkanka t\u0142uszczowa mog\u0105 prowadzi\u0107 do powa\u017cnych komplikacji zdrowotnych. Wiele os\u00f3b boryka si\u0119 w dzisiejszych czasach z oty\u0142o\u015bci\u0105, dlatego osi\u0105gni\u0119cie idealnej sylwetki to nie tylko problem wizualny, ale tak\u017ce taki, kt\u00f3ry bezpo\u015brednio wp\u0142ywa na zdrowie naszego organizmu. Moring Slim, w postaci kapsu\u0142ek, bazuje na innowacyjnej formule specjalnie wyselekcjonowanych naturalnych sk\u0142adnik\u00f3w. Mo\u017cna powiedzie\u0107, \u017ce ten lek jest wa\u017cnym sprzymierze\u0144cem w walce z oty\u0142o\u015bci\u0105 i osi\u0105gni\u0119ciu po\u017c\u0105danej sylwetki.<\/p>\n\n\n\n<h2 class=\"wp-block-heading\">Czym jest Moring Slim?<\/h2>\n\n\n\n<p>Moring Slim to innowacyjny suplement diety przeznaczony do wspomagania procesu odchudzania w zdrowy i naturalny spos\u00f3b. Zawiera specjaln\u0105 formu\u0142\u0119 opart\u0105 na naturalnych ekstraktach ro\u015blinnych, kt\u00f3re mog\u0105 przyspieszy\u0107 metabolizm, zmniejszy\u0107 apetyt i spali\u0107 t\u0142uszcz.<\/p>\n\n\n\n<p>Moring Slim dzia\u0142a na kilka sposob\u00f3w wspomagaj\u0105c odchudzanie. Po pierwsze, jego aktywne sk\u0142adniki stymuluj\u0105 metabolizm, co mo\u017ce prowadzi\u0107 do bardziej efektywnego spalania kalorii i t\u0142uszczu. Po drugie, Moring Slim mo\u017ce zmniejszy\u0107 apetyt i nadmierny apetyt, pomagaj\u0105c w ten spos\u00f3b kontrolowa\u0107 porcje i spo\u017cycie kalorii. Dodatkowo suplement ten mo\u017ce zwi\u0119kszy\u0107 poziom energii i poprawi\u0107 og\u00f3lne samopoczucie.<\/p>\n\n\n\n<h2 class=\"wp-block-heading\">Wskazania do stosowania Moring Slim<\/h2>\n\n\n\n<p>Kapsu\u0142ki Moring Slim to innowacyjny produkt na rynku. Oparte s\u0105 na naturalnych sk\u0142adnikach i pomagaj\u0105 szybko i bezpiecznie pozby\u0107 si\u0119 nadwagi. Moring Slim zawiera ekstrakt z moringi, ro\u015blin\u0119 znan\u0105 ze swoich w\u0142a\u015bciwo\u015bci odchudzaj\u0105cych. Kapsu\u0142ki zawieraj\u0105 r\u00f3wnie\u017c inne naturalne sk\u0142adniki, kt\u00f3re poprawiaj\u0105 metabolizm, zmniejszaj\u0105 apetyt i przyspieszaj\u0105 rozpad kom\u00f3rek t\u0142uszczowych.<\/p>\n\n\n\n<h2 class=\"wp-block-heading\">Efekty stosowania \u2013 Jak dzia\u0142a Moring Slim<\/h2>\n\n\n\n<p>Od samego pocz\u0105tku, zgodnie z informacjami zawartymi w ulotce Moring Slim, nale\u017cy wspomnie\u0107, \u017ce lek ten nie ma skutk\u00f3w ubocznych, ze wzgl\u0119du na naturalne sk\u0142adniki, z kt\u00f3rych si\u0119 sk\u0142ada. Nale\u017cy wiedzie\u0107, \u017ce Moring Slim nie jest zalecany do karmienia piersi\u0105 i os\u00f3b z dolegliwo\u015bciami bez nadzoru lekarskiego. A jednak, jakie efekty ma Moring Slim?<\/p>\n\n\n\n<p>Korzystny w dobrej diecie Moring Slim pomaga w leczeniu problem\u00f3w trawiennych, zmniejsza apetyt poprzez zapewnienie d\u0142ugiego uczucia syto\u015bci, energetycznie wspomaga metabolizm, co w ten spos\u00f3b skutecznie spala t\u0142uszcze, a tak\u017ce kapsu\u0142ki s\u0105 wyj\u0105tkowo niskokaloryczne. Opr\u00f3cz tego Moring Slim znacznie obni\u017ca poziom cholesterolu i bardzo dobrze oczyszcza uk\u0142ad trawienny. Dlatego efekty Moring Slim s\u0105 korzystne dla zdrowia, kt\u00f3re uzyskuje si\u0119 dzi\u0119ki dobrej diecie.<\/p>\n\n\n\n<h2 class=\"wp-block-heading\">Sk\u0142adniki \u2013 Co zawiera Moring Slim<\/h2>\n\n\n\n<p>Opr\u00f3cz Moringi kapsu\u0142ki Moring Slim zawieraj\u0105 r\u00f3wnie\u017c inne naturalne sk\u0142adniki Moring Slim, takie jak:<\/p>\n\n\n\n<p><strong>Ekstrakt z zielonej herbaty<\/strong> &#8211; Zielona herbata zawiera katechiny, naturalne przeciwutleniacze, kt\u00f3re pomagaj\u0105 przyspieszy\u0107 metabolizm i obni\u017cy\u0107 poziom cholesterolu we krwi.<\/p>\n\n\n\n<p><strong>Guarana<\/strong> &#8211; Jest to ro\u015blina zawieraj\u0105ca naturalny stymulant zwany kofein\u0105. Guarana poprawia uk\u0142ad sercowo-naczyniowy, zwi\u0119ksza wytrzyma\u0142o\u015b\u0107 i zmniejsza apetyt.<\/p>\n\n\n\n<p><strong>Kofeina<\/strong> &#8211; Kofeina jest r\u00f3wnie\u017c stymulantem i pomaga przyspieszy\u0107 metabolizm i zwi\u0119kszy\u0107 poziom energii.<\/p>\n\n\n\n<p><strong>Witaminy B6 i B12<\/strong> &#8211; Witaminy te s\u0105 niezb\u0119dne do prawid\u0142owego funkcjonowania metabolizmu i pomagaj\u0105 przyspieszy\u0107 proces spalania t\u0142uszczu.<\/p>\n\n\n\n<h2 class=\"wp-block-heading\">Cena Moring Slim<\/h2>\n\n\n\n<p>Kapsu\u0142ki Moring Slim s\u0105 dost\u0119pne na oficjalnej stronie producenta. Cena leku mo\u017ce si\u0119 nieznacznie r\u00f3\u017cni\u0107 w zale\u017cno\u015bci od regionu i warunk\u00f3w dostawy. Jednak producent oferuje zni\u017cki cena Moring Slim, je\u015bli kupisz du\u017c\u0105 liczb\u0119 kapsu\u0142ek. Odwied\u017a stron\u0119 producenta, aby uzyska\u0107 aktualne ceny i szczeg\u00f3\u0142y dostawy.<\/p>\n\n\n\n<h2 class=\"wp-block-heading\">Moring Slim opinie \u2013 recenzje u\u017cytkownik\u00f3w o produkcie<\/h2>\n\n\n\n<p>Opinie kupuj\u0105cych na temat Moring Slim s\u0105 zr\u00f3\u017cnicowane, ale generalnie jest wiele os\u00f3b, kt\u00f3re zg\u0142osi\u0142y pozytywne wyniki stosowania tego suplementu diety. Wielu u\u017cytkownik\u00f3w zauwa\u017cy\u0142o spadek apetytu i zmniejszenie nadmiernego g\u0142odu, podczas gdy inni zauwa\u017cyli wzrost poziomu energii i popraw\u0119 metabolizmu Moring Slim opinie. Wa\u017cne jest, aby pami\u0119ta\u0107, \u017ce wyniki mog\u0105 si\u0119 r\u00f3\u017cni\u0107 w zale\u017cno\u015bci od osoby i \u017ce stosowanie Moring Slim powinno wi\u0105za\u0107 si\u0119 ze zdrowym stylem \u017cycia, w tym zbilansowan\u0105 diet\u0105 i regularnymi \u0107wiczeniami.<\/p>\n\n\n\n<h2 class=\"wp-block-heading\">Spos\u00f3b przyjmowania \u2013 Jak stosowa\u0107 Moring Slim<\/h2>\n\n\n\n<p>Dzi\u0119ki opisanym powy\u017cej naturalnym sk\u0142adnikom nie musisz martwi\u0107 si\u0119 przypadkowym przedawkowaniem. Jednak dobrze jest \u015bci\u015ble przestrzega\u0107 instrukcji zawartych w ulotce, aby prawid\u0142owo przyjmowa\u0107 ten lek. Administracja jest prosta. We\u017a 2 kapsu\u0142ki dziennie, popijaj\u0105c du\u017c\u0105 szklank\u0105 wody. Czas trwania leczenia wynosi jeden miesi\u0105c, ale je\u015bli uznasz to za konieczne, mo\u017cesz go kontynuowa\u0107, a\u017c osi\u0105gniesz po\u017c\u0105dan\u0105 wag\u0119.<\/p>\n\n\n\n<h2 class=\"wp-block-heading\">Gdzie kupi\u0107 kapsu\u0142ki Moring Slim: apteka, Amazon czy oficjalna strona producenta<\/h2>\n\n\n\n<p>Niestety, ten lek nie jest dost\u0119pny w \u017cadnej aptece w oficjalna strona producenta Moring Slim. Zaleca si\u0119 kupowanie go na oficjalnej stronie producenta, unikaj\u0105c w ten spos\u00f3b wszelkiego rodzaju oszustw lub oszustw. Nawet Apteka taka jak Catena nie sprzedaje Moring Slim. Je\u015bli chodzi o cen\u0119, jest to korzystna, wi\u0119c mo\u017ce j\u0105 kupi\u0107 ka\u017cdy.<\/p>\n\n\n\n<p>W zakupie tego leku, otrzymasz zni\u017ck\u0119, kt\u00f3ra mo\u017ce obni\u017cy\u0107 cen\u0119 nawet o 50%. Kapsu\u0142ki Moring Slim s\u0105 dost\u0119pne na oficjalnej stronie producenta. Cena leku mo\u017ce si\u0119 nieznacznie r\u00f3\u017cni\u0107 w zale\u017cno\u015bci od regionu i warunk\u00f3w dostawy apteka.<\/p>\n\n\n\n<h2 class=\"wp-block-heading\">Najcz\u0119\u015bciej zadawane pytania<\/h2>\n\n\n\n<h3 class=\"wp-block-heading\">W jakim celu stosuje si\u0119 Moring Slim?<\/h3>\n\n\n\n<p>Stymuluj\u0105 metabolizm, co pozwala organizmowi szybciej rozk\u0142ada\u0107 t\u0142uszcze i przyspiesza\u0107 proces odchudzania.<\/p>\n\n\n\n<h3 class=\"wp-block-heading\">Jakie s\u0105 opinie lekarzy na temat Moring Slim?<\/h3>\n\n\n\n<p>Stosowa\u0142am kapsu\u0142ki Moring Slim, przez 3 miesi\u0105ce i uda\u0142o mi si\u0119 schudn\u0105\u0107 8 kg! To by\u0142o bardzo \u0142atwe i bezpieczne dla mojego zdrowia. Jestem bardzo zadowolony z wyniku!<\/p>\n","protected":false},"excerpt":{"rendered":"<p>Moring Slim nadwaga i tkanka t\u0142uszczowa mog\u0105 prowadzi\u0107 do powa\u017cnych komplikacji zdrowotnych. Wiele os\u00f3b boryka si\u0119 w dzisiejszych czasach z oty\u0142o\u015bci\u0105, dlatego osi\u0105gni\u0119cie idealnej sylwetki to nie tylko problem wizualny, ale tak\u017ce taki, kt\u00f3ry bezpo\u015brednio wp\u0142ywa na zdrowie naszego organizmu. Moring Slim, w postaci kapsu\u0142ek, bazuje na innowacyjnej formule specjalnie wyselekcjonowanych naturalnych sk\u0142adnik\u00f3w. Mo\u017cna powiedzie\u0107, &#8230; <a title=\"Moring Slim\" class=\"read-more\" href=\"https:\/\/audiomed.com.pl\/apt\/produkty\/moring-slim\/\" aria-label=\"More on Moring Slim\">Czytaj dalej<\/a><\/p>\n","protected":false},"featured_media":885,"comment_status":"open","ping_status":"closed","template":"","meta":{"_uag_custom_page_level_css":""},"product_brand":[],"product_cat":[21],"product_tag":[],"class_list":{"0":"post-884","1":"product","2":"type-product","3":"status-publish","4":"has-post-thumbnail","6":"product_cat-odchudzanie","7":"sales-flash-overlay","8":"woocommerce-text-align-center","9":"woocommerce-image-align-center","10":"do-quantity-buttons","12":"first","13":"instock","14":"sale","15":"shipping-taxable","16":"product-type-external"},"yoast_head":"<!-- This site is optimized with the Yoast SEO plugin v27.5 - https:\/\/yoast.com\/product\/yoast-seo-wordpress\/ -->\n<title>Moring Slim kapsu\u0142ki - opinie, cena, sk\u0142ad, efekty 2024<\/title>\n<meta name=\"description\" content=\"Jak utrzyma\u0107 prawid\u0142ow\u0105 mas\u0119 cia\u0142a? Spr\u00f3buj! Moring Slim!\" \/>\n<meta name=\"robots\" content=\"index, follow, max-snippet:-1, max-image-preview:large, max-video-preview:-1\" \/>\n<link rel=\"canonical\" href=\"https:\/\/audiomed.com.pl\/apt\/produkty\/moring-slim\/\" \/>\n<meta property=\"og:locale\" content=\"pl_PL\" \/>\n<meta property=\"og:type\" content=\"article\" \/>\n<meta property=\"og:title\" content=\"Moring Slim kapsu\u0142ki - opinie, cena, sk\u0142ad, efekty 2024\" \/>\n<meta property=\"og:description\" content=\"Jak utrzyma\u0107 prawid\u0142ow\u0105 mas\u0119 cia\u0142a? Spr\u00f3buj! Moring Slim!\" \/>\n<meta property=\"og:url\" content=\"https:\/\/audiomed.com.pl\/apt\/produkty\/moring-slim\/\" \/>\n<meta property=\"og:site_name\" content=\"Audiomed\" \/>\n<meta property=\"article:modified_time\" content=\"2024-01-19T15:11:53+00:00\" \/>\n<meta property=\"og:image\" content=\"https:\/\/audiomed.com.pl\/apt\/wp-content\/uploads\/2024\/01\/Moring-Slim.png\" \/>\n\t<meta property=\"og:image:width\" content=\"400\" \/>\n\t<meta property=\"og:image:height\" content=\"400\" \/>\n\t<meta property=\"og:image:type\" content=\"image\/png\" \/>\n<meta name=\"twitter:card\" content=\"summary_large_image\" \/>\n<meta name=\"twitter:label1\" content=\"Szacowany czas czytania\" \/>\n\t<meta name=\"twitter:data1\" content=\"5 minut\" \/>\n<script type=\"application\/ld+json\" class=\"yoast-schema-graph\">{\"@context\":\"https:\\\/\\\/schema.org\",\"@graph\":[{\"@type\":\"WebPage\",\"@id\":\"https:\\\/\\\/audiomed.com.pl\\\/apt\\\/produkty\\\/moring-slim\\\/\",\"url\":\"https:\\\/\\\/audiomed.com.pl\\\/apt\\\/produkty\\\/moring-slim\\\/\",\"name\":\"Moring Slim kapsu\u0142ki - opinie, cena, sk\u0142ad, efekty 2024\",\"isPartOf\":{\"@id\":\"http:\\\/\\\/audiomed.com.pl\\\/apt\\\/#website\"},\"primaryImageOfPage\":{\"@id\":\"https:\\\/\\\/audiomed.com.pl\\\/apt\\\/produkty\\\/moring-slim\\\/#primaryimage\"},\"image\":{\"@id\":\"https:\\\/\\\/audiomed.com.pl\\\/apt\\\/produkty\\\/moring-slim\\\/#primaryimage\"},\"thumbnailUrl\":\"https:\\\/\\\/audiomed.com.pl\\\/apt\\\/wp-content\\\/uploads\\\/2024\\\/01\\\/Moring-Slim.png\",\"datePublished\":\"2024-01-19T14:55:09+00:00\",\"dateModified\":\"2024-01-19T15:11:53+00:00\",\"description\":\"Jak utrzyma\u0107 prawid\u0142ow\u0105 mas\u0119 cia\u0142a? Spr\u00f3buj! Moring Slim!\",\"breadcrumb\":{\"@id\":\"https:\\\/\\\/audiomed.com.pl\\\/apt\\\/produkty\\\/moring-slim\\\/#breadcrumb\"},\"inLanguage\":\"pl-PL\",\"potentialAction\":[{\"@type\":\"ReadAction\",\"target\":[\"https:\\\/\\\/audiomed.com.pl\\\/apt\\\/produkty\\\/moring-slim\\\/\"]}]},{\"@type\":\"ImageObject\",\"inLanguage\":\"pl-PL\",\"@id\":\"https:\\\/\\\/audiomed.com.pl\\\/apt\\\/produkty\\\/moring-slim\\\/#primaryimage\",\"url\":\"https:\\\/\\\/audiomed.com.pl\\\/apt\\\/wp-content\\\/uploads\\\/2024\\\/01\\\/Moring-Slim.png\",\"contentUrl\":\"https:\\\/\\\/audiomed.com.pl\\\/apt\\\/wp-content\\\/uploads\\\/2024\\\/01\\\/Moring-Slim.png\",\"width\":400,\"height\":400,\"caption\":\"Moring Slim\"},{\"@type\":\"BreadcrumbList\",\"@id\":\"https:\\\/\\\/audiomed.com.pl\\\/apt\\\/produkty\\\/moring-slim\\\/#breadcrumb\",\"itemListElement\":[{\"@type\":\"ListItem\",\"position\":1,\"name\":\"Home\",\"item\":\"http:\\\/\\\/audiomed.com.pl\\\/apt\\\/\"},{\"@type\":\"ListItem\",\"position\":2,\"name\":\"Produkty\",\"item\":\"http:\\\/\\\/audiomed.com.pl\\\/apt\\\/\"},{\"@type\":\"ListItem\",\"position\":3,\"name\":\"Moring Slim\"}]},{\"@type\":\"WebSite\",\"@id\":\"http:\\\/\\\/audiomed.com.pl\\\/apt\\\/#website\",\"url\":\"http:\\\/\\\/audiomed.com.pl\\\/apt\\\/\",\"name\":\"Audiomed\",\"description\":\"\",\"potentialAction\":[{\"@type\":\"SearchAction\",\"target\":{\"@type\":\"EntryPoint\",\"urlTemplate\":\"http:\\\/\\\/audiomed.com.pl\\\/apt\\\/?s={search_term_string}\"},\"query-input\":{\"@type\":\"PropertyValueSpecification\",\"valueRequired\":true,\"valueName\":\"search_term_string\"}}],\"inLanguage\":\"pl-PL\"}]}<\/script>\n<!-- \/ Yoast SEO plugin. -->","yoast_head_json":{"title":"Moring Slim kapsu\u0142ki - opinie, cena, sk\u0142ad, efekty 2024","description":"Jak utrzyma\u0107 prawid\u0142ow\u0105 mas\u0119 cia\u0142a? Spr\u00f3buj! Moring Slim!","robots":{"index":"index","follow":"follow","max-snippet":"max-snippet:-1","max-image-preview":"max-image-preview:large","max-video-preview":"max-video-preview:-1"},"canonical":"https:\/\/audiomed.com.pl\/apt\/produkty\/moring-slim\/","og_locale":"pl_PL","og_type":"article","og_title":"Moring Slim kapsu\u0142ki - opinie, cena, sk\u0142ad, efekty 2024","og_description":"Jak utrzyma\u0107 prawid\u0142ow\u0105 mas\u0119 cia\u0142a? Spr\u00f3buj! Moring Slim!","og_url":"https:\/\/audiomed.com.pl\/apt\/produkty\/moring-slim\/","og_site_name":"Audiomed","article_modified_time":"2024-01-19T15:11:53+00:00","og_image":[{"width":400,"height":400,"url":"https:\/\/audiomed.com.pl\/apt\/wp-content\/uploads\/2024\/01\/Moring-Slim.png","type":"image\/png"}],"twitter_card":"summary_large_image","twitter_misc":{"Szacowany czas czytania":"5 minut"},"schema":{"@context":"https:\/\/schema.org","@graph":[{"@type":"WebPage","@id":"https:\/\/audiomed.com.pl\/apt\/produkty\/moring-slim\/","url":"https:\/\/audiomed.com.pl\/apt\/produkty\/moring-slim\/","name":"Moring Slim kapsu\u0142ki - opinie, cena, sk\u0142ad, efekty 2024","isPartOf":{"@id":"http:\/\/audiomed.com.pl\/apt\/#website"},"primaryImageOfPage":{"@id":"https:\/\/audiomed.com.pl\/apt\/produkty\/moring-slim\/#primaryimage"},"image":{"@id":"https:\/\/audiomed.com.pl\/apt\/produkty\/moring-slim\/#primaryimage"},"thumbnailUrl":"https:\/\/audiomed.com.pl\/apt\/wp-content\/uploads\/2024\/01\/Moring-Slim.png","datePublished":"2024-01-19T14:55:09+00:00","dateModified":"2024-01-19T15:11:53+00:00","description":"Jak utrzyma\u0107 prawid\u0142ow\u0105 mas\u0119 cia\u0142a? Spr\u00f3buj! Moring Slim!","breadcrumb":{"@id":"https:\/\/audiomed.com.pl\/apt\/produkty\/moring-slim\/#breadcrumb"},"inLanguage":"pl-PL","potentialAction":[{"@type":"ReadAction","target":["https:\/\/audiomed.com.pl\/apt\/produkty\/moring-slim\/"]}]},{"@type":"ImageObject","inLanguage":"pl-PL","@id":"https:\/\/audiomed.com.pl\/apt\/produkty\/moring-slim\/#primaryimage","url":"https:\/\/audiomed.com.pl\/apt\/wp-content\/uploads\/2024\/01\/Moring-Slim.png","contentUrl":"https:\/\/audiomed.com.pl\/apt\/wp-content\/uploads\/2024\/01\/Moring-Slim.png","width":400,"height":400,"caption":"Moring Slim"},{"@type":"BreadcrumbList","@id":"https:\/\/audiomed.com.pl\/apt\/produkty\/moring-slim\/#breadcrumb","itemListElement":[{"@type":"ListItem","position":1,"name":"Home","item":"http:\/\/audiomed.com.pl\/apt\/"},{"@type":"ListItem","position":2,"name":"Produkty","item":"http:\/\/audiomed.com.pl\/apt\/"},{"@type":"ListItem","position":3,"name":"Moring Slim"}]},{"@type":"WebSite","@id":"http:\/\/audiomed.com.pl\/apt\/#website","url":"http:\/\/audiomed.com.pl\/apt\/","name":"Audiomed","description":"","potentialAction":[{"@type":"SearchAction","target":{"@type":"EntryPoint","urlTemplate":"http:\/\/audiomed.com.pl\/apt\/?s={search_term_string}"},"query-input":{"@type":"PropertyValueSpecification","valueRequired":true,"valueName":"search_term_string"}}],"inLanguage":"pl-PL"}]}},"uagb_featured_image_src":{"full":["https:\/\/audiomed.com.pl\/apt\/wp-content\/uploads\/2024\/01\/Moring-Slim.png",400,400,false],"thumbnail":["https:\/\/audiomed.com.pl\/apt\/wp-content\/uploads\/2024\/01\/Moring-Slim-150x150.png",150,150,true],"medium":["https:\/\/audiomed.com.pl\/apt\/wp-content\/uploads\/2024\/01\/Moring-Slim-300x300.png",300,300,true],"medium_large":["https:\/\/audiomed.com.pl\/apt\/wp-content\/uploads\/2024\/01\/Moring-Slim.png",400,400,false],"large":["https:\/\/audiomed.com.pl\/apt\/wp-content\/uploads\/2024\/01\/Moring-Slim.png",400,400,false],"1536x1536":["https:\/\/audiomed.com.pl\/apt\/wp-content\/uploads\/2024\/01\/Moring-Slim.png",400,400,false],"2048x2048":["https:\/\/audiomed.com.pl\/apt\/wp-content\/uploads\/2024\/01\/Moring-Slim.png",400,400,false],"woocommerce_thumbnail":["https:\/\/audiomed.com.pl\/apt\/wp-content\/uploads\/2024\/01\/Moring-Slim-300x300.png",300,300,true],"woocommerce_single":["https:\/\/audiomed.com.pl\/apt\/wp-content\/uploads\/2024\/01\/Moring-Slim.png",400,400,false],"woocommerce_gallery_thumbnail":["https:\/\/audiomed.com.pl\/apt\/wp-content\/uploads\/2024\/01\/Moring-Slim-100x100.png",100,100,true],"yarpp-thumbnail":["https:\/\/audiomed.com.pl\/apt\/wp-content\/uploads\/2024\/01\/Moring-Slim-120x120.png",120,120,true]},"uagb_author_info":{"display_name":"Patrycja","author_link":"https:\/\/audiomed.com.pl\/apt\/author\/"},"uagb_comment_info":0,"uagb_excerpt":"Moring Slim nadwaga i tkanka t\u0142uszczowa mog\u0105 prowadzi\u0107 do powa\u017cnych komplikacji zdrowotnych. Wiele os\u00f3b boryka si\u0119 w dzisiejszych czasach z oty\u0142o\u015bci\u0105, dlatego osi\u0105gni\u0119cie idealnej sylwetki to nie tylko problem wizualny, ale tak\u017ce taki, kt\u00f3ry bezpo\u015brednio wp\u0142ywa na zdrowie naszego organizmu. Moring Slim, w postaci kapsu\u0142ek, bazuje na innowacyjnej formule specjalnie wyselekcjonowanych naturalnych sk\u0142adnik\u00f3w. Mo\u017cna powiedzie\u0107,&hellip;","_links":{"self":[{"href":"https:\/\/audiomed.com.pl\/apt\/wp-json\/wp\/v2\/product\/884","targetHints":{"allow":["GET"]}}],"collection":[{"href":"https:\/\/audiomed.com.pl\/apt\/wp-json\/wp\/v2\/product"}],"about":[{"href":"https:\/\/audiomed.com.pl\/apt\/wp-json\/wp\/v2\/types\/product"}],"replies":[{"embeddable":true,"href":"https:\/\/audiomed.com.pl\/apt\/wp-json\/wp\/v2\/comments?post=884"}],"wp:featuredmedia":[{"embeddable":true,"href":"https:\/\/audiomed.com.pl\/apt\/wp-json\/wp\/v2\/media\/885"}],"wp:attachment":[{"href":"https:\/\/audiomed.com.pl\/apt\/wp-json\/wp\/v2\/media?parent=884"}],"wp:term":[{"taxonomy":"product_brand","embeddable":true,"href":"https:\/\/audiomed.com.pl\/apt\/wp-json\/wp\/v2\/product_brand?post=884"},{"taxonomy":"product_cat","embeddable":true,"href":"https:\/\/audiomed.com.pl\/apt\/wp-json\/wp\/v2\/product_cat?post=884"},{"taxonomy":"product_tag","embeddable":true,"href":"https:\/\/audiomed.com.pl\/apt\/wp-json\/wp\/v2\/product_tag?post=884"}],"curies":[{"name":"wp","href":"https:\/\/api.w.org\/{rel}","templated":true}]}}