{"id":881,"date":"2024-01-18T14:59:58","date_gmt":"2024-01-18T14:59:58","guid":{"rendered":"https:\/\/audiomed.com.pl\/apt\/?post_type=product&#038;p=881"},"modified":"2024-01-18T15:00:37","modified_gmt":"2024-01-18T15:00:37","slug":"hairstim","status":"publish","type":"product","link":"https:\/\/audiomed.com.pl\/apt\/produkty\/hairstim\/","title":{"rendered":"Hairstim"},"content":{"rendered":"\n<p>Hairstim wiele os\u00f3b boryka si\u0119 z wykrytym wypadaniem w\u0142os\u00f3w, \u017caden rodzaj szamponu ani od\u017cywki nie mo\u017ce Ci pom\u00f3c te lub zwyk\u0142a utrata w\u0142os\u00f3w mog\u0105 by\u0107 r\u00f3wnie\u017c spowodowane stresem, bardzo powszechnym w dzisiejszych czasach. Dlatego je\u015bli chcesz mie\u0107 zdrowe w\u0142osy, innowacyjnym produktem opracowanym przez naukowc\u00f3w jest Hairstim, kt\u00f3ry doskonale dzia\u0142a przeciw wypadaniu w\u0142os\u00f3w.<\/p>\n\n\n\n<p>Lek jest rodzajem sprayu wykonanego z naturalnych sk\u0142adnik\u00f3w, kt\u00f3ry zosta\u0142 poddany testom klinicznym na bardzo du\u017cej liczbie ochotnik\u00f3w, zar\u00f3wno kobiet, jak i m\u0119\u017cczyzn. Ze wzgl\u0119du na szybkie gojenie i wzrost w\u0142os\u00f3w, a zw\u0142aszcza ze wzgl\u0119du na bezpiecze\u0144stwo leku, mo\u017ce teraz by\u0107 niezawodnym przyjacielem w \u017cyciu ka\u017cdego, kto stoi w obliczu wypadania w\u0142os\u00f3w.<\/p>\n\n\n\n<h2 class=\"wp-block-heading\">Czym jest Hairstim?<\/h2>\n\n\n\n<p>Ten lek, zgodnie z informacjami zawartymi w ulotce, nie ma skutk\u00f3w ubocznych ani przeciwwskaza\u0144. Wr\u0119cz przeciwnie, jest jednym z najlepszych Hairstim, je\u015bli chodzi o sk\u00f3r\u0119 g\u0142owy. W ten spos\u00f3b Hairstim stymuluje wzrost w\u0142os\u00f3w, poprawia i przyspiesza metabolizm kom\u00f3rkowy i regeneracj\u0119 korzeni w\u0142os\u00f3w, dodaje niezb\u0119dn\u0105 ilo\u015b\u0107 wapnia do p\u0142ytki paznokcia, a ponadto pomaga zatrzyma\u0107 wypadanie w\u0142os\u00f3w i wzmacnia je.<\/p>\n\n\n\n<p>W korzystnej cenie twoje w\u0142osy mog\u0105 cieszy\u0107 si\u0119 upragnionym blaskiem, kt\u00f3ry niekt\u00f3rzy m\u0142odzi ludzie sprawiaj\u0105, \u017ce s\u0105 tak widoczni Hairstim. Ten lek jest dobry dla wszystkich grup wiekowych i nie powinno go zabrakn\u0105\u0107 w Twoim domu, je\u015bli od lat zmagasz si\u0119 z wypadaniem w\u0142os\u00f3w.<\/p>\n\n\n\n<h2 class=\"wp-block-heading\">Wskazania do stosowania Hairstim<\/h2>\n\n\n\n<p>Wskazania w prospekcie wyra\u017anie podkre\u015blaj\u0105 spos\u00f3b stosowania. Wystarczy na\u0142o\u017cy\u0107 niewielk\u0105 ilo\u015b\u0107 sprayu na g\u0142ow\u0119 i delikatnie masowa\u0107. Zabieg nale\u017cy stosowa\u0107 codziennie przez 30 dni, aby uzyska\u0107 najlepsz\u0105 reakcj\u0119 na w\u0142osy. W ko\u0144cu b\u0119dziesz cieszy\u0107 si\u0119 pi\u0119knymi w\u0142osami, poniewa\u017c formu\u0142a zawarta w leku przyczynia si\u0119 do odnowy ca\u0142ego kompleksu wzrostu, czego efektem s\u0105 zrewitalizowane i zregenerowane w\u0142osy. Dlatego Hairstim pomaga r\u00f3wnie\u017c usun\u0105\u0107 \u0142upie\u017c, natychmiast po pierwszym u\u017cyciu.<\/p>\n\n\n\n<h2 class=\"wp-block-heading\">Efekty stosowania \u2013 Jak dzia\u0142a Hairstim<\/h2>\n\n\n\n<p>Ten lek, zgodnie z informacjami zawartymi w ulotce, nie ma skutk\u00f3w ubocznych ani przeciwwskaza\u0144. Wr\u0119cz przeciwnie, jest jednym z najlepszych Hairstim, je\u015bli chodzi o sk\u00f3r\u0119 g\u0142owy. W ten spos\u00f3b Hairstim stymuluje wzrost w\u0142os\u00f3w, poprawia i przyspiesza metabolizm kom\u00f3rkowy i regeneracj\u0119 korzeni w\u0142os\u00f3w, dodaje niezb\u0119dn\u0105 ilo\u015b\u0107 wapnia do p\u0142ytki paznokcia, a ponadto pomaga zatrzyma\u0107 wypadanie w\u0142os\u00f3w i wzmacnia je.<\/p>\n\n\n\n<p>W korzystnej cenie twoje w\u0142osy mog\u0105 cieszy\u0107 si\u0119 upragnionym blaskiem, kt\u00f3ry niekt\u00f3rzy m\u0142odzi ludzie sprawiaj\u0105, \u017ce s\u0105 tak widoczni Hairstim. Ten lek jest dobry dla wszystkich grup wiekowych i nie powinno go zabrakn\u0105\u0107 w Twoim domu, je\u015bli od lat zmagasz si\u0119 z wypadaniem w\u0142os\u00f3w.<\/p>\n\n\n\n<h2 class=\"wp-block-heading\">Sk\u0142adniki \u2013 Co zawiera Hairstim<\/h2>\n\n\n\n<p><strong>Witamina A<\/strong> &#8211; Ka\u017cda kom\u00f3rka w organizmie potrzebuje tej witaminy do prawid\u0142owego funkcjonowania organizmu, w tym w\u0142os\u00f3w i najszybciej rozwijaj\u0105cych si\u0119 tkanek w organizmie.<\/p>\n\n\n\n<p><strong>Kompleks witamin z grupy B<\/strong> &#8211; Odpowiada za regulacj\u0119 metabolizmu i utrzymanie o\u015brodkowego uk\u0142adu nerwowego.<\/p>\n\n\n\n<p><strong>Witamina C<\/strong> &#8211; Wolne rodniki w \u015brodowisku blokuj\u0105 wzrost i prowadz\u0105 do przedwczesnego starzenia si\u0119 w\u0142os\u00f3w.<\/p>\n\n\n\n<p><strong>Witamina D<\/strong> &#8211; jest jednym z wielu sk\u0142adnik\u00f3w od\u017cywczych, kt\u00f3rych organizm potrzebuje, aby zachowa\u0107 zdrowie.<\/p>\n\n\n\n<p><strong>Witamina E<\/strong> &#8211; jest najwa\u017cniejsz\u0105 witamin\u0105 i zapobiega wypadaniu w\u0142os\u00f3w sk\u0142adniki Hairstim.<\/p>\n\n\n\n<p><strong>Kompleks cynku i miedzi (Zn, Cu)<\/strong> &#8211; Pomaga utrzyma\u0107 naturaln\u0105 pigmentacj\u0119 w\u0142os\u00f3w i czyni je bardziej odpornymi na \u0142amanie i opadanie.<\/p>\n\n\n\n<h2 class=\"wp-block-heading\">Cena Hairstim<\/h2>\n\n\n\n<p>Spray jest dost\u0119pny bezpo\u015brednio na ich stronie internetowej w promocyjnej cenie lub w aptekach. Jest r\u00f3wnie\u017c dost\u0119pny w bardzo konkurencyjnej cenie w por\u00f3wnaniu do innych produkt\u00f3w dost\u0119pnych obecnie na rynku, co czyni go jeszcze bardziej atrakcyjnym dla os\u00f3b poszukuj\u0105cych niedrogiego rozwi\u0105zania problem\u00f3w z wypadaniem w\u0142os\u00f3w cena Hairstim.<\/p>\n\n\n\n<p>Podsumowuj\u0105c, Hairstim wydaje si\u0119 by\u0107 doskona\u0142ym wyborem spo\u015br\u00f3d r\u00f3\u017cnych zabieg\u00f3w dost\u0119pnych w aptekach, je\u015bli chodzi o wypadania w\u0142os\u00f3w. Ze wzgl\u0119du na po\u0142\u0105czenie naturalnych sk\u0142adnik\u00f3w aktywnych, skuteczno\u015b\u0107 i przyst\u0119pno\u015b\u0107 cenow\u0105 zdecydowanie warto zastanowi\u0107 si\u0119, czy walczysz z \u0142ysieniem.<\/p>\n\n\n\n<h2 class=\"wp-block-heading\">Hairstim opinie \u2013 recenzje u\u017cytkownik\u00f3w o produkcie<\/h2>\n\n\n\n<p>Recenzje s\u0105 zr\u00f3\u017cnicowane, ale wi\u0119kszo\u015b\u0107 u\u017cytkownik\u00f3w jest zadowolona z wynik\u00f3w. Niekt\u00f3rzy twierdz\u0105, \u017ce stwierdzili znaczne zmniejszenie wypadania w\u0142os\u00f3w oraz popraw\u0119 ich g\u0119sto\u015bci i tekstury. Inni podkre\u015blali fakt, \u017ce mia\u0142 szybki efekt, zaczynaj\u0105c zauwa\u017ca\u0107 ulepszenia nawet po pierwszych aplikacjach.<\/p>\n\n\n\n<p>Og\u00f3lnie rzecz bior\u0105c, ci Hairstim opinie, kt\u00f3rzy stosowali Hairstim, wyrazili pozytywn\u0105 opini\u0119 na temat tego zabiegu i polecili go innym osobom borykaj\u0105cym si\u0119 z problemem wypadania w\u0142os\u00f3w.<\/p>\n\n\n\n<h2 class=\"wp-block-heading\">Spos\u00f3b Aplikowania \u2013 Jak stosowa\u0107 Hairstim<\/h2>\n\n\n\n<p>Wszyscy chcemy mie\u0107 zdrowe i \u017cywe w\u0142osy, ale wypadanie w\u0142os\u00f3w mo\u017ce by\u0107 cz\u0119stym problemem zar\u00f3wno dla m\u0119\u017cczyzn, jak i kobiet. Na szcz\u0119\u015bcie istniej\u0105 produkty takie jak hair stem, spray zaprojektowany, aby pom\u00f3c zatrzyma\u0107 wypadanie w\u0142os\u00f3w i stymulowa\u0107 ich wzrost.<\/p>\n\n\n\n<p>Opr\u00f3cz naturalnych sk\u0142adnik\u00f3w, takich jak ekstrakt z dzikiej r\u00f3\u017cy i olej z awokado, zabieg zawiera r\u00f3wnie\u017c kofein\u0119, znan\u0105 ze swoich w\u0142a\u015bciwo\u015bci stymuluj\u0105cych kr\u0105\u017cenie krwi. Na\u0142o\u017cenie sprayu jest bardzo \u0142atwe, wystarczy kilka rozpyle\u0144 w dotkni\u0119tym obszarze sk\u00f3ry g\u0142owy. Zar\u00f3wno m\u0119\u017cczy\u017ani, jak i kobiety mog\u0105 korzysta\u0107 z w\u0142a\u015bciwo\u015bci tego produktu i mie\u0107 zdrowsze i grubsze w\u0142osy.<\/p>\n\n\n\n<h2 class=\"wp-block-heading\">Gdzie kupi\u0107 spray Hairstim: apteka, Amazon czy oficjalna strona producenta<\/h2>\n\n\n\n<p>Ze wszystkich problem\u00f3w z w\u0142osami, z kt\u00f3rymi si\u0119 borykamy, wypadanie w\u0142os\u00f3w jest chyba najbardziej frustruj\u0105ce. Na szcz\u0119\u015bcie istniej\u0105 rozwi\u0105zania oficjalna strona producenta Hairstim, kt\u00f3re mog\u0105 pom\u00f3c nam si\u0119 zregenerowa\u0107 i utrzyma\u0107 zdrowe w\u0142osy. Hairstim to spray specjalnie zaprojektowany do zwalczania wypadania w\u0142os\u00f3w, teraz dost\u0119pny w specjalnej cenie na stronie producenta.<\/p>\n\n\n\n<p>Ten produkt o silnych w\u0142a\u015bciwo\u015bciach przeciwutleniaj\u0105cych i przeciwzapalnych szybko sta\u0142 si\u0119 ulubie\u0144cem u\u017cytkownik\u00f3w na ca\u0142ym \u015bwiecie i jest teraz dost\u0119pny r\u00f3wnie\u017c w aptekach, odwa\u017c si\u0119 podj\u0105\u0107 dzia\u0142ania przeciwko wypadaniu w\u0142os\u00f3w i wypr\u00f3buj Hairstim apteka!<\/p>\n\n\n\n<h2 class=\"wp-block-heading\">Najcz\u0119\u015bciej zadawane pytania<\/h2>\n\n\n\n<h3 class=\"wp-block-heading\">W jakim celu stosuje si\u0119 Hairstim?<\/h3>\n\n\n\n<p>Og\u00f3lnie rzecz bior\u0105c, ci, kt\u00f3rzy stosowali Hairstim, wyrazili pozytywn\u0105 opini\u0119 na temat tego zabiegu i polecili go innym osobom borykaj\u0105cym si\u0119 z problemem wypadania w\u0142os\u00f3w.<\/p>\n\n\n\n<h3 class=\"wp-block-heading\">Jakie s\u0105 opinie lekarzy na temat Hairstim?<\/h3>\n\n\n\n<p>Dermatolodzy twierdz\u0105, \u017ce ten produkt ma wsp\u00f3lne sk\u0142adniki, takie jak ekstrakt z pokrzywy i witamina B6, kt\u00f3re naprawd\u0119 pomagaj\u0105 utrzyma\u0107 zdrowie sk\u00f3ry g\u0142owy i w\u0142os\u00f3w Hairstim.<\/p>\n","protected":false},"excerpt":{"rendered":"<p>Hairstim wiele os\u00f3b boryka si\u0119 z wykrytym wypadaniem w\u0142os\u00f3w, \u017caden rodzaj szamponu ani od\u017cywki nie mo\u017ce Ci pom\u00f3c te lub zwyk\u0142a utrata w\u0142os\u00f3w mog\u0105 by\u0107 r\u00f3wnie\u017c spowodowane stresem, bardzo powszechnym w dzisiejszych czasach. Dlatego je\u015bli chcesz mie\u0107 zdrowe w\u0142osy, innowacyjnym produktem opracowanym przez naukowc\u00f3w jest Hairstim, kt\u00f3ry doskonale dzia\u0142a przeciw wypadaniu w\u0142os\u00f3w. Lek jest rodzajem &#8230; <a title=\"Hairstim\" class=\"read-more\" href=\"https:\/\/audiomed.com.pl\/apt\/produkty\/hairstim\/\" aria-label=\"More on Hairstim\">Czytaj dalej<\/a><\/p>\n","protected":false},"featured_media":882,"comment_status":"open","ping_status":"closed","template":"","meta":{"_uag_custom_page_level_css":""},"product_brand":[],"product_cat":[24],"product_tag":[],"class_list":{"0":"post-881","1":"product","2":"type-product","3":"status-publish","4":"has-post-thumbnail","6":"product_cat-uroda","7":"sales-flash-overlay","8":"woocommerce-text-align-center","9":"woocommerce-image-align-center","10":"do-quantity-buttons","12":"first","13":"instock","14":"sale","15":"shipping-taxable","16":"product-type-external"},"yoast_head":"<!-- This site is optimized with the Yoast SEO plugin v27.5 - https:\/\/yoast.com\/product\/yoast-seo-wordpress\/ -->\n<title>Hairstim spray - opinie, cena, sk\u0142ad, efekty 2024<\/title>\n<meta name=\"description\" content=\"Jak zatrzyma\u0107 wypadanie w\u0142os\u00f3w w spos\u00f3b naturalny? Spr\u00f3buj! Hairstim!\" \/>\n<meta name=\"robots\" content=\"index, follow, max-snippet:-1, max-image-preview:large, max-video-preview:-1\" \/>\n<link rel=\"canonical\" href=\"https:\/\/audiomed.com.pl\/apt\/produkty\/hairstim\/\" \/>\n<meta property=\"og:locale\" content=\"pl_PL\" \/>\n<meta property=\"og:type\" content=\"article\" \/>\n<meta property=\"og:title\" content=\"Hairstim spray - opinie, cena, sk\u0142ad, efekty 2024\" \/>\n<meta property=\"og:description\" content=\"Jak zatrzyma\u0107 wypadanie w\u0142os\u00f3w w spos\u00f3b naturalny? Spr\u00f3buj! Hairstim!\" \/>\n<meta property=\"og:url\" content=\"https:\/\/audiomed.com.pl\/apt\/produkty\/hairstim\/\" \/>\n<meta property=\"og:site_name\" content=\"Audiomed\" \/>\n<meta property=\"article:modified_time\" content=\"2024-01-18T15:00:37+00:00\" \/>\n<meta property=\"og:image\" content=\"https:\/\/audiomed.com.pl\/apt\/wp-content\/uploads\/2024\/01\/Hairstim.png\" \/>\n\t<meta property=\"og:image:width\" content=\"500\" \/>\n\t<meta property=\"og:image:height\" content=\"500\" \/>\n\t<meta property=\"og:image:type\" content=\"image\/png\" \/>\n<meta name=\"twitter:card\" content=\"summary_large_image\" \/>\n<meta name=\"twitter:label1\" content=\"Szacowany czas czytania\" \/>\n\t<meta name=\"twitter:data1\" content=\"6 minut\" \/>\n<script type=\"application\/ld+json\" class=\"yoast-schema-graph\">{\"@context\":\"https:\\\/\\\/schema.org\",\"@graph\":[{\"@type\":\"WebPage\",\"@id\":\"https:\\\/\\\/audiomed.com.pl\\\/apt\\\/produkty\\\/hairstim\\\/\",\"url\":\"https:\\\/\\\/audiomed.com.pl\\\/apt\\\/produkty\\\/hairstim\\\/\",\"name\":\"Hairstim spray - opinie, cena, sk\u0142ad, efekty 2024\",\"isPartOf\":{\"@id\":\"http:\\\/\\\/audiomed.com.pl\\\/apt\\\/#website\"},\"primaryImageOfPage\":{\"@id\":\"https:\\\/\\\/audiomed.com.pl\\\/apt\\\/produkty\\\/hairstim\\\/#primaryimage\"},\"image\":{\"@id\":\"https:\\\/\\\/audiomed.com.pl\\\/apt\\\/produkty\\\/hairstim\\\/#primaryimage\"},\"thumbnailUrl\":\"https:\\\/\\\/audiomed.com.pl\\\/apt\\\/wp-content\\\/uploads\\\/2024\\\/01\\\/Hairstim.png\",\"datePublished\":\"2024-01-18T14:59:58+00:00\",\"dateModified\":\"2024-01-18T15:00:37+00:00\",\"description\":\"Jak zatrzyma\u0107 wypadanie w\u0142os\u00f3w w spos\u00f3b naturalny? Spr\u00f3buj! Hairstim!\",\"breadcrumb\":{\"@id\":\"https:\\\/\\\/audiomed.com.pl\\\/apt\\\/produkty\\\/hairstim\\\/#breadcrumb\"},\"inLanguage\":\"pl-PL\",\"potentialAction\":[{\"@type\":\"ReadAction\",\"target\":[\"https:\\\/\\\/audiomed.com.pl\\\/apt\\\/produkty\\\/hairstim\\\/\"]}]},{\"@type\":\"ImageObject\",\"inLanguage\":\"pl-PL\",\"@id\":\"https:\\\/\\\/audiomed.com.pl\\\/apt\\\/produkty\\\/hairstim\\\/#primaryimage\",\"url\":\"https:\\\/\\\/audiomed.com.pl\\\/apt\\\/wp-content\\\/uploads\\\/2024\\\/01\\\/Hairstim.png\",\"contentUrl\":\"https:\\\/\\\/audiomed.com.pl\\\/apt\\\/wp-content\\\/uploads\\\/2024\\\/01\\\/Hairstim.png\",\"width\":500,\"height\":500,\"caption\":\"Hairstim\"},{\"@type\":\"BreadcrumbList\",\"@id\":\"https:\\\/\\\/audiomed.com.pl\\\/apt\\\/produkty\\\/hairstim\\\/#breadcrumb\",\"itemListElement\":[{\"@type\":\"ListItem\",\"position\":1,\"name\":\"Home\",\"item\":\"http:\\\/\\\/audiomed.com.pl\\\/apt\\\/\"},{\"@type\":\"ListItem\",\"position\":2,\"name\":\"Produkty\",\"item\":\"http:\\\/\\\/audiomed.com.pl\\\/apt\\\/\"},{\"@type\":\"ListItem\",\"position\":3,\"name\":\"Hairstim\"}]},{\"@type\":\"WebSite\",\"@id\":\"http:\\\/\\\/audiomed.com.pl\\\/apt\\\/#website\",\"url\":\"http:\\\/\\\/audiomed.com.pl\\\/apt\\\/\",\"name\":\"Audiomed\",\"description\":\"\",\"potentialAction\":[{\"@type\":\"SearchAction\",\"target\":{\"@type\":\"EntryPoint\",\"urlTemplate\":\"http:\\\/\\\/audiomed.com.pl\\\/apt\\\/?s={search_term_string}\"},\"query-input\":{\"@type\":\"PropertyValueSpecification\",\"valueRequired\":true,\"valueName\":\"search_term_string\"}}],\"inLanguage\":\"pl-PL\"}]}<\/script>\n<!-- \/ Yoast SEO plugin. -->","yoast_head_json":{"title":"Hairstim spray - opinie, cena, sk\u0142ad, efekty 2024","description":"Jak zatrzyma\u0107 wypadanie w\u0142os\u00f3w w spos\u00f3b naturalny? Spr\u00f3buj! Hairstim!","robots":{"index":"index","follow":"follow","max-snippet":"max-snippet:-1","max-image-preview":"max-image-preview:large","max-video-preview":"max-video-preview:-1"},"canonical":"https:\/\/audiomed.com.pl\/apt\/produkty\/hairstim\/","og_locale":"pl_PL","og_type":"article","og_title":"Hairstim spray - opinie, cena, sk\u0142ad, efekty 2024","og_description":"Jak zatrzyma\u0107 wypadanie w\u0142os\u00f3w w spos\u00f3b naturalny? Spr\u00f3buj! Hairstim!","og_url":"https:\/\/audiomed.com.pl\/apt\/produkty\/hairstim\/","og_site_name":"Audiomed","article_modified_time":"2024-01-18T15:00:37+00:00","og_image":[{"width":500,"height":500,"url":"https:\/\/audiomed.com.pl\/apt\/wp-content\/uploads\/2024\/01\/Hairstim.png","type":"image\/png"}],"twitter_card":"summary_large_image","twitter_misc":{"Szacowany czas czytania":"6 minut"},"schema":{"@context":"https:\/\/schema.org","@graph":[{"@type":"WebPage","@id":"https:\/\/audiomed.com.pl\/apt\/produkty\/hairstim\/","url":"https:\/\/audiomed.com.pl\/apt\/produkty\/hairstim\/","name":"Hairstim spray - opinie, cena, sk\u0142ad, efekty 2024","isPartOf":{"@id":"http:\/\/audiomed.com.pl\/apt\/#website"},"primaryImageOfPage":{"@id":"https:\/\/audiomed.com.pl\/apt\/produkty\/hairstim\/#primaryimage"},"image":{"@id":"https:\/\/audiomed.com.pl\/apt\/produkty\/hairstim\/#primaryimage"},"thumbnailUrl":"https:\/\/audiomed.com.pl\/apt\/wp-content\/uploads\/2024\/01\/Hairstim.png","datePublished":"2024-01-18T14:59:58+00:00","dateModified":"2024-01-18T15:00:37+00:00","description":"Jak zatrzyma\u0107 wypadanie w\u0142os\u00f3w w spos\u00f3b naturalny? Spr\u00f3buj! Hairstim!","breadcrumb":{"@id":"https:\/\/audiomed.com.pl\/apt\/produkty\/hairstim\/#breadcrumb"},"inLanguage":"pl-PL","potentialAction":[{"@type":"ReadAction","target":["https:\/\/audiomed.com.pl\/apt\/produkty\/hairstim\/"]}]},{"@type":"ImageObject","inLanguage":"pl-PL","@id":"https:\/\/audiomed.com.pl\/apt\/produkty\/hairstim\/#primaryimage","url":"https:\/\/audiomed.com.pl\/apt\/wp-content\/uploads\/2024\/01\/Hairstim.png","contentUrl":"https:\/\/audiomed.com.pl\/apt\/wp-content\/uploads\/2024\/01\/Hairstim.png","width":500,"height":500,"caption":"Hairstim"},{"@type":"BreadcrumbList","@id":"https:\/\/audiomed.com.pl\/apt\/produkty\/hairstim\/#breadcrumb","itemListElement":[{"@type":"ListItem","position":1,"name":"Home","item":"http:\/\/audiomed.com.pl\/apt\/"},{"@type":"ListItem","position":2,"name":"Produkty","item":"http:\/\/audiomed.com.pl\/apt\/"},{"@type":"ListItem","position":3,"name":"Hairstim"}]},{"@type":"WebSite","@id":"http:\/\/audiomed.com.pl\/apt\/#website","url":"http:\/\/audiomed.com.pl\/apt\/","name":"Audiomed","description":"","potentialAction":[{"@type":"SearchAction","target":{"@type":"EntryPoint","urlTemplate":"http:\/\/audiomed.com.pl\/apt\/?s={search_term_string}"},"query-input":{"@type":"PropertyValueSpecification","valueRequired":true,"valueName":"search_term_string"}}],"inLanguage":"pl-PL"}]}},"uagb_featured_image_src":{"full":["https:\/\/audiomed.com.pl\/apt\/wp-content\/uploads\/2024\/01\/Hairstim.png",500,500,false],"thumbnail":["https:\/\/audiomed.com.pl\/apt\/wp-content\/uploads\/2024\/01\/Hairstim-150x150.png",150,150,true],"medium":["https:\/\/audiomed.com.pl\/apt\/wp-content\/uploads\/2024\/01\/Hairstim-300x300.png",300,300,true],"medium_large":["https:\/\/audiomed.com.pl\/apt\/wp-content\/uploads\/2024\/01\/Hairstim.png",500,500,false],"large":["https:\/\/audiomed.com.pl\/apt\/wp-content\/uploads\/2024\/01\/Hairstim.png",500,500,false],"1536x1536":["https:\/\/audiomed.com.pl\/apt\/wp-content\/uploads\/2024\/01\/Hairstim.png",500,500,false],"2048x2048":["https:\/\/audiomed.com.pl\/apt\/wp-content\/uploads\/2024\/01\/Hairstim.png",500,500,false],"woocommerce_thumbnail":["https:\/\/audiomed.com.pl\/apt\/wp-content\/uploads\/2024\/01\/Hairstim-300x300.png",300,300,true],"woocommerce_single":["https:\/\/audiomed.com.pl\/apt\/wp-content\/uploads\/2024\/01\/Hairstim.png",500,500,false],"woocommerce_gallery_thumbnail":["https:\/\/audiomed.com.pl\/apt\/wp-content\/uploads\/2024\/01\/Hairstim-100x100.png",100,100,true],"yarpp-thumbnail":["https:\/\/audiomed.com.pl\/apt\/wp-content\/uploads\/2024\/01\/Hairstim-120x120.png",120,120,true]},"uagb_author_info":{"display_name":"Patrycja","author_link":"https:\/\/audiomed.com.pl\/apt\/author\/"},"uagb_comment_info":0,"uagb_excerpt":"Hairstim wiele os\u00f3b boryka si\u0119 z wykrytym wypadaniem w\u0142os\u00f3w, \u017caden rodzaj szamponu ani od\u017cywki nie mo\u017ce Ci pom\u00f3c te lub zwyk\u0142a utrata w\u0142os\u00f3w mog\u0105 by\u0107 r\u00f3wnie\u017c spowodowane stresem, bardzo powszechnym w dzisiejszych czasach. Dlatego je\u015bli chcesz mie\u0107 zdrowe w\u0142osy, innowacyjnym produktem opracowanym przez naukowc\u00f3w jest Hairstim, kt\u00f3ry doskonale dzia\u0142a przeciw wypadaniu w\u0142os\u00f3w. Lek jest rodzajem&hellip;","_links":{"self":[{"href":"https:\/\/audiomed.com.pl\/apt\/wp-json\/wp\/v2\/product\/881","targetHints":{"allow":["GET"]}}],"collection":[{"href":"https:\/\/audiomed.com.pl\/apt\/wp-json\/wp\/v2\/product"}],"about":[{"href":"https:\/\/audiomed.com.pl\/apt\/wp-json\/wp\/v2\/types\/product"}],"replies":[{"embeddable":true,"href":"https:\/\/audiomed.com.pl\/apt\/wp-json\/wp\/v2\/comments?post=881"}],"wp:featuredmedia":[{"embeddable":true,"href":"https:\/\/audiomed.com.pl\/apt\/wp-json\/wp\/v2\/media\/882"}],"wp:attachment":[{"href":"https:\/\/audiomed.com.pl\/apt\/wp-json\/wp\/v2\/media?parent=881"}],"wp:term":[{"taxonomy":"product_brand","embeddable":true,"href":"https:\/\/audiomed.com.pl\/apt\/wp-json\/wp\/v2\/product_brand?post=881"},{"taxonomy":"product_cat","embeddable":true,"href":"https:\/\/audiomed.com.pl\/apt\/wp-json\/wp\/v2\/product_cat?post=881"},{"taxonomy":"product_tag","embeddable":true,"href":"https:\/\/audiomed.com.pl\/apt\/wp-json\/wp\/v2\/product_tag?post=881"}],"curies":[{"name":"wp","href":"https:\/\/api.w.org\/{rel}","templated":true}]}}