{"id":872,"date":"2024-01-17T08:14:19","date_gmt":"2024-01-17T08:14:19","guid":{"rendered":"https:\/\/audiomed.com.pl\/apt\/?post_type=product&#038;p=872"},"modified":"2024-01-17T08:43:10","modified_gmt":"2024-01-17T08:43:10","slug":"sustafix","status":"publish","type":"product","link":"https:\/\/audiomed.com.pl\/apt\/produkty\/sustafix\/","title":{"rendered":"SustaFix"},"content":{"rendered":"\n<p>SustaFix krem to innowacyjny produkt, kt\u00f3ry obiecuje natychmiastow\u0105 ulg\u0119 w b\u00f3lach staw\u00f3w, \u015bci\u0119gien, mi\u0119\u015bni i staw\u00f3w. Je\u015bli cierpisz na zapalenie staw\u00f3w, artroz\u0119 lub osteochondroz\u0119, mo\u017cesz sprawdzi\u0107, czy ten miejscowy krem mo\u017ce dzia\u0142a\u0107 dla Ciebie.<\/p>\n\n\n\n<p>Ponad 67 000 os\u00f3b u\u017cywa\u0142o ju\u017c kremu SustaFix, a wi\u0119kszo\u015b\u0107 z nich dostarczy\u0142a dobre aktualne Recenzje u\u017cytkownik\u00f3w. Wed\u0142ug strony internetowej producenta, krem SustaFix przeszed\u0142 ponad siedem lat opracowywania, bada\u0144 i bada\u0144 klinicznych.<\/p>\n\n\n\n<h2 class=\"wp-block-heading\">Czym jest SustaFix?<\/h2>\n\n\n\n<p>SustaFix to produkt, kt\u00f3ry pojawi\u0142 si\u0119 niedawno i ma dzia\u0142anie \u0142agodz\u0105ce b\u00f3l plec\u00f3w, staw\u00f3w lub kolan. Jest to produkt odpowiedni dla wszystkich grup wiekowych i mo\u017ce mie\u0107 d\u0142ugotrwa\u0142e skutki. Czas pozostawia sw\u00f3j \u015blad. M\u0142ody lub troch\u0119 starszy, w naszym \u017cyciu jest moment, w kt\u00f3rym jego miejsce zajmuje b\u00f3l, zw\u0142aszcza b\u00f3l staw\u00f3w.<\/p>\n\n\n\n<p>W ko\u0144cu narzekamy, idziemy do lekarzy i nic ju\u017c nie jest takie samo. Spacery po parku staj\u0105 si\u0119 obowi\u0105zkiem, a ruch staje si\u0119 jak m\u0119ka SustaFix, poniewa\u017c w ka\u017cdej chwili mo\u017cna spodziewa\u0107 si\u0119 bolesnego epizodu, kt\u00f3ry zepsuje ca\u0142y dobry nastr\u00f3j. Jednak rozwi\u0105zania s\u0105 inwazyjne lub nieinwazyjne. Jednak \u017caden z nich nie oferuje Ci tego, czego chcesz, zaufania do w\u0142asnego cia\u0142a, swobody ruch\u00f3w.<\/p>\n\n\n\n<h2 class=\"wp-block-heading\">Wskazania do stosowania SustaFix<\/h2>\n\n\n\n<p>Jest alternatyw\u0105 dla niezwykle kosztownych sesji terapeutycznych i zabieg\u00f3w chirurgicznych. Jest on wykonany z naturalnego sk\u0142adnika, kt\u00f3ry zosta\u0142 opracowany przez rygorystyczne badania i powtarzane badania kliniczne.<\/p>\n\n\n\n<p>Wed\u0142ug zasob\u00f3w internetowych producenta SustaFix, produkt mo\u017ce zapewni\u0107 natychmiastow\u0105 ulg\u0119 w przypadku obrz\u0119ku staw\u00f3w i \u015bci\u0119gien, zapalenia tkanki \u0142\u0105cznej oraz b\u00f3lu mi\u0119\u015bni i ko\u015bci. Po\u0142\u0105czenie naturalnych sk\u0142adnik\u00f3w pozwala na g\u0142\u0119bok\u0105 penetracj\u0119 kremu z trwa\u0142ymi efektami przeciwb\u00f3lowymi.<\/p>\n\n\n\n<h2 class=\"wp-block-heading\">Efekty stosowania \u2013 Jak dzia\u0142a SustaFix<\/h2>\n\n\n\n<p>Nawet je\u015bli efekty produktu zosta\u0142y wymienione w ca\u0142ym artykule, konieczne jest ich wymienienie w celu lepszego zrozumienia. W ten spos\u00f3b SustaFix eliminuje stany zapalne, b\u00f3l i obrz\u0119k staw\u00f3w SustaFix, objawy zapalenia staw\u00f3w i artrozy, a jednocze\u015bnie wzmacnia struktur\u0119 staw\u00f3w. Ponadto zapobiega nawrotom choroby.<\/p>\n\n\n\n<h2 class=\"wp-block-heading\">Sk\u0142adniki \u2013 Co zawiera SustaFix<\/h2>\n\n\n\n<p><strong>Ekstrakt z propolisu<\/strong> &#8211; \u0142agodzi\u0142by obrz\u0119ki, b\u00f3l i mia\u0142 silne dzia\u0142anie tonizuj\u0105ce \u017cy\u0142y, jednocze\u015bnie pomagaj\u0105c rozpuszcza\u0107 skrzepy krwi. Aktywuje procesy metaboliczne, kt\u00f3re maj\u0105 bezpo\u015bredni zwi\u0105zek ze znacznie szybszym gojeniem si\u0119 tkanek.<\/p>\n\n\n\n<p><strong>Sok cedrowy<\/strong> &#8211; poprawia kr\u0105\u017cenie do\u017cylne, \u0142agodzi stany zapalne i usuwa skrzepy krwi. Ponadto leczy i wzmacnia stawy w przypadku chor\u00f3b takich jak zapalenie staw\u00f3w czy artroza.<\/p>\n\n\n\n<p><strong>Jad pszczeli<\/strong> &#8211; poprawia mikrokr\u0105\u017cenie i \u0142agodzi skurcze mi\u0119\u015bni.<\/p>\n\n\n\n<p><strong>Oliwa z oliwek<\/strong> &#8211; pobudza kr\u0105\u017cenie krwi sk\u0142adniki SustaFix.<\/p>\n\n\n\n<h2 class=\"wp-block-heading\">Cena SustaFix<\/h2>\n\n\n\n<p>Je\u015bli chcesz wiedzie\u0107 SustaFix, ile to kosztuje, to jest to sekcja, aby dowiedzie\u0107 si\u0119 o cenie SustaFix. Czy zdajesz sobie spraw\u0119, \u017ce przewlek\u0142y b\u00f3l powoduje miliony ludzi na ca\u0142ym \u015bwiecie miliardy dolar\u00f3w w opiece zdrowotnej? Wed\u0142ug ScienceDaily.<\/p>\n\n\n\n<p>Ale czy wiesz, ile kosztuje zakup kremu SustaFix? C\u00f3\u017c cena SustaFix, cena jest niepor\u00f3wnywalna z cen\u0105 drogich zabieg\u00f3w medycznych. Krem daje ta\u0144sz\u0105, ale bardzo skuteczn\u0105 alternatyw\u0119 w leczeniu przewlek\u0142ego b\u00f3lu spowodowanego zapaleniem staw\u00f3w, artroz\u0105 lub osteochondroz\u0105.<\/p>\n\n\n\n<h2 class=\"wp-block-heading\">SustaFix opinie \u2013 recenzje u\u017cytkownik\u00f3w o produkcie<\/h2>\n\n\n\n<p>Od tysi\u0119cy klient\u00f3w, kt\u00f3rzy u\u017cywali kremu SustaFix, zaskakuje przyt\u0142aczaj\u0105ca liczba dobrych aktualnych recenzji u\u017cytkownik\u00f3w SustaFix opinie.<\/p>\n\n\n\n<p>Istnieje wiele pozytywnych opinii Sustafix i komentarzy Sustafix od u\u017cytkownik\u00f3w na ca\u0142ym \u015bwiecie nawet forum Sustafix jest pe\u0142ne komentarzy, kt\u00f3re potwierdzaj\u0105 skuteczno\u015b\u0107 kremu SustaFix.<\/p>\n\n\n\n<h2 class=\"wp-block-heading\">Aplikowania \u2013 Jak stosowa\u0107 SustaFix<\/h2>\n\n\n\n<p>Je\u015bli uwa\u017casz, \u017ce to alternatywne leczenie jest dla ciebie dobre, powiniene\u015b dowiedzie\u0107 si\u0119, jak aplikowa\u0107 Sustafix. Proces nie jest wcale skomplikowany i mo\u017cna go wykona\u0107 z tak\u0105 \u0142atwo\u015bci\u0105. Pierwszym krokiem w tym procesie jest uzyskanie niewielkiej ilo\u015bci kremu SustaFix za pomoc\u0105 d\u0142oni.<\/p>\n\n\n\n<p>Nast\u0119pnie wmasuj krem w bol\u0105ce cz\u0119\u015bci cia\u0142a. Nie wycieraj kremu, poniewa\u017c musi on zosta\u0107 wch\u0142oni\u0119ty przez sk\u00f3r\u0119, aby wnikn\u0105\u0107 w ko\u015bci, stawy, mi\u0119\u015bnie i chrz\u0105stki. Wykonuj te kroki codziennie i zobacz wyniki.<\/p>\n\n\n\n<h2 class=\"wp-block-heading\">Gdzie kupi\u0107 krem SustaFix: apteka, Amazon czy oficjalna strona producenta<\/h2>\n\n\n\n<p>Je\u015bli jeste\u015b kupuj\u0105cym, zach\u0119camy do nie sprawdzania SustaFix amazon. Pojawi\u0142y si\u0119 wiadomo\u015bci o podrabianych produktach od losowych sprzedawc\u00f3w internetowych oficjalna strona producenta SustaFix, dlatego chcemy mie\u0107 pewno\u015b\u0107, \u017ce otrzymamy produkt od legalnych sprzedawc\u00f3w SustaFix.Zamiast sprawdza\u0107 amazon, mo\u017cesz dokonywa\u0107 transakcji bezpo\u015brednio z producentem SustaFix apteka.<\/p>\n\n\n\n<h2 class=\"wp-block-heading\">Najcz\u0119\u015bciej zadawane pytania<\/h2>\n\n\n\n<h3 class=\"wp-block-heading\">W jakim celu stosuje si\u0119 SustaFix?<\/h3>\n\n\n\n<p>SustaFix eliminuje stany zapalne, b\u00f3l i obrz\u0119k staw\u00f3w, objawy zapalenia staw\u00f3w i artrozy, a jednocze\u015bnie wzmacnia struktur\u0119 staw\u00f3w.<\/p>\n\n\n\n<h3 class=\"wp-block-heading\">Jakie s\u0105 opinie lekarzy na temat SustaFix?<\/h3>\n\n\n\n<p>SustaFix wydaje si\u0119 produktem wysokiej jako\u015bci, do\u015b\u0107 obiecuj\u0105cym, nawet je\u015bli wiele jego efekt\u00f3w by\u0142o najprawdopodobniej przesadzonych, aby wzbudzi\u0107 uwag\u0119 SustaFix.<\/p>\n","protected":false},"excerpt":{"rendered":"<p>SustaFix krem to innowacyjny produkt, kt\u00f3ry obiecuje natychmiastow\u0105 ulg\u0119 w b\u00f3lach staw\u00f3w, \u015bci\u0119gien, mi\u0119\u015bni i staw\u00f3w. Je\u015bli cierpisz na zapalenie staw\u00f3w, artroz\u0119 lub osteochondroz\u0119, mo\u017cesz sprawdzi\u0107, czy ten miejscowy krem mo\u017ce dzia\u0142a\u0107 dla Ciebie. Ponad 67 000 os\u00f3b u\u017cywa\u0142o ju\u017c kremu SustaFix, a wi\u0119kszo\u015b\u0107 z nich dostarczy\u0142a dobre aktualne Recenzje u\u017cytkownik\u00f3w. Wed\u0142ug strony internetowej producenta, &#8230; <a title=\"SustaFix\" class=\"read-more\" href=\"https:\/\/audiomed.com.pl\/apt\/produkty\/sustafix\/\" aria-label=\"More on SustaFix\">Czytaj dalej<\/a><\/p>\n","protected":false},"featured_media":873,"comment_status":"open","ping_status":"closed","template":"","meta":{"_uag_custom_page_level_css":""},"product_brand":[],"product_cat":[23],"product_tag":[],"class_list":{"0":"post-872","1":"product","2":"type-product","3":"status-publish","4":"has-post-thumbnail","6":"product_cat-zdrowie","7":"sales-flash-overlay","8":"woocommerce-text-align-center","9":"woocommerce-image-align-center","10":"do-quantity-buttons","12":"first","13":"instock","14":"sale","15":"shipping-taxable","16":"product-type-external"},"yoast_head":"<!-- This site is optimized with the Yoast SEO plugin v27.5 - https:\/\/yoast.com\/product\/yoast-seo-wordpress\/ -->\n<title>SustaFix krem - opinie, cena, sk\u0142ad, efekty 2024<\/title>\n<meta name=\"description\" content=\"Jak z\u0142agodzi\u0107 b\u00f3l staw\u00f3w i poprawi\u0107 mobilno\u015b\u0107? Spr\u00f3buj! SustaFix!\" \/>\n<meta name=\"robots\" content=\"index, follow, max-snippet:-1, max-image-preview:large, max-video-preview:-1\" \/>\n<link rel=\"canonical\" href=\"https:\/\/audiomed.com.pl\/apt\/produkty\/sustafix\/\" \/>\n<meta property=\"og:locale\" content=\"pl_PL\" \/>\n<meta property=\"og:type\" content=\"article\" \/>\n<meta property=\"og:title\" content=\"SustaFix krem - opinie, cena, sk\u0142ad, efekty 2024\" \/>\n<meta property=\"og:description\" content=\"Jak z\u0142agodzi\u0107 b\u00f3l staw\u00f3w i poprawi\u0107 mobilno\u015b\u0107? Spr\u00f3buj! SustaFix!\" \/>\n<meta property=\"og:url\" content=\"https:\/\/audiomed.com.pl\/apt\/produkty\/sustafix\/\" \/>\n<meta property=\"og:site_name\" content=\"Audiomed\" \/>\n<meta property=\"article:modified_time\" content=\"2024-01-17T08:43:10+00:00\" \/>\n<meta property=\"og:image\" content=\"https:\/\/audiomed.com.pl\/apt\/wp-content\/uploads\/2024\/01\/Sustafix.png\" \/>\n\t<meta property=\"og:image:width\" content=\"400\" \/>\n\t<meta property=\"og:image:height\" content=\"400\" \/>\n\t<meta property=\"og:image:type\" content=\"image\/png\" \/>\n<meta name=\"twitter:card\" content=\"summary_large_image\" \/>\n<meta name=\"twitter:label1\" content=\"Szacowany czas czytania\" \/>\n\t<meta name=\"twitter:data1\" content=\"5 minut\" \/>\n<script type=\"application\/ld+json\" class=\"yoast-schema-graph\">{\"@context\":\"https:\\\/\\\/schema.org\",\"@graph\":[{\"@type\":\"WebPage\",\"@id\":\"https:\\\/\\\/audiomed.com.pl\\\/apt\\\/produkty\\\/sustafix\\\/\",\"url\":\"https:\\\/\\\/audiomed.com.pl\\\/apt\\\/produkty\\\/sustafix\\\/\",\"name\":\"SustaFix krem - opinie, cena, sk\u0142ad, efekty 2024\",\"isPartOf\":{\"@id\":\"http:\\\/\\\/audiomed.com.pl\\\/apt\\\/#website\"},\"primaryImageOfPage\":{\"@id\":\"https:\\\/\\\/audiomed.com.pl\\\/apt\\\/produkty\\\/sustafix\\\/#primaryimage\"},\"image\":{\"@id\":\"https:\\\/\\\/audiomed.com.pl\\\/apt\\\/produkty\\\/sustafix\\\/#primaryimage\"},\"thumbnailUrl\":\"https:\\\/\\\/audiomed.com.pl\\\/apt\\\/wp-content\\\/uploads\\\/2024\\\/01\\\/Sustafix.png\",\"datePublished\":\"2024-01-17T08:14:19+00:00\",\"dateModified\":\"2024-01-17T08:43:10+00:00\",\"description\":\"Jak z\u0142agodzi\u0107 b\u00f3l staw\u00f3w i poprawi\u0107 mobilno\u015b\u0107? Spr\u00f3buj! SustaFix!\",\"breadcrumb\":{\"@id\":\"https:\\\/\\\/audiomed.com.pl\\\/apt\\\/produkty\\\/sustafix\\\/#breadcrumb\"},\"inLanguage\":\"pl-PL\",\"potentialAction\":[{\"@type\":\"ReadAction\",\"target\":[\"https:\\\/\\\/audiomed.com.pl\\\/apt\\\/produkty\\\/sustafix\\\/\"]}]},{\"@type\":\"ImageObject\",\"inLanguage\":\"pl-PL\",\"@id\":\"https:\\\/\\\/audiomed.com.pl\\\/apt\\\/produkty\\\/sustafix\\\/#primaryimage\",\"url\":\"https:\\\/\\\/audiomed.com.pl\\\/apt\\\/wp-content\\\/uploads\\\/2024\\\/01\\\/Sustafix.png\",\"contentUrl\":\"https:\\\/\\\/audiomed.com.pl\\\/apt\\\/wp-content\\\/uploads\\\/2024\\\/01\\\/Sustafix.png\",\"width\":400,\"height\":400,\"caption\":\"Sustafix\"},{\"@type\":\"BreadcrumbList\",\"@id\":\"https:\\\/\\\/audiomed.com.pl\\\/apt\\\/produkty\\\/sustafix\\\/#breadcrumb\",\"itemListElement\":[{\"@type\":\"ListItem\",\"position\":1,\"name\":\"Home\",\"item\":\"http:\\\/\\\/audiomed.com.pl\\\/apt\\\/\"},{\"@type\":\"ListItem\",\"position\":2,\"name\":\"Produkty\",\"item\":\"http:\\\/\\\/audiomed.com.pl\\\/apt\\\/\"},{\"@type\":\"ListItem\",\"position\":3,\"name\":\"SustaFix\"}]},{\"@type\":\"WebSite\",\"@id\":\"http:\\\/\\\/audiomed.com.pl\\\/apt\\\/#website\",\"url\":\"http:\\\/\\\/audiomed.com.pl\\\/apt\\\/\",\"name\":\"Audiomed\",\"description\":\"\",\"potentialAction\":[{\"@type\":\"SearchAction\",\"target\":{\"@type\":\"EntryPoint\",\"urlTemplate\":\"http:\\\/\\\/audiomed.com.pl\\\/apt\\\/?s={search_term_string}\"},\"query-input\":{\"@type\":\"PropertyValueSpecification\",\"valueRequired\":true,\"valueName\":\"search_term_string\"}}],\"inLanguage\":\"pl-PL\"}]}<\/script>\n<!-- \/ Yoast SEO plugin. -->","yoast_head_json":{"title":"SustaFix krem - opinie, cena, sk\u0142ad, efekty 2024","description":"Jak z\u0142agodzi\u0107 b\u00f3l staw\u00f3w i poprawi\u0107 mobilno\u015b\u0107? Spr\u00f3buj! SustaFix!","robots":{"index":"index","follow":"follow","max-snippet":"max-snippet:-1","max-image-preview":"max-image-preview:large","max-video-preview":"max-video-preview:-1"},"canonical":"https:\/\/audiomed.com.pl\/apt\/produkty\/sustafix\/","og_locale":"pl_PL","og_type":"article","og_title":"SustaFix krem - opinie, cena, sk\u0142ad, efekty 2024","og_description":"Jak z\u0142agodzi\u0107 b\u00f3l staw\u00f3w i poprawi\u0107 mobilno\u015b\u0107? Spr\u00f3buj! SustaFix!","og_url":"https:\/\/audiomed.com.pl\/apt\/produkty\/sustafix\/","og_site_name":"Audiomed","article_modified_time":"2024-01-17T08:43:10+00:00","og_image":[{"width":400,"height":400,"url":"https:\/\/audiomed.com.pl\/apt\/wp-content\/uploads\/2024\/01\/Sustafix.png","type":"image\/png"}],"twitter_card":"summary_large_image","twitter_misc":{"Szacowany czas czytania":"5 minut"},"schema":{"@context":"https:\/\/schema.org","@graph":[{"@type":"WebPage","@id":"https:\/\/audiomed.com.pl\/apt\/produkty\/sustafix\/","url":"https:\/\/audiomed.com.pl\/apt\/produkty\/sustafix\/","name":"SustaFix krem - opinie, cena, sk\u0142ad, efekty 2024","isPartOf":{"@id":"http:\/\/audiomed.com.pl\/apt\/#website"},"primaryImageOfPage":{"@id":"https:\/\/audiomed.com.pl\/apt\/produkty\/sustafix\/#primaryimage"},"image":{"@id":"https:\/\/audiomed.com.pl\/apt\/produkty\/sustafix\/#primaryimage"},"thumbnailUrl":"https:\/\/audiomed.com.pl\/apt\/wp-content\/uploads\/2024\/01\/Sustafix.png","datePublished":"2024-01-17T08:14:19+00:00","dateModified":"2024-01-17T08:43:10+00:00","description":"Jak z\u0142agodzi\u0107 b\u00f3l staw\u00f3w i poprawi\u0107 mobilno\u015b\u0107? Spr\u00f3buj! SustaFix!","breadcrumb":{"@id":"https:\/\/audiomed.com.pl\/apt\/produkty\/sustafix\/#breadcrumb"},"inLanguage":"pl-PL","potentialAction":[{"@type":"ReadAction","target":["https:\/\/audiomed.com.pl\/apt\/produkty\/sustafix\/"]}]},{"@type":"ImageObject","inLanguage":"pl-PL","@id":"https:\/\/audiomed.com.pl\/apt\/produkty\/sustafix\/#primaryimage","url":"https:\/\/audiomed.com.pl\/apt\/wp-content\/uploads\/2024\/01\/Sustafix.png","contentUrl":"https:\/\/audiomed.com.pl\/apt\/wp-content\/uploads\/2024\/01\/Sustafix.png","width":400,"height":400,"caption":"Sustafix"},{"@type":"BreadcrumbList","@id":"https:\/\/audiomed.com.pl\/apt\/produkty\/sustafix\/#breadcrumb","itemListElement":[{"@type":"ListItem","position":1,"name":"Home","item":"http:\/\/audiomed.com.pl\/apt\/"},{"@type":"ListItem","position":2,"name":"Produkty","item":"http:\/\/audiomed.com.pl\/apt\/"},{"@type":"ListItem","position":3,"name":"SustaFix"}]},{"@type":"WebSite","@id":"http:\/\/audiomed.com.pl\/apt\/#website","url":"http:\/\/audiomed.com.pl\/apt\/","name":"Audiomed","description":"","potentialAction":[{"@type":"SearchAction","target":{"@type":"EntryPoint","urlTemplate":"http:\/\/audiomed.com.pl\/apt\/?s={search_term_string}"},"query-input":{"@type":"PropertyValueSpecification","valueRequired":true,"valueName":"search_term_string"}}],"inLanguage":"pl-PL"}]}},"uagb_featured_image_src":{"full":["https:\/\/audiomed.com.pl\/apt\/wp-content\/uploads\/2024\/01\/Sustafix.png",400,400,false],"thumbnail":["https:\/\/audiomed.com.pl\/apt\/wp-content\/uploads\/2024\/01\/Sustafix-150x150.png",150,150,true],"medium":["https:\/\/audiomed.com.pl\/apt\/wp-content\/uploads\/2024\/01\/Sustafix-300x300.png",300,300,true],"medium_large":["https:\/\/audiomed.com.pl\/apt\/wp-content\/uploads\/2024\/01\/Sustafix.png",400,400,false],"large":["https:\/\/audiomed.com.pl\/apt\/wp-content\/uploads\/2024\/01\/Sustafix.png",400,400,false],"1536x1536":["https:\/\/audiomed.com.pl\/apt\/wp-content\/uploads\/2024\/01\/Sustafix.png",400,400,false],"2048x2048":["https:\/\/audiomed.com.pl\/apt\/wp-content\/uploads\/2024\/01\/Sustafix.png",400,400,false],"woocommerce_thumbnail":["https:\/\/audiomed.com.pl\/apt\/wp-content\/uploads\/2024\/01\/Sustafix-300x300.png",300,300,true],"woocommerce_single":["https:\/\/audiomed.com.pl\/apt\/wp-content\/uploads\/2024\/01\/Sustafix.png",400,400,false],"woocommerce_gallery_thumbnail":["https:\/\/audiomed.com.pl\/apt\/wp-content\/uploads\/2024\/01\/Sustafix-100x100.png",100,100,true],"yarpp-thumbnail":["https:\/\/audiomed.com.pl\/apt\/wp-content\/uploads\/2024\/01\/Sustafix-120x120.png",120,120,true]},"uagb_author_info":{"display_name":"Patrycja","author_link":"https:\/\/audiomed.com.pl\/apt\/author\/"},"uagb_comment_info":0,"uagb_excerpt":"SustaFix krem to innowacyjny produkt, kt\u00f3ry obiecuje natychmiastow\u0105 ulg\u0119 w b\u00f3lach staw\u00f3w, \u015bci\u0119gien, mi\u0119\u015bni i staw\u00f3w. Je\u015bli cierpisz na zapalenie staw\u00f3w, artroz\u0119 lub osteochondroz\u0119, mo\u017cesz sprawdzi\u0107, czy ten miejscowy krem mo\u017ce dzia\u0142a\u0107 dla Ciebie. Ponad 67 000 os\u00f3b u\u017cywa\u0142o ju\u017c kremu SustaFix, a wi\u0119kszo\u015b\u0107 z nich dostarczy\u0142a dobre aktualne Recenzje u\u017cytkownik\u00f3w. Wed\u0142ug strony internetowej producenta,&hellip;","_links":{"self":[{"href":"https:\/\/audiomed.com.pl\/apt\/wp-json\/wp\/v2\/product\/872","targetHints":{"allow":["GET"]}}],"collection":[{"href":"https:\/\/audiomed.com.pl\/apt\/wp-json\/wp\/v2\/product"}],"about":[{"href":"https:\/\/audiomed.com.pl\/apt\/wp-json\/wp\/v2\/types\/product"}],"replies":[{"embeddable":true,"href":"https:\/\/audiomed.com.pl\/apt\/wp-json\/wp\/v2\/comments?post=872"}],"wp:featuredmedia":[{"embeddable":true,"href":"https:\/\/audiomed.com.pl\/apt\/wp-json\/wp\/v2\/media\/873"}],"wp:attachment":[{"href":"https:\/\/audiomed.com.pl\/apt\/wp-json\/wp\/v2\/media?parent=872"}],"wp:term":[{"taxonomy":"product_brand","embeddable":true,"href":"https:\/\/audiomed.com.pl\/apt\/wp-json\/wp\/v2\/product_brand?post=872"},{"taxonomy":"product_cat","embeddable":true,"href":"https:\/\/audiomed.com.pl\/apt\/wp-json\/wp\/v2\/product_cat?post=872"},{"taxonomy":"product_tag","embeddable":true,"href":"https:\/\/audiomed.com.pl\/apt\/wp-json\/wp\/v2\/product_tag?post=872"}],"curies":[{"name":"wp","href":"https:\/\/api.w.org\/{rel}","templated":true}]}}