{"id":859,"date":"2024-01-16T14:05:19","date_gmt":"2024-01-16T14:05:19","guid":{"rendered":"https:\/\/audiomed.com.pl\/apt\/?post_type=product&#038;p=859"},"modified":"2024-01-16T14:05:21","modified_gmt":"2024-01-16T14:05:21","slug":"bionetic","status":"publish","type":"product","link":"https:\/\/audiomed.com.pl\/apt\/produkty\/bionetic\/","title":{"rendered":"Bionetic"},"content":{"rendered":"\n<p>Bionetic to wyj\u0105tkowy produkt z naturalnymi sk\u0142adnikami, kt\u00f3re przywr\u00f3c\u0105 w\u0142osy od nasady a\u017c po same ko\u0144ce. Jest to klasyczny spray, kt\u00f3ry pomaga kontrolowa\u0107 wypadanie w\u0142os\u00f3w ka\u017cdego rodzaju, w tym \u0142ysienia. Dzi\u0119ki szybkiemu i d\u0142ugotrwa\u0142emu dzia\u0142aniu produkt jest na dobrej drodze, aby sta\u0107 si\u0119 innowacj\u0105 numer jeden w tym roku.<\/p>\n\n\n\n<h2 class=\"wp-block-heading\">Czym jest Bionetic?<\/h2>\n\n\n\n<p>Bionetic to bio-kosmetyczny spray na porost w\u0142os\u00f3w, kt\u00f3ry osi\u0105ga znacz\u0105ce i trwa\u0142e rezultaty. Innowacyjne rozwi\u0105zanie, kt\u00f3re stymuluje regeneracj\u0119 i odbudow\u0119 w\u0142os\u00f3w. Spray zapewnia w\u0142osom kom\u00f3rki macierzyste, kt\u00f3re s\u0105 niezb\u0119dne do aktywacji wzrostu w\u0142os\u00f3w. Powstaj\u0105 w obecno\u015bci aminokwas\u00f3w, sk\u0142adnik\u00f3w od\u017cywczych i witamin. Bionetic formu\u0142a sprayu dostarcza wszystkich niezb\u0119dnych sk\u0142adnik\u00f3w do wzrostu w\u0142os\u00f3w i og\u00f3lnie eliminuje wypadanie w\u0142os\u00f3w. Ten zaawansowany bio-kosmetyk nie tylko zapobiega wypadaniu w\u0142os\u00f3w, ale tak\u017ce wspomaga aktywn\u0105 regeneracj\u0119 mieszk\u00f3w w\u0142osowych. Regularne stosowanie biometrycznych jest w stanie poprawi\u0107 stan w\u0142os\u00f3w.<\/p>\n\n\n\n<h2 class=\"wp-block-heading\">Wskazania do stosowania Bionetic<\/h2>\n\n\n\n<p>Jest przeznaczony do \u0142atwego i wygodnego nak\u0142adania, poniewa\u017c nie trzeba p\u00f3\u017aniej my\u0107 w\u0142os\u00f3w. Ma na celu przyczynienie si\u0119 do od\u017cywienia i nawil\u017cenia w\u0142os\u00f3w, dbaj\u0105c w ten spos\u00f3b o ich zdrowy i pi\u0119kny wygl\u0105d. Oczekuje si\u0119, \u017ce odwr\u00f3ci wypadanie w\u0142os\u00f3w i pobudzi wzrost w\u0142os\u00f3w. Mo\u017ce by\u0107 stosowany zar\u00f3wno przez kobiety, jak i m\u0119\u017cczyzn. Wszystkie zawarte w nim substancje powinny by\u0107 ca\u0142kowicie naturalne, a zatem nie powinny wyst\u0105pi\u0107 \u017cadne skutki uboczne ani przeciwwskazania do stosowania.<\/p>\n\n\n\n<h2 class=\"wp-block-heading\">Efekty stosowania \u2013 Jak dzia\u0142a Bionetic<\/h2>\n\n\n\n<p>Bionetic nie ma skutk\u00f3w ubocznych parabeny, siarczany lub alergeny nie znajduj\u0105 si\u0119 w jego sk\u0142adzie. Nie mo\u017ce powodowa\u0107 podra\u017cnie\u0144 sk\u00f3ry, wr\u0119cz przeciwnie, delikatnie j\u0105 od\u017cywia i g\u0142\u0119boko nawil\u017ca. Wed\u0142ug bada\u0144 klinicznych przeprowadzonych przez uczestnik\u00f3w pozby\u0142 si\u0119 wypadania w\u0142os\u00f3w w ci\u0105gu jednego miesi\u0105ca.<\/p>\n\n\n\n<p>Co do reszty, konieczne by\u0142o powt\u00f3rzenie kursu terapeutycznego jeszcze raz. Nale\u017cy pami\u0119ta\u0107, \u017ce Bionetic r\u00f3wnie\u017c nie ma przeciwwskaza\u0144. Ten spray jest odpowiedni zar\u00f3wno dla w\u0142os\u00f3w przet\u0142uszczaj\u0105cych si\u0119, jak i suchych, poniewa\u017c przywraca normalny poziom produkcji oleju. Nie musisz konsultowa\u0107 si\u0119 z dermatologiem, aby rozpocz\u0105\u0107 leczenie wypadania w\u0142os\u00f3w za pomoc\u0105 Bionetic. To kosmetyk, a nie produkt medyczny.<\/p>\n\n\n\n<h2 class=\"wp-block-heading\">Sk\u0142adniki \u2013 Co zawiera Bionetic<\/h2>\n\n\n\n<p>Pe\u0142n\u0105 list\u0119 sk\u0142adnik\u00f3w Bionetic, a tak\u017ce opis tego, do czego s\u0142u\u017cy ka\u017cdy z nich, sk\u0142adniki Bionetic mo\u017cna znale\u017a\u0107 w nast\u0119puj\u0105cych wierszach:<\/p>\n\n\n\n<ul class=\"wp-block-list\">\n<li><strong>Ekstrakty z pokrzywy, kory d\u0119bu, \u017ce\u0144-szenia i czosnku<\/strong>-to biostymulatory, kt\u00f3re poprawiaj\u0105 kondycj\u0119 w\u0142os\u00f3w poprzez stymulacj\u0119 metabolizmu, nadanie blasku i ochron\u0119 przed pieczeniem<\/li>\n\n\n\n<li><strong>Fitokeratyna z bia\u0142ek sojowych i pszennych<\/strong>-zawiera keratyn\u0119, kt\u00f3ra ma w\u0142a\u015bciwo\u015b\u0107 wzmacniania struktury w\u0142os\u00f3w, wype\u0142niania ich ubytk\u00f3w, a tym samym poprawiania wzrostu i dzia\u0142ania ochronnego przed wp\u0142ywami zewn\u0119trznymi<\/li>\n\n\n\n<li><strong>Witaminy B-6, B-3<\/strong>-maj\u0105 na celu regulacj\u0119 produkcji sebum i ukojenie sk\u00f3ry g\u0142owy<\/li>\n\n\n\n<li><strong>Arginina, Ornityna, Cytrulina<\/strong> \u2013 to silne po\u0142\u0105czenie aminokwas\u00f3w, kt\u00f3re przeciwdzia\u0142aj\u0105 \u0142upie\u017cowi poprzez zwi\u0119kszenie przep\u0142ywu krwi do korzeni i rozszerzenie naczy\u0144 krwiono\u015bnych. W ten spos\u00f3b poprawiaj\u0105 wzrost w\u0142os\u00f3w i przywracaj\u0105 struktur\u0119 w\u0142os\u00f3w<\/li>\n<\/ul>\n\n\n\n<h2 class=\"wp-block-heading\">Cena Bionetic<\/h2>\n\n\n\n<p>Mo\u017cesz dowiedzie\u0107 si\u0119, ile kosztuje Bionetic, tylko odwiedzaj\u0105c oficjaln\u0105 stron\u0119 producenta. Dowiedzieli\u015bmy si\u0119 od oficjalnego dystrybutora, \u017ce standardowa cena Bionetic jest obecnie obni\u017cona. Ta Zni\u017cka jest wa\u017cna do wyczerpania zapas\u00f3w, poniewa\u017c promocja nie ma okre\u015blonego terminu ani \u017cadnych specjalnych warunk\u00f3w.<\/p>\n\n\n\n<p>Jedynym pewnym sposobem na zakup oryginalnego bio-kosmetycznego sprayu na porost w\u0142os\u00f3w Bionetic w przyst\u0119pnej cenie jest jego strona internetowa. Oznacza to, \u017ce klienci w Europie musz\u0105 za\u0142adowa\u0107 dedykowan\u0105 stron\u0119 marki i zam\u00f3wi\u0107 j\u0105 stamt\u0105d. W tym celu istnieje kr\u00f3tki wniosek, kt\u00f3ry nale\u017cy wype\u0142ni\u0107. W zamian skorzystasz z naprawd\u0119 atrakcyjnej Bionetic oferty cenowej.<\/p>\n\n\n\n<h2 class=\"wp-block-heading\">Bionetic opinie \u2013 recenzje u\u017cytkownik\u00f3w o produkcie<\/h2>\n\n\n\n<p>Tysi\u0105ce zadowolonych klient\u00f3w z Europy aktywnie pisze i publikuje pozytywne recenzje i opinie na temat Bionetic. Mierzy to sukces biokosmetycznego sprayu na porost w\u0142os\u00f3w i pokazuje, \u017ce produkt jest chwalony przez ludzi. Bionetic opinie nawet profesjonalni fryzjerzy polecaj\u0105 Bionetic z pozytywnymi recenzjami i referencjami jest r\u00f3wnie\u017c przedmiotem dyskusji na platformach spo\u0142eczno\u015bciowych takich jak i Instagram. Wi\u0119kszo\u015b\u0107 klient\u00f3w podziela opini\u0119, \u017ce Bionetic d\u0105\u017cy do najlepszych i d\u0142ugotrwa\u0142ych rezultat\u00f3w. Dlatego biokosmetyczny lakier do w\u0142os\u00f3w jest tak popularny i po\u017c\u0105dany.<\/p>\n\n\n\n<h2 class=\"wp-block-heading\">Spos\u00f3b Aplikowania \u2013 Jak stosowa\u0107 Bionetic<\/h2>\n\n\n\n<p>Bionetic spray stosowany do przywracania wzrostu w\u0142os\u00f3w to jedyny produkt z naturalnymi sk\u0142adnikami, kt\u00f3ry pozwala zatrzyma\u0107 wypadanie w\u0142os\u00f3w, a konsekwentna kuracja pozwala przywr\u00f3ci\u0107 g\u0119ste w\u0142osy z przesz\u0142o\u015bci, dzi\u0119ki regeneracji i wzrostowi samych w\u0142os\u00f3w.<\/p>\n\n\n\n<p>Stosowanie sprayu Bionetic jest bardzo proste, a zabieg nale\u017cy wykonywa\u0107 tylko raz dziennie na suchych w\u0142osach. Produkt biometryczny jest niet\u0142usty, dzi\u0119ki czemu nie pozostawia t\u0142ustych w\u0142os\u00f3w po aplikacji. Powtarzaj to codziennie, a je\u015bli myjesz szampon, na\u0142\u00f3\u017c spray po wysuszeniu w\u0142os\u00f3w.<\/p>\n\n\n\n<h2 class=\"wp-block-heading\">Gdzie kupi\u0107 spray Bionetic: apteka, Amazon czy oficjalna strona producenta<\/h2>\n\n\n\n<p>Jedynym pewnym sposobem na zakup oryginalnego bio-kosmetycznego sprayu na porost w\u0142os\u00f3w Bionetic w przyst\u0119pnej cenie jest jego strona internetowa oficjalna strona producenta Bionetic. Oznacza to, \u017ce klienci w Europie musz\u0105 za\u0142adowa\u0107 dedykowan\u0105 stron\u0119 marki i zam\u00f3wi\u0107 j\u0105 stamt\u0105d. W tym celu istnieje kr\u00f3tki wniosek, kt\u00f3ry nale\u017cy wype\u0142ni\u0107. W zamian skorzystasz z naprawd\u0119 atrakcyjnej Bionetycznej oferty cenowej.<\/p>\n\n\n\n<p>G\u0142\u00f3wny dystrybutor zio\u0142owego sprayu do g\u0119stych i l\u015bni\u0105cych w\u0142os\u00f3w zapewnia regularny dost\u0119p do dochodowych ofert promocyjnych apteka. Te specjalne kampanie pozwol\u0105 wszystkim klientom skorzysta\u0107 z niesamowitych rabat\u00f3w. B\u0105d\u017a proaktywny, aby uzyska\u0107 najlepsz\u0105 mo\u017cliw\u0105 cen\u0119 Bionetic.<\/p>\n\n\n\n<h2 class=\"wp-block-heading\">Najcz\u0119\u015bciej zadawane pytania<\/h2>\n\n\n\n<h3 class=\"wp-block-heading\">W jakim celu stosuje si\u0119 Bionetic?<\/h3>\n\n\n\n<p>U\u017cytkownicy Bionetic mog\u0105 nak\u0142ada\u0107 go codziennie na w\u0142osy bez konieczno\u015bci mycia. Konieczne jest wstrz\u0105\u015bni\u0119cie sprayem i rozpylenie niewielkiej ilo\u015bci u nasady i sk\u00f3ry g\u0142owy, kt\u00f3r\u0105 wciera si\u0119 masuj\u0105c.<\/p>\n\n\n\n<h3 class=\"wp-block-heading\">Jakie s\u0105 opinie lekarzy na temat Bionetic?<\/h3>\n\n\n\n<p>Tak, wszyscy u\u017cytkownicy mog\u0105 skorzysta\u0107 z Bionetic ceny promocyjnej, je\u015bli regularnie odwiedzaj\u0105 witryn\u0119 i maj\u0105 oko na te oferty promocyjne.<\/p>\n","protected":false},"excerpt":{"rendered":"<p>Bionetic to wyj\u0105tkowy produkt z naturalnymi sk\u0142adnikami, kt\u00f3re przywr\u00f3c\u0105 w\u0142osy od nasady a\u017c po same ko\u0144ce. Jest to klasyczny spray, kt\u00f3ry pomaga kontrolowa\u0107 wypadanie w\u0142os\u00f3w ka\u017cdego rodzaju, w tym \u0142ysienia. Dzi\u0119ki szybkiemu i d\u0142ugotrwa\u0142emu dzia\u0142aniu produkt jest na dobrej drodze, aby sta\u0107 si\u0119 innowacj\u0105 numer jeden w tym roku. Czym jest Bionetic? Bionetic to bio-kosmetyczny &#8230; <a title=\"Bionetic\" class=\"read-more\" href=\"https:\/\/audiomed.com.pl\/apt\/produkty\/bionetic\/\" aria-label=\"More on Bionetic\">Czytaj dalej<\/a><\/p>\n","protected":false},"featured_media":863,"comment_status":"open","ping_status":"closed","template":"","meta":{"_uag_custom_page_level_css":""},"product_brand":[],"product_cat":[24],"product_tag":[],"class_list":{"0":"post-859","1":"product","2":"type-product","3":"status-publish","4":"has-post-thumbnail","6":"product_cat-uroda","7":"sales-flash-overlay","8":"woocommerce-text-align-center","9":"woocommerce-image-align-center","10":"do-quantity-buttons","12":"first","13":"instock","14":"sale","15":"shipping-taxable","16":"product-type-external"},"yoast_head":"<!-- This site is optimized with the Yoast SEO plugin v27.4 - https:\/\/yoast.com\/product\/yoast-seo-wordpress\/ -->\n<title>Bionetic spray - opinie, cena, sk\u0142ad, efekty 2024<\/title>\n<meta name=\"description\" content=\"Stymuluj wzrost nowych zdrowych w\u0142os\u00f3w! Spr\u00f3buj! Bionetic!\" \/>\n<meta name=\"robots\" content=\"index, follow, max-snippet:-1, max-image-preview:large, max-video-preview:-1\" \/>\n<link rel=\"canonical\" href=\"https:\/\/audiomed.com.pl\/apt\/produkty\/bionetic\/\" \/>\n<meta property=\"og:locale\" content=\"pl_PL\" \/>\n<meta property=\"og:type\" content=\"article\" \/>\n<meta property=\"og:title\" content=\"Bionetic spray - opinie, cena, sk\u0142ad, efekty 2024\" \/>\n<meta property=\"og:description\" content=\"Stymuluj wzrost nowych zdrowych w\u0142os\u00f3w! Spr\u00f3buj! Bionetic!\" \/>\n<meta property=\"og:url\" content=\"https:\/\/audiomed.com.pl\/apt\/produkty\/bionetic\/\" \/>\n<meta property=\"og:site_name\" content=\"Audiomed\" \/>\n<meta property=\"article:modified_time\" content=\"2024-01-16T14:05:21+00:00\" \/>\n<meta property=\"og:image\" content=\"https:\/\/audiomed.com.pl\/apt\/wp-content\/uploads\/2024\/01\/Bionetic.png\" \/>\n\t<meta property=\"og:image:width\" content=\"400\" \/>\n\t<meta property=\"og:image:height\" content=\"400\" \/>\n\t<meta property=\"og:image:type\" content=\"image\/png\" \/>\n<meta name=\"twitter:card\" content=\"summary_large_image\" \/>\n<meta name=\"twitter:label1\" content=\"Szacowany czas czytania\" \/>\n\t<meta name=\"twitter:data1\" content=\"6 minut\" \/>\n<script type=\"application\/ld+json\" class=\"yoast-schema-graph\">{\"@context\":\"https:\\\/\\\/schema.org\",\"@graph\":[{\"@type\":\"WebPage\",\"@id\":\"https:\\\/\\\/audiomed.com.pl\\\/apt\\\/produkty\\\/bionetic\\\/\",\"url\":\"https:\\\/\\\/audiomed.com.pl\\\/apt\\\/produkty\\\/bionetic\\\/\",\"name\":\"Bionetic spray - opinie, cena, sk\u0142ad, efekty 2024\",\"isPartOf\":{\"@id\":\"https:\\\/\\\/audiomed.com.pl\\\/apt\\\/#website\"},\"primaryImageOfPage\":{\"@id\":\"https:\\\/\\\/audiomed.com.pl\\\/apt\\\/produkty\\\/bionetic\\\/#primaryimage\"},\"image\":{\"@id\":\"https:\\\/\\\/audiomed.com.pl\\\/apt\\\/produkty\\\/bionetic\\\/#primaryimage\"},\"thumbnailUrl\":\"https:\\\/\\\/audiomed.com.pl\\\/apt\\\/wp-content\\\/uploads\\\/2024\\\/01\\\/Bionetic.png\",\"datePublished\":\"2024-01-16T14:05:19+00:00\",\"dateModified\":\"2024-01-16T14:05:21+00:00\",\"description\":\"Stymuluj wzrost nowych zdrowych w\u0142os\u00f3w! Spr\u00f3buj! Bionetic!\",\"breadcrumb\":{\"@id\":\"https:\\\/\\\/audiomed.com.pl\\\/apt\\\/produkty\\\/bionetic\\\/#breadcrumb\"},\"inLanguage\":\"pl-PL\",\"potentialAction\":[{\"@type\":\"ReadAction\",\"target\":[\"https:\\\/\\\/audiomed.com.pl\\\/apt\\\/produkty\\\/bionetic\\\/\"]}]},{\"@type\":\"ImageObject\",\"inLanguage\":\"pl-PL\",\"@id\":\"https:\\\/\\\/audiomed.com.pl\\\/apt\\\/produkty\\\/bionetic\\\/#primaryimage\",\"url\":\"https:\\\/\\\/audiomed.com.pl\\\/apt\\\/wp-content\\\/uploads\\\/2024\\\/01\\\/Bionetic.png\",\"contentUrl\":\"https:\\\/\\\/audiomed.com.pl\\\/apt\\\/wp-content\\\/uploads\\\/2024\\\/01\\\/Bionetic.png\",\"width\":400,\"height\":400,\"caption\":\"Bionetic\"},{\"@type\":\"BreadcrumbList\",\"@id\":\"https:\\\/\\\/audiomed.com.pl\\\/apt\\\/produkty\\\/bionetic\\\/#breadcrumb\",\"itemListElement\":[{\"@type\":\"ListItem\",\"position\":1,\"name\":\"Home\",\"item\":\"https:\\\/\\\/audiomed.com.pl\\\/apt\\\/\"},{\"@type\":\"ListItem\",\"position\":2,\"name\":\"Produkty\",\"item\":\"https:\\\/\\\/audiomed.com.pl\\\/apt\\\/\"},{\"@type\":\"ListItem\",\"position\":3,\"name\":\"Bionetic\"}]},{\"@type\":\"WebSite\",\"@id\":\"https:\\\/\\\/audiomed.com.pl\\\/apt\\\/#website\",\"url\":\"https:\\\/\\\/audiomed.com.pl\\\/apt\\\/\",\"name\":\"Audiomed\",\"description\":\"\",\"potentialAction\":[{\"@type\":\"SearchAction\",\"target\":{\"@type\":\"EntryPoint\",\"urlTemplate\":\"https:\\\/\\\/audiomed.com.pl\\\/apt\\\/?s={search_term_string}\"},\"query-input\":{\"@type\":\"PropertyValueSpecification\",\"valueRequired\":true,\"valueName\":\"search_term_string\"}}],\"inLanguage\":\"pl-PL\"}]}<\/script>\n<!-- \/ Yoast SEO plugin. -->","yoast_head_json":{"title":"Bionetic spray - opinie, cena, sk\u0142ad, efekty 2024","description":"Stymuluj wzrost nowych zdrowych w\u0142os\u00f3w! Spr\u00f3buj! Bionetic!","robots":{"index":"index","follow":"follow","max-snippet":"max-snippet:-1","max-image-preview":"max-image-preview:large","max-video-preview":"max-video-preview:-1"},"canonical":"https:\/\/audiomed.com.pl\/apt\/produkty\/bionetic\/","og_locale":"pl_PL","og_type":"article","og_title":"Bionetic spray - opinie, cena, sk\u0142ad, efekty 2024","og_description":"Stymuluj wzrost nowych zdrowych w\u0142os\u00f3w! Spr\u00f3buj! Bionetic!","og_url":"https:\/\/audiomed.com.pl\/apt\/produkty\/bionetic\/","og_site_name":"Audiomed","article_modified_time":"2024-01-16T14:05:21+00:00","og_image":[{"width":400,"height":400,"url":"https:\/\/audiomed.com.pl\/apt\/wp-content\/uploads\/2024\/01\/Bionetic.png","type":"image\/png"}],"twitter_card":"summary_large_image","twitter_misc":{"Szacowany czas czytania":"6 minut"},"schema":{"@context":"https:\/\/schema.org","@graph":[{"@type":"WebPage","@id":"https:\/\/audiomed.com.pl\/apt\/produkty\/bionetic\/","url":"https:\/\/audiomed.com.pl\/apt\/produkty\/bionetic\/","name":"Bionetic spray - opinie, cena, sk\u0142ad, efekty 2024","isPartOf":{"@id":"https:\/\/audiomed.com.pl\/apt\/#website"},"primaryImageOfPage":{"@id":"https:\/\/audiomed.com.pl\/apt\/produkty\/bionetic\/#primaryimage"},"image":{"@id":"https:\/\/audiomed.com.pl\/apt\/produkty\/bionetic\/#primaryimage"},"thumbnailUrl":"https:\/\/audiomed.com.pl\/apt\/wp-content\/uploads\/2024\/01\/Bionetic.png","datePublished":"2024-01-16T14:05:19+00:00","dateModified":"2024-01-16T14:05:21+00:00","description":"Stymuluj wzrost nowych zdrowych w\u0142os\u00f3w! Spr\u00f3buj! Bionetic!","breadcrumb":{"@id":"https:\/\/audiomed.com.pl\/apt\/produkty\/bionetic\/#breadcrumb"},"inLanguage":"pl-PL","potentialAction":[{"@type":"ReadAction","target":["https:\/\/audiomed.com.pl\/apt\/produkty\/bionetic\/"]}]},{"@type":"ImageObject","inLanguage":"pl-PL","@id":"https:\/\/audiomed.com.pl\/apt\/produkty\/bionetic\/#primaryimage","url":"https:\/\/audiomed.com.pl\/apt\/wp-content\/uploads\/2024\/01\/Bionetic.png","contentUrl":"https:\/\/audiomed.com.pl\/apt\/wp-content\/uploads\/2024\/01\/Bionetic.png","width":400,"height":400,"caption":"Bionetic"},{"@type":"BreadcrumbList","@id":"https:\/\/audiomed.com.pl\/apt\/produkty\/bionetic\/#breadcrumb","itemListElement":[{"@type":"ListItem","position":1,"name":"Home","item":"https:\/\/audiomed.com.pl\/apt\/"},{"@type":"ListItem","position":2,"name":"Produkty","item":"https:\/\/audiomed.com.pl\/apt\/"},{"@type":"ListItem","position":3,"name":"Bionetic"}]},{"@type":"WebSite","@id":"https:\/\/audiomed.com.pl\/apt\/#website","url":"https:\/\/audiomed.com.pl\/apt\/","name":"Audiomed","description":"","potentialAction":[{"@type":"SearchAction","target":{"@type":"EntryPoint","urlTemplate":"https:\/\/audiomed.com.pl\/apt\/?s={search_term_string}"},"query-input":{"@type":"PropertyValueSpecification","valueRequired":true,"valueName":"search_term_string"}}],"inLanguage":"pl-PL"}]}},"uagb_featured_image_src":{"full":["https:\/\/audiomed.com.pl\/apt\/wp-content\/uploads\/2024\/01\/Bionetic.png",400,400,false],"thumbnail":["https:\/\/audiomed.com.pl\/apt\/wp-content\/uploads\/2024\/01\/Bionetic-150x150.png",150,150,true],"medium":["https:\/\/audiomed.com.pl\/apt\/wp-content\/uploads\/2024\/01\/Bionetic-300x300.png",300,300,true],"medium_large":["https:\/\/audiomed.com.pl\/apt\/wp-content\/uploads\/2024\/01\/Bionetic.png",400,400,false],"large":["https:\/\/audiomed.com.pl\/apt\/wp-content\/uploads\/2024\/01\/Bionetic.png",400,400,false],"1536x1536":["https:\/\/audiomed.com.pl\/apt\/wp-content\/uploads\/2024\/01\/Bionetic.png",400,400,false],"2048x2048":["https:\/\/audiomed.com.pl\/apt\/wp-content\/uploads\/2024\/01\/Bionetic.png",400,400,false],"woocommerce_thumbnail":["https:\/\/audiomed.com.pl\/apt\/wp-content\/uploads\/2024\/01\/Bionetic-300x300.png",300,300,true],"woocommerce_single":["https:\/\/audiomed.com.pl\/apt\/wp-content\/uploads\/2024\/01\/Bionetic.png",400,400,false],"woocommerce_gallery_thumbnail":["https:\/\/audiomed.com.pl\/apt\/wp-content\/uploads\/2024\/01\/Bionetic-100x100.png",100,100,true],"yarpp-thumbnail":["https:\/\/audiomed.com.pl\/apt\/wp-content\/uploads\/2024\/01\/Bionetic-120x120.png",120,120,true]},"uagb_author_info":{"display_name":"Patrycja","author_link":"https:\/\/audiomed.com.pl\/apt\/author\/"},"uagb_comment_info":0,"uagb_excerpt":"Bionetic to wyj\u0105tkowy produkt z naturalnymi sk\u0142adnikami, kt\u00f3re przywr\u00f3c\u0105 w\u0142osy od nasady a\u017c po same ko\u0144ce. Jest to klasyczny spray, kt\u00f3ry pomaga kontrolowa\u0107 wypadanie w\u0142os\u00f3w ka\u017cdego rodzaju, w tym \u0142ysienia. Dzi\u0119ki szybkiemu i d\u0142ugotrwa\u0142emu dzia\u0142aniu produkt jest na dobrej drodze, aby sta\u0107 si\u0119 innowacj\u0105 numer jeden w tym roku. Czym jest Bionetic? Bionetic to bio-kosmetyczny&hellip;","_links":{"self":[{"href":"https:\/\/audiomed.com.pl\/apt\/wp-json\/wp\/v2\/product\/859","targetHints":{"allow":["GET"]}}],"collection":[{"href":"https:\/\/audiomed.com.pl\/apt\/wp-json\/wp\/v2\/product"}],"about":[{"href":"https:\/\/audiomed.com.pl\/apt\/wp-json\/wp\/v2\/types\/product"}],"replies":[{"embeddable":true,"href":"https:\/\/audiomed.com.pl\/apt\/wp-json\/wp\/v2\/comments?post=859"}],"wp:featuredmedia":[{"embeddable":true,"href":"https:\/\/audiomed.com.pl\/apt\/wp-json\/wp\/v2\/media\/863"}],"wp:attachment":[{"href":"https:\/\/audiomed.com.pl\/apt\/wp-json\/wp\/v2\/media?parent=859"}],"wp:term":[{"taxonomy":"product_brand","embeddable":true,"href":"https:\/\/audiomed.com.pl\/apt\/wp-json\/wp\/v2\/product_brand?post=859"},{"taxonomy":"product_cat","embeddable":true,"href":"https:\/\/audiomed.com.pl\/apt\/wp-json\/wp\/v2\/product_cat?post=859"},{"taxonomy":"product_tag","embeddable":true,"href":"https:\/\/audiomed.com.pl\/apt\/wp-json\/wp\/v2\/product_tag?post=859"}],"curies":[{"name":"wp","href":"https:\/\/api.w.org\/{rel}","templated":true}]}}