{"id":59,"date":"2023-12-21T14:55:27","date_gmt":"2023-12-21T14:55:27","guid":{"rendered":"https:\/\/audiomed.com.pl\/apt\/?post_type=product&#038;p=59"},"modified":"2024-01-10T08:45:04","modified_gmt":"2024-01-10T08:45:04","slug":"acustal","status":"publish","type":"product","link":"https:\/\/audiomed.com.pl\/apt\/produkty\/acustal\/","title":{"rendered":"Acustal"},"content":{"rendered":"\n<p>Acustal to starannie opracowany innowacyjny suplement w formie sprayu, stworzony z my\u015bl\u0105 o poprawie jako\u015bci s\u0142yszenia w spos\u00f3b ca\u0142kowicie naturalny.&nbsp;<\/p>\n\n\n\n<div style=\"height:20px\" aria-hidden=\"true\" class=\"wp-block-spacer\"><\/div>\n\n\n\n<figure class=\"wp-block-table is-style-regular\"><table class=\"has-fixed-layout\"><tbody><tr><td><strong>Nazwa produktu<\/strong><\/td><td>Acustal<\/td><\/tr><tr><td><strong>Zastosowanie<\/strong><\/td><td>na popraw\u0119 s\u0142uchu \u2764\ufe0f<\/td><\/tr><tr><td><strong>Opinie<\/strong><\/td><td>\u2b50\u2b50\u2b50\u2b50\u2b50<\/td><\/tr><tr><td><strong>Cena<\/strong><\/td><td>137 PLN \ud83d\udcb5<\/td><\/tr><tr><td><strong>Typ produktu<\/strong><\/td><td>spray \ud83d\udca8<\/td><\/tr><tr><td><strong>Dawka<\/strong><\/td><td>sprawd\u017a ulotk\u0119\u23f0<\/td><\/tr><tr><td><strong>Sk\u0142ad<\/strong><\/td><td>Ekstrakt z nasion ostropestu\ud83c\udf43<br>Luteina\ud83c\udf43<br>Witamina E\ud83c\udf43<br>Witamina B3 (Niacyna)\ud83c\udf43<br>Selen\ud83c\udf43<\/td><\/tr><\/tbody><\/table><\/figure>\n\n\n\n<div style=\"height:20px\" aria-hidden=\"true\" class=\"wp-block-spacer\"><\/div>\n\n\n\n<h2 class=\"wp-block-heading\"><strong>Czym jest Acustal?&nbsp;<\/strong><\/h2>\n\n\n\n<p>Acustal spray to nowoczesny \u015brodek wspomagaj\u0105cy prac\u0119 przewodu s\u0142uchowego. Jego unikalno\u015b\u0107 polega na wykorzystaniu si\u0142y naturalnych sk\u0142adnik\u00f3w, kt\u00f3re maj\u0105 na celu poprzez regularne stosowanie zwi\u0119kszenie wra\u017cliwo\u015bci uk\u0142adu s\u0142uchowego na d\u017awi\u0119ki i usuni\u0119cie przeszk\u00f3d mog\u0105cych utrudnia\u0107 ich odbi\u00f3r. Produkt ten wyr\u00f3\u017cnia si\u0119 \u0142agodnym i skutecznym dzia\u0142aniem, dzi\u0119ki starannie dobranej kompozycji naturalnych kluczowych sk\u0142adnik\u00f3w.&nbsp;<\/p>\n\n\n\n<h2 class=\"wp-block-heading\"><strong>Wskazania do stosowania Acustal<\/strong>&nbsp;<\/h2>\n\n\n\n<h3 class=\"wp-block-heading\"><strong>Poprawa jako\u015bci s\u0142uchu<\/strong>&nbsp;<\/h3>\n\n\n\n<p>Acustal zosta\u0142 zaprojektowany przede wszystkim z my\u015bl\u0105 o osobach, kt\u00f3re do\u015bwiadczaj\u0105 problem\u00f3w ze s\u0142uchem. Produkt ten pomaga w lepszym odbiorze d\u017awi\u0119k\u00f3w otoczenia, co mo\u017ce by\u0107 szczeg\u00f3lnie pomocne dla os\u00f3b starszych lub tych, kt\u00f3rzy na co dzie\u0144 nara\u017ceni s\u0105 na wysoki poziom ha\u0142asu.&nbsp;<\/p>\n\n\n\n<h3 class=\"wp-block-heading\"><strong>Zwi\u0119kszenie wra\u017cliwo\u015bci na d\u017awi\u0119ki<\/strong>&nbsp;&nbsp;<\/h3>\n\n\n\n<p>Kolejnym wskazaniem do u\u017cywania Acustal jest potrzeba zwi\u0119kszenia wra\u017cliwo\u015bci s\u0142uchowej. Dzi\u0119ki sk\u0142adnikom takim jak ekstrakt z nasion ostropestu czy luteina, produkt ten pomaga w wy\u0142apywaniu subtelnych d\u017awi\u0119k\u00f3w i detali, co mo\u017ce by\u0107 korzystne dla muzyk\u00f3w, in\u017cynier\u00f3w d\u017awi\u0119ku czy os\u00f3b pasjonuj\u0105cych si\u0119 przyrod\u0105.&nbsp;<\/p>\n\n\n\n<h3 class=\"wp-block-heading\"><strong>Usuwanie przeszk\u00f3d w odbiorze d\u017awi\u0119k\u00f3w<\/strong>&nbsp;<\/h3>\n\n\n\n<p>Acustal skutecznie wspomaga tak\u017ce usuwanie r\u00f3\u017cnych przeszk\u00f3d w systemie s\u0142uchowym. Mo\u017ce to obejmowa\u0107 sytuacje, w kt\u00f3rych nadmierna ilo\u015b\u0107 woskowiny utrudnia s\u0142yszenie, czy problemy zwi\u0105zane z zatkanymi uszami. Regularne stosowanie preparatu w tym zakresie przyczynia si\u0119 do lepszego komfortu \u017cycia i mo\u017ce polepszy\u0107 zdrowie s\u0142uchu.&nbsp;<\/p>\n\n\n\n<h2 class=\"wp-block-heading\"><strong>Efekty stosowania \u2013 Jak dzia\u0142a spray Acustal?<\/strong>&nbsp;<\/h2>\n\n\n\n<p>Acustal dzia\u0142a poprzez bezpo\u015brednie oddzia\u0142ywanie na uk\u0142ad s\u0142uchowy, wykorzystuj\u0105c naturalne sk\u0142adniki aktywne. Jego regularne stosowanie mo\u017ce znacz\u0105co poprawi\u0107 jako\u015b\u0107 s\u0142uchu i zwi\u0119kszy\u0107 wra\u017cliwo\u015b\u0107 przewodu s\u0142uchowego na d\u017awi\u0119ki. Ponadto, dzi\u0119ki swoim w\u0142a\u015bciwo\u015bciom antyoksydacyjnym i przeciwzapalnym, Acustal mo\u017ce chroni\u0107 uk\u0142ad s\u0142uchowy przed procesami starzenia oraz innymi czynnikami zewn\u0119trznymi, kt\u00f3re mog\u0105 negatywnie wp\u0142ywa\u0107 na s\u0142uch.&nbsp;<\/p>\n\n\n\n<h2 class=\"wp-block-heading\"><strong>Sk\u0142adniki \u2013 Co zawiera produkt Acustal?<\/strong>&nbsp;<\/h2>\n\n\n\n<p>Acustal zawiera szereg naturalnych sk\u0142adnik\u00f3w, kt\u00f3re wsp\u00f3lnie tworz\u0105 jego unikaln\u0105 formu\u0142\u0119. Do najwa\u017cniejszych nale\u017c\u0105:&nbsp;<\/p>\n\n\n\n<ul class=\"wp-block-list\">\n<li><strong>Ekstrakt z nasion ostropestu<\/strong>: Posiada w\u0142a\u015bciwo\u015bci przeciwzapalne i antyoksydacyjne, chroni\u0105ce narz\u0105d s\u0142uchu.&nbsp;<\/li>\n\n\n\n<li><strong>Luteina<\/strong>: Znana z korzy\u015bci dla zdrowia oczu, poprawia r\u00f3wnie\u017c jako\u015b\u0107 d\u017awi\u0119ku i wra\u017cliwo\u015b\u0107 s\u0142uchu.&nbsp;<\/li>\n\n\n\n<li><strong>Witamina E<\/strong>: Chroni przed procesami starzenia w uk\u0142adzie s\u0142uchowym.&nbsp;<\/li>\n\n\n\n<li><strong>Witamina B3 (Niacyna)<\/strong>: Poprawia kr\u0105\u017cenie krwi, co mo\u017ce zwi\u0119ksza\u0107 dop\u0142yw tlenu do narz\u0105du s\u0142uchu.&nbsp;<\/li>\n\n\n\n<li><strong>Selen<\/strong>: Minera\u0142 o w\u0142a\u015bciwo\u015bciach antyoksydacyjnych, chroni\u0105cy narz\u0105d s\u0142uchu przed uszkodzeniami.&nbsp;<\/li>\n<\/ul>\n\n\n\n<p>Pe\u0142na lista sk\u0142adnik\u00f3w dost\u0119pna jest w ulotce do\u0142\u0105czonej do preparatu.&nbsp;<\/p>\n\n\n\n<h2 class=\"wp-block-heading\"><strong>Cena Acustal<\/strong>&nbsp;<\/h2>\n\n\n\n<p>Cena Acustal mo\u017ce r\u00f3\u017cni\u0107 si\u0119 w zale\u017cno\u015bci od punktu sprzeda\u017cy. Zaleca si\u0119 zakup produktu bezpo\u015brednio na oficjalnej stronie producenta, co gwarantuje autentyczno\u015b\u0107 i dost\u0119p do aktualnych zni\u017cek. Nale\u017cy pami\u0119ta\u0107, \u017ce Acustal nie jest dost\u0119pny w tradycyjnych aptekach, co mo\u017ce wp\u0142yn\u0105\u0107 na jego cen\u0119 i dost\u0119pno\u015b\u0107.&nbsp;<\/p>\n\n\n\n<h2 class=\"wp-block-heading\"><strong>Acustal opinie \u2013 recenzje u\u017cytkownik\u00f3w o produkcie<\/strong>&nbsp;<\/h2>\n\n\n\n<p>W sieci mo\u017cna znale\u017a\u0107 liczne opinie u\u017cytkownik\u00f3w na temat Acustal. Wiele z nich podkre\u015bla skuteczno\u015b\u0107 produktu w poprawie jako\u015bci s\u0142uchu oraz \u0142atwo\u015b\u0107 stosowania. U\u017cytkownicy chwal\u0105 naturalny sk\u0142ad i brak negatywnych skutk\u00f3w ubocznych. Jednak\u017ce, jak w przypadku ka\u017cdego suplementu, efekty mog\u0105 si\u0119 r\u00f3\u017cni\u0107 w zale\u017cno\u015bci od indywidualnych uwarunkowa\u0144 organizmu.&nbsp;<\/p>\n\n\n\n<h2 class=\"wp-block-heading\"><strong>Spos\u00f3b u\u017cywania \u2013 Jak stosowa\u0107 Acustal?<\/strong>&nbsp;&nbsp;<\/h2>\n\n\n\n<p>Stosowanie Acustal jest proste i wygodne. Zaleca si\u0119 stosowanie sprayu zgodnie z ulotk\u0105 kt\u00f3ra jest cennym \u017ar\u00f3d\u0142em informacji. Zazwyczaj polega to na aplikacji okre\u015blonej liczby dawek bezpo\u015brednio do uszu. Wa\u017cne jest, aby nie przekracza\u0107 zalecanej dawki oraz regularnie stosowa\u0107 produkt, aby osi\u0105gn\u0105\u0107 najlepsze efekty.&nbsp;<\/p>\n\n\n\n<h2 class=\"wp-block-heading\"><strong>Skutki uboczne spray Acustal<\/strong>&nbsp;<\/h2>\n\n\n\n<p>Acustal, jako produkt oparty na naturalnych sk\u0142adnikach, jest zazwyczaj dobrze tolerowany i nie powoduje powa\u017cnych skutk\u00f3w ubocznych. Jednak, jak ka\u017cdy preparat, mo\u017ce wywo\u0142a\u0107 reakcje alergiczne u os\u00f3b z nadwra\u017cliwo\u015bci\u0105 na kt\u00f3rykolwiek ze sk\u0142adnik\u00f3w. Dlatego przed u\u017cyciem nale\u017cy wykona\u0107 test sk\u00f3rny aby wykluczy\u0107 mo\u017cliwo\u015b\u0107 wyst\u0105pienia reakcji alergicznych na poszczeg\u00f3lne sk\u0142adniki preparatu.&nbsp;<\/p>\n\n\n\n<p>Zawsze zaleca si\u0119 zapoznanie z ulotk\u0105 przed rozpocz\u0119ciem stosowania Acustal, szczeg\u00f3lnie w przypadku os\u00f3b z istniej\u0105cymi problemami zdrowotnymi lub stosuj\u0105cych inne preparaty.&nbsp;<\/p>\n\n\n\n<h2 class=\"wp-block-heading\"><strong>Gdzie kupi\u0107 Acustal: apteka, Allegro czy oficjalna strona producenta?<\/strong>&nbsp;<\/h2>\n\n\n\n<p>Acustal nie jest dost\u0119pny w tradycyjnych aptekach. Najbezpieczniejszym i najbardziej rekomendowanym sposobem zakupu jest oficjalna strona producenta, co gwarantuje otrzymanie oryginalnego produktu. Mo\u017cliwo\u015b\u0107 zakupu na platformach takich jak Allegro istnieje, ale wi\u0105\u017ce si\u0119 z ryzykiem zakupu podr\u00f3bek.&nbsp;<\/p>\n\n\n\n<p>Zakup bezpo\u015brednio od producenta zapewnia tak\u017ce dost\u0119p do specjalnych ofert i promocji, co mo\u017ce by\u0107 korzystne dla klient\u00f3w.&nbsp;<\/p>\n\n\n\n<h2 class=\"wp-block-heading\"><strong>Najcz\u0119\u015bciej zadawane pytania:<\/strong>&nbsp;<\/h2>\n\n\n\n<h3 class=\"wp-block-heading\"><strong>W jakim celu stosuje si\u0119 Acustal?<\/strong>&nbsp;<\/h3>\n\n\n\n<p>Acustal stosuje si\u0119 g\u0142\u00f3wnie w celu poprawy jako\u015bci s\u0142uchu oraz zwi\u0119kszenia wra\u017cliwo\u015bci na d\u017awi\u0119ki. Produkt ten mo\u017ce by\u0107 pomocny dla os\u00f3b z lekkimi problemami s\u0142uchowymi, jak i tych, kt\u00f3rzy chc\u0105 zadba\u0107 o dobry stan swojego uk\u0142adu s\u0142uchowego.&nbsp;<\/p>\n\n\n\n<h3 class=\"wp-block-heading\"><strong>Czy spray Acustal mo\u017ce powodowa\u0107 skutki uboczne?<\/strong>&nbsp;<\/h3>\n\n\n\n<p>W przypadku stosowania Acustal zgodnie z zaleceniami, nie powinny pojawi\u0107 si\u0119 skutki uboczne Acustal. Jednak w przypadku nadwra\u017cliwo\u015bci na kt\u00f3rykolwiek ze sk\u0142adnik\u00f3w, mog\u0105 wyst\u0105pi\u0107 reakcje alergiczne.&nbsp;<\/p>\n\n\n\n<h3 class=\"wp-block-heading\"><strong>Jakie s\u0105 opinie lekarzy na temat spray Acustal?<\/strong>&nbsp;<\/h3>\n\n\n\n<p>W Internecie mo\u017cna znale\u017a\u0107 wiele opinii lekarzy na temat Acustal, jednak ich weryfikacja nie jest mo\u017cliwa. Zaleca si\u0119 konsultacj\u0119 z w\u0142asnym lekarzem przed rozpocz\u0119ciem stosowania produktu.&nbsp;<\/p>\n\n\n\n<h3 class=\"wp-block-heading\"><strong>Gdzie mog\u0119 kupi\u0107 spray Acustal?<\/strong>&nbsp;<\/h3>\n\n\n\n<p>Najbezpieczniejszym miejscem zakupu Acustal jest oficjalna strona producenta, gdzie dost\u0119pny jest oryginalny produkt. Zakup w innych miejscach, jak Allegro, mo\u017ce wi\u0105za\u0107 si\u0119 z ryzykiem otrzymania podr\u00f3bki.&nbsp;<\/p>\n","protected":false},"excerpt":{"rendered":"<p>Acustal to starannie opracowany innowacyjny suplement w formie sprayu, stworzony z my\u015bl\u0105 o poprawie jako\u015bci s\u0142yszenia w spos\u00f3b ca\u0142kowicie naturalny.&nbsp; Nazwa produktu Acustal Zastosowanie na popraw\u0119 s\u0142uchu \u2764\ufe0f Opinie \u2b50\u2b50\u2b50\u2b50\u2b50 Cena 137 PLN \ud83d\udcb5 Typ produktu spray \ud83d\udca8 Dawka sprawd\u017a ulotk\u0119\u23f0 Sk\u0142ad Ekstrakt z nasion ostropestu\ud83c\udf43Luteina\ud83c\udf43Witamina E\ud83c\udf43Witamina B3 (Niacyna)\ud83c\udf43Selen\ud83c\udf43 Czym jest Acustal?&nbsp; Acustal spray to &#8230; <a title=\"Acustal\" class=\"read-more\" href=\"https:\/\/audiomed.com.pl\/apt\/produkty\/acustal\/\" aria-label=\"More on Acustal\">Czytaj dalej<\/a><\/p>\n","protected":false},"featured_media":60,"comment_status":"open","ping_status":"closed","template":"","meta":{"_uag_custom_page_level_css":""},"product_brand":[],"product_cat":[23],"product_tag":[],"class_list":{"0":"post-59","1":"product","2":"type-product","3":"status-publish","4":"has-post-thumbnail","6":"product_cat-zdrowie","7":"sales-flash-overlay","8":"woocommerce-text-align-center","9":"woocommerce-image-align-center","10":"do-quantity-buttons","12":"first","13":"instock","14":"sale","15":"shipping-taxable","16":"product-type-external"},"yoast_head":"<!-- This site is optimized with the Yoast SEO plugin v27.5 - https:\/\/yoast.com\/product\/yoast-seo-wordpress\/ -->\n<title>Acustal spray - opinie, cena, sk\u0142ad, efekty 2024<\/title>\n<meta name=\"description\" content=\"Jakie korzy\u015bci niesie stosowanie \ud83e\uddd1\u200d\u2695\ufe0f Acustal\ud83e\uddd1\u200d\u2695\ufe0f dla uk\u0142adu s\u0142uchowego? Sprawd\u017a tutaj! \ud83d\ude0d\ud83d\ude0d\" \/>\n<meta name=\"robots\" content=\"index, follow, max-snippet:-1, max-image-preview:large, max-video-preview:-1\" \/>\n<link rel=\"canonical\" href=\"https:\/\/audiomed.com.pl\/apt\/produkty\/acustal\/\" \/>\n<meta property=\"og:locale\" content=\"pl_PL\" \/>\n<meta property=\"og:type\" content=\"article\" \/>\n<meta property=\"og:title\" content=\"Acustal spray - opinie, cena, sk\u0142ad, efekty 2024\" \/>\n<meta property=\"og:description\" content=\"Jakie korzy\u015bci niesie stosowanie \ud83e\uddd1\u200d\u2695\ufe0f Acustal\ud83e\uddd1\u200d\u2695\ufe0f dla uk\u0142adu s\u0142uchowego? Sprawd\u017a tutaj! \ud83d\ude0d\ud83d\ude0d\" \/>\n<meta property=\"og:url\" content=\"https:\/\/audiomed.com.pl\/apt\/produkty\/acustal\/\" \/>\n<meta property=\"og:site_name\" content=\"Audiomed\" \/>\n<meta property=\"article:modified_time\" content=\"2024-01-10T08:45:04+00:00\" \/>\n<meta property=\"og:image\" content=\"https:\/\/audiomed.com.pl\/apt\/wp-content\/uploads\/2023\/12\/Acustal-spray-opinie-cena-sklad-forum-gdzie-kupic.png\" \/>\n\t<meta property=\"og:image:width\" content=\"400\" \/>\n\t<meta property=\"og:image:height\" content=\"400\" \/>\n\t<meta property=\"og:image:type\" content=\"image\/png\" \/>\n<meta name=\"twitter:card\" content=\"summary_large_image\" \/>\n<meta name=\"twitter:label1\" content=\"Szacowany czas czytania\" \/>\n\t<meta name=\"twitter:data1\" content=\"6 minut\" \/>\n<script type=\"application\/ld+json\" class=\"yoast-schema-graph\">{\"@context\":\"https:\\\/\\\/schema.org\",\"@graph\":[{\"@type\":\"WebPage\",\"@id\":\"https:\\\/\\\/audiomed.com.pl\\\/apt\\\/produkty\\\/acustal\\\/\",\"url\":\"https:\\\/\\\/audiomed.com.pl\\\/apt\\\/produkty\\\/acustal\\\/\",\"name\":\"Acustal spray - opinie, cena, sk\u0142ad, efekty 2024\",\"isPartOf\":{\"@id\":\"http:\\\/\\\/audiomed.com.pl\\\/apt\\\/#website\"},\"primaryImageOfPage\":{\"@id\":\"https:\\\/\\\/audiomed.com.pl\\\/apt\\\/produkty\\\/acustal\\\/#primaryimage\"},\"image\":{\"@id\":\"https:\\\/\\\/audiomed.com.pl\\\/apt\\\/produkty\\\/acustal\\\/#primaryimage\"},\"thumbnailUrl\":\"https:\\\/\\\/audiomed.com.pl\\\/apt\\\/wp-content\\\/uploads\\\/2023\\\/12\\\/Acustal-spray-opinie-cena-sklad-forum-gdzie-kupic.png\",\"datePublished\":\"2023-12-21T14:55:27+00:00\",\"dateModified\":\"2024-01-10T08:45:04+00:00\",\"description\":\"Jakie korzy\u015bci niesie stosowanie \ud83e\uddd1\u200d\u2695\ufe0f Acustal\ud83e\uddd1\u200d\u2695\ufe0f dla uk\u0142adu s\u0142uchowego? Sprawd\u017a tutaj! \ud83d\ude0d\ud83d\ude0d\",\"breadcrumb\":{\"@id\":\"https:\\\/\\\/audiomed.com.pl\\\/apt\\\/produkty\\\/acustal\\\/#breadcrumb\"},\"inLanguage\":\"pl-PL\",\"potentialAction\":[{\"@type\":\"ReadAction\",\"target\":[\"https:\\\/\\\/audiomed.com.pl\\\/apt\\\/produkty\\\/acustal\\\/\"]}]},{\"@type\":\"ImageObject\",\"inLanguage\":\"pl-PL\",\"@id\":\"https:\\\/\\\/audiomed.com.pl\\\/apt\\\/produkty\\\/acustal\\\/#primaryimage\",\"url\":\"https:\\\/\\\/audiomed.com.pl\\\/apt\\\/wp-content\\\/uploads\\\/2023\\\/12\\\/Acustal-spray-opinie-cena-sklad-forum-gdzie-kupic.png\",\"contentUrl\":\"https:\\\/\\\/audiomed.com.pl\\\/apt\\\/wp-content\\\/uploads\\\/2023\\\/12\\\/Acustal-spray-opinie-cena-sklad-forum-gdzie-kupic.png\",\"width\":400,\"height\":400,\"caption\":\"Acustal spray - opinie, cena, sk\u0142ad, forum, gdzie kupi\u0107\"},{\"@type\":\"BreadcrumbList\",\"@id\":\"https:\\\/\\\/audiomed.com.pl\\\/apt\\\/produkty\\\/acustal\\\/#breadcrumb\",\"itemListElement\":[{\"@type\":\"ListItem\",\"position\":1,\"name\":\"Home\",\"item\":\"http:\\\/\\\/audiomed.com.pl\\\/apt\\\/\"},{\"@type\":\"ListItem\",\"position\":2,\"name\":\"Produkty\",\"item\":\"http:\\\/\\\/audiomed.com.pl\\\/apt\\\/\"},{\"@type\":\"ListItem\",\"position\":3,\"name\":\"Acustal\"}]},{\"@type\":\"WebSite\",\"@id\":\"http:\\\/\\\/audiomed.com.pl\\\/apt\\\/#website\",\"url\":\"http:\\\/\\\/audiomed.com.pl\\\/apt\\\/\",\"name\":\"Audiomed\",\"description\":\"\",\"potentialAction\":[{\"@type\":\"SearchAction\",\"target\":{\"@type\":\"EntryPoint\",\"urlTemplate\":\"http:\\\/\\\/audiomed.com.pl\\\/apt\\\/?s={search_term_string}\"},\"query-input\":{\"@type\":\"PropertyValueSpecification\",\"valueRequired\":true,\"valueName\":\"search_term_string\"}}],\"inLanguage\":\"pl-PL\"}]}<\/script>\n<!-- \/ Yoast SEO plugin. -->","yoast_head_json":{"title":"Acustal spray - opinie, cena, sk\u0142ad, efekty 2024","description":"Jakie korzy\u015bci niesie stosowanie \ud83e\uddd1\u200d\u2695\ufe0f Acustal\ud83e\uddd1\u200d\u2695\ufe0f dla uk\u0142adu s\u0142uchowego? Sprawd\u017a tutaj! \ud83d\ude0d\ud83d\ude0d","robots":{"index":"index","follow":"follow","max-snippet":"max-snippet:-1","max-image-preview":"max-image-preview:large","max-video-preview":"max-video-preview:-1"},"canonical":"https:\/\/audiomed.com.pl\/apt\/produkty\/acustal\/","og_locale":"pl_PL","og_type":"article","og_title":"Acustal spray - opinie, cena, sk\u0142ad, efekty 2024","og_description":"Jakie korzy\u015bci niesie stosowanie \ud83e\uddd1\u200d\u2695\ufe0f Acustal\ud83e\uddd1\u200d\u2695\ufe0f dla uk\u0142adu s\u0142uchowego? Sprawd\u017a tutaj! \ud83d\ude0d\ud83d\ude0d","og_url":"https:\/\/audiomed.com.pl\/apt\/produkty\/acustal\/","og_site_name":"Audiomed","article_modified_time":"2024-01-10T08:45:04+00:00","og_image":[{"width":400,"height":400,"url":"https:\/\/audiomed.com.pl\/apt\/wp-content\/uploads\/2023\/12\/Acustal-spray-opinie-cena-sklad-forum-gdzie-kupic.png","type":"image\/png"}],"twitter_card":"summary_large_image","twitter_misc":{"Szacowany czas czytania":"6 minut"},"schema":{"@context":"https:\/\/schema.org","@graph":[{"@type":"WebPage","@id":"https:\/\/audiomed.com.pl\/apt\/produkty\/acustal\/","url":"https:\/\/audiomed.com.pl\/apt\/produkty\/acustal\/","name":"Acustal spray - opinie, cena, sk\u0142ad, efekty 2024","isPartOf":{"@id":"http:\/\/audiomed.com.pl\/apt\/#website"},"primaryImageOfPage":{"@id":"https:\/\/audiomed.com.pl\/apt\/produkty\/acustal\/#primaryimage"},"image":{"@id":"https:\/\/audiomed.com.pl\/apt\/produkty\/acustal\/#primaryimage"},"thumbnailUrl":"https:\/\/audiomed.com.pl\/apt\/wp-content\/uploads\/2023\/12\/Acustal-spray-opinie-cena-sklad-forum-gdzie-kupic.png","datePublished":"2023-12-21T14:55:27+00:00","dateModified":"2024-01-10T08:45:04+00:00","description":"Jakie korzy\u015bci niesie stosowanie \ud83e\uddd1\u200d\u2695\ufe0f Acustal\ud83e\uddd1\u200d\u2695\ufe0f dla uk\u0142adu s\u0142uchowego? Sprawd\u017a tutaj! \ud83d\ude0d\ud83d\ude0d","breadcrumb":{"@id":"https:\/\/audiomed.com.pl\/apt\/produkty\/acustal\/#breadcrumb"},"inLanguage":"pl-PL","potentialAction":[{"@type":"ReadAction","target":["https:\/\/audiomed.com.pl\/apt\/produkty\/acustal\/"]}]},{"@type":"ImageObject","inLanguage":"pl-PL","@id":"https:\/\/audiomed.com.pl\/apt\/produkty\/acustal\/#primaryimage","url":"https:\/\/audiomed.com.pl\/apt\/wp-content\/uploads\/2023\/12\/Acustal-spray-opinie-cena-sklad-forum-gdzie-kupic.png","contentUrl":"https:\/\/audiomed.com.pl\/apt\/wp-content\/uploads\/2023\/12\/Acustal-spray-opinie-cena-sklad-forum-gdzie-kupic.png","width":400,"height":400,"caption":"Acustal spray - opinie, cena, sk\u0142ad, forum, gdzie kupi\u0107"},{"@type":"BreadcrumbList","@id":"https:\/\/audiomed.com.pl\/apt\/produkty\/acustal\/#breadcrumb","itemListElement":[{"@type":"ListItem","position":1,"name":"Home","item":"http:\/\/audiomed.com.pl\/apt\/"},{"@type":"ListItem","position":2,"name":"Produkty","item":"http:\/\/audiomed.com.pl\/apt\/"},{"@type":"ListItem","position":3,"name":"Acustal"}]},{"@type":"WebSite","@id":"http:\/\/audiomed.com.pl\/apt\/#website","url":"http:\/\/audiomed.com.pl\/apt\/","name":"Audiomed","description":"","potentialAction":[{"@type":"SearchAction","target":{"@type":"EntryPoint","urlTemplate":"http:\/\/audiomed.com.pl\/apt\/?s={search_term_string}"},"query-input":{"@type":"PropertyValueSpecification","valueRequired":true,"valueName":"search_term_string"}}],"inLanguage":"pl-PL"}]}},"uagb_featured_image_src":{"full":["https:\/\/audiomed.com.pl\/apt\/wp-content\/uploads\/2023\/12\/Acustal-spray-opinie-cena-sklad-forum-gdzie-kupic.png",400,400,false],"thumbnail":["https:\/\/audiomed.com.pl\/apt\/wp-content\/uploads\/2023\/12\/Acustal-spray-opinie-cena-sklad-forum-gdzie-kupic-150x150.png",150,150,true],"medium":["https:\/\/audiomed.com.pl\/apt\/wp-content\/uploads\/2023\/12\/Acustal-spray-opinie-cena-sklad-forum-gdzie-kupic-300x300.png",300,300,true],"medium_large":["https:\/\/audiomed.com.pl\/apt\/wp-content\/uploads\/2023\/12\/Acustal-spray-opinie-cena-sklad-forum-gdzie-kupic.png",400,400,false],"large":["https:\/\/audiomed.com.pl\/apt\/wp-content\/uploads\/2023\/12\/Acustal-spray-opinie-cena-sklad-forum-gdzie-kupic.png",400,400,false],"1536x1536":["https:\/\/audiomed.com.pl\/apt\/wp-content\/uploads\/2023\/12\/Acustal-spray-opinie-cena-sklad-forum-gdzie-kupic.png",400,400,false],"2048x2048":["https:\/\/audiomed.com.pl\/apt\/wp-content\/uploads\/2023\/12\/Acustal-spray-opinie-cena-sklad-forum-gdzie-kupic.png",400,400,false],"woocommerce_thumbnail":["https:\/\/audiomed.com.pl\/apt\/wp-content\/uploads\/2023\/12\/Acustal-spray-opinie-cena-sklad-forum-gdzie-kupic-300x300.png",300,300,true],"woocommerce_single":["https:\/\/audiomed.com.pl\/apt\/wp-content\/uploads\/2023\/12\/Acustal-spray-opinie-cena-sklad-forum-gdzie-kupic.png",400,400,false],"woocommerce_gallery_thumbnail":["https:\/\/audiomed.com.pl\/apt\/wp-content\/uploads\/2023\/12\/Acustal-spray-opinie-cena-sklad-forum-gdzie-kupic-100x100.png",100,100,true],"yarpp-thumbnail":["https:\/\/audiomed.com.pl\/apt\/wp-content\/uploads\/2023\/12\/Acustal-spray-opinie-cena-sklad-forum-gdzie-kupic.png",120,120,false]},"uagb_author_info":{"display_name":"Patrycja","author_link":"https:\/\/audiomed.com.pl\/apt\/author\/"},"uagb_comment_info":0,"uagb_excerpt":"Acustal to starannie opracowany innowacyjny suplement w formie sprayu, stworzony z my\u015bl\u0105 o poprawie jako\u015bci s\u0142yszenia w spos\u00f3b ca\u0142kowicie naturalny.&nbsp; Nazwa produktu Acustal Zastosowanie na popraw\u0119 s\u0142uchu \u2764\ufe0f Opinie \u2b50\u2b50\u2b50\u2b50\u2b50 Cena 137 PLN \ud83d\udcb5 Typ produktu spray \ud83d\udca8 Dawka sprawd\u017a ulotk\u0119\u23f0 Sk\u0142ad Ekstrakt z nasion ostropestu\ud83c\udf43Luteina\ud83c\udf43Witamina E\ud83c\udf43Witamina B3 (Niacyna)\ud83c\udf43Selen\ud83c\udf43 Czym jest Acustal?&nbsp; Acustal spray to&hellip;","_links":{"self":[{"href":"https:\/\/audiomed.com.pl\/apt\/wp-json\/wp\/v2\/product\/59","targetHints":{"allow":["GET"]}}],"collection":[{"href":"https:\/\/audiomed.com.pl\/apt\/wp-json\/wp\/v2\/product"}],"about":[{"href":"https:\/\/audiomed.com.pl\/apt\/wp-json\/wp\/v2\/types\/product"}],"replies":[{"embeddable":true,"href":"https:\/\/audiomed.com.pl\/apt\/wp-json\/wp\/v2\/comments?post=59"}],"wp:featuredmedia":[{"embeddable":true,"href":"https:\/\/audiomed.com.pl\/apt\/wp-json\/wp\/v2\/media\/60"}],"wp:attachment":[{"href":"https:\/\/audiomed.com.pl\/apt\/wp-json\/wp\/v2\/media?parent=59"}],"wp:term":[{"taxonomy":"product_brand","embeddable":true,"href":"https:\/\/audiomed.com.pl\/apt\/wp-json\/wp\/v2\/product_brand?post=59"},{"taxonomy":"product_cat","embeddable":true,"href":"https:\/\/audiomed.com.pl\/apt\/wp-json\/wp\/v2\/product_cat?post=59"},{"taxonomy":"product_tag","embeddable":true,"href":"https:\/\/audiomed.com.pl\/apt\/wp-json\/wp\/v2\/product_tag?post=59"}],"curies":[{"name":"wp","href":"https:\/\/api.w.org\/{rel}","templated":true}]}}