{"id":3204,"date":"2025-12-03T11:55:55","date_gmt":"2025-12-03T11:55:55","guid":{"rendered":"https:\/\/audiomed.com.pl\/apt\/?post_type=product&#038;p=3204"},"modified":"2026-01-05T13:16:40","modified_gmt":"2026-01-05T13:16:40","slug":"otinax-max","status":"publish","type":"product","link":"https:\/\/audiomed.com.pl\/apt\/produkty\/otinax-max\/","title":{"rendered":"Otinax Max"},"content":{"rendered":"\n<p>Stosowanie Otinax Max mo\u017ce przynie\u015b\u0107 wiele korzy\u015bci dla os\u00f3b zmagaj\u0105cych si\u0119 z problemami s\u0142uchowymi. Wed\u0142ug producenta, regularne przyjmowanie kapsu\u0142ek mo\u017ce przyczyni\u0107 si\u0119 do <strong><u><a href=\"https:\/\/audiomed.com.pl\/apt\/otinax-max-cena\" target=\"_blank\" rel=\"noreferrer noopener\">redukcji szum\u00f3w usznych<\/a><\/u><\/strong>, co jest jednym z g\u0142\u00f3wnych efekt\u00f3w stosowania tego suplementu. Dzi\u0119ki temu u\u017cytkownicy mog\u0105 do\u015bwiadczy\u0107 znacz\u0105cej poprawy komfortu \u017cycia.<\/p>\n\n\n\n<div style=\"height:20px\" aria-hidden=\"true\" class=\"wp-block-spacer\"><\/div>\n\n\n\n<figure class=\"wp-block-table is-style-regular\"><table class=\"has-fixed-layout\"><tbody><tr><td><strong>Nazwa produktu<\/strong><\/td><td>Otinax Max<\/td><\/tr><tr><td><strong>Zastosowanie<\/strong><\/td><td>na s\u0142uch \ud83d\udc42<\/td><\/tr><tr><td><strong>Opinie<\/strong><\/td><td>\u2b50\u2b50\u2b50\u2b50\u2b50<\/td><\/tr><tr><td><strong>Cena<\/strong><\/td><td>sprawd\u017a na <strong><a href=\"https:\/\/audiomed.com.pl\/apt\/otinax-max-cena\" target=\"_blank\" rel=\"noreferrer noopener\">stronie producenta<\/a><\/strong> \ud83d\udcb5<\/td><\/tr><tr><td><strong>Typ produktu<\/strong><\/td><td>kapsu\u0142ki \ud83d\udc8a<\/td><\/tr><tr><td><strong>Dawka<\/strong><\/td><td>sprawd\u017a ulotk\u0119 \u23f0<\/td><\/tr><tr><td><strong>Sk\u0142ad<\/strong><\/td><td><strong>Naturalne ekstrakty ro\u015blinne<\/strong> \ud83c\udf43<br><strong>Substancje aktywne<\/strong> \ud83c\udf43<br><strong>Magnez<\/strong> \ud83c\udf43<br><strong>Ekstrakt z Ginkgo biloba<\/strong> \ud83c\udf43<br><strong>Witaminy z grupy B<\/strong> \ud83c\udf43<\/td><\/tr><\/tbody><\/table><\/figure>\n\n\n\n<div style=\"height:20px\" aria-hidden=\"true\" class=\"wp-block-spacer\"><\/div>\n\n\n\n<h2 class=\"wp-block-heading\">Czym jest Otinax Max?<\/h2>\n\n\n\n<p>Otinax Max to innowacyjny suplement diety, kt\u00f3ry zosta\u0142 stworzony z my\u015bl\u0105 o osobach do\u015bwiadczaj\u0105cych <strong><u><a href=\"https:\/\/audiomed.com.pl\/apt\/otinax-max-cena\" target=\"_blank\" rel=\"noreferrer noopener\">problem\u00f3w ze s\u0142uchem<\/a><\/u><\/strong>, takich jak szumy uszne. Produkt ten jest dost\u0119pny w formie kapsu\u0142ek, co u\u0142atwia jego stosowanie. Wed\u0142ug producenta, regularne przyjmowanie Otinax Max mo\u017ce wspom\u00f3c funkcjonowanie ucha wewn\u0119trznego oraz przyczyni\u0107 si\u0119 do redukcji nieprzyjemnych szum\u00f3w usznych.<\/p>\n\n\n\n<p>Jest to szczeg\u00f3lnie wa\u017cne dla os\u00f3b, kt\u00f3re w codziennym \u017cyciu zmagaj\u0105 si\u0119 z dyskomfortem zwi\u0105zanym z <strong><u><a href=\"https:\/\/audiomed.com.pl\/apt\/otinax-max-cena\" target=\"_blank\" rel=\"noreferrer noopener\">nieprawid\u0142owym funkcjonowaniem s\u0142uchu<\/a><\/u><\/strong>. Otinax Max, wed\u0142ug dost\u0119pnych informacji, zawiera wy\u0142\u0105cznie naturalne sk\u0142adniki, co czyni go bezpiecznym wyborem dla wi\u0119kszo\u015bci u\u017cytkownik\u00f3w. Co istotne, produkt ten nie jest dost\u0119pny w aptekach, a zakupi\u0107 go mo\u017cna jedynie za po\u015brednictwem oficjalnej strony internetowej producenta.<\/p>\n\n\n\n<h2 class=\"wp-block-heading\">Wskazania do stosowania Otinax Max<\/h2>\n\n\n\n<h3 class=\"wp-block-heading\">Problemy ze s\u0142uchem jako g\u0142\u00f3wny cel stosowania<\/h3>\n\n\n\n<p>Otinax Max zosta\u0142 zaprojektowany przede wszystkim z my\u015bl\u0105 o osobach, kt\u00f3re zmagaj\u0105 si\u0119 z r\u00f3\u017cnego rodzaju problemami s\u0142uchowymi. <strong><u><a href=\"https:\/\/audiomed.com.pl\/apt\/otinax-max-cena\" target=\"_blank\" rel=\"noreferrer noopener\">Szumy uszne<\/a><\/u><\/strong>, b\u0119d\u0105ce jednym z najcz\u0119\u015bciej zg\u0142aszanych problem\u00f3w, mog\u0105 znacz\u0105co obni\u017ca\u0107 jako\u015b\u0107 \u017cycia, powoduj\u0105c stres i frustracj\u0119. Stosowanie Otinax Max mo\u017ce przyczyni\u0107 si\u0119 do z\u0142agodzenia tego typu dolegliwo\u015bci, co jest g\u0142\u00f3wnym wskazaniem do jego stosowania.<\/p>\n\n\n\n<h3 class=\"wp-block-heading\">Wsparcie dla zdrowia ucha wewn\u0119trznego<\/h3>\n\n\n\n<p>Kolejnym wa\u017cnym aspektem, dla kt\u00f3rego warto rozwa\u017cy\u0107 stosowanie Otinax Max, jest og\u00f3lne wsparcie zdrowia ucha wewn\u0119trznego. Zdrowe ucho wewn\u0119trzne jest kluczowe dla <strong><u><a href=\"https:\/\/audiomed.com.pl\/apt\/otinax-max-cena\" target=\"_blank\" rel=\"noreferrer noopener\">prawid\u0142owego odbioru d\u017awi\u0119k\u00f3w<\/a><\/u><\/strong> oraz utrzymania r\u00f3wnowagi. Naturalne sk\u0142adniki zawarte w Otinax Max mog\u0105 wspiera\u0107 mikrocyrkulacj\u0119 w obr\u0119bie ucha oraz przyczynia\u0107 si\u0119 do ochrony przed czynnikami zewn\u0119trznymi, kt\u00f3re negatywnie wp\u0142ywaj\u0105 na zdrowie s\u0142uchu.<\/p>\n\n\n\n<h3 class=\"wp-block-heading\">Ochrona przed negatywnym wp\u0142ywem czynnik\u00f3w zewn\u0119trznych<\/h3>\n\n\n\n<p>W dzisiejszym \u015bwiecie jeste\u015bmy nara\u017ceni na wiele czynnik\u00f3w zewn\u0119trznych, kt\u00f3re mog\u0105 negatywnie <strong><u><a href=\"https:\/\/audiomed.com.pl\/apt\/otinax-max-cena\" target=\"_blank\" rel=\"noreferrer noopener\">wp\u0142ywa\u0107 na nasz s\u0142uch<\/a><\/u><\/strong>, takich jak ha\u0142as w miejscu pracy czy s\u0142uchanie muzyki na wysokim poziomie g\u0142o\u015bno\u015bci przez s\u0142uchawki. Regularne stosowanie Otinax Max mo\u017ce pom\u00f3c w ochronie s\u0142uchu przed tego typu czynnikami, co jest kolejnym wa\u017cnym wskazaniem do jego stosowania.<\/p>\n\n\n\n<h2 class=\"wp-block-heading\">Efekty stosowania \u2013 Jak dzia\u0142aj\u0105 Otinax Max kapsu\u0142ki ?<\/h2>\n\n\n\n<p>Otinax Max ma na celu wsparcie prawid\u0142owego funkcjonowania ucha wewn\u0119trznego oraz ochron\u0119 przed <strong><u><a href=\"https:\/\/audiomed.com.pl\/apt\/otinax-max-cena\" target=\"_blank\" rel=\"noreferrer noopener\">negatywnym wp\u0142ywem czynnik\u00f3w zewn\u0119trznych<\/a><\/u><\/strong>. Naturalne sk\u0142adniki zawarte w produkcie mog\u0105 wspiera\u0107 mikrocyrkulacj\u0119 w obr\u0119bie ucha oraz przyczynia\u0107 si\u0119 do utrzymania zdrowia s\u0142uchu na d\u0142u\u017cej.<\/p>\n\n\n\n<h2 class=\"wp-block-heading\">Sk\u0142adniki \u2013 Co zawiera produkt Otinax Max?<\/h2>\n\n\n\n<ul class=\"wp-block-list\">\n<li><strong>Naturalne ekstrakty ro\u015blinne<\/strong> \u2013 wspieraj\u0105 zdrowie ucha wewn\u0119trznego.<\/li>\n\n\n\n<li><strong>Substancje aktywne<\/strong> \u2013 przyczyniaj\u0105 si\u0119 do redukcji szum\u00f3w usznych.<\/li>\n\n\n\n<li><strong>Magnez<\/strong> \u2013 ma pozytywny wp\u0142yw na funkcjonowanie systemu nerwowego.<\/li>\n\n\n\n<li><strong>Ekstrakt z Ginkgo biloba<\/strong> \u2013 wspiera mikrocyrkulacj\u0119 w obr\u0119bie ucha wewn\u0119trznego.<\/li>\n\n\n\n<li><strong>Witaminy z grupy B<\/strong> \u2013 s\u0105 wa\u017cne dla prawid\u0142owego funkcjonowania nerwu s\u0142uchowego.<\/li>\n<\/ul>\n\n\n\n<p>Pe\u0142na lista sk\u0142adnik\u00f3w jest dost\u0119pna w ulotce do\u0142\u0105czonej do opakowania.<\/p>\n\n\n\n<h2 class=\"wp-block-heading\">Cena Otinax Max<\/h2>\n\n\n\n<p>Otinax Max jest oferowany w atrakcyjnej cenie, zw\u0142aszcza je\u015bli we\u017amiemy pod uwag\u0119 jego naturalny sk\u0142ad i <strong><u><a href=\"https:\/\/audiomed.com.pl\/apt\/otinax-max-cena\" target=\"_blank\" rel=\"noreferrer noopener\">potencjalne korzy\u015bci zdrowotne<\/a><\/u><\/strong>. Producent cz\u0119sto organizuje promocje, dzi\u0119ki kt\u00f3rym mo\u017cna naby\u0107 produkt po jeszcze ni\u017cszej cenie. Aby zapewni\u0107 sobie najlepsz\u0105 ofert\u0119, warto regularnie odwiedza\u0107 oficjaln\u0105 stron\u0119 internetow\u0105 producenta.<\/p>\n\n\n\n<h2 class=\"wp-block-heading\">Otinax Max opinie \u2013 recenzje u\u017cytkownik\u00f3w o produkcie<\/h2>\n\n\n\n<p>Opinie u\u017cytkownik\u00f3w na temat Otinax Max s\u0105 w wi\u0119kszo\u015bci pozytywne. Wiele os\u00f3b podkre\u015bla, \u017ce stosowanie suplementu przyczyni\u0142o si\u0119 do <strong><u><a href=\"https:\/\/audiomed.com.pl\/apt\/otinax-max-cena\" target=\"_blank\" rel=\"noreferrer noopener\">znacz\u0105cej poprawy komfortu s\u0142uchowego<\/a><\/u><\/strong> oraz redukcji szum\u00f3w usznych. U\u017cytkownicy ceni\u0105 sobie tak\u017ce naturalny sk\u0142ad produktu oraz \u0142atwo\u015b\u0107 stosowania w formie kapsu\u0142ek.<\/p>\n\n\n\n<h2 class=\"wp-block-heading\">Spos\u00f3b przyjmowania \u2013 Jak stosowa\u0107 Otinax Max?<\/h2>\n\n\n\n<p>Zalecana dawka Otinax Max to jedna kapsu\u0142ka dziennie, najlepiej przyjmowana w trakcie posi\u0142ku, co <strong><u><a href=\"https:\/\/audiomed.com.pl\/apt\/otinax-max-cena\" target=\"_blank\" rel=\"noreferrer noopener\">u\u0142atwia absorpcj\u0119 sk\u0142adnik\u00f3w<\/a><\/u><\/strong>. D\u0142ugo\u015b\u0107 kuracji zale\u017cy od indywidualnych potrzeb u\u017cytkownika, jednak producent zaleca przynajmniej miesi\u0119czne stosowanie, aby m\u00f3c zaobserwowa\u0107 pe\u0142ne efekty dzia\u0142ania suplementu.<\/p>\n\n\n\n<h2 class=\"wp-block-heading\">Skutki uboczne Otinax Max<\/h2>\n\n\n\n<p>Stosowanie Otinax Max, wed\u0142ug producenta, jest bezpieczne dla wi\u0119kszo\u015bci u\u017cytkownik\u00f3w dzi\u0119ki naturalnym sk\u0142adnikom zawartym w tym suplemencie diety. Naturalne ekstrakty ro\u015blinne i substancje aktywne, takie jak magnez czy <strong><u><a href=\"https:\/\/audiomed.com.pl\/apt\/otinax-max-cena\" target=\"_blank\" rel=\"noreferrer noopener\">ekstrakt z Ginkgo biloba<\/a><\/u><\/strong>, s\u0105 og\u00f3lnie dobrze tolerowane przez organizm i nie powinny powodowa\u0107 negatywnych reakcji. Pomimo tego, zawsze istnieje mo\u017cliwo\u015b\u0107 wyst\u0105pienia indywidualnej nietolerancji na kt\u00f3ry\u015b ze sk\u0142adnik\u00f3w, co mo\u017ce skutkowa\u0107 reakcjami alergicznymi.<\/p>\n\n\n\n<h2 class=\"wp-block-heading\">Gdzie kupi\u0107 Otinax Max: apteka, Amazon czy oficjalna strona producenta?<\/h2>\n\n\n\n<p>Otinax Max nie jest dost\u0119pny w aptekach, co jest wa\u017cn\u0105 informacj\u0105 dla os\u00f3b zainteresowanych <strong><u><a href=\"https:\/\/audiomed.com.pl\/apt\/otinax-max-cena\" target=\"_blank\" rel=\"noreferrer noopener\">zakupem tego suplementu<\/a><\/u><\/strong>. Oznacza to, \u017ce tradycyjne kana\u0142y dystrybucji, takie jak apteki czy sklepy z suplementami, nie oferuj\u0105 tego produktu. Podobnie, Otinax Max nie jest dost\u0119pny na popularnych platformach sprzeda\u017cowych online, takich jak Amazon, co dodatkowo ogranicza mo\u017cliwo\u015bci zakupu.<\/p>\n\n\n\n<p>Jedynym oficjalnym i bezpiecznym \u017ar\u00f3d\u0142em zakupu Otinax Max jest oficjalna strona internetowa producenta. <strong><u><a href=\"https:\/\/audiomed.com.pl\/apt\/otinax-max-cena\" target=\"_blank\" rel=\"noreferrer noopener\">Zakupienie produktu bezpo\u015brednio od producenta<\/a><\/u><\/strong> gwarantuje otrzymanie oryginalnego suplementu, a tak\u017ce umo\u017cliwia skorzystanie z ewentualnych promocji i zni\u017cek oferowanych przez producenta. Kupuj\u0105c Otinax Max przez oficjaln\u0105 stron\u0119, klienci mog\u0105 by\u0107 pewni, \u017ce otrzymuj\u0105 produkt wysokiej jako\u015bci, przebadany i zgodny z opisem.<\/p>\n\n\n\n<h2 class=\"wp-block-heading\">Najcz\u0119\u015bciej zadawane pytania:<\/h2>\n\n\n\n<h3 class=\"wp-block-heading\">W jakim celu stosuje si\u0119 Otinax Max?<\/h3>\n\n\n\n<p>Otinax Max jest suplementem diety, kt\u00f3ry zosta\u0142 zaprojektowany w celu wsparcia zdrowia s\u0142uchu oraz pomocy osobom zmagaj\u0105cym si\u0119 z problemami takimi jak <strong><u><a href=\"https:\/\/audiomed.com.pl\/apt\/otinax-max-cena\" target=\"_blank\" rel=\"noreferrer noopener\">szumy uszne<\/a><\/u><\/strong>. Regularne stosowanie Otinax Max mo\u017ce przyczyni\u0107 si\u0119 do poprawy mikrocyrkulacji w obr\u0119bie ucha wewn\u0119trznego, co wspomaga prawid\u0142owe funkcjonowanie s\u0142uchu. Suplement ten mo\u017ce r\u00f3wnie\u017c wspiera\u0107 ochron\u0119 ucha przed negatywnym wp\u0142ywem czynnik\u00f3w zewn\u0119trznych.<\/p>\n\n\n\n<h3 class=\"wp-block-heading\">Czy tabletki Otinax Max mog\u0105 powodowa\u0107 skutki uboczne?<\/h3>\n\n\n\n<p>Ze wzgl\u0119du na naturalny <strong><u><a href=\"https:\/\/audiomed.com.pl\/apt\/otinax-max-cena\" target=\"_blank\" rel=\"noreferrer noopener\">sk\u0142ad Otinax Max<\/a><\/u><\/strong>, nie oczekuje si\u0119 skutk\u00f3w ubocznych zwi\u0105zanych z jego stosowaniem. Jednak, jak w przypadku ka\u017cdego suplementu diety, istnieje mo\u017cliwo\u015b\u0107 indywidualnej nietolerancji na kt\u00f3ry\u015b ze sk\u0142adnik\u00f3w, co mo\u017ce skutkowa\u0107 reakcjami alergicznymi. W takim przypadku zaleca si\u0119 przerwanie stosowania produktu.<\/p>\n\n\n\n<h3 class=\"wp-block-heading\">Jakie s\u0105 opinie lekarzy na temat Otinax Max?<\/h3>\n\n\n\n<p>W Internecie mo\u017cna znale\u017a\u0107 wiele <strong><u><a href=\"https:\/\/audiomed.com.pl\/apt\/otinax-max-cena\" target=\"_blank\" rel=\"noreferrer noopener\">opinii lekarzy<\/a><\/u><\/strong> na temat produktu Otinax Max, jednak nie by\u0142o mo\u017cliwe ich zweryfikowanie. Wa\u017cne jest, aby pami\u0119ta\u0107, \u017ce Otinax Max jest suplementem diety, a nie lekiem.<\/p>\n\n\n\n<h3 class=\"wp-block-heading\">Czy Otinax Max jest lekiem i jest skuteczny?<\/h3>\n\n\n\n<p>Otinax Max jest suplementem diety, a zgodnie z prawem, suplementy diety nie maj\u0105 za zadanie leczenia. Mog\u0105 one jednak <strong><u><a href=\"https:\/\/audiomed.com.pl\/apt\/otinax-max-cena\" target=\"_blank\" rel=\"noreferrer noopener\">wspiera\u0107 organizm<\/a><\/u><\/strong> i pomaga\u0107 w utrzymaniu dobrego stanu zdrowia. Skuteczno\u015b\u0107 Otinax Max, jako wsparcie zdrowia s\u0142uchu, mo\u017ce si\u0119 r\u00f3\u017cni\u0107 indywidualnie.<\/p>\n\n\n\n<h3 class=\"wp-block-heading\">Gdzie mog\u0119 kupi\u0107 Otinax Max?<\/h3>\n\n\n\n<p>Otinax Max jest dost\u0119pny wy\u0142\u0105cznie na oficjalnej stronie internetowej producenta. Nie jest on dost\u0119pny w aptekach ani na innych platformach sprzeda\u017cowych online, takich jak Amazon. Zakup bezpo\u015brednio od producenta <strong><u><a href=\"https:\/\/audiomed.com.pl\/apt\/otinax-max-cena\" target=\"_blank\" rel=\"noreferrer noopener\">zapewnia otrzymanie oryginalnego produktu<\/a><\/u><\/strong> oraz mo\u017cliwo\u015b\u0107 skorzystania z promocji i zni\u017cek oferowanych przez producenta.<\/p>\n","protected":false},"excerpt":{"rendered":"<p>Stosowanie Otinax Max mo\u017ce przynie\u015b\u0107 wiele korzy\u015bci dla os\u00f3b zmagaj\u0105cych si\u0119 z problemami s\u0142uchowymi. Wed\u0142ug producenta, regularne przyjmowanie kapsu\u0142ek mo\u017ce przyczyni\u0107 si\u0119 do redukcji szum\u00f3w usznych, co jest jednym z g\u0142\u00f3wnych efekt\u00f3w stosowania tego suplementu. Dzi\u0119ki temu u\u017cytkownicy mog\u0105 do\u015bwiadczy\u0107 znacz\u0105cej poprawy komfortu \u017cycia. Nazwa produktu Otinax Max Zastosowanie na s\u0142uch \ud83d\udc42 Opinie \u2b50\u2b50\u2b50\u2b50\u2b50 Cena &#8230; <a title=\"Otinax Max\" class=\"read-more\" href=\"https:\/\/audiomed.com.pl\/apt\/produkty\/otinax-max\/\" aria-label=\"More on Otinax Max\">Czytaj dalej<\/a><\/p>\n","protected":false},"featured_media":3212,"comment_status":"open","ping_status":"closed","template":"","meta":{"_uag_custom_page_level_css":""},"product_brand":[],"product_cat":[23],"product_tag":[],"class_list":{"0":"post-3204","1":"product","2":"type-product","3":"status-publish","4":"has-post-thumbnail","6":"product_cat-zdrowie","7":"sales-flash-overlay","8":"woocommerce-text-align-center","9":"woocommerce-image-align-center","10":"do-quantity-buttons","12":"first","13":"instock","14":"sale","15":"shipping-taxable","16":"product-type-external"},"yoast_head":"<!-- This site is optimized with the Yoast SEO plugin v27.5 - https:\/\/yoast.com\/product\/yoast-seo-wordpress\/ -->\n<title>Otinax Max kapsu\u0142ki - opinie, cena, sk\u0142ad, forum, gdzie kupi\u0107<\/title>\n<meta name=\"description\" content=\"\ud83e\uddcf\u200d\u2642\ufe0f Czy \ud83d\udc42 Otinax Max \ud83d\udc42 przyczyni si\u0119 do polepszonego zdrowia uk\u0142adu s\u0142uchowego? Przeczytaj tutaj! \ud83e\uddcf\u200d\u2642\ufe0f\" \/>\n<meta name=\"robots\" content=\"index, follow, max-snippet:-1, max-image-preview:large, max-video-preview:-1\" \/>\n<link rel=\"canonical\" href=\"https:\/\/audiomed.com.pl\/apt\/produkty\/otinax-max\/\" \/>\n<meta property=\"og:locale\" content=\"pl_PL\" \/>\n<meta property=\"og:type\" content=\"article\" \/>\n<meta property=\"og:title\" content=\"Otinax Max kapsu\u0142ki - opinie, cena, sk\u0142ad, forum, gdzie kupi\u0107\" \/>\n<meta property=\"og:description\" content=\"\ud83e\uddcf\u200d\u2642\ufe0f Czy \ud83d\udc42 Otinax Max \ud83d\udc42 przyczyni si\u0119 do polepszonego zdrowia uk\u0142adu s\u0142uchowego? Przeczytaj tutaj! \ud83e\uddcf\u200d\u2642\ufe0f\" \/>\n<meta property=\"og:url\" content=\"https:\/\/audiomed.com.pl\/apt\/produkty\/otinax-max\/\" \/>\n<meta property=\"og:site_name\" content=\"Audiomed\" \/>\n<meta property=\"article:modified_time\" content=\"2026-01-05T13:16:40+00:00\" \/>\n<meta property=\"og:image\" content=\"https:\/\/audiomed.com.pl\/apt\/wp-content\/uploads\/2025\/12\/Otinax-Max.png\" \/>\n\t<meta property=\"og:image:width\" content=\"350\" \/>\n\t<meta property=\"og:image:height\" content=\"350\" \/>\n\t<meta property=\"og:image:type\" content=\"image\/png\" \/>\n<meta name=\"twitter:card\" content=\"summary_large_image\" \/>\n<meta name=\"twitter:label1\" content=\"Szacowany czas czytania\" \/>\n\t<meta name=\"twitter:data1\" content=\"7 minut\" \/>\n<script type=\"application\/ld+json\" class=\"yoast-schema-graph\">{\"@context\":\"https:\\\/\\\/schema.org\",\"@graph\":[{\"@type\":\"WebPage\",\"@id\":\"https:\\\/\\\/audiomed.com.pl\\\/apt\\\/produkty\\\/otinax-max\\\/\",\"url\":\"https:\\\/\\\/audiomed.com.pl\\\/apt\\\/produkty\\\/otinax-max\\\/\",\"name\":\"Otinax Max kapsu\u0142ki - opinie, cena, sk\u0142ad, forum, gdzie kupi\u0107\",\"isPartOf\":{\"@id\":\"http:\\\/\\\/audiomed.com.pl\\\/apt\\\/#website\"},\"primaryImageOfPage\":{\"@id\":\"https:\\\/\\\/audiomed.com.pl\\\/apt\\\/produkty\\\/otinax-max\\\/#primaryimage\"},\"image\":{\"@id\":\"https:\\\/\\\/audiomed.com.pl\\\/apt\\\/produkty\\\/otinax-max\\\/#primaryimage\"},\"thumbnailUrl\":\"https:\\\/\\\/audiomed.com.pl\\\/apt\\\/wp-content\\\/uploads\\\/2025\\\/12\\\/Otinax-Max.png\",\"datePublished\":\"2025-12-03T11:55:55+00:00\",\"dateModified\":\"2026-01-05T13:16:40+00:00\",\"description\":\"\ud83e\uddcf\u200d\u2642\ufe0f Czy \ud83d\udc42 Otinax Max \ud83d\udc42 przyczyni si\u0119 do polepszonego zdrowia uk\u0142adu s\u0142uchowego? Przeczytaj tutaj! \ud83e\uddcf\u200d\u2642\ufe0f\",\"breadcrumb\":{\"@id\":\"https:\\\/\\\/audiomed.com.pl\\\/apt\\\/produkty\\\/otinax-max\\\/#breadcrumb\"},\"inLanguage\":\"pl-PL\",\"potentialAction\":[{\"@type\":\"ReadAction\",\"target\":[\"https:\\\/\\\/audiomed.com.pl\\\/apt\\\/produkty\\\/otinax-max\\\/\"]}]},{\"@type\":\"ImageObject\",\"inLanguage\":\"pl-PL\",\"@id\":\"https:\\\/\\\/audiomed.com.pl\\\/apt\\\/produkty\\\/otinax-max\\\/#primaryimage\",\"url\":\"https:\\\/\\\/audiomed.com.pl\\\/apt\\\/wp-content\\\/uploads\\\/2025\\\/12\\\/Otinax-Max.png\",\"contentUrl\":\"https:\\\/\\\/audiomed.com.pl\\\/apt\\\/wp-content\\\/uploads\\\/2025\\\/12\\\/Otinax-Max.png\",\"width\":350,\"height\":350,\"caption\":\"Otinax Max\"},{\"@type\":\"BreadcrumbList\",\"@id\":\"https:\\\/\\\/audiomed.com.pl\\\/apt\\\/produkty\\\/otinax-max\\\/#breadcrumb\",\"itemListElement\":[{\"@type\":\"ListItem\",\"position\":1,\"name\":\"Home\",\"item\":\"http:\\\/\\\/audiomed.com.pl\\\/apt\\\/\"},{\"@type\":\"ListItem\",\"position\":2,\"name\":\"Produkty\",\"item\":\"http:\\\/\\\/audiomed.com.pl\\\/apt\\\/\"},{\"@type\":\"ListItem\",\"position\":3,\"name\":\"Otinax Max\"}]},{\"@type\":\"WebSite\",\"@id\":\"http:\\\/\\\/audiomed.com.pl\\\/apt\\\/#website\",\"url\":\"http:\\\/\\\/audiomed.com.pl\\\/apt\\\/\",\"name\":\"Audiomed\",\"description\":\"\",\"potentialAction\":[{\"@type\":\"SearchAction\",\"target\":{\"@type\":\"EntryPoint\",\"urlTemplate\":\"http:\\\/\\\/audiomed.com.pl\\\/apt\\\/?s={search_term_string}\"},\"query-input\":{\"@type\":\"PropertyValueSpecification\",\"valueRequired\":true,\"valueName\":\"search_term_string\"}}],\"inLanguage\":\"pl-PL\"}]}<\/script>\n<!-- \/ Yoast SEO plugin. -->","yoast_head_json":{"title":"Otinax Max kapsu\u0142ki - opinie, cena, sk\u0142ad, forum, gdzie kupi\u0107","description":"\ud83e\uddcf\u200d\u2642\ufe0f Czy \ud83d\udc42 Otinax Max \ud83d\udc42 przyczyni si\u0119 do polepszonego zdrowia uk\u0142adu s\u0142uchowego? Przeczytaj tutaj! \ud83e\uddcf\u200d\u2642\ufe0f","robots":{"index":"index","follow":"follow","max-snippet":"max-snippet:-1","max-image-preview":"max-image-preview:large","max-video-preview":"max-video-preview:-1"},"canonical":"https:\/\/audiomed.com.pl\/apt\/produkty\/otinax-max\/","og_locale":"pl_PL","og_type":"article","og_title":"Otinax Max kapsu\u0142ki - opinie, cena, sk\u0142ad, forum, gdzie kupi\u0107","og_description":"\ud83e\uddcf\u200d\u2642\ufe0f Czy \ud83d\udc42 Otinax Max \ud83d\udc42 przyczyni si\u0119 do polepszonego zdrowia uk\u0142adu s\u0142uchowego? Przeczytaj tutaj! \ud83e\uddcf\u200d\u2642\ufe0f","og_url":"https:\/\/audiomed.com.pl\/apt\/produkty\/otinax-max\/","og_site_name":"Audiomed","article_modified_time":"2026-01-05T13:16:40+00:00","og_image":[{"width":350,"height":350,"url":"https:\/\/audiomed.com.pl\/apt\/wp-content\/uploads\/2025\/12\/Otinax-Max.png","type":"image\/png"}],"twitter_card":"summary_large_image","twitter_misc":{"Szacowany czas czytania":"7 minut"},"schema":{"@context":"https:\/\/schema.org","@graph":[{"@type":"WebPage","@id":"https:\/\/audiomed.com.pl\/apt\/produkty\/otinax-max\/","url":"https:\/\/audiomed.com.pl\/apt\/produkty\/otinax-max\/","name":"Otinax Max kapsu\u0142ki - opinie, cena, sk\u0142ad, forum, gdzie kupi\u0107","isPartOf":{"@id":"http:\/\/audiomed.com.pl\/apt\/#website"},"primaryImageOfPage":{"@id":"https:\/\/audiomed.com.pl\/apt\/produkty\/otinax-max\/#primaryimage"},"image":{"@id":"https:\/\/audiomed.com.pl\/apt\/produkty\/otinax-max\/#primaryimage"},"thumbnailUrl":"https:\/\/audiomed.com.pl\/apt\/wp-content\/uploads\/2025\/12\/Otinax-Max.png","datePublished":"2025-12-03T11:55:55+00:00","dateModified":"2026-01-05T13:16:40+00:00","description":"\ud83e\uddcf\u200d\u2642\ufe0f Czy \ud83d\udc42 Otinax Max \ud83d\udc42 przyczyni si\u0119 do polepszonego zdrowia uk\u0142adu s\u0142uchowego? Przeczytaj tutaj! \ud83e\uddcf\u200d\u2642\ufe0f","breadcrumb":{"@id":"https:\/\/audiomed.com.pl\/apt\/produkty\/otinax-max\/#breadcrumb"},"inLanguage":"pl-PL","potentialAction":[{"@type":"ReadAction","target":["https:\/\/audiomed.com.pl\/apt\/produkty\/otinax-max\/"]}]},{"@type":"ImageObject","inLanguage":"pl-PL","@id":"https:\/\/audiomed.com.pl\/apt\/produkty\/otinax-max\/#primaryimage","url":"https:\/\/audiomed.com.pl\/apt\/wp-content\/uploads\/2025\/12\/Otinax-Max.png","contentUrl":"https:\/\/audiomed.com.pl\/apt\/wp-content\/uploads\/2025\/12\/Otinax-Max.png","width":350,"height":350,"caption":"Otinax Max"},{"@type":"BreadcrumbList","@id":"https:\/\/audiomed.com.pl\/apt\/produkty\/otinax-max\/#breadcrumb","itemListElement":[{"@type":"ListItem","position":1,"name":"Home","item":"http:\/\/audiomed.com.pl\/apt\/"},{"@type":"ListItem","position":2,"name":"Produkty","item":"http:\/\/audiomed.com.pl\/apt\/"},{"@type":"ListItem","position":3,"name":"Otinax Max"}]},{"@type":"WebSite","@id":"http:\/\/audiomed.com.pl\/apt\/#website","url":"http:\/\/audiomed.com.pl\/apt\/","name":"Audiomed","description":"","potentialAction":[{"@type":"SearchAction","target":{"@type":"EntryPoint","urlTemplate":"http:\/\/audiomed.com.pl\/apt\/?s={search_term_string}"},"query-input":{"@type":"PropertyValueSpecification","valueRequired":true,"valueName":"search_term_string"}}],"inLanguage":"pl-PL"}]}},"uagb_featured_image_src":{"full":["https:\/\/audiomed.com.pl\/apt\/wp-content\/uploads\/2025\/12\/Otinax-Max.png",350,350,false],"thumbnail":["https:\/\/audiomed.com.pl\/apt\/wp-content\/uploads\/2025\/12\/Otinax-Max-150x150.png",150,150,true],"medium":["https:\/\/audiomed.com.pl\/apt\/wp-content\/uploads\/2025\/12\/Otinax-Max-300x300.png",300,300,true],"medium_large":["https:\/\/audiomed.com.pl\/apt\/wp-content\/uploads\/2025\/12\/Otinax-Max.png",350,350,false],"large":["https:\/\/audiomed.com.pl\/apt\/wp-content\/uploads\/2025\/12\/Otinax-Max.png",350,350,false],"1536x1536":["https:\/\/audiomed.com.pl\/apt\/wp-content\/uploads\/2025\/12\/Otinax-Max.png",350,350,false],"2048x2048":["https:\/\/audiomed.com.pl\/apt\/wp-content\/uploads\/2025\/12\/Otinax-Max.png",350,350,false],"woocommerce_thumbnail":["https:\/\/audiomed.com.pl\/apt\/wp-content\/uploads\/2025\/12\/Otinax-Max-300x300.png",300,300,true],"woocommerce_single":["https:\/\/audiomed.com.pl\/apt\/wp-content\/uploads\/2025\/12\/Otinax-Max.png",350,350,false],"woocommerce_gallery_thumbnail":["https:\/\/audiomed.com.pl\/apt\/wp-content\/uploads\/2025\/12\/Otinax-Max-100x100.png",100,100,true],"yarpp-thumbnail":["https:\/\/audiomed.com.pl\/apt\/wp-content\/uploads\/2025\/12\/Otinax-Max-120x120.png",120,120,true]},"uagb_author_info":{"display_name":"Patrycja","author_link":"https:\/\/audiomed.com.pl\/apt\/author\/"},"uagb_comment_info":0,"uagb_excerpt":"Stosowanie Otinax Max mo\u017ce przynie\u015b\u0107 wiele korzy\u015bci dla os\u00f3b zmagaj\u0105cych si\u0119 z problemami s\u0142uchowymi. Wed\u0142ug producenta, regularne przyjmowanie kapsu\u0142ek mo\u017ce przyczyni\u0107 si\u0119 do redukcji szum\u00f3w usznych, co jest jednym z g\u0142\u00f3wnych efekt\u00f3w stosowania tego suplementu. Dzi\u0119ki temu u\u017cytkownicy mog\u0105 do\u015bwiadczy\u0107 znacz\u0105cej poprawy komfortu \u017cycia. Nazwa produktu Otinax Max Zastosowanie na s\u0142uch \ud83d\udc42 Opinie \u2b50\u2b50\u2b50\u2b50\u2b50 Cena&hellip;","_links":{"self":[{"href":"https:\/\/audiomed.com.pl\/apt\/wp-json\/wp\/v2\/product\/3204","targetHints":{"allow":["GET"]}}],"collection":[{"href":"https:\/\/audiomed.com.pl\/apt\/wp-json\/wp\/v2\/product"}],"about":[{"href":"https:\/\/audiomed.com.pl\/apt\/wp-json\/wp\/v2\/types\/product"}],"replies":[{"embeddable":true,"href":"https:\/\/audiomed.com.pl\/apt\/wp-json\/wp\/v2\/comments?post=3204"}],"wp:featuredmedia":[{"embeddable":true,"href":"https:\/\/audiomed.com.pl\/apt\/wp-json\/wp\/v2\/media\/3212"}],"wp:attachment":[{"href":"https:\/\/audiomed.com.pl\/apt\/wp-json\/wp\/v2\/media?parent=3204"}],"wp:term":[{"taxonomy":"product_brand","embeddable":true,"href":"https:\/\/audiomed.com.pl\/apt\/wp-json\/wp\/v2\/product_brand?post=3204"},{"taxonomy":"product_cat","embeddable":true,"href":"https:\/\/audiomed.com.pl\/apt\/wp-json\/wp\/v2\/product_cat?post=3204"},{"taxonomy":"product_tag","embeddable":true,"href":"https:\/\/audiomed.com.pl\/apt\/wp-json\/wp\/v2\/product_tag?post=3204"}],"curies":[{"name":"wp","href":"https:\/\/api.w.org\/{rel}","templated":true}]}}