{"id":2022,"date":"2024-08-27T10:20:45","date_gmt":"2024-08-27T10:20:45","guid":{"rendered":"https:\/\/audiomed.com.pl\/apt\/?post_type=product&#038;p=2022"},"modified":"2024-10-10T17:04:34","modified_gmt":"2024-10-10T17:04:34","slug":"viagor-power","status":"publish","type":"product","link":"https:\/\/audiomed.com.pl\/apt\/produkty\/viagor-power\/","title":{"rendered":"Viagor Power"},"content":{"rendered":"\n<p>Zgodnie z dost\u0119pnymi informacjami, Viagor Power wykorzystuje naturalne sk\u0142adniki, kt\u00f3re od wiek\u00f3w s\u0105 stosowane w r\u00f3\u017cnych kulturach do <strong><a href=\"https:\/\/audiomed.com.pl\/apt\/viagor-power-cena\" target=\"_blank\" rel=\"noreferrer noopener\">poprawy m\u0119skiej si\u0142y<\/a><\/strong> oraz wytrzyma\u0142o\u015bci seksualnej. Jego g\u0142\u00f3wnym sk\u0142adnikiem jest grzyb Phallus Impudicus, kt\u00f3ry jest ceniony za swoje unikalne w\u0142a\u015bciwo\u015bci. Produkt ten jest dost\u0119pny online i, co wa\u017cne, nie jest sprzedawany w aptekach.<\/p>\n\n\n\n<figure class=\"wp-block-table is-style-regular\"><table class=\"has-fixed-layout\"><tbody><tr><td><strong>Nazwa produktu<\/strong><\/td><td>Viagor Power<\/td><\/tr><tr><td><strong>Zastosowanie<\/strong><\/td><td>na potencj\u0119 \ud83d\udc69\u200d\u2764\ufe0f\u200d\ud83d\udc68<\/td><\/tr><tr><td><strong>Opinie<\/strong><\/td><td>\u2b50\u2b50\u2b50\u2b50\u2b50<\/td><\/tr><tr><td><strong>Cena<\/strong><\/td><td>sprawd\u017a na <strong><a href=\"https:\/\/audiomed.com.pl\/apt\/viagor-power-cena\" target=\"_blank\" rel=\"noreferrer noopener\">stronie producenta<\/a><\/strong> \ud83d\udcb5<\/td><\/tr><tr><td><strong>Typ produktu<\/strong><\/td><td>kapsu\u0142ki \ud83d\udc8a<\/td><\/tr><tr><td><strong>Dawka<\/strong><\/td><td>sprawd\u017a ulotk\u0119 \u23f0<\/td><\/tr><tr><td><strong>Sk\u0142ad<\/strong><\/td><td>Grzyb Phallus Impudicus \ud83c\udf43<br>Inne naturalne sk\u0142adniki \ud83c\udf43<\/td><\/tr><\/tbody><\/table><\/figure>\n\n\n\n<h2 class=\"wp-block-heading\"><a><\/a>Czym jest Viagor Power?<\/h2>\n\n\n\n<p>Viagor Power to suplement diety zaprojektowany z my\u015bl\u0105 o m\u0119\u017cczyznach, kt\u00f3rzy pragn\u0105 poprawi\u0107 jako\u015b\u0107 swojego \u017cycia seksualnego. Wed\u0142ug producenta, regularne stosowanie tego produktu mo\u017ce przyczyni\u0107 si\u0119 do <strong><a href=\"https:\/\/audiomed.com.pl\/apt\/viagor-power-cena\" target=\"_blank\" rel=\"noreferrer noopener\">osi\u0105gni\u0119cia intensywniejszego \u017cycia seksualnego<\/a><\/strong>, d\u0142ugotrwa\u0142ego zwi\u0105zku seksualnego, gigantycznej erekcji oraz fantastycznego orgazmu. Produkt ten zawiera sk\u0142adniki znane z ich potencjalnych w\u0142a\u015bciwo\u015bci wspieraj\u0105cych m\u0119sk\u0105 potencj\u0119.<\/p>\n\n\n\n<h2 class=\"wp-block-heading\"><a><\/a>Wskazania do stosowania Viagor Power<\/h2>\n\n\n\n<h3 class=\"wp-block-heading\"><a><\/a>Problemy z erekcj\u0105<\/h3>\n\n\n\n<p>Viagor Power mo\u017ce by\u0107 odpowiedzi\u0105 dla m\u0119\u017cczyzn zmagaj\u0105cych si\u0119 z problemami z erekcj\u0105. Wed\u0142ug producenta, regularne stosowanie tego suplementu mo\u017ce przyczyni\u0107 si\u0119 do poprawy jako\u015bci erekcji oraz <strong><a href=\"https:\/\/audiomed.com.pl\/apt\/viagor-power-cena\" target=\"_blank\" rel=\"noreferrer noopener\">zwi\u0119kszenia m\u0119skiej pewno\u015bci siebie<\/a><\/strong>. Problemy z erekcj\u0105 s\u0105 powszechnym zjawiskiem, kt\u00f3re dotyka m\u0119\u017cczyzn w r\u00f3\u017cnym wieku, dlatego te\u017c Viagor Power mo\u017ce by\u0107 rozwi\u0105zaniem dla wielu z nich.<\/p>\n\n\n\n<h3 class=\"wp-block-heading\"><a><\/a>S\u0142abe pobudzenie seksualne<\/h3>\n\n\n\n<p>Kolejnym wskazaniem do stosowania Viagor Power jest s\u0142abe pobudzenie seksualne. Produkt ten, dzi\u0119ki swoim sk\u0142adnikom, mo\u017ce wspiera\u0107 <strong><a href=\"https:\/\/audiomed.com.pl\/apt\/viagor-power-cena\" target=\"_blank\" rel=\"noreferrer noopener\">zwi\u0119kszenie libido<\/a><\/strong> oraz zainteresowania aktywno\u015bci\u0105 seksualn\u0105. M\u0119\u017cczy\u017ani, kt\u00f3rzy odczuwaj\u0105 obni\u017cone libido, mog\u0105 znale\u017a\u0107 w Viagor Power spos\u00f3b na popraw\u0119 swojej sytuacji.<\/p>\n\n\n\n<h3 class=\"wp-block-heading\"><a><\/a>Przedwczesny wytrysk<\/h3>\n\n\n\n<p>Viagor Power mo\u017ce tak\u017ce by\u0107 pomocny m\u0119\u017cczyznom zmagaj\u0105cym si\u0119 z problemem przedwczesnego wytrysku. Regularne stosowanie suplementu mo\u017ce przyczyni\u0107 si\u0119 do <strong><a href=\"https:\/\/audiomed.com.pl\/apt\/viagor-power-cena\" target=\"_blank\" rel=\"noreferrer noopener\">wyd\u0142u\u017cenia czasu trwania stosunku seksualnego<\/a><\/strong> oraz zwi\u0119kszenia kontroli nad momentem wytrysku. Jest to wa\u017cne dla m\u0119\u017cczyzn pragn\u0105cych poprawi\u0107 jako\u015b\u0107 swojego \u017cycia seksualnego.<\/p>\n\n\n\n<h2 class=\"wp-block-heading\"><a><\/a>Efekty stosowania \u2013 Jak dzia\u0142aj\u0105 kapsu\u0142ki Viagor Power?<\/h2>\n\n\n\n<p>Stosowanie Viagor Power, wed\u0142ug producenta, mo\u017ce przynie\u015b\u0107 szereg korzy\u015bci dla m\u0119\u017cczyzn. Po pierwsze, mo\u017ce znacz\u0105co wp\u0142yn\u0105\u0107 na <strong><a href=\"https:\/\/audiomed.com.pl\/apt\/viagor-power-cena\" target=\"_blank\" rel=\"noreferrer noopener\">popraw\u0119 jako\u015bci erekcji<\/a><\/strong>, czyni\u0105c j\u0105 bardziej trwa\u0142\u0105 i intensywn\u0105. Po drugie, regularne przyjmowanie suplementu mo\u017ce przyczyni\u0107 si\u0119 do zwi\u0119kszenia rozmiaru cz\u0142onka, co jest efektem poprawy przep\u0142ywu krwi w tej okolicy.<\/p>\n\n\n\n<p>Dodatkowo, Viagor Power mo\u017ce mie\u0107 pozytywny wp\u0142yw na doznania seksualne, zar\u00f3wno dla m\u0119\u017cczyzny, jak i jego partnerki. Silniejsze orgazmy oraz mo\u017cliwo\u015b\u0107 <strong><a href=\"https:\/\/audiomed.com.pl\/apt\/viagor-power-cena\" target=\"_blank\" rel=\"noreferrer noopener\">d\u0142u\u017cszego utrzymania stosunku seksualnego<\/a><\/strong> to tylko niekt\u00f3re z obiecanych efekt\u00f3w stosowania tego produktu. Ponad milion m\u0119\u017cczyzn ma ju\u017c potwierdzi\u0107 skuteczno\u015b\u0107 Viagor Power, co czyni go jednym z bardziej polecanych suplement\u00f3w w tej kategorii.<\/p>\n\n\n\n<h2 class=\"wp-block-heading\"><a><\/a>Sk\u0142adniki \u2013 Co zawiera produkt Viagor Power?<\/h2>\n\n\n\n<p>Viagor Power zawiera sk\u0142adniki, kt\u00f3re s\u0105 znane z ich potencjalnych w\u0142a\u015bciwo\u015bci wspieraj\u0105cych m\u0119sk\u0105 potencj\u0119. W sk\u0142adzie produktu znajdziemy:<\/p>\n\n\n\n<ul class=\"wp-block-list\">\n<li><strong>Grzyb Phallus Impudicus<\/strong> \u2013 g\u0142\u00f3wny sk\u0142adnik, znany jako naturalny &#8222;eliksir m\u0119skiej si\u0142y&#8221;.<\/li>\n\n\n\n<li><strong>Inne naturalne sk\u0142adniki<\/strong> \u2013 pe\u0142na lista dost\u0119pna jest w ulotce do\u0142\u0105czonej do opakowania produktu.<\/li>\n<\/ul>\n\n\n\n<h2 class=\"wp-block-heading\"><a><\/a>Cena Viagor Power<\/h2>\n\n\n\n<p>Cena Viagor Power jest przedmiotem promocji, dzi\u0119ki czemu mo\u017cna go naby\u0107 po atrakcyjnej cenie. Zainteresowani powinni <strong><a href=\"https:\/\/audiomed.com.pl\/apt\/viagor-power-cena\" target=\"_blank\" rel=\"noreferrer noopener\">odwiedzi\u0107 stron\u0119 producenta<\/a><\/strong>, aby sprawdzi\u0107 aktualne promocje i dost\u0119pno\u015b\u0107 produktu. Warto pami\u0119ta\u0107, \u017ce produkt ten nie jest dost\u0119pny w aptekach, a jego zakup mo\u017cliwy jest wy\u0142\u0105cznie online.<\/p>\n\n\n\n<h2 class=\"wp-block-heading\"><a><\/a>Viagor Power opinie \u2013 recenzje u\u017cytkownik\u00f3w o produkcie<\/h2>\n\n\n\n<p>Opinie u\u017cytkownik\u00f3w Viagor Power s\u0105 zazwyczaj pozytywne. Wielu m\u0119\u017cczyzn podkre\u015bla <strong><a href=\"https:\/\/audiomed.com.pl\/apt\/viagor-power-cena\" target=\"_blank\" rel=\"noreferrer noopener\">popraw\u0119 jako\u015bci \u017cycia seksualnego<\/a><\/strong> oraz zwi\u0119kszenie pewno\u015bci siebie dzi\u0119ki regularnemu stosowaniu suplementu. Recenzje cz\u0119sto wspominaj\u0105 o lepszej erekcji, zwi\u0119kszonym libido oraz intensywniejszych orgazmach, co potwierdza skuteczno\u015b\u0107 Viagor Power.<\/p>\n\n\n\n<h2 class=\"wp-block-heading\"><a><\/a>Spos\u00f3b przyjmowania \u2013 Jak stosowa\u0107 Viagor Power?<\/h2>\n\n\n\n<p>Zaleca si\u0119 stosowanie Viagor Power dwa razy dziennie, co pozwala na osi\u0105gni\u0119cie maksymalnych efekt\u00f3w. <strong><a href=\"https:\/\/audiomed.com.pl\/apt\/viagor-power-cena\" target=\"_blank\" rel=\"noreferrer noopener\">Regularne przyjmowanie kapsu\u0142ek<\/a><\/strong>, zgodnie z zaleceniami producenta, jest kluczowe dla uzyskania oczekiwanych rezultat\u00f3w. Pe\u0142na kuracja oraz dodatkowe informacje na temat sposobu stosowania znajduj\u0105 si\u0119 w ulotce do\u0142\u0105czonej do produktu.<\/p>\n\n\n\n<h2 class=\"wp-block-heading\"><a><\/a>Skutki uboczne Viagor Power<\/h2>\n\n\n\n<p>Wed\u0142ug dost\u0119pnych informacji, Viagor Power wykorzystuje naturalne sk\u0142adniki, co powinno minimalizowa\u0107 ryzyko wyst\u0105pienia niepo\u017c\u0105danych skutk\u00f3w ubocznych. <strong><a href=\"https:\/\/audiomed.com.pl\/apt\/viagor-power-cena\" target=\"_blank\" rel=\"noreferrer noopener\">Naturalne komponenty<\/a><\/strong>, takie jak grzyb Phallus Impudicus, s\u0105 znane z korzystnego wp\u0142ywu na m\u0119sk\u0105 potencj\u0119 bez negatywnego oddzia\u0142ywania na og\u00f3lny stan zdrowia. Nale\u017cy jednak pami\u0119ta\u0107, \u017ce reakcja organizmu na suplementy diety mo\u017ce by\u0107 indywidualna.<\/p>\n\n\n\n<p>Producent podkre\u015bla, \u017ce przestrzeganie zalecanej dawki jest kluczowe dla bezpiecze\u0144stwa i <strong><a href=\"https:\/\/audiomed.com.pl\/apt\/viagor-power-cena\" target=\"_blank\" rel=\"noreferrer noopener\">efektywno\u015bci dzia\u0142ania Viagor Power<\/a><\/strong>. Wa\u017cne jest, aby przed rozpocz\u0119ciem stosowania jakiegokolwiek suplementu diety dok\u0142adnie zapozna\u0107 si\u0119 z ulotk\u0105 do\u0142\u0105czon\u0105 do opakowania i upewni\u0107 si\u0119, \u017ce nie jeste\u015bmy uczuleni na \u017caden ze sk\u0142adnik\u00f3w produktu.<\/p>\n\n\n\n<h2 class=\"wp-block-heading\"><a><\/a>Gdzie kupi\u0107 Viagor Power: apteka, Amazon czy oficjalna strona producenta?<\/h2>\n\n\n\n<p>Viagor Power to suplement diety, kt\u00f3ry nie jest dost\u0119pny w tradycyjnych aptekach. Wiele os\u00f3b zastanawia si\u0119, gdzie mo\u017cna naby\u0107 ten produkt. Najbezpieczniejszym i najbardziej rekomendowanym miejscem zakupu jest <strong><a href=\"https:\/\/audiomed.com.pl\/apt\/viagor-power-cena\" target=\"_blank\" rel=\"noreferrer noopener\">oficjalna strona producenta<\/a><\/strong>. Kupuj\u0105c bezpo\u015brednio od producenta, ma si\u0119 gwarancj\u0119 otrzymania oryginalnego produktu w promocyjnej cenie oraz dost\u0119p do wszelkich aktualnych promocji. Zakupy na oficjalnej stronie producenta to nie tylko gwarancja autentyczno\u015bci, ale r\u00f3wnie\u017c mo\u017cliwo\u015b\u0107 skorzystania z porad i wsparcia oferowanego przez obs\u0142ug\u0119 klienta.<\/p>\n\n\n\n<h2 class=\"wp-block-heading\"><a><\/a>Najcz\u0119\u015bciej zadawane pytania:<\/h2>\n\n\n\n<h3 class=\"wp-block-heading\"><a><\/a>W jakim celu stosuje si\u0119 Viagor Power?<\/h3>\n\n\n\n<p>Viagor Power jest suplementem diety stworzonym z my\u015bl\u0105 o m\u0119\u017cczyznach, kt\u00f3rzy chc\u0105 poprawi\u0107 jako\u015b\u0107 swojego \u017cycia seksualnego. Produkt ten ma na celu <strong><a href=\"https:\/\/audiomed.com.pl\/apt\/viagor-power-cena\" target=\"_blank\" rel=\"noreferrer noopener\">wspieranie m\u0119skiej potencji<\/a><\/strong>, popraw\u0119 erekcji, zwi\u0119kszenie libido oraz intensyfikacj\u0119 dozna\u0144 seksualnych. Regularne stosowanie Viagor Power, zgodnie z zaleceniami producenta, mo\u017ce przyczyni\u0107 si\u0119 do d\u0142u\u017cszego i bardziej satysfakcjonuj\u0105cego \u017cycia seksualnego.<\/p>\n\n\n\n<h3 class=\"wp-block-heading\"><a><\/a>Czy tabletki Viagor Power mog\u0105 powodowa\u0107 skutki uboczne?<\/h3>\n\n\n\n<p>Z uwagi na naturalny sk\u0142ad Viagor Power, <strong><a href=\"https:\/\/audiomed.com.pl\/apt\/viagor-power-cena\" target=\"_blank\" rel=\"noreferrer noopener\">produkt ten jest dobrze tolerowany<\/a><\/strong>, a ryzyko wyst\u0105pienia skutk\u00f3w ubocznych jest minimalne. Jednak\u017ce, jak w przypadku ka\u017cdego suplementu diety, istnieje mo\u017cliwo\u015b\u0107 indywidualnej reakcji organizmu.<\/p>\n\n\n\n<h3 class=\"wp-block-heading\"><a><\/a>Jakie s\u0105 opinie lekarzy na temat Viagor Power?<\/h3>\n\n\n\n<p>W internecie mo\u017cna znale\u017a\u0107 <strong><a href=\"https:\/\/audiomed.com.pl\/apt\/viagor-power-cena\" target=\"_blank\" rel=\"noreferrer noopener\">wiele opinii lekarzy<\/a><\/strong> na temat produktu Viagor Power, jednak\u017ce nie by\u0142a mo\u017cliwa ich weryfikacja. Wa\u017cne jest, aby pami\u0119ta\u0107, \u017ce ka\u017cdy suplement diety powinien by\u0107 stosowany z rozwag\u0105.<\/p>\n\n\n\n<h3 class=\"wp-block-heading\"><a><\/a>Czy Viagor Power jest lekiem i jest skuteczny?<\/h3>\n\n\n\n<p>Viagor Power to suplement diety, a zgodnie z prawem, suplementy diety nie s\u0105 lekami i nie maj\u0105 za zadanie leczenia. Mog\u0105 jednak <strong><a href=\"https:\/\/audiomed.com.pl\/apt\/viagor-power-cena\" target=\"_blank\" rel=\"noreferrer noopener\">wspiera\u0107 organizm<\/a><\/strong> i pomaga\u0107 w utrzymaniu dobrego stanu zdrowia. Skuteczno\u015b\u0107 Viagor Power, jak ka\u017cdego suplementu diety, mo\u017ce r\u00f3\u017cni\u0107 si\u0119 w zale\u017cno\u015bci od indywidualnych predyspozycji i stylu \u017cycia u\u017cytkownika.<\/p>\n\n\n\n<h3 class=\"wp-block-heading\"><a><\/a>Gdzie mog\u0119 kupi\u0107 Viagor Power?<\/h3>\n\n\n\n<p>Najbezpieczniejszym i najbardziej rekomendowanym miejscem zakupu Viagor Power jest oficjalna strona producenta. Produkt nie jest dost\u0119pny w aptekach, a zakupy dokonywane przez oficjaln\u0105 stron\u0119 gwarantuj\u0105 <strong><a href=\"https:\/\/audiomed.com.pl\/apt\/viagor-power-cena\" target=\"_blank\" rel=\"noreferrer noopener\">otrzymanie oryginalnego produktu<\/a><\/strong> oraz mo\u017cliwo\u015b\u0107 skorzystania z aktualnych promocji. Zakup przez nieoficjalne kana\u0142y dystrybucji mo\u017ce wi\u0105za\u0107 si\u0119 z ryzykiem otrzymania nieoryginalnego produktu.<\/p>\n\n\n\n<div class=\"wp-block-buttons is-content-justification-center is-layout-flex wp-container-core-buttons-is-layout-16018d1d wp-block-buttons-is-layout-flex\">\n<div class=\"wp-block-button\"><a class=\"wp-block-button__link wp-element-button\" href=\"https:\/\/audiomed.com.pl\/apt\/viagor-power-cena\" target=\"_blank\" rel=\"noreferrer noopener\">Zam\u00f3w teraz!<\/a><\/div>\n<\/div>\n","protected":false},"excerpt":{"rendered":"<p>Zgodnie z dost\u0119pnymi informacjami, Viagor Power wykorzystuje naturalne sk\u0142adniki, kt\u00f3re od wiek\u00f3w s\u0105 stosowane w r\u00f3\u017cnych kulturach do poprawy m\u0119skiej si\u0142y oraz wytrzyma\u0142o\u015bci seksualnej. Jego g\u0142\u00f3wnym sk\u0142adnikiem jest grzyb Phallus Impudicus, kt\u00f3ry jest ceniony za swoje unikalne w\u0142a\u015bciwo\u015bci. Produkt ten jest dost\u0119pny online i, co wa\u017cne, nie jest sprzedawany w aptekach. Nazwa produktu Viagor Power &#8230; <a title=\"Viagor Power\" class=\"read-more\" href=\"https:\/\/audiomed.com.pl\/apt\/produkty\/viagor-power\/\" aria-label=\"More on Viagor Power\">Czytaj dalej<\/a><\/p>\n","protected":false},"featured_media":2029,"comment_status":"open","ping_status":"closed","template":"","meta":{"_uag_custom_page_level_css":""},"product_brand":[],"product_cat":[22],"product_tag":[],"class_list":{"0":"post-2022","1":"product","2":"type-product","3":"status-publish","4":"has-post-thumbnail","6":"product_cat-seksualnosc","7":"sales-flash-overlay","8":"woocommerce-text-align-center","9":"woocommerce-image-align-center","10":"do-quantity-buttons","12":"first","13":"instock","14":"sale","15":"shipping-taxable","16":"product-type-external"},"yoast_head":"<!-- This site is optimized with the Yoast SEO plugin v27.4 - https:\/\/yoast.com\/product\/yoast-seo-wordpress\/ -->\n<title>Viagor Power kapsu\u0142ki - opinie, cena, sk\u0142ad, efekty 2024<\/title>\n<meta name=\"description\" content=\"\u2705 Czy \ud83d\udc69\u200d\u2764\ufe0f\u200d\ud83d\udc8b\u200d\ud83d\udc68 Viagor power \ud83d\udc69\u200d\u2764\ufe0f\u200d\ud83d\udc8b\u200d\ud83d\udc68 zwi\u0119kszy Twojego penisa? Sprawd\u017a tutaj! \u2705\" \/>\n<meta name=\"robots\" content=\"index, follow, max-snippet:-1, max-image-preview:large, max-video-preview:-1\" \/>\n<link rel=\"canonical\" href=\"https:\/\/audiomed.com.pl\/apt\/produkty\/viagor-power\/\" \/>\n<meta property=\"og:locale\" content=\"pl_PL\" \/>\n<meta property=\"og:type\" content=\"article\" \/>\n<meta property=\"og:title\" content=\"Viagor Power kapsu\u0142ki - opinie, cena, sk\u0142ad, efekty 2024\" \/>\n<meta property=\"og:description\" content=\"\u2705 Czy \ud83d\udc69\u200d\u2764\ufe0f\u200d\ud83d\udc8b\u200d\ud83d\udc68 Viagor power \ud83d\udc69\u200d\u2764\ufe0f\u200d\ud83d\udc8b\u200d\ud83d\udc68 zwi\u0119kszy Twojego penisa? Sprawd\u017a tutaj! \u2705\" \/>\n<meta property=\"og:url\" content=\"https:\/\/audiomed.com.pl\/apt\/produkty\/viagor-power\/\" \/>\n<meta property=\"og:site_name\" content=\"Audiomed\" \/>\n<meta property=\"article:modified_time\" content=\"2024-10-10T17:04:34+00:00\" \/>\n<meta property=\"og:image\" content=\"https:\/\/audiomed.com.pl\/apt\/wp-content\/uploads\/2024\/08\/Viagor-Power.png\" \/>\n\t<meta property=\"og:image:width\" content=\"400\" \/>\n\t<meta property=\"og:image:height\" content=\"400\" \/>\n\t<meta property=\"og:image:type\" content=\"image\/png\" \/>\n<meta name=\"twitter:card\" content=\"summary_large_image\" \/>\n<meta name=\"twitter:label1\" content=\"Szacowany czas czytania\" \/>\n\t<meta name=\"twitter:data1\" content=\"7 minut\" \/>\n<script type=\"application\/ld+json\" class=\"yoast-schema-graph\">{\"@context\":\"https:\\\/\\\/schema.org\",\"@graph\":[{\"@type\":\"WebPage\",\"@id\":\"https:\\\/\\\/audiomed.com.pl\\\/apt\\\/produkty\\\/viagor-power\\\/\",\"url\":\"https:\\\/\\\/audiomed.com.pl\\\/apt\\\/produkty\\\/viagor-power\\\/\",\"name\":\"Viagor Power kapsu\u0142ki - opinie, cena, sk\u0142ad, efekty 2024\",\"isPartOf\":{\"@id\":\"http:\\\/\\\/audiomed.com.pl\\\/apt\\\/#website\"},\"primaryImageOfPage\":{\"@id\":\"https:\\\/\\\/audiomed.com.pl\\\/apt\\\/produkty\\\/viagor-power\\\/#primaryimage\"},\"image\":{\"@id\":\"https:\\\/\\\/audiomed.com.pl\\\/apt\\\/produkty\\\/viagor-power\\\/#primaryimage\"},\"thumbnailUrl\":\"https:\\\/\\\/audiomed.com.pl\\\/apt\\\/wp-content\\\/uploads\\\/2024\\\/08\\\/Viagor-Power.png\",\"datePublished\":\"2024-08-27T10:20:45+00:00\",\"dateModified\":\"2024-10-10T17:04:34+00:00\",\"description\":\"\u2705 Czy \ud83d\udc69\u200d\u2764\ufe0f\u200d\ud83d\udc8b\u200d\ud83d\udc68 Viagor power \ud83d\udc69\u200d\u2764\ufe0f\u200d\ud83d\udc8b\u200d\ud83d\udc68 zwi\u0119kszy Twojego penisa? Sprawd\u017a tutaj! \u2705\",\"breadcrumb\":{\"@id\":\"https:\\\/\\\/audiomed.com.pl\\\/apt\\\/produkty\\\/viagor-power\\\/#breadcrumb\"},\"inLanguage\":\"pl-PL\",\"potentialAction\":[{\"@type\":\"ReadAction\",\"target\":[\"https:\\\/\\\/audiomed.com.pl\\\/apt\\\/produkty\\\/viagor-power\\\/\"]}]},{\"@type\":\"ImageObject\",\"inLanguage\":\"pl-PL\",\"@id\":\"https:\\\/\\\/audiomed.com.pl\\\/apt\\\/produkty\\\/viagor-power\\\/#primaryimage\",\"url\":\"https:\\\/\\\/audiomed.com.pl\\\/apt\\\/wp-content\\\/uploads\\\/2024\\\/08\\\/Viagor-Power.png\",\"contentUrl\":\"https:\\\/\\\/audiomed.com.pl\\\/apt\\\/wp-content\\\/uploads\\\/2024\\\/08\\\/Viagor-Power.png\",\"width\":400,\"height\":400,\"caption\":\"Viagor Power\"},{\"@type\":\"BreadcrumbList\",\"@id\":\"https:\\\/\\\/audiomed.com.pl\\\/apt\\\/produkty\\\/viagor-power\\\/#breadcrumb\",\"itemListElement\":[{\"@type\":\"ListItem\",\"position\":1,\"name\":\"Home\",\"item\":\"http:\\\/\\\/audiomed.com.pl\\\/apt\\\/\"},{\"@type\":\"ListItem\",\"position\":2,\"name\":\"Produkty\",\"item\":\"http:\\\/\\\/audiomed.com.pl\\\/apt\\\/\"},{\"@type\":\"ListItem\",\"position\":3,\"name\":\"Viagor Power\"}]},{\"@type\":\"WebSite\",\"@id\":\"http:\\\/\\\/audiomed.com.pl\\\/apt\\\/#website\",\"url\":\"http:\\\/\\\/audiomed.com.pl\\\/apt\\\/\",\"name\":\"Audiomed\",\"description\":\"\",\"potentialAction\":[{\"@type\":\"SearchAction\",\"target\":{\"@type\":\"EntryPoint\",\"urlTemplate\":\"http:\\\/\\\/audiomed.com.pl\\\/apt\\\/?s={search_term_string}\"},\"query-input\":{\"@type\":\"PropertyValueSpecification\",\"valueRequired\":true,\"valueName\":\"search_term_string\"}}],\"inLanguage\":\"pl-PL\"}]}<\/script>\n<!-- \/ Yoast SEO plugin. -->","yoast_head_json":{"title":"Viagor Power kapsu\u0142ki - opinie, cena, sk\u0142ad, efekty 2024","description":"\u2705 Czy \ud83d\udc69\u200d\u2764\ufe0f\u200d\ud83d\udc8b\u200d\ud83d\udc68 Viagor power \ud83d\udc69\u200d\u2764\ufe0f\u200d\ud83d\udc8b\u200d\ud83d\udc68 zwi\u0119kszy Twojego penisa? Sprawd\u017a tutaj! \u2705","robots":{"index":"index","follow":"follow","max-snippet":"max-snippet:-1","max-image-preview":"max-image-preview:large","max-video-preview":"max-video-preview:-1"},"canonical":"https:\/\/audiomed.com.pl\/apt\/produkty\/viagor-power\/","og_locale":"pl_PL","og_type":"article","og_title":"Viagor Power kapsu\u0142ki - opinie, cena, sk\u0142ad, efekty 2024","og_description":"\u2705 Czy \ud83d\udc69\u200d\u2764\ufe0f\u200d\ud83d\udc8b\u200d\ud83d\udc68 Viagor power \ud83d\udc69\u200d\u2764\ufe0f\u200d\ud83d\udc8b\u200d\ud83d\udc68 zwi\u0119kszy Twojego penisa? Sprawd\u017a tutaj! \u2705","og_url":"https:\/\/audiomed.com.pl\/apt\/produkty\/viagor-power\/","og_site_name":"Audiomed","article_modified_time":"2024-10-10T17:04:34+00:00","og_image":[{"width":400,"height":400,"url":"https:\/\/audiomed.com.pl\/apt\/wp-content\/uploads\/2024\/08\/Viagor-Power.png","type":"image\/png"}],"twitter_card":"summary_large_image","twitter_misc":{"Szacowany czas czytania":"7 minut"},"schema":{"@context":"https:\/\/schema.org","@graph":[{"@type":"WebPage","@id":"https:\/\/audiomed.com.pl\/apt\/produkty\/viagor-power\/","url":"https:\/\/audiomed.com.pl\/apt\/produkty\/viagor-power\/","name":"Viagor Power kapsu\u0142ki - opinie, cena, sk\u0142ad, efekty 2024","isPartOf":{"@id":"http:\/\/audiomed.com.pl\/apt\/#website"},"primaryImageOfPage":{"@id":"https:\/\/audiomed.com.pl\/apt\/produkty\/viagor-power\/#primaryimage"},"image":{"@id":"https:\/\/audiomed.com.pl\/apt\/produkty\/viagor-power\/#primaryimage"},"thumbnailUrl":"https:\/\/audiomed.com.pl\/apt\/wp-content\/uploads\/2024\/08\/Viagor-Power.png","datePublished":"2024-08-27T10:20:45+00:00","dateModified":"2024-10-10T17:04:34+00:00","description":"\u2705 Czy \ud83d\udc69\u200d\u2764\ufe0f\u200d\ud83d\udc8b\u200d\ud83d\udc68 Viagor power \ud83d\udc69\u200d\u2764\ufe0f\u200d\ud83d\udc8b\u200d\ud83d\udc68 zwi\u0119kszy Twojego penisa? Sprawd\u017a tutaj! \u2705","breadcrumb":{"@id":"https:\/\/audiomed.com.pl\/apt\/produkty\/viagor-power\/#breadcrumb"},"inLanguage":"pl-PL","potentialAction":[{"@type":"ReadAction","target":["https:\/\/audiomed.com.pl\/apt\/produkty\/viagor-power\/"]}]},{"@type":"ImageObject","inLanguage":"pl-PL","@id":"https:\/\/audiomed.com.pl\/apt\/produkty\/viagor-power\/#primaryimage","url":"https:\/\/audiomed.com.pl\/apt\/wp-content\/uploads\/2024\/08\/Viagor-Power.png","contentUrl":"https:\/\/audiomed.com.pl\/apt\/wp-content\/uploads\/2024\/08\/Viagor-Power.png","width":400,"height":400,"caption":"Viagor Power"},{"@type":"BreadcrumbList","@id":"https:\/\/audiomed.com.pl\/apt\/produkty\/viagor-power\/#breadcrumb","itemListElement":[{"@type":"ListItem","position":1,"name":"Home","item":"http:\/\/audiomed.com.pl\/apt\/"},{"@type":"ListItem","position":2,"name":"Produkty","item":"http:\/\/audiomed.com.pl\/apt\/"},{"@type":"ListItem","position":3,"name":"Viagor Power"}]},{"@type":"WebSite","@id":"http:\/\/audiomed.com.pl\/apt\/#website","url":"http:\/\/audiomed.com.pl\/apt\/","name":"Audiomed","description":"","potentialAction":[{"@type":"SearchAction","target":{"@type":"EntryPoint","urlTemplate":"http:\/\/audiomed.com.pl\/apt\/?s={search_term_string}"},"query-input":{"@type":"PropertyValueSpecification","valueRequired":true,"valueName":"search_term_string"}}],"inLanguage":"pl-PL"}]}},"uagb_featured_image_src":{"full":["https:\/\/audiomed.com.pl\/apt\/wp-content\/uploads\/2024\/08\/Viagor-Power.png",400,400,false],"thumbnail":["https:\/\/audiomed.com.pl\/apt\/wp-content\/uploads\/2024\/08\/Viagor-Power-150x150.png",150,150,true],"medium":["https:\/\/audiomed.com.pl\/apt\/wp-content\/uploads\/2024\/08\/Viagor-Power-300x300.png",300,300,true],"medium_large":["https:\/\/audiomed.com.pl\/apt\/wp-content\/uploads\/2024\/08\/Viagor-Power.png",400,400,false],"large":["https:\/\/audiomed.com.pl\/apt\/wp-content\/uploads\/2024\/08\/Viagor-Power.png",400,400,false],"1536x1536":["https:\/\/audiomed.com.pl\/apt\/wp-content\/uploads\/2024\/08\/Viagor-Power.png",400,400,false],"2048x2048":["https:\/\/audiomed.com.pl\/apt\/wp-content\/uploads\/2024\/08\/Viagor-Power.png",400,400,false],"woocommerce_thumbnail":["https:\/\/audiomed.com.pl\/apt\/wp-content\/uploads\/2024\/08\/Viagor-Power-300x300.png",300,300,true],"woocommerce_single":["https:\/\/audiomed.com.pl\/apt\/wp-content\/uploads\/2024\/08\/Viagor-Power.png",400,400,false],"woocommerce_gallery_thumbnail":["https:\/\/audiomed.com.pl\/apt\/wp-content\/uploads\/2024\/08\/Viagor-Power-100x100.png",100,100,true],"yarpp-thumbnail":["https:\/\/audiomed.com.pl\/apt\/wp-content\/uploads\/2024\/08\/Viagor-Power-120x120.png",120,120,true]},"uagb_author_info":{"display_name":"Patrycja","author_link":"https:\/\/audiomed.com.pl\/apt\/author\/"},"uagb_comment_info":1,"uagb_excerpt":"Zgodnie z dost\u0119pnymi informacjami, Viagor Power wykorzystuje naturalne sk\u0142adniki, kt\u00f3re od wiek\u00f3w s\u0105 stosowane w r\u00f3\u017cnych kulturach do poprawy m\u0119skiej si\u0142y oraz wytrzyma\u0142o\u015bci seksualnej. Jego g\u0142\u00f3wnym sk\u0142adnikiem jest grzyb Phallus Impudicus, kt\u00f3ry jest ceniony za swoje unikalne w\u0142a\u015bciwo\u015bci. Produkt ten jest dost\u0119pny online i, co wa\u017cne, nie jest sprzedawany w aptekach. Nazwa produktu Viagor Power&hellip;","_links":{"self":[{"href":"https:\/\/audiomed.com.pl\/apt\/wp-json\/wp\/v2\/product\/2022","targetHints":{"allow":["GET"]}}],"collection":[{"href":"https:\/\/audiomed.com.pl\/apt\/wp-json\/wp\/v2\/product"}],"about":[{"href":"https:\/\/audiomed.com.pl\/apt\/wp-json\/wp\/v2\/types\/product"}],"replies":[{"embeddable":true,"href":"https:\/\/audiomed.com.pl\/apt\/wp-json\/wp\/v2\/comments?post=2022"}],"wp:featuredmedia":[{"embeddable":true,"href":"https:\/\/audiomed.com.pl\/apt\/wp-json\/wp\/v2\/media\/2029"}],"wp:attachment":[{"href":"https:\/\/audiomed.com.pl\/apt\/wp-json\/wp\/v2\/media?parent=2022"}],"wp:term":[{"taxonomy":"product_brand","embeddable":true,"href":"https:\/\/audiomed.com.pl\/apt\/wp-json\/wp\/v2\/product_brand?post=2022"},{"taxonomy":"product_cat","embeddable":true,"href":"https:\/\/audiomed.com.pl\/apt\/wp-json\/wp\/v2\/product_cat?post=2022"},{"taxonomy":"product_tag","embeddable":true,"href":"https:\/\/audiomed.com.pl\/apt\/wp-json\/wp\/v2\/product_tag?post=2022"}],"curies":[{"name":"wp","href":"https:\/\/api.w.org\/{rel}","templated":true}]}}