{"id":1885,"date":"2024-07-10T03:42:01","date_gmt":"2024-07-10T03:42:01","guid":{"rendered":"https:\/\/audiomed.com.pl\/apt\/?post_type=product&#038;p=1885"},"modified":"2024-08-13T06:42:45","modified_gmt":"2024-08-13T06:42:45","slug":"femi-style","status":"publish","type":"product","link":"https:\/\/audiomed.com.pl\/apt\/produkty\/femi-style\/","title":{"rendered":"Femi Style"},"content":{"rendered":"\n<p>Femi Style, wed\u0142ug producenta, ma za zadanie nie tylko \u0142agodzi\u0107 typowe objawy menopauzy, takie jak uderzenia gor\u0105ca czy problemy ze snem, ale r\u00f3wnie\u017c dodawa\u0107 energii i wspiera\u0107 og\u00f3lny dobrostan. Jest to szczeg\u00f3lnie wa\u017cne, bior\u0105c pod uwag\u0119, \u017ce menopauza mo\u017ce znacz\u0105co wp\u0142yn\u0105\u0107 na codzienne funkcjonowanie kobiet.<\/p>\n\n\n\n<figure class=\"wp-block-table is-style-regular\"><table class=\"has-fixed-layout\"><tbody><tr><td><strong>Nazwa produktu<\/strong><\/td><td>Femi Style<\/td><\/tr><tr><td><strong>Zastosowanie<\/strong><\/td><td>na okres menopauzalny u kobiet \ud83d\udc69\u200d\ud83e\uddb0<\/td><\/tr><tr><td><strong>Opinie<\/strong><\/td><td>\u2b50\u2b50\u2b50\u2b50\u2b50<\/td><\/tr><tr><td><strong>Cena<\/strong><\/td><td>137 PLN \ud83d\udcb5<\/td><\/tr><tr><td><strong>Typ produktu<\/strong><\/td><td>kapsu\u0142ki \ud83d\udc8a<\/td><\/tr><tr><td><strong>Dawka<\/strong><\/td><td>1 kapsu\u0142ka dziennie\u23f0<\/td><\/tr><tr><td><strong>Sk\u0142ad<\/strong><\/td><td>Ekstrakt z Kwiat\u00f3w Koniczyny Czerwonej\ud83c\udf43<br>Ekstrakt z Owoc\u00f3w Bor\u00f3wki Brusznicy\ud83c\udf43<br>Ekstrakt z Li\u015bci Melisy\ud83c\udf43<br>Witaminy C, E, B6, B9, B12 oraz BioPerine\u00ae\ud83c\udf43<\/td><\/tr><\/tbody><\/table><\/figure>\n\n\n\n<h2 class=\"wp-block-heading\">Czym jest Femi Style?<\/h2>\n\n\n\n<p>Femi Style to naturalny suplement diety, kt\u00f3ry zosta\u0142 stworzony z my\u015bl\u0105 o kobietach przechodz\u0105cych przez menopauz\u0119. Jego g\u0142\u00f3wnym zadaniem jest wsparcie w tym trudnym okresie, oferuj\u0105c ulg\u0119 w objawach zwi\u0105zanych z menopauz\u0105. Dzi\u0119ki zastosowaniu naturalnych sk\u0142adnik\u00f3w, Femi Style pomaga w stabilizacji poziomu hormon\u00f3w, co przek\u0142ada si\u0119 na popraw\u0119 samopoczucia i jako\u015bci \u017cycia.<\/p>\n\n\n\n<h2 class=\"wp-block-heading\">Wskazania do stosowania Femi Style<\/h2>\n\n\n\n<h3 class=\"wp-block-heading\">Zmiany nastroju i uderzenia gor\u0105ca<\/h3>\n\n\n\n<p>Jednym z g\u0142\u00f3wnych problem\u00f3w, z kt\u00f3rymi zmaga si\u0119 wiele kobiet w okresie menopauzy, s\u0105 nag\u0142e zmiany nastroju oraz uderzenia gor\u0105ca. Femi Style mo\u017ce by\u0107 wsparciem w tych nieprzyjemnych do\u015bwiadczeniach. Dzi\u0119ki zawarto\u015bci ekstraktu z kwiat\u00f3w koniczyny czerwonej, produkt ten mo\u017ce przyczyni\u0107 si\u0119 do z\u0142agodzenia tych objaw\u00f3w, poprawiaj\u0105c tym samym komfort \u017cycia.<\/p>\n\n\n\n<h3 class=\"wp-block-heading\">Problemy ze snem<\/h3>\n\n\n\n<p>Kolejnym wyzwaniem s\u0105 problemy ze snem, kt\u00f3re cz\u0119sto towarzysz\u0105 menopauzie. Femi Style, zawieraj\u0105c ekstrakt z li\u015bci melisy, ma za zadanie wspiera\u0107 zdrowy i spokojny sen. Melisa jest znana ze swoich w\u0142a\u015bciwo\u015bci uspokajaj\u0105cych, co mo\u017ce by\u0107 kluczem do poprawy jako\u015bci snu u kobiet w tym okresie.<\/p>\n\n\n\n<h3 class=\"wp-block-heading\">Spadek energii i og\u00f3lne os\u0142abienie<\/h3>\n\n\n\n<p>Menopauza mo\u017ce wi\u0105za\u0107 si\u0119 r\u00f3wnie\u017c ze spadkiem energii i og\u00f3lnym os\u0142abieniem. Femi Style, dzi\u0119ki zawarto\u015bci witamin z grupy B oraz BioPerine\u00ae, ma na celu wsparcie metabolizmu energetycznego i wzmacnianie uk\u0142adu odporno\u015bciowego. To z kolei mo\u017ce przyczyni\u0107 si\u0119 do poprawy og\u00f3lnej kondycji i samopoczucia.<\/p>\n\n\n\n<h2 class=\"wp-block-heading\">Efekty stosowania \u2013 Jak dzia\u0142aj\u0105 kapsu\u0142ki Femi Style?<\/h2>\n\n\n\n<p>Regularne stosowanie Femi Style mo\u017ce przynie\u015b\u0107 wiele korzy\u015bci dla kobiet w okresie menopauzy. Wed\u0142ug producenta, dzi\u0119ki zbilansowanemu sk\u0142adowi, produkt ten wspomaga regulacj\u0119 hormonaln\u0105, co bezpo\u015brednio wp\u0142ywa na zmniejszenie uci\u0105\u017cliwych objaw\u00f3w, takich jak uderzenia gor\u0105ca czy wahania nastroju. Ponadto, poprawa jako\u015bci snu i dodatkowa energia mog\u0105 znacz\u0105co wp\u0142ywa\u0107 na codzienne funkcjonowanie i og\u00f3lne samopoczucie.<\/p>\n\n\n\n<h2 class=\"wp-block-heading\">Sk\u0142adniki \u2013 Co zawiera produkt Femi Style?<\/h2>\n\n\n\n<ul class=\"wp-block-list\">\n<li><strong>Ekstrakt z Kwiat\u00f3w Koniczyny Czerwonej<\/strong>: Pomaga w \u0142agodzeniu uderze\u0144 gor\u0105ca i poprawia nastr\u00f3j.<\/li>\n\n\n\n<li><strong>Ekstrakt z Owoc\u00f3w Bor\u00f3wki Brusznicy<\/strong>: Wspiera uk\u0142ad moczowy i jest bogaty w antyoksydanty.<\/li>\n\n\n\n<li><strong>Ekstrakt z Li\u015bci Melisy<\/strong>: Dzia\u0142a uspokajaj\u0105co i poprawia jako\u015b\u0107 snu.<\/li>\n\n\n\n<li><strong>Witaminy C, E, B6, B9, B12 oraz BioPerine\u00ae<\/strong>: Wzmacniaj\u0105 uk\u0142ad odporno\u015bciowy i poprawiaj\u0105 kondycj\u0119 ko\u015bci i serca.<\/li>\n<\/ul>\n\n\n\n<p>Pe\u0142na lista sk\u0142adnik\u00f3w dost\u0119pna jest w ulotce do\u0142\u0105czonej do produktu.<\/p>\n\n\n\n<h2 class=\"wp-block-heading\">Cena Femi Style<\/h2>\n\n\n\n<p>Femi Style jest dost\u0119pny w atrakcyjnej cenie, szczeg\u00f3lnie je\u015bli skorzysta si\u0119 z aktualnych promocji oferowanych przez producenta. Dok\u0142adne informacje na temat ceny i mo\u017cliwych promocji mo\u017cna znale\u017a\u0107 na oficjalnej stronie producenta. Warto pami\u0119ta\u0107, \u017ce produkt ten nie jest dost\u0119pny w aptekach.<\/p>\n\n\n\n<h2 class=\"wp-block-heading\">Femi Style opinie \u2013 recenzje u\u017cytkownik\u00f3w o produkcie<\/h2>\n\n\n\n<p>Wiele kobiet podzieli\u0142o si\u0119 swoimi do\u015bwiadczeniami zwi\u0105zanymi ze stosowaniem Femi Style, podkre\u015blaj\u0105c jego skuteczno\u015b\u0107 w \u0142agodzeniu objaw\u00f3w menopauzy. U\u017cytkowniczki zaznaczaj\u0105, \u017ce dzi\u0119ki suplementowi czuj\u0105 si\u0119 lepiej, maj\u0105 wi\u0119cej energii i mniej problem\u00f3w ze snem. Pozytywne opinie s\u0105 wa\u017cnym wska\u017anikiem, kt\u00f3ry mo\u017ce pom\u00f3c innym kobietom w podj\u0119ciu decyzji o wypr\u00f3bowaniu Femi Style.<\/p>\n\n\n\n<h2 class=\"wp-block-heading\">Spos\u00f3b przyjmowania \u2013 Jak stosowa\u0107 Femi Style?<\/h2>\n\n\n\n<p>Zaleca si\u0119 przyjmowanie jednej kapsu\u0142ki Femi Style dziennie, najlepiej popijaj\u0105c j\u0105 odpowiedni\u0105 ilo\u015bci\u0105 wody. Regularne stosowanie jest kluczowe dla osi\u0105gni\u0119cia optymalnych efekt\u00f3w. Warto r\u00f3wnie\u017c pami\u0119ta\u0107 o przeciwwskazaniach i \u015brodkach ostro\u017cno\u015bci zwi\u0105zanych z u\u017cytkowaniem produktu, aby unikn\u0105\u0107 ewentualnych niepo\u017c\u0105danych reakcji.<\/p>\n\n\n\n<h2 class=\"wp-block-heading\">Skutki uboczne Femi Style<\/h2>\n\n\n\n<p>Femi Style, jako naturalny suplement diety, wed\u0142ug producenta, jest zaprojektowany tak, by minimalizowa\u0107 ryzyko wyst\u0105pienia skutk\u00f3w ubocznych. Naturalne sk\u0142adniki, takie jak ekstrakt z kwiat\u00f3w koniczyny czerwonej czy ekstrakt z li\u015bci melisy, s\u0105 dobrze tolerowane przez wi\u0119kszo\u015b\u0107 u\u017cytkownik\u00f3w. Niemniej jednak, podobnie jak w przypadku ka\u017cdego produktu, istnieje mo\u017cliwo\u015b\u0107 wyst\u0105pienia indywidualnej reakcji alergicznej na jeden ze sk\u0142adnik\u00f3w.<\/p>\n\n\n\n<p>Wa\u017cne jest, by przed rozpocz\u0119ciem stosowania Femi Style zapozna\u0107 si\u0119 z pe\u0142n\u0105 list\u0105 sk\u0142adnik\u00f3w zawart\u0105 w ulotce do\u0142\u0105czonej do opakowania. W przypadku wyst\u0105pienia niepo\u017c\u0105danych reakcji, takich jak np. wysypka, nale\u017cy przerwa\u0107 stosowanie produktu.<\/p>\n\n\n\n<h2 class=\"wp-block-heading\">Gdzie kupi\u0107 Femi Style: apteka, Amazon czy oficjalna strona producenta?<\/h2>\n\n\n\n<p>Femi Style nie jest dost\u0119pny w aptekach, co jest wa\u017cn\u0105 informacj\u0105 dla potencjalnych u\u017cytkownik\u00f3w. Kupuj\u0105c suplementy diety, istotne jest, aby korzysta\u0107 z zaufanych \u017ar\u00f3de\u0142, kt\u00f3re gwarantuj\u0105 oryginalno\u015b\u0107 i wysok\u0105 jako\u015b\u0107 produktu. W przypadku Femi Style, najlepszym wyborem jest zakup bezpo\u015brednio na oficjalnej stronie producenta. Taki spos\u00f3b zakupu zapewnia dost\u0119p do aktualnych promocji oraz gwarancj\u0119 otrzymania oryginalnego produktu.<\/p>\n\n\n\n<p>Cho\u0107 mo\u017cna spotka\u0107 oferty sprzeda\u017cy na platformach takich jak Amazon, warto pami\u0119ta\u0107, \u017ce jedynie zakup na oficjalnej stronie producenta daje pewno\u015b\u0107, \u017ce produkt jest autentyczny i spe\u0142nia wszystkie standardy jako\u015bci. Ponadto, producent cz\u0119sto oferuje atrakcyjne promocje cenowe, dzi\u0119ki czemu mo\u017cna zakupi\u0107 Femi Style w jeszcze bardziej korzystnej cenie.<\/p>\n\n\n\n<h2 class=\"wp-block-heading\">Najcz\u0119\u015bciej zadawane pytania:<\/h2>\n\n\n\n<h3 class=\"wp-block-heading\">W jakim celu stosuje si\u0119 Femi Style?<\/h3>\n\n\n\n<p>Femi Style jest naturalnym suplementem diety, kt\u00f3ry zosta\u0142 zaprojektowany z my\u015bl\u0105 o wsparciu kobiet w okresie menopauzy. Jego g\u0142\u00f3wnym celem jest \u0142agodzenie objaw\u00f3w zwi\u0105zanych z menopauz\u0105, takich jak uderzenia gor\u0105ca, problemy ze snem czy wahania nastroju. Dzi\u0119ki zastosowaniu naturalnych sk\u0142adnik\u00f3w, Femi Style mo\u017ce wspomaga\u0107 stabilizacj\u0119 poziomu hormon\u00f3w i poprawia\u0107 og\u00f3lne samopoczucie oraz jako\u015b\u0107 \u017cycia kobiet w tym szczeg\u00f3lnym okresie.<\/p>\n\n\n\n<h3 class=\"wp-block-heading\">Czy tabletki Femi Style mog\u0105 powodowa\u0107 skutki uboczne?<\/h3>\n\n\n\n<p>Jak wspomniano wcze\u015bniej, Femi Style jest produktem opartym na naturalnych sk\u0142adnikach, co powinno minimalizowa\u0107 ryzyko wyst\u0105pienia skutk\u00f3w ubocznych. Niemniej jednak, indywidualna nietolerancja na kt\u00f3ry\u015b ze sk\u0142adnik\u00f3w mo\u017ce prowadzi\u0107 do reakcji alergicznej.<\/p>\n\n\n\n<h3 class=\"wp-block-heading\">Jakie s\u0105 opinie lekarzy na temat Femi Style?<\/h3>\n\n\n\n<p>W internecie mo\u017cna znale\u017a\u0107 wiele opinii lekarzy na temat produktu Femi Style, jednak nie by\u0142o mo\u017cliwe ich zweryfikowanie. Wa\u017cne jest, aby pami\u0119ta\u0107, \u017ce opinie te mog\u0105 by\u0107 r\u00f3\u017cnorodne i zale\u017cy to od indywidualnego do\u015bwiadczenia specjalist\u00f3w z danym produktem.<\/p>\n\n\n\n<h3 class=\"wp-block-heading\">Czy Femi Style jest lekiem i jest skuteczny?<\/h3>\n\n\n\n<p>Femi Style jest suplementem diety, a zgodnie z prawem, suplementy diety nie s\u0105 lekami i nie maj\u0105 za zadanie leczenia. Mog\u0105 one jednak wspiera\u0107 organizm, oferuj\u0105c ulg\u0119 w okre\u015blonych objawach lub poprawiaj\u0105c og\u00f3lne samopoczucie. Skuteczno\u015b\u0107 Femi Style, jako wsparcia dla kobiet w okresie menopauzy, zosta\u0142a pozytywnie oceniona przez wielu u\u017cytkownik\u00f3w, co mo\u017ce \u015bwiadczy\u0107 o jego warto\u015bci.<\/p>\n\n\n\n<h3 class=\"wp-block-heading\">Gdzie mog\u0119 kupi\u0107 Femi Style?<\/h3>\n\n\n\n<p>Femi Style jest dost\u0119pny wy\u0142\u0105cznie na oficjalnej stronie producenta. To tam mo\u017cna znale\u017a\u0107 wszystkie niezb\u0119dne informacje o produkcie, aktualne promocje oraz gwarancj\u0119 otrzymania oryginalnego suplementu diety. Zakup poza oficjaln\u0105 stron\u0105 producenta nie jest zalecany ze wzgl\u0119du na ryzyko nabycia podr\u00f3bki.<\/p>\n","protected":false},"excerpt":{"rendered":"<p>Femi Style, wed\u0142ug producenta, ma za zadanie nie tylko \u0142agodzi\u0107 typowe objawy menopauzy, takie jak uderzenia gor\u0105ca czy problemy ze snem, ale r\u00f3wnie\u017c dodawa\u0107 energii i wspiera\u0107 og\u00f3lny dobrostan. Jest to szczeg\u00f3lnie wa\u017cne, bior\u0105c pod uwag\u0119, \u017ce menopauza mo\u017ce znacz\u0105co wp\u0142yn\u0105\u0107 na codzienne funkcjonowanie kobiet. Nazwa produktu Femi Style Zastosowanie na okres menopauzalny u kobiet &#8230; <a title=\"Femi Style\" class=\"read-more\" href=\"https:\/\/audiomed.com.pl\/apt\/produkty\/femi-style\/\" aria-label=\"More on Femi Style\">Czytaj dalej<\/a><\/p>\n","protected":false},"featured_media":1893,"comment_status":"open","ping_status":"closed","template":"","meta":{"_uag_custom_page_level_css":""},"product_brand":[],"product_cat":[23],"product_tag":[],"class_list":{"0":"post-1885","1":"product","2":"type-product","3":"status-publish","4":"has-post-thumbnail","6":"product_cat-zdrowie","7":"sales-flash-overlay","8":"woocommerce-text-align-center","9":"woocommerce-image-align-center","10":"do-quantity-buttons","12":"first","13":"instock","14":"sale","15":"shipping-taxable","16":"product-type-external"},"yoast_head":"<!-- This site is optimized with the Yoast SEO plugin v27.4 - https:\/\/yoast.com\/product\/yoast-seo-wordpress\/ -->\n<title>Femi Style kapsu\u0142ki - opinie, cena, sk\u0142ad, efekty 2024<\/title>\n<meta name=\"description\" content=\"Czy \ud83e\udd29Femi Style\ud83e\udd29 poprawi og\u00f3ln\u0105 jako\u015b\u0107 \u017cycia kobiet przechodz\u0105cych menopauz\u0119? Przeczytaj tutaj!\ud83d\udc69\u200d\ud83e\uddb0\" \/>\n<meta name=\"robots\" content=\"index, follow, max-snippet:-1, max-image-preview:large, max-video-preview:-1\" \/>\n<link rel=\"canonical\" href=\"https:\/\/audiomed.com.pl\/apt\/produkty\/femi-style\/\" \/>\n<meta property=\"og:locale\" content=\"pl_PL\" \/>\n<meta property=\"og:type\" content=\"article\" \/>\n<meta property=\"og:title\" content=\"Femi Style kapsu\u0142ki - opinie, cena, sk\u0142ad, efekty 2024\" \/>\n<meta property=\"og:description\" content=\"Czy \ud83e\udd29Femi Style\ud83e\udd29 poprawi og\u00f3ln\u0105 jako\u015b\u0107 \u017cycia kobiet przechodz\u0105cych menopauz\u0119? Przeczytaj tutaj!\ud83d\udc69\u200d\ud83e\uddb0\" \/>\n<meta property=\"og:url\" content=\"https:\/\/audiomed.com.pl\/apt\/produkty\/femi-style\/\" \/>\n<meta property=\"og:site_name\" content=\"Audiomed\" \/>\n<meta property=\"article:modified_time\" content=\"2024-08-13T06:42:45+00:00\" \/>\n<meta property=\"og:image\" content=\"https:\/\/audiomed.com.pl\/apt\/wp-content\/uploads\/2024\/07\/Femi-Style.png\" \/>\n\t<meta property=\"og:image:width\" content=\"300\" \/>\n\t<meta property=\"og:image:height\" content=\"300\" \/>\n\t<meta property=\"og:image:type\" content=\"image\/png\" \/>\n<meta name=\"twitter:card\" content=\"summary_large_image\" \/>\n<meta name=\"twitter:label1\" content=\"Szacowany czas czytania\" \/>\n\t<meta name=\"twitter:data1\" content=\"7 minut\" \/>\n<script type=\"application\/ld+json\" class=\"yoast-schema-graph\">{\"@context\":\"https:\\\/\\\/schema.org\",\"@graph\":[{\"@type\":\"WebPage\",\"@id\":\"https:\\\/\\\/audiomed.com.pl\\\/apt\\\/produkty\\\/femi-style\\\/\",\"url\":\"https:\\\/\\\/audiomed.com.pl\\\/apt\\\/produkty\\\/femi-style\\\/\",\"name\":\"Femi Style kapsu\u0142ki - opinie, cena, sk\u0142ad, efekty 2024\",\"isPartOf\":{\"@id\":\"https:\\\/\\\/audiomed.com.pl\\\/apt\\\/#website\"},\"primaryImageOfPage\":{\"@id\":\"https:\\\/\\\/audiomed.com.pl\\\/apt\\\/produkty\\\/femi-style\\\/#primaryimage\"},\"image\":{\"@id\":\"https:\\\/\\\/audiomed.com.pl\\\/apt\\\/produkty\\\/femi-style\\\/#primaryimage\"},\"thumbnailUrl\":\"https:\\\/\\\/audiomed.com.pl\\\/apt\\\/wp-content\\\/uploads\\\/2024\\\/07\\\/Femi-Style.png\",\"datePublished\":\"2024-07-10T03:42:01+00:00\",\"dateModified\":\"2024-08-13T06:42:45+00:00\",\"description\":\"Czy \ud83e\udd29Femi Style\ud83e\udd29 poprawi og\u00f3ln\u0105 jako\u015b\u0107 \u017cycia kobiet przechodz\u0105cych menopauz\u0119? Przeczytaj tutaj!\ud83d\udc69\u200d\ud83e\uddb0\",\"breadcrumb\":{\"@id\":\"https:\\\/\\\/audiomed.com.pl\\\/apt\\\/produkty\\\/femi-style\\\/#breadcrumb\"},\"inLanguage\":\"pl-PL\",\"potentialAction\":[{\"@type\":\"ReadAction\",\"target\":[\"https:\\\/\\\/audiomed.com.pl\\\/apt\\\/produkty\\\/femi-style\\\/\"]}]},{\"@type\":\"ImageObject\",\"inLanguage\":\"pl-PL\",\"@id\":\"https:\\\/\\\/audiomed.com.pl\\\/apt\\\/produkty\\\/femi-style\\\/#primaryimage\",\"url\":\"https:\\\/\\\/audiomed.com.pl\\\/apt\\\/wp-content\\\/uploads\\\/2024\\\/07\\\/Femi-Style.png\",\"contentUrl\":\"https:\\\/\\\/audiomed.com.pl\\\/apt\\\/wp-content\\\/uploads\\\/2024\\\/07\\\/Femi-Style.png\",\"width\":300,\"height\":300,\"caption\":\"Femi Style\"},{\"@type\":\"BreadcrumbList\",\"@id\":\"https:\\\/\\\/audiomed.com.pl\\\/apt\\\/produkty\\\/femi-style\\\/#breadcrumb\",\"itemListElement\":[{\"@type\":\"ListItem\",\"position\":1,\"name\":\"Home\",\"item\":\"https:\\\/\\\/audiomed.com.pl\\\/apt\\\/\"},{\"@type\":\"ListItem\",\"position\":2,\"name\":\"Produkty\",\"item\":\"https:\\\/\\\/audiomed.com.pl\\\/apt\\\/\"},{\"@type\":\"ListItem\",\"position\":3,\"name\":\"Femi Style\"}]},{\"@type\":\"WebSite\",\"@id\":\"https:\\\/\\\/audiomed.com.pl\\\/apt\\\/#website\",\"url\":\"https:\\\/\\\/audiomed.com.pl\\\/apt\\\/\",\"name\":\"Audiomed\",\"description\":\"\",\"potentialAction\":[{\"@type\":\"SearchAction\",\"target\":{\"@type\":\"EntryPoint\",\"urlTemplate\":\"https:\\\/\\\/audiomed.com.pl\\\/apt\\\/?s={search_term_string}\"},\"query-input\":{\"@type\":\"PropertyValueSpecification\",\"valueRequired\":true,\"valueName\":\"search_term_string\"}}],\"inLanguage\":\"pl-PL\"}]}<\/script>\n<!-- \/ Yoast SEO plugin. -->","yoast_head_json":{"title":"Femi Style kapsu\u0142ki - opinie, cena, sk\u0142ad, efekty 2024","description":"Czy \ud83e\udd29Femi Style\ud83e\udd29 poprawi og\u00f3ln\u0105 jako\u015b\u0107 \u017cycia kobiet przechodz\u0105cych menopauz\u0119? Przeczytaj tutaj!\ud83d\udc69\u200d\ud83e\uddb0","robots":{"index":"index","follow":"follow","max-snippet":"max-snippet:-1","max-image-preview":"max-image-preview:large","max-video-preview":"max-video-preview:-1"},"canonical":"https:\/\/audiomed.com.pl\/apt\/produkty\/femi-style\/","og_locale":"pl_PL","og_type":"article","og_title":"Femi Style kapsu\u0142ki - opinie, cena, sk\u0142ad, efekty 2024","og_description":"Czy \ud83e\udd29Femi Style\ud83e\udd29 poprawi og\u00f3ln\u0105 jako\u015b\u0107 \u017cycia kobiet przechodz\u0105cych menopauz\u0119? Przeczytaj tutaj!\ud83d\udc69\u200d\ud83e\uddb0","og_url":"https:\/\/audiomed.com.pl\/apt\/produkty\/femi-style\/","og_site_name":"Audiomed","article_modified_time":"2024-08-13T06:42:45+00:00","og_image":[{"width":300,"height":300,"url":"https:\/\/audiomed.com.pl\/apt\/wp-content\/uploads\/2024\/07\/Femi-Style.png","type":"image\/png"}],"twitter_card":"summary_large_image","twitter_misc":{"Szacowany czas czytania":"7 minut"},"schema":{"@context":"https:\/\/schema.org","@graph":[{"@type":"WebPage","@id":"https:\/\/audiomed.com.pl\/apt\/produkty\/femi-style\/","url":"https:\/\/audiomed.com.pl\/apt\/produkty\/femi-style\/","name":"Femi Style kapsu\u0142ki - opinie, cena, sk\u0142ad, efekty 2024","isPartOf":{"@id":"https:\/\/audiomed.com.pl\/apt\/#website"},"primaryImageOfPage":{"@id":"https:\/\/audiomed.com.pl\/apt\/produkty\/femi-style\/#primaryimage"},"image":{"@id":"https:\/\/audiomed.com.pl\/apt\/produkty\/femi-style\/#primaryimage"},"thumbnailUrl":"https:\/\/audiomed.com.pl\/apt\/wp-content\/uploads\/2024\/07\/Femi-Style.png","datePublished":"2024-07-10T03:42:01+00:00","dateModified":"2024-08-13T06:42:45+00:00","description":"Czy \ud83e\udd29Femi Style\ud83e\udd29 poprawi og\u00f3ln\u0105 jako\u015b\u0107 \u017cycia kobiet przechodz\u0105cych menopauz\u0119? Przeczytaj tutaj!\ud83d\udc69\u200d\ud83e\uddb0","breadcrumb":{"@id":"https:\/\/audiomed.com.pl\/apt\/produkty\/femi-style\/#breadcrumb"},"inLanguage":"pl-PL","potentialAction":[{"@type":"ReadAction","target":["https:\/\/audiomed.com.pl\/apt\/produkty\/femi-style\/"]}]},{"@type":"ImageObject","inLanguage":"pl-PL","@id":"https:\/\/audiomed.com.pl\/apt\/produkty\/femi-style\/#primaryimage","url":"https:\/\/audiomed.com.pl\/apt\/wp-content\/uploads\/2024\/07\/Femi-Style.png","contentUrl":"https:\/\/audiomed.com.pl\/apt\/wp-content\/uploads\/2024\/07\/Femi-Style.png","width":300,"height":300,"caption":"Femi Style"},{"@type":"BreadcrumbList","@id":"https:\/\/audiomed.com.pl\/apt\/produkty\/femi-style\/#breadcrumb","itemListElement":[{"@type":"ListItem","position":1,"name":"Home","item":"https:\/\/audiomed.com.pl\/apt\/"},{"@type":"ListItem","position":2,"name":"Produkty","item":"https:\/\/audiomed.com.pl\/apt\/"},{"@type":"ListItem","position":3,"name":"Femi Style"}]},{"@type":"WebSite","@id":"https:\/\/audiomed.com.pl\/apt\/#website","url":"https:\/\/audiomed.com.pl\/apt\/","name":"Audiomed","description":"","potentialAction":[{"@type":"SearchAction","target":{"@type":"EntryPoint","urlTemplate":"https:\/\/audiomed.com.pl\/apt\/?s={search_term_string}"},"query-input":{"@type":"PropertyValueSpecification","valueRequired":true,"valueName":"search_term_string"}}],"inLanguage":"pl-PL"}]}},"uagb_featured_image_src":{"full":["https:\/\/audiomed.com.pl\/apt\/wp-content\/uploads\/2024\/07\/Femi-Style.png",300,300,false],"thumbnail":["https:\/\/audiomed.com.pl\/apt\/wp-content\/uploads\/2024\/07\/Femi-Style-150x150.png",150,150,true],"medium":["https:\/\/audiomed.com.pl\/apt\/wp-content\/uploads\/2024\/07\/Femi-Style.png",300,300,false],"medium_large":["https:\/\/audiomed.com.pl\/apt\/wp-content\/uploads\/2024\/07\/Femi-Style.png",300,300,false],"large":["https:\/\/audiomed.com.pl\/apt\/wp-content\/uploads\/2024\/07\/Femi-Style.png",300,300,false],"1536x1536":["https:\/\/audiomed.com.pl\/apt\/wp-content\/uploads\/2024\/07\/Femi-Style.png",300,300,false],"2048x2048":["https:\/\/audiomed.com.pl\/apt\/wp-content\/uploads\/2024\/07\/Femi-Style.png",300,300,false],"woocommerce_thumbnail":["https:\/\/audiomed.com.pl\/apt\/wp-content\/uploads\/2024\/07\/Femi-Style.png",300,300,false],"woocommerce_single":["https:\/\/audiomed.com.pl\/apt\/wp-content\/uploads\/2024\/07\/Femi-Style.png",300,300,false],"woocommerce_gallery_thumbnail":["https:\/\/audiomed.com.pl\/apt\/wp-content\/uploads\/2024\/07\/Femi-Style-100x100.png",100,100,true],"yarpp-thumbnail":["https:\/\/audiomed.com.pl\/apt\/wp-content\/uploads\/2024\/07\/Femi-Style-120x120.png",120,120,true]},"uagb_author_info":{"display_name":"Patrycja","author_link":"https:\/\/audiomed.com.pl\/apt\/author\/"},"uagb_comment_info":0,"uagb_excerpt":"Femi Style, wed\u0142ug producenta, ma za zadanie nie tylko \u0142agodzi\u0107 typowe objawy menopauzy, takie jak uderzenia gor\u0105ca czy problemy ze snem, ale r\u00f3wnie\u017c dodawa\u0107 energii i wspiera\u0107 og\u00f3lny dobrostan. Jest to szczeg\u00f3lnie wa\u017cne, bior\u0105c pod uwag\u0119, \u017ce menopauza mo\u017ce znacz\u0105co wp\u0142yn\u0105\u0107 na codzienne funkcjonowanie kobiet. Nazwa produktu Femi Style Zastosowanie na okres menopauzalny u kobiet&hellip;","_links":{"self":[{"href":"https:\/\/audiomed.com.pl\/apt\/wp-json\/wp\/v2\/product\/1885","targetHints":{"allow":["GET"]}}],"collection":[{"href":"https:\/\/audiomed.com.pl\/apt\/wp-json\/wp\/v2\/product"}],"about":[{"href":"https:\/\/audiomed.com.pl\/apt\/wp-json\/wp\/v2\/types\/product"}],"replies":[{"embeddable":true,"href":"https:\/\/audiomed.com.pl\/apt\/wp-json\/wp\/v2\/comments?post=1885"}],"wp:featuredmedia":[{"embeddable":true,"href":"https:\/\/audiomed.com.pl\/apt\/wp-json\/wp\/v2\/media\/1893"}],"wp:attachment":[{"href":"https:\/\/audiomed.com.pl\/apt\/wp-json\/wp\/v2\/media?parent=1885"}],"wp:term":[{"taxonomy":"product_brand","embeddable":true,"href":"https:\/\/audiomed.com.pl\/apt\/wp-json\/wp\/v2\/product_brand?post=1885"},{"taxonomy":"product_cat","embeddable":true,"href":"https:\/\/audiomed.com.pl\/apt\/wp-json\/wp\/v2\/product_cat?post=1885"},{"taxonomy":"product_tag","embeddable":true,"href":"https:\/\/audiomed.com.pl\/apt\/wp-json\/wp\/v2\/product_tag?post=1885"}],"curies":[{"name":"wp","href":"https:\/\/api.w.org\/{rel}","templated":true}]}}