{"id":174,"date":"2023-12-27T23:25:58","date_gmt":"2023-12-27T23:25:58","guid":{"rendered":"https:\/\/audiomed.com.pl\/apt\/?post_type=product&#038;p=174"},"modified":"2024-01-07T18:40:47","modified_gmt":"2024-01-07T18:40:47","slug":"nicosadio","status":"publish","type":"product","link":"https:\/\/audiomed.com.pl\/apt\/produkty\/nicosadio\/","title":{"rendered":"Nicosadio"},"content":{"rendered":"\r\n<p>Nicosadio plastry to \u015brodek kt\u00f3ry powinien pom\u00f3c <strong>zahamowa\u0107 nawyki palenia<\/strong>, a tak\u017ce oczy\u015bci\u0107 organizm z nikotyny oraz toksyn, co powinno doprowadzi\u0107 do og\u00f3lnej poprawy zdrowia i samopoczucia. Jak twierdzi producent Nicosadio, <strong>naturalne sk\u0142adniki<\/strong> zosta\u0142y dobrane tak, \u017ce nie powinny pojawi\u0107 si\u0119 skutki uboczne oraz nie ma przeciwwskaza\u0144 do ich stosowania.<\/p>\r\n\r\n\r\n\r\n<div class=\"wp-block-spacer\" style=\"height: 20px;\" aria-hidden=\"true\">\u00a0<\/div>\r\n\r\n\r\n\r\n<figure class=\"wp-block-table is-style-regular\">\r\n<table class=\"has-fixed-layout\">\r\n<tbody>\r\n<tr>\r\n<td><strong>Nazwa produktu<\/strong><\/td>\r\n<td>Nicosadio<\/td>\r\n<\/tr>\r\n<tr>\r\n<td><strong>Zastosowanie<\/strong><\/td>\r\n<td>na rzucenie palenia \ud83d\udead<\/td>\r\n<\/tr>\r\n<tr>\r\n<td><strong>Opinie<\/strong><\/td>\r\n<td>\u2b50\u2b50\u2b50\u2b50\u2b50<\/td>\r\n<\/tr>\r\n<tr>\r\n<td><strong>Cena<\/strong><\/td>\r\n<td>149 PLN \ud83d\udcb5<\/td>\r\n<\/tr>\r\n<tr>\r\n<td><strong>Typ produktu<\/strong><\/td>\r\n<td>plastry\ud83e\uddf4<\/td>\r\n<\/tr>\r\n<tr>\r\n<td><strong>Dawka<\/strong><\/td>\r\n<td>sprawd\u017a ulotk\u0119 \ud83e\uded9<\/td>\r\n<\/tr>\r\n<tr>\r\n<td><strong>Sk\u0142ad<\/strong><\/td>\r\n<td>Mentol\ud83c\udf43<br \/>Cyneol\ud83c\udf43 <br \/>Limonen\ud83c\udf43 <br \/>Octan etylu\ud83c\udf43<br \/>Olejek eukaliptusowy\ud83c\udf43<br \/>Olejek mi\u0119towy\ud83c\udf43<\/td>\r\n<\/tr>\r\n<\/tbody>\r\n<\/table>\r\n<\/figure>\r\n\r\n\r\n\r\n<div class=\"wp-block-spacer\" style=\"height: 20px;\" aria-hidden=\"true\">\u00a0<\/div>\r\n\r\n\r\n\r\n<h2 class=\"wp-block-heading\">Nicosadio plastry, sk\u0142adniki, jak u\u017cywa\u0107, jak to dzia\u0142a, skutki uboczne?<\/h2>\r\n\r\n\r\n\r\n<p>Plastry Nicosadio wspieraj\u0105 rzucenie palenia. Stosowanie tego produktu powinno nie tylko pomoc <strong>rzuci\u0107 palenie<\/strong>, ale i oczy\u015bci\u0107 organizm z toksyn czy nagromadzonej nikotyny. Jak twierdzi producent preparatu, Nicosadio oferuje naturaln\u0105 pomoc w postaci olejk\u00f3w i czynnych substancji pomocniczych, kt\u00f3re nie powinny powodowa\u0107 skutk\u00f3w ubocznych.<\/p>\r\n<h3>Nicosadio sk\u0142adniki<\/h3>\r\n<p>Na sk\u0142ad Nicosadio, sk\u0142adaj\u0105 si\u0119 takie <strong>naturalne substancje czynne<\/strong> jak: mentol, cyneol, limonen, oraz octan etylu, a tak\u017ce olejek eukaliptusowy oraz olejek mi\u0119towy. Sk\u0142adniki, powinny pom\u00f3c w procesie rzucania palenia oraz w \u0142agodzeniu objaw\u00f3w odstawienia. Ich zadaniem jest nasycanie i wspieranie wzajemnie swojego dzia\u0142ania, aby <strong>wspom\u00f3c organizm<\/strong>.<\/p>\r\n\r\n\r\n\r\n<h3 class=\"wp-block-heading\">Nicosadio jak to dzia\u0142a<\/h3>\r\n\r\n\r\n\r\n<p>G\u0142\u00f3wnym wskazaniem do stosowania plastr\u00f3w Nicosadio jest ch\u0119\u0107 <strong>rzucenia palenia<\/strong> oraz zahamowania g\u0142odu nikotynowego. Rzucenie palenia nie jest \u0142atwym procesem, ale plastry powinny go u\u0142atwi\u0107 i zniwelowa\u0107, a nast\u0119pnie zlikwidowa\u0107 <strong>skutki nadmiaru nikotyny<\/strong> oraz toksyn w organizmie.<\/p>\r\n\r\n\r\n\r\n<h3 class=\"wp-block-heading\">Spos\u00f3b aplikacji \u2013 Jak stosowa\u0107 Nicosadio?<\/h3>\r\n<p>\r\n\r\n<\/p>\r\n<p>Dok\u0142adna instrukcja oraz <strong>spos\u00f3b aplikacji<\/strong> plastr\u00f3w mo\u017ce znajdowa\u0107 si\u0119 w ulotce, kt\u00f3ra powinna by\u0107 do\u0142\u0105czona do ka\u017cdego opakowania. Warto zapozna\u0107 si\u0119 z jej tre\u015bci\u0105 oraz stosowa\u0107 si\u0119 do zalece\u0144 producenta.<\/p>\r\n<p>\r\n\r\n<\/p>\r\n<h3 class=\"wp-block-heading\">Skutki uboczne plastr\u00f3w Nicosadio<\/h3>\r\n<p>\r\n\r\n<\/p>\r\n<p>Wed\u0142ug producenta dzi\u0119ki zastosowaniu <strong>naturalnych sk\u0142adnik\u00f3w<\/strong>, plastry nie powinny powodowa\u0107 skutk\u00f3w ubocznych, ani te\u017c nie ma przeciwwskazania do ich stosowania. Specjalnie dobrana kompozycja naturalnych sk\u0142adnik\u00f3w, zdaniem producenta nie powinna wywo\u0142ywa\u0107 reakcji alergicznej, aczkolwiek warto <strong><a href=\"https:\/\/audiomed.com.pl\/apt\/nicosadio-cena\" target=\"_blank\" rel=\"noreferrer noopener\">wykona\u0107 test<\/a><\/strong>, przed zastosowaniem preparatu, kt\u00f3ry ma bezpo\u015bredni kontakt ze sk\u00f3r\u0105.<\/p>\r\n<h3 class=\"wp-block-heading\">Problem z rzuceniem palenia papieros\u00f3w<\/h3>\r\n<p>\r\n\r\n<\/p>\r\n<p>Jak ju\u017c wcze\u015bniej zosta\u0142o wspominane, <strong>proces rzucania palenia<\/strong> jest trudny i mog\u0105 mu towarzyszy\u0107 takie niedogodno\u015bci, jak pobudzony apetyt i ch\u0119\u0107 podjadania, og\u00f3lne rozdra\u017cnienie, czy przyrost masy cia\u0142a. Jednak kompozycja sk\u0142adnik\u00f3w zawartych w produkcie Nicosadio powinna dzia\u0142a\u0107 na organizm koj\u0105co i pom\u00f3c przej\u015b\u0107 <strong><a href=\"https:\/\/audiomed.com.pl\/apt\/nicosadio-cena\" target=\"_blank\" rel=\"noreferrer noopener\">rzuceni<\/a>e<a href=\"https:\/\/audiomed.com.pl\/apt\/nicosadio-cena\" target=\"_blank\" rel=\"noreferrer noopener\"> palenia<\/a><\/strong> w lagodniejszej formie. Palenie papieros\u00f3w sprawia, \u017ce nasz organizm jest nara\u017cony na dzia\u0142anie nikotyny oraz innych towarzysz\u0105cych jej toksyn, kt\u00f3re wp\u0142ywaj\u0105 na nasze samopoczucie oraz <strong>prawid\u0142owe dzia\u0142anie organizmu<\/strong>. Sk\u0142adniki i substancje zawarte w plastrach powinny pom\u00f3c oczy\u015bci\u0107 organizm z nikotyny oraz nadmiaru toksyn.<\/p>\r\n\r\n\r\n\r\n\r\n\r\n\r\n\r\n<h3 class=\"wp-block-heading\">Ci\u0105g\u0142e powracanie do na\u0142ogu<\/h3>\r\n\r\n\r\n\r\n<p>Jednym z g\u0142\u00f3wnych problem\u00f3w zwi\u0105zanym z na\u0142ogiem palenia jest ci\u0105g\u0142a potrzeba dostarczania nikotyny do organizmu. W procesie rzucania palenia najtrudniejszym elementem jest nie si\u0119ganie po papierosa. Plastry powinny stopniowo <strong>uwalnia\u0107 organizm od nikotyny<\/strong>, a tym samym zmniejsza\u0107 ch\u0119\u0107 na papierosa, a w etapie ko\u0144cowym powinni\u015bmy ca\u0142kowicie rzuci\u0107 palenie.<\/p>\r\n\r\n\r\n\r\n<h2 class=\"wp-block-heading\">Efekty stosowania \u2013 Jak dzia\u0142aj\u0105 plastry Nicosadio?<\/h2>\r\n\r\n\r\n\r\n<ul class=\"wp-block-list\">\r\n<li>Plastry Nicosadio powinny pom\u00f3c w rzuceniu palenia, a tak\u017ce powstrzymywa\u0107 ch\u0119\u0107 po ponowne si\u0119gni\u0119cie po papierosa;<\/li>\r\n\r\n\r\n\r\n<li>Celem produktu Nicosadio jest wspom\u00f3c organizm oraz z\u0142agodzi\u0107 lub pozby\u0107 si\u0119 nieprzyjemnych dolegliwo\u015bci, kt\u00f3re towarzysz\u0105 podczas przyjmowania nikotyny, takie jak: kaszel palacza, nieprzyjemny zapach z ust, czy te\u017c z\u017c\u00f3\u0142cenie z\u0119b\u00f3w;<\/li>\r\n\r\n\r\n\r\n<li>Plastry powinny pom\u00f3c oczy\u015bci\u0107 organizm z nadmiaru nikotyny oraz szkodliwych toksyn, kt\u00f3re pogarszaj\u0105 stan naszego organizmu;<\/li>\r\n\r\n\r\n\r\n<li>Zadaniem produktu Nicosadio jest oczy\u015bci\u0107 organizm oraz wspieranie rzucenie palenia, powinien on sprawi\u0107, \u017ce nasza cera stanie si\u0119 promienna, ci\u015bnienie krwi powinno si\u0119 unormowa\u0107, nasze p\u0142uca oczyszcz\u0105 si\u0119, a tak\u017ce powr\u00f3ci nasz dawny smak;<\/li>\r\n<\/ul>\r\n<h2 class=\"wp-block-heading\">Nicosadio opinie, forum, komentarze<\/h2>\r\n<p>\r\n\r\n<\/p>\r\n<p>Producent poleca, aby zapozna\u0107 si\u0119 z oficjalnym forum produktu Nicosadio, a znajdziemy tam, nie tylko komentarze oraz wylewne opinie na temat plastr\u00f3w, ale i aktualne <strong>recenzje u\u017cytkownik\u00f3w<\/strong>. Powinny one pokaza\u0107 \u015brodek do pomocy rzucenia palenia od strony konsumenta i pom\u00f3c podj\u0105\u0107 decyzj\u0119, czy produkt b\u0119dzie odpowiedni w\u0142a\u015bnie dla nas.<\/p>\r\n<p>\r\n\r\n<\/p>\r\n<p>Generalnie opinie na temat produktu wydaj\u0105 si\u0119 by\u0107 pozytywne lub naturalne. Du\u017ca cz\u0119\u015b\u0107 u\u017cytkownik\u00f3w przyznaje, \u017ce plastry pomog\u0142y im z na\u0142ogiem palenia, pomog\u0142y nie tylko <strong>rzuci\u0107 palenie<\/strong>, ale tak\u017ce zachodzi\u0142y objawy odstawienia. Inni zaznaczaj\u0105, \u017ce stosowanie Nicosadio zmniejsza ochot\u0119 na <strong>ponowne si\u0119gni\u0119cie po papierosa<\/strong>. Du\u017ca cz\u0119\u015b\u0107 opini zwraca uwag\u0119 na naturalne sk\u0142adniki, kt\u00f3re s\u0105 plusem produktu. S\u0105 tak\u017ce opinie, kt\u00f3re sugeruj\u0105, \u017ce owszem preparat pomaga, ale nadal maj\u0105 problem z zrzuceniem palenia.<\/p>\r\n\r\n\r\n\r\n\r\n\r\n\r\n\r\n<h2 class=\"wp-block-heading\">Nicosadio cena, ile to kosztuje<\/h2>\r\n\r\n\r\n\r\n<p>Wed\u0142ug informacji producenta, <strong>aktualn\u0105 cen\u0119 Nicosadio<\/strong> znajdziemy na oficjalnej stronie internetowej plastr\u00f3w. Tw\u00f3rca produktu, cz\u0119sto organizuje specjalne zni\u017cki lub te\u017c <strong>atrakcyjne promocje<\/strong>, kt\u00f3re mog\u0105 by\u0107 ograniczone czasowo, dlatego te\u017c warto odwiedza\u0107 witryn\u0119 od czasu do czasu.<\/p>\r\n\r\n\r\n\r\n\r\n\r\n<p>&nbsp;<\/p>\r\n\r\n\r\n\r\n<h2 class=\"wp-block-heading\">Gdzie kupi\u0107 Nicosadio: apteka, Amazon czy oficjalna strona producenta?<\/h2>\r\n\r\n\r\n\r\n<p>Wy\u0142\u0105cznym miejscem sprzeda\u017cy plastr\u00f3w jest <strong>oficjalna strona internetowa<\/strong> producenta Nicosadio. Produkt nie jest dost\u0119pny w aptekach, czy sklepach farmaceutycznych, nie znajdziemy go r\u00f3wnie\u017c w drogeriach. Nie warto szuka\u0107 plastr\u00f3w w internetowych sklepach oraz popularnych platformach zakupowych, takich jak cho\u0107by Allegro, czy zagraniczne Ebay. Wy\u0142\u0105cznym <strong>\u017ar\u00f3d\u0142em sprzeda\u017cy<\/strong> plastr\u00f3w Nicosadio jest producent i jego oficjalna witryna internetowa.<\/p>\r\n\r\n\r\n\r\n<h2 class=\"wp-block-heading\">Najcz\u0119\u015bciej zadawane pytania:<\/h2>\r\n\r\n\r\n\r\n<h3 class=\"wp-block-heading\">W jakim celu stosuje si\u0119 Nicosadio?<\/h3>\r\n\r\n\r\n\r\n<p>Plastry mo\u017cna stosowa\u0107, je\u015bli chcemy wspom\u00f3c <strong>proces rzucania palenia<\/strong>, oczy\u015bci\u0107 organizm z zalegaj\u0105cej nikotyny oraz toksyn, kt\u00f3re maj\u0105 negatywny wp\u0142yw na funkcjonowanie naszego organizmu, oraz przygotowa\u0107 organizm, aby ch\u0119\u0107 na papierosa nie powr\u00f3ci\u0142a.<\/p>\r\n\r\n\r\n\r\n<h3 class=\"wp-block-heading\">Czy plastry Nicosadio mog\u0105 powodowa\u0107 skutki uboczne?<\/h3>\r\n\r\n\r\n\r\n<p>Jak twierdzi producent \u015brodka Nicosadio, plastry nie powinny powodowa\u0107 skutk\u00f3w ubocznych, ze wzgl\u0119du na zastosowane w nich <strong>naturalne olejki<\/strong> oraz inne czynne substancje pomocnicze. Nie ma r\u00f3wnie\u017c przeciwwskazania do ich zastosowania, jak podaje producent.<\/p>\r\n\r\n\r\n\r\n<h3 class=\"wp-block-heading\">Jakie s\u0105 opinie lekarzy na temat plastr\u00f3w Nicosadio?<\/h3>\r\n\r\n\r\n\r\n<p>Mo\u017cemy natkn\u0105\u0107 si\u0119 na wiele <strong>opinii lekarzy<\/strong> na temat Nicosadio, lecz trudno jest w\u0142a\u015bciwie potwierdzi\u0107 ich autentyczno\u015b\u0107. Przed zastosowaniem jakiegokolwiek nowego produktu, zawsze warto skonsultowa\u0107 jego dzia\u0142anie ze swoim lekarzem.<\/p>\r\n\r\n\r\n\r\n<h3 class=\"wp-block-heading\">Czy Nicosadio jest lekiem i jest skuteczny w leczeniu uzale\u017cnienia od nikotyny?<\/h3>\r\n\r\n\r\n\r\n<p>Produkt Nicosadio <strong>nie jest lekiem<\/strong>, wi\u0119c wed\u0142ug Polskiego prawa, nie mo\u017ce by\u0107 stosowaniu w celu leczenia, lecz mo\u017ce wspomaga\u0107 proces rzucania palenia i usuwania z organizmu nikotyny, czy te\u017c toksyn.<\/p>\r\n\r\n\r\n\r\n<h3 class=\"wp-block-heading\">Gdzie mog\u0119 kupi\u0107 plastry Nicosadio?<\/h3>\r\n\r\n\r\n\r\n<p><strong>Oficjalna strona internetowa producenta<\/strong> jest jedynym miejscem dystrybucji oryginalnego produktu, plastr\u00f3w Nicosadio. Plastry antynikotynowe nie s\u0105 sprzedawane w aptekach, drogeriach, czy te\u017c sklepach farmaceutycznych. Nie kupimy ich r\u00f3wnie\u017c w sklepach online oraz du\u017cych platformach zakupowych. Je\u015bli zale\u017cy nam na <strong>oryginalno\u015bci produktu<\/strong>, to warto uda\u0107 si\u0119 na oficjaln\u0105 stron\u0119 producenta, gdzie zam\u00f3wienie mo\u017cemy \u0142atwo z\u0142o\u017cy\u0107 poprzez wype\u0142nienie formularza. Po chwili powinien skontaktowa\u0107 si\u0119 z nami konsultant, z kt\u00f3rym potwierdzimy dane wysy\u0142kowe, konsultant mo\u017ce r\u00f3wnie\u017c odpowiedzie\u0107 na nasze pytania zwi\u0105zane z produktem.<\/p>\r\n\r\n\r\n\r\n<div class=\"wp-block-buttons is-content-justification-center is-layout-flex wp-container-core-buttons-is-layout-16018d1d wp-block-buttons-is-layout-flex\"><\/div>\r\n","protected":false},"excerpt":{"rendered":"<p>Natychmiast rzu\u0107 palenie.<\/p>\n","protected":false},"featured_media":182,"comment_status":"open","ping_status":"closed","template":"","meta":{"_uag_custom_page_level_css":""},"product_brand":[],"product_cat":[23],"product_tag":[],"class_list":{"0":"post-174","1":"product","2":"type-product","3":"status-publish","4":"has-post-thumbnail","6":"product_cat-zdrowie","7":"sales-flash-overlay","8":"woocommerce-text-align-center","9":"woocommerce-image-align-center","10":"do-quantity-buttons","12":"first","13":"instock","14":"sale","15":"shipping-taxable","16":"product-type-external"},"yoast_head":"<!-- This site is optimized with the Yoast SEO plugin v27.5 - https:\/\/yoast.com\/product\/yoast-seo-wordpress\/ -->\n<title>Nicosadio plastry- opinie, cena, sk\u0142ad, efekty 2024<\/title>\n<meta name=\"description\" content=\"Czy plastry \u27a1\ufe0f Nicosadio \u2b05\ufe0f to dobry pomys\u0142 gdy chcesz rzuci\u0107 palenie? Dowiedz si\u0119 tutaj! \ud83e\udec1 \u2705\" \/>\n<meta name=\"robots\" content=\"index, follow, max-snippet:-1, max-image-preview:large, max-video-preview:-1\" \/>\n<link rel=\"canonical\" href=\"https:\/\/audiomed.com.pl\/apt\/produkty\/nicosadio\/\" \/>\n<meta property=\"og:locale\" content=\"pl_PL\" \/>\n<meta property=\"og:type\" content=\"article\" \/>\n<meta property=\"og:title\" content=\"Nicosadio plastry- opinie, cena, sk\u0142ad, efekty 2024\" \/>\n<meta property=\"og:description\" content=\"Czy plastry \u27a1\ufe0f Nicosadio \u2b05\ufe0f to dobry pomys\u0142 gdy chcesz rzuci\u0107 palenie? Dowiedz si\u0119 tutaj! \ud83e\udec1 \u2705\" \/>\n<meta property=\"og:url\" content=\"https:\/\/audiomed.com.pl\/apt\/produkty\/nicosadio\/\" \/>\n<meta property=\"og:site_name\" content=\"Audiomed\" \/>\n<meta property=\"article:modified_time\" content=\"2024-01-07T18:40:47+00:00\" \/>\n<meta property=\"og:image\" content=\"https:\/\/audiomed.com.pl\/apt\/wp-content\/uploads\/2023\/12\/Nicosadio-plastry-opinie-cena-sklad-forum-gdzie-kupic.png\" \/>\n\t<meta property=\"og:image:width\" content=\"400\" \/>\n\t<meta property=\"og:image:height\" content=\"400\" \/>\n\t<meta property=\"og:image:type\" content=\"image\/png\" \/>\n<meta name=\"twitter:card\" content=\"summary_large_image\" \/>\n<meta name=\"twitter:label1\" content=\"Szacowany czas czytania\" \/>\n\t<meta name=\"twitter:data1\" content=\"7 minut\" \/>\n<script type=\"application\/ld+json\" class=\"yoast-schema-graph\">{\"@context\":\"https:\\\/\\\/schema.org\",\"@graph\":[{\"@type\":\"WebPage\",\"@id\":\"https:\\\/\\\/audiomed.com.pl\\\/apt\\\/produkty\\\/nicosadio\\\/\",\"url\":\"https:\\\/\\\/audiomed.com.pl\\\/apt\\\/produkty\\\/nicosadio\\\/\",\"name\":\"Nicosadio plastry- opinie, cena, sk\u0142ad, efekty 2024\",\"isPartOf\":{\"@id\":\"http:\\\/\\\/audiomed.com.pl\\\/apt\\\/#website\"},\"primaryImageOfPage\":{\"@id\":\"https:\\\/\\\/audiomed.com.pl\\\/apt\\\/produkty\\\/nicosadio\\\/#primaryimage\"},\"image\":{\"@id\":\"https:\\\/\\\/audiomed.com.pl\\\/apt\\\/produkty\\\/nicosadio\\\/#primaryimage\"},\"thumbnailUrl\":\"https:\\\/\\\/audiomed.com.pl\\\/apt\\\/wp-content\\\/uploads\\\/2023\\\/12\\\/Nicosadio-plastry-opinie-cena-sklad-forum-gdzie-kupic.png\",\"datePublished\":\"2023-12-27T23:25:58+00:00\",\"dateModified\":\"2024-01-07T18:40:47+00:00\",\"description\":\"Czy plastry \u27a1\ufe0f Nicosadio \u2b05\ufe0f to dobry pomys\u0142 gdy chcesz rzuci\u0107 palenie? Dowiedz si\u0119 tutaj! \ud83e\udec1 \u2705\",\"breadcrumb\":{\"@id\":\"https:\\\/\\\/audiomed.com.pl\\\/apt\\\/produkty\\\/nicosadio\\\/#breadcrumb\"},\"inLanguage\":\"pl-PL\",\"potentialAction\":[{\"@type\":\"ReadAction\",\"target\":[\"https:\\\/\\\/audiomed.com.pl\\\/apt\\\/produkty\\\/nicosadio\\\/\"]}]},{\"@type\":\"ImageObject\",\"inLanguage\":\"pl-PL\",\"@id\":\"https:\\\/\\\/audiomed.com.pl\\\/apt\\\/produkty\\\/nicosadio\\\/#primaryimage\",\"url\":\"https:\\\/\\\/audiomed.com.pl\\\/apt\\\/wp-content\\\/uploads\\\/2023\\\/12\\\/Nicosadio-plastry-opinie-cena-sklad-forum-gdzie-kupic.png\",\"contentUrl\":\"https:\\\/\\\/audiomed.com.pl\\\/apt\\\/wp-content\\\/uploads\\\/2023\\\/12\\\/Nicosadio-plastry-opinie-cena-sklad-forum-gdzie-kupic.png\",\"width\":400,\"height\":400,\"caption\":\"Nicosadio plastry - opinie, cena, sk\u0142ad, forum, gdzie kupi\u0107\"},{\"@type\":\"BreadcrumbList\",\"@id\":\"https:\\\/\\\/audiomed.com.pl\\\/apt\\\/produkty\\\/nicosadio\\\/#breadcrumb\",\"itemListElement\":[{\"@type\":\"ListItem\",\"position\":1,\"name\":\"Home\",\"item\":\"http:\\\/\\\/audiomed.com.pl\\\/apt\\\/\"},{\"@type\":\"ListItem\",\"position\":2,\"name\":\"Produkty\",\"item\":\"http:\\\/\\\/audiomed.com.pl\\\/apt\\\/\"},{\"@type\":\"ListItem\",\"position\":3,\"name\":\"Nicosadio\"}]},{\"@type\":\"WebSite\",\"@id\":\"http:\\\/\\\/audiomed.com.pl\\\/apt\\\/#website\",\"url\":\"http:\\\/\\\/audiomed.com.pl\\\/apt\\\/\",\"name\":\"Audiomed\",\"description\":\"\",\"potentialAction\":[{\"@type\":\"SearchAction\",\"target\":{\"@type\":\"EntryPoint\",\"urlTemplate\":\"http:\\\/\\\/audiomed.com.pl\\\/apt\\\/?s={search_term_string}\"},\"query-input\":{\"@type\":\"PropertyValueSpecification\",\"valueRequired\":true,\"valueName\":\"search_term_string\"}}],\"inLanguage\":\"pl-PL\"}]}<\/script>\n<!-- \/ Yoast SEO plugin. -->","yoast_head_json":{"title":"Nicosadio plastry- opinie, cena, sk\u0142ad, efekty 2024","description":"Czy plastry \u27a1\ufe0f Nicosadio \u2b05\ufe0f to dobry pomys\u0142 gdy chcesz rzuci\u0107 palenie? Dowiedz si\u0119 tutaj! \ud83e\udec1 \u2705","robots":{"index":"index","follow":"follow","max-snippet":"max-snippet:-1","max-image-preview":"max-image-preview:large","max-video-preview":"max-video-preview:-1"},"canonical":"https:\/\/audiomed.com.pl\/apt\/produkty\/nicosadio\/","og_locale":"pl_PL","og_type":"article","og_title":"Nicosadio plastry- opinie, cena, sk\u0142ad, efekty 2024","og_description":"Czy plastry \u27a1\ufe0f Nicosadio \u2b05\ufe0f to dobry pomys\u0142 gdy chcesz rzuci\u0107 palenie? Dowiedz si\u0119 tutaj! \ud83e\udec1 \u2705","og_url":"https:\/\/audiomed.com.pl\/apt\/produkty\/nicosadio\/","og_site_name":"Audiomed","article_modified_time":"2024-01-07T18:40:47+00:00","og_image":[{"width":400,"height":400,"url":"https:\/\/audiomed.com.pl\/apt\/wp-content\/uploads\/2023\/12\/Nicosadio-plastry-opinie-cena-sklad-forum-gdzie-kupic.png","type":"image\/png"}],"twitter_card":"summary_large_image","twitter_misc":{"Szacowany czas czytania":"7 minut"},"schema":{"@context":"https:\/\/schema.org","@graph":[{"@type":"WebPage","@id":"https:\/\/audiomed.com.pl\/apt\/produkty\/nicosadio\/","url":"https:\/\/audiomed.com.pl\/apt\/produkty\/nicosadio\/","name":"Nicosadio plastry- opinie, cena, sk\u0142ad, efekty 2024","isPartOf":{"@id":"http:\/\/audiomed.com.pl\/apt\/#website"},"primaryImageOfPage":{"@id":"https:\/\/audiomed.com.pl\/apt\/produkty\/nicosadio\/#primaryimage"},"image":{"@id":"https:\/\/audiomed.com.pl\/apt\/produkty\/nicosadio\/#primaryimage"},"thumbnailUrl":"https:\/\/audiomed.com.pl\/apt\/wp-content\/uploads\/2023\/12\/Nicosadio-plastry-opinie-cena-sklad-forum-gdzie-kupic.png","datePublished":"2023-12-27T23:25:58+00:00","dateModified":"2024-01-07T18:40:47+00:00","description":"Czy plastry \u27a1\ufe0f Nicosadio \u2b05\ufe0f to dobry pomys\u0142 gdy chcesz rzuci\u0107 palenie? Dowiedz si\u0119 tutaj! \ud83e\udec1 \u2705","breadcrumb":{"@id":"https:\/\/audiomed.com.pl\/apt\/produkty\/nicosadio\/#breadcrumb"},"inLanguage":"pl-PL","potentialAction":[{"@type":"ReadAction","target":["https:\/\/audiomed.com.pl\/apt\/produkty\/nicosadio\/"]}]},{"@type":"ImageObject","inLanguage":"pl-PL","@id":"https:\/\/audiomed.com.pl\/apt\/produkty\/nicosadio\/#primaryimage","url":"https:\/\/audiomed.com.pl\/apt\/wp-content\/uploads\/2023\/12\/Nicosadio-plastry-opinie-cena-sklad-forum-gdzie-kupic.png","contentUrl":"https:\/\/audiomed.com.pl\/apt\/wp-content\/uploads\/2023\/12\/Nicosadio-plastry-opinie-cena-sklad-forum-gdzie-kupic.png","width":400,"height":400,"caption":"Nicosadio plastry - opinie, cena, sk\u0142ad, forum, gdzie kupi\u0107"},{"@type":"BreadcrumbList","@id":"https:\/\/audiomed.com.pl\/apt\/produkty\/nicosadio\/#breadcrumb","itemListElement":[{"@type":"ListItem","position":1,"name":"Home","item":"http:\/\/audiomed.com.pl\/apt\/"},{"@type":"ListItem","position":2,"name":"Produkty","item":"http:\/\/audiomed.com.pl\/apt\/"},{"@type":"ListItem","position":3,"name":"Nicosadio"}]},{"@type":"WebSite","@id":"http:\/\/audiomed.com.pl\/apt\/#website","url":"http:\/\/audiomed.com.pl\/apt\/","name":"Audiomed","description":"","potentialAction":[{"@type":"SearchAction","target":{"@type":"EntryPoint","urlTemplate":"http:\/\/audiomed.com.pl\/apt\/?s={search_term_string}"},"query-input":{"@type":"PropertyValueSpecification","valueRequired":true,"valueName":"search_term_string"}}],"inLanguage":"pl-PL"}]}},"uagb_featured_image_src":{"full":["https:\/\/audiomed.com.pl\/apt\/wp-content\/uploads\/2023\/12\/Nicosadio-plastry-opinie-cena-sklad-forum-gdzie-kupic.png",400,400,false],"thumbnail":["https:\/\/audiomed.com.pl\/apt\/wp-content\/uploads\/2023\/12\/Nicosadio-plastry-opinie-cena-sklad-forum-gdzie-kupic-150x150.png",150,150,true],"medium":["https:\/\/audiomed.com.pl\/apt\/wp-content\/uploads\/2023\/12\/Nicosadio-plastry-opinie-cena-sklad-forum-gdzie-kupic-300x300.png",300,300,true],"medium_large":["https:\/\/audiomed.com.pl\/apt\/wp-content\/uploads\/2023\/12\/Nicosadio-plastry-opinie-cena-sklad-forum-gdzie-kupic.png",400,400,false],"large":["https:\/\/audiomed.com.pl\/apt\/wp-content\/uploads\/2023\/12\/Nicosadio-plastry-opinie-cena-sklad-forum-gdzie-kupic.png",400,400,false],"1536x1536":["https:\/\/audiomed.com.pl\/apt\/wp-content\/uploads\/2023\/12\/Nicosadio-plastry-opinie-cena-sklad-forum-gdzie-kupic.png",400,400,false],"2048x2048":["https:\/\/audiomed.com.pl\/apt\/wp-content\/uploads\/2023\/12\/Nicosadio-plastry-opinie-cena-sklad-forum-gdzie-kupic.png",400,400,false],"woocommerce_thumbnail":["https:\/\/audiomed.com.pl\/apt\/wp-content\/uploads\/2023\/12\/Nicosadio-plastry-opinie-cena-sklad-forum-gdzie-kupic-300x300.png",300,300,true],"woocommerce_single":["https:\/\/audiomed.com.pl\/apt\/wp-content\/uploads\/2023\/12\/Nicosadio-plastry-opinie-cena-sklad-forum-gdzie-kupic.png",400,400,false],"woocommerce_gallery_thumbnail":["https:\/\/audiomed.com.pl\/apt\/wp-content\/uploads\/2023\/12\/Nicosadio-plastry-opinie-cena-sklad-forum-gdzie-kupic-100x100.png",100,100,true],"yarpp-thumbnail":["https:\/\/audiomed.com.pl\/apt\/wp-content\/uploads\/2023\/12\/Nicosadio-plastry-opinie-cena-sklad-forum-gdzie-kupic.png",120,120,false]},"uagb_author_info":{"display_name":"Patrycja","author_link":"https:\/\/audiomed.com.pl\/apt\/author\/"},"uagb_comment_info":0,"uagb_excerpt":"Natychmiast rzu\u0107 palenie.","_links":{"self":[{"href":"https:\/\/audiomed.com.pl\/apt\/wp-json\/wp\/v2\/product\/174","targetHints":{"allow":["GET"]}}],"collection":[{"href":"https:\/\/audiomed.com.pl\/apt\/wp-json\/wp\/v2\/product"}],"about":[{"href":"https:\/\/audiomed.com.pl\/apt\/wp-json\/wp\/v2\/types\/product"}],"replies":[{"embeddable":true,"href":"https:\/\/audiomed.com.pl\/apt\/wp-json\/wp\/v2\/comments?post=174"}],"wp:featuredmedia":[{"embeddable":true,"href":"https:\/\/audiomed.com.pl\/apt\/wp-json\/wp\/v2\/media\/182"}],"wp:attachment":[{"href":"https:\/\/audiomed.com.pl\/apt\/wp-json\/wp\/v2\/media?parent=174"}],"wp:term":[{"taxonomy":"product_brand","embeddable":true,"href":"https:\/\/audiomed.com.pl\/apt\/wp-json\/wp\/v2\/product_brand?post=174"},{"taxonomy":"product_cat","embeddable":true,"href":"https:\/\/audiomed.com.pl\/apt\/wp-json\/wp\/v2\/product_cat?post=174"},{"taxonomy":"product_tag","embeddable":true,"href":"https:\/\/audiomed.com.pl\/apt\/wp-json\/wp\/v2\/product_tag?post=174"}],"curies":[{"name":"wp","href":"https:\/\/api.w.org\/{rel}","templated":true}]}}