{"id":173,"date":"2023-12-27T16:57:42","date_gmt":"2023-12-27T16:57:42","guid":{"rendered":"https:\/\/audiomed.com.pl\/apt\/?post_type=product&#038;p=173"},"modified":"2026-03-20T11:53:01","modified_gmt":"2026-03-20T11:53:01","slug":"dermo-pro","status":"publish","type":"product","link":"https:\/\/audiomed.com.pl\/apt\/produkty\/dermo-pro\/","title":{"rendered":"Dermo-Pro"},"content":{"rendered":"\n<p>Dermo-Pro to krem, kt\u00f3ry mo\u017ce stanowi\u0107 kluczow\u0105 cz\u0119\u015b\u0107 Twojej rutyny piel\u0119gnacyjnej. Regularne stosowanie kremu Dermo-Pro mo\u017ce wspomaga\u0107 regeneracj\u0119 sk\u00f3ry, stymulowa\u0107 produkcj\u0119 kolagenu i potencjalnie zredukowa\u0107 widoczno\u015b\u0107 drobnych zmarszczek. Jak wydaj\u0105\u00a0si\u0119 podawa\u0107 aktualne recenzje u\u017cytkownik\u00f3w 2026, krem Dermo-Pro sta\u0142 si\u0119 produktem, kt\u00f3ry mo\u017ce te\u017c dobrze od\u017cywia\u0107 sk\u00f3r\u0119 i dostarcza\u0107 intensywne nawil\u017cenie.<\/p>\n\n\n\n<p>Krem Dermo-Pro mo\u017ce by\u0107 warto\u015bciowym sojusznikiem w walce z oznakami starzenia, potencjalnie poprawiaj\u0105c elastyczno\u015b\u0107 sk\u00f3ry i redukuj\u0105c widoczno\u015b\u0107 zmarszczek. Jego formu\u0142a, mo\u017ce tak\u017ce oferowa\u0107 ochron\u0119 przed czynnikami zewn\u0119trznymi, wspieraj\u0105c zdrowy blask sk\u00f3ry. Dermo-Pro to kosmetyk, kt\u00f3ry przy regularnym stosowaniu mo\u017ce pom\u00f3c w utrzymaniu j\u0119drno\u015bci sk\u00f3ry i poprawie og\u00f3lnego stanu sk\u00f3ry. Zapewniaj\u0105c nawil\u017cenie i od\u017cywienie, krem Dermo-Pro mo\u017ce wspiera\u0107 m\u0142odszy wygl\u0105d sk\u00f3ry.<\/p>\n\n\n\n<div style=\"height:20px\" aria-hidden=\"true\" class=\"wp-block-spacer\"><\/div>\n\n\n\n<figure class=\"wp-block-table is-style-regular\"><table class=\"has-fixed-layout\"><tbody><tr><td><strong>Nazwa produktu<\/strong><\/td><td>Dermo-Pro<\/td><\/tr><tr><td><strong>Zastosowanie<\/strong><\/td><td>na zmarszczki\ud83d\udc69<\/td><\/tr><tr><td><strong>Opinie<\/strong><\/td><td>\u2b50\u2b50\u2b50\u2b50\u2b50<\/td><\/tr><tr><td><strong>Cena<\/strong><\/td><td>127 PLN \ud83d\udcb5<\/td><\/tr><tr><td><strong>Typ produktu<\/strong><\/td><td>krem\ud83e\uddf4<\/td><\/tr><tr><td><strong>Dawka<\/strong><\/td><td>stosowa\u0107 dwa razy dziennie \ud83e\uded9<\/td><\/tr><tr><td><strong>Sk\u0142ad<\/strong><\/td><td>Peptydy Miedziowe\ud83c\udf43<br>Kwas Hialuronowy\ud83c\udf43<br>Witamina C\ud83c\udf43<br>Ekstrakt z Wodorost\u00f3w\ud83c\udf43<br>Olej Arganowy\ud83c\udf43<br>Ekstrakt z Zielonej Herbaty\ud83c\udf43<\/td><\/tr><\/tbody><\/table><\/figure>\n\n\n\n<div style=\"height:20px\" aria-hidden=\"true\" class=\"wp-block-spacer\"><\/div>\n\n\n\n<h2 class=\"wp-block-heading\">Dermo-Pro krem, sk\u0142adniki, jak aplikowa\u0107, jak to dzia\u0142a, skutki uboczne<\/h2>\n\n\n\n<p>Dermo-Pro sk\u0142adniki to delikatna kompozycja, kt\u00f3ra ma za zadanie przynosi\u0107 korzystne efekty w minimalizowaniu widoczno\u015bci zmarszczek, wspomaga\u0107 produkcj\u0119 kolagenu, a tak\u017ce ma na celu wspieranie piel\u0119gnacji sk\u00f3ry. Ze wzgl\u0119du na naturalny sk\u0142ad kremu, nie powinny wyst\u0119powa\u0107 przeciwwskazania do jego stosowania, ani niepo\u017c\u0105dane skutki uboczne ju\u017c po jego zastosowaniu. Mimo tego, producent zaleca, aby przeprowadzi\u0107 pr\u00f3b\u0119 alergiczn\u0105 na ma\u0142ym kawa\u0142ku sk\u00f3ry przed pe\u0142nym zastosowaniem kremu, aby upewni\u0107 si\u0119, \u017ce nie wyst\u0105pi\u0105 reakcje alergiczne. Jest to szczeg\u00f3lnie wa\u017cne dla os\u00f3b o wra\u017cliwej sk\u00f3rze. Procedura ta mo\u017ce by\u0107 pomocna w minimalizowaniu potencjalnych ryzyk i dostosowaniu produktu do indywidualnych potrzeb sk\u00f3ry.<\/p>\n\n\n\n<p>W przypadku pyta\u0144 dotycz\u0105cych tego jakie s\u0105 Dermo-Pro sk\u0142adniki, jak aplikowa\u0107, po co to jest i jak to dzia\u0142a, to cz\u0119\u015b\u0107 odpowiedzi znajduje si\u0119 na oficjalnej stronie internetowej kremu, a reszt\u0119 powinna zawiera\u0107 w przypadku Dermo-Pro ulotka.<\/p>\n\n\n\n<p>Sk\u0142adniki kremu Dermo-Pro zosta\u0142y starannie dobrane w proporcjach, kt\u00f3re powinny wzmacnia\u0107 wzajemne dzia\u0142anie pozosta\u0142ych sk\u0142adnik\u00f3w, maj\u0105c na celu korzystne efekty w piel\u0119gnacji sk\u00f3ry. Wed\u0142ug producenta, ten krem stymuluje produkcj\u0119 kolagenu, redukuje drobne zmarszczki oraz od\u017cywia sk\u00f3r\u0119, pomagaj\u0105c w poprawie elastyczno\u015bci sk\u00f3ry oraz zapewnia nawil\u017cenie sk\u00f3ry.<\/p>\n\n\n\n<p>W celu uzyskania dalszych informacji dotycz\u0105cych Dermo-Pro jak to dzia\u0142a oraz jak aplikowa\u0107, warto zajrze\u0107 na oficjaln\u0105 stron\u0119 internetow\u0105 producenta, na kt\u00f3rej udziela on wielu informacji. A to, czego nie mo\u017cemy tam znale\u017a\u0107 na temat Dermo-Pro, powinna zawiera\u0107 ulotka.<\/p>\n\n\n\n<h2 class=\"wp-block-heading\">Dermo-Pro opinie, forum, komentarze<\/h2>\n\n\n\n<p>Dermo-Pro wydaje si\u0119 cieszy\u0107 rosn\u0105cym uznaniem, co mo\u017ce przyci\u0105ga\u0107 uwag\u0119 potencjalnych nabywc\u00f3w, ch\u0119tnych do zapoznania si\u0119 z do\u015bwiadczeniem innych u\u017cytkownik\u00f3w. Wiele os\u00f3b interesuj\u0105cych si\u0119 produktem, chce pozna\u0107 opinie i komentarze od tych, kt\u00f3rzy mieli ju\u017c okazj\u0119 u\u017cywa\u0107 kremu. Na szcz\u0119\u015bcie dost\u0119pne jest dedykowane Dermo-Pro forum, gdzie znale\u017a\u0107 mo\u017cna aktualne recenzje u\u017cytkownik\u00f3w 2026 roku.<\/p>\n\n\n\n<p>Warto\u015bciowe spostrze\u017cenia u\u017cytkownik\u00f3w na temat Dermo-Pro zazwyczaj wydaj\u0105 si\u0119 by\u0107 pozytywne, co sugerowa\u0107 mo\u017ce, \u017ce korzystaj\u0105cy z tego produktu s\u0105 zadowoleni. Niekt\u00f3re Dermo-Pro opinie podkre\u015blaj\u0105 korzy\u015bci p\u0142yn\u0105ce z regularnego stosowania kremu, takie jak poprawa elastyczno\u015bci sk\u00f3ry, redukcja widoczno\u015bci zmarszczek oraz intensywne nawil\u017cenie. Na forum, spore uznanie wydaje si\u0119 zyskiwa\u0107 r\u00f3wnie\u017c lekka konsystencja kremu, kt\u00f3ra umo\u017cliwia \u0142atwe wch\u0142anianie, nie pozostawiaj\u0105c uczucia sucho\u015bci chroni\u0105c sk\u00f3r\u0119 przed czynnikami zewn\u0119trznymi.<\/p>\n\n\n\n<p>Recenzenci dodatkowo akcentuj\u0105 aktywne sk\u0142adniki, przekonani, \u017ce wspomagaj\u0105 one kompleksow\u0105 piel\u0119gnacj\u0119 sk\u00f3ry. Wielu z nich dostrzega\u0107 si\u0119 wydaje popraw\u0119 kondycji sk\u00f3ry, jej m\u0142odszy wygl\u0105d oraz redukcj\u0119 drobnych zmarszczek. Dermo-Pro, zgodnie z relacjami, wykorzystuje innowacyjn\u0105 formu\u0142\u0119, w kt\u00f3rej sk\u0142ad wchodz\u0105 aktywne pierwiastki \u015bladowe. Co istotne, wed\u0142ug producenta nie ma przeciwwskaza\u0144 do stosowania kremu, ani niepo\u017c\u0105danych skutk\u00f3w ubocznych, co czyni\u0107 go mo\u017ce raczej bezpiecznym zar\u00f3wno dla os\u00f3b z pierwszymi oznakami starzenia, jak i dla dojrza\u0142ego wieku.<\/p>\n\n\n\n<h2 class=\"wp-block-heading\">Dermo-Pro cena, ile to kosztuje<\/h2>\n\n\n\n<p>Dermo-Pro cena znajduje si\u0119 na oficjalnej stronie producenta. Wielu zainteresowanych si\u0119 zastanawia, ile to kosztuje, a na pytanie o cen\u0119 odpowiada bezpo\u015brednio producent, podkre\u015blaj\u0105c, \u017ce w przypadku tego kremu cena podlega wahaniom. Fakt ten wynika z cz\u0119stych promocji i obni\u017cek dost\u0119pnych na oficjalnej stronie internetowej. Warto wi\u0119c regularnie odwiedza\u0107 t\u0119 witryn\u0119, aby mie\u0107 szans\u0119 skorzysta\u0107 z najkorzystniejszej ceny kremu.<\/p>\n\n\n\n<h2 class=\"wp-block-heading\">Dermo-Pro gdzie kupi\u0107, apteka<\/h2>\n\n\n\n<p>Dermo-Pro mo\u017cna zakupi\u0107 wy\u0142\u0105cznie na oficjalnej stronie producenta. Cz\u0119stym zapytaniem, kt\u00f3re pojawia si\u0119 w kontek\u015bcie tego kremu, jest &#8222;Dermo-Pro gdzie kupi\u0107?&#8221;. Wielu zainteresowanych zastanawia si\u0119, czy preparat jest dost\u0119pny w aptekach lub innych tradycyjnych punktach sprzeda\u017cy. Warto jednak podkre\u015bli\u0107, \u017ce producent jednoznacznie informuje, i\u017c krem nie jest dost\u0119pny w miejscach takich jak apteka czy konwencjonalne sklepy.<\/p>\n\n\n\n<p>Poszukiwanie produktu w aptekach, jak w przypadku frazy &#8222;Dermo-Pro apteka&#8221;, jest zatem bezcelowe. Tym samym, gdzie kupi\u0107 Dermo-Pro? Jedyn\u0105 skuteczn\u0105 opcj\u0105 zakupu jest korzystanie z oficjalnej strony internetowej produktu. Tam klient ma pewno\u015b\u0107, \u017ce otrzymuje oryginalny produkt, a tak\u017ce mo\u017ce skorzysta\u0107 z ewentualnych promocji i obni\u017cek cen, kt\u00f3re s\u0105 regularnie dost\u0119pne na tej platformie.<\/p>\n\n\n\n<p>Warto podkre\u015bli\u0107, \u017ce dokonywanie zakup\u00f3w bezpo\u015brednio u producenta eliminuje ryzyko zakupu podr\u00f3bek i zapewnia dost\u0119p do pe\u0142nej gamy informacji na temat produktu. Klient mo\u017ce tam znale\u017a\u0107 nie tylko odpowiedzi na pytanie, &#8222;Gdzie kupi\u0107 Dermo-Pro?&#8221;, ale tak\u017ce inne informacje na temat kremu, zalece\u0144 dotycz\u0105cych stosowania, ewentualnych przeciwwskaza\u0144 oraz skutk\u00f3w ubocznych. Dermo-Pro, jako produkt dedykowany piel\u0119gnacji sk\u00f3ry, powinien by\u0107 nabywany wy\u0142\u0105cznie ze sprawdzonych i wiarygodnych \u017ar\u00f3de\u0142, takich jak oficjalna strona producenta.<\/p>\n\n\n\n<h2 class=\"wp-block-heading\">Dermo-Pro allegro, ceneo &#8211; Polska<\/h2>\n\n\n\n<p>Krem Dermo-Pro jest dost\u0119pny do internetowego zakupu wy\u0142\u0105cznie na oficjalnej stronie internetowej. Krem zdaje si\u0119 zyskiwa\u0107 na popularno\u015bci na rynku w kraju, jakim jest Polska. Jednak w kwestii Dermo-Pro producent zaznacza, \u017ce nie jest on dost\u0119pny na popularnych platformach zakupowych, takich jak Ceneo, Amazon, Allegro czy eBay. Poszukiwanie produktu na tych platformach, w tym wpisywanie fraz typu &#8222;Dermo-Pro Ceneo&#8221; czy &#8222;Dermo-Pro Allegro&#8221;, nie przyniesie oczekiwanych rezultat\u00f3w.<\/p>\n\n\n\n<p>Jednak\u017ce, je\u015bli chodzi o Dermo-Pro Polska jest krajem gdzie krem ten jest dost\u0119pny i producent zapewnia, \u017ce mo\u017cna go \u0142atwo zam\u00f3wi\u0107 przez oficjaln\u0105 stron\u0119 internetow\u0105. Odradza si\u0119 zakupy z innych \u017ar\u00f3de\u0142 ni\u017c oficjalna strona producenta, aby unikn\u0105\u0107 ryzyka zakupu podr\u00f3bek lub produkt\u00f3w o w\u0105tpliwej jako\u015bci.<\/p>\n\n\n\n<p>Warto podkre\u015bli\u0107, \u017ce zamawianie produktu bezpo\u015brednio u producenta gwarantuje otrzymanie oryginalnego produktu oraz umo\u017cliwia skorzystanie z ewentualnych promocji i obni\u017cek cen, kt\u00f3re mog\u0105 by\u0107 dost\u0119pne wy\u0142\u0105cznie na oficjalnej stronie. Dlatego, aby mie\u0107 pewno\u015b\u0107, \u017ce zakupiony produkt spe\u0142ni oczekiwania, zaleca si\u0119 korzystanie wy\u0142\u0105cznie z autoryzowanych kana\u0142\u00f3w sprzeda\u017cy.<\/p>\n","protected":false},"excerpt":{"rendered":"<p>Dermo-Pro to krem, kt\u00f3ry mo\u017ce stanowi\u0107 kluczow\u0105 cz\u0119\u015b\u0107 Twojej rutyny piel\u0119gnacyjnej. Regularne stosowanie kremu Dermo-Pro mo\u017ce wspomaga\u0107 regeneracj\u0119 sk\u00f3ry, stymulowa\u0107 produkcj\u0119 kolagenu i potencjalnie zredukowa\u0107 widoczno\u015b\u0107 drobnych zmarszczek. Jak wydaj\u0105\u00a0si\u0119 podawa\u0107 aktualne recenzje u\u017cytkownik\u00f3w 2026, krem Dermo-Pro sta\u0142 si\u0119 produktem, kt\u00f3ry mo\u017ce te\u017c dobrze od\u017cywia\u0107 sk\u00f3r\u0119 i dostarcza\u0107 intensywne nawil\u017cenie. Krem Dermo-Pro mo\u017ce by\u0107 warto\u015bciowym &#8230; <a title=\"Dermo-Pro\" class=\"read-more\" href=\"https:\/\/audiomed.com.pl\/apt\/produkty\/dermo-pro\/\" aria-label=\"More on Dermo-Pro\">Czytaj dalej<\/a><\/p>\n","protected":false},"featured_media":176,"comment_status":"open","ping_status":"closed","template":"","meta":{"_uag_custom_page_level_css":""},"product_brand":[],"product_cat":[24],"product_tag":[],"class_list":{"0":"post-173","1":"product","2":"type-product","3":"status-publish","4":"has-post-thumbnail","6":"product_cat-uroda","7":"sales-flash-overlay","8":"woocommerce-text-align-center","9":"woocommerce-image-align-center","10":"do-quantity-buttons","12":"first","13":"instock","14":"sale","15":"shipping-taxable","16":"product-type-external"},"yoast_head":"<!-- This site is optimized with the Yoast SEO plugin v27.4 - https:\/\/yoast.com\/product\/yoast-seo-wordpress\/ -->\n<title>Dermo- Pro krem - opinie, cena, sk\u0142ad, efekty 2026<\/title>\n<meta name=\"description\" content=\"Czy krem \ud83e\udd70 Dermo-Pro \ud83e\udd70 wspomaga regeneracj\u0119 sk\u00f3ry i pomo\u017ce w redukcji zmarszczek? Kliknij tutaj i dowiedz si\u0119 wi\u0119cej! \u2705 \u2705\" \/>\n<meta name=\"robots\" content=\"index, follow, max-snippet:-1, max-image-preview:large, max-video-preview:-1\" \/>\n<link rel=\"canonical\" href=\"https:\/\/audiomed.com.pl\/apt\/produkty\/dermo-pro\/\" \/>\n<meta property=\"og:locale\" content=\"pl_PL\" \/>\n<meta property=\"og:type\" content=\"article\" \/>\n<meta property=\"og:title\" content=\"Dermo- Pro krem - opinie, cena, sk\u0142ad, efekty 2026\" \/>\n<meta property=\"og:description\" content=\"Czy krem \ud83e\udd70 Dermo-Pro \ud83e\udd70 wspomaga regeneracj\u0119 sk\u00f3ry i pomo\u017ce w redukcji zmarszczek? Kliknij tutaj i dowiedz si\u0119 wi\u0119cej! \u2705 \u2705\" \/>\n<meta property=\"og:url\" content=\"https:\/\/audiomed.com.pl\/apt\/produkty\/dermo-pro\/\" \/>\n<meta property=\"og:site_name\" content=\"Audiomed\" \/>\n<meta property=\"article:modified_time\" content=\"2026-03-20T11:53:01+00:00\" \/>\n<meta property=\"og:image\" content=\"https:\/\/audiomed.com.pl\/apt\/wp-content\/uploads\/2023\/12\/Dermo-Pro-krem-opinie-cena-sklad-forum-gdzie-kupic.png\" \/>\n\t<meta property=\"og:image:width\" content=\"375\" \/>\n\t<meta property=\"og:image:height\" content=\"375\" \/>\n\t<meta property=\"og:image:type\" content=\"image\/png\" \/>\n<meta name=\"twitter:card\" content=\"summary_large_image\" \/>\n<meta name=\"twitter:label1\" content=\"Szacowany czas czytania\" \/>\n\t<meta name=\"twitter:data1\" content=\"7 minut\" \/>\n<script type=\"application\/ld+json\" class=\"yoast-schema-graph\">{\"@context\":\"https:\\\/\\\/schema.org\",\"@graph\":[{\"@type\":\"WebPage\",\"@id\":\"https:\\\/\\\/audiomed.com.pl\\\/apt\\\/produkty\\\/dermo-pro\\\/\",\"url\":\"https:\\\/\\\/audiomed.com.pl\\\/apt\\\/produkty\\\/dermo-pro\\\/\",\"name\":\"Dermo- Pro krem - opinie, cena, sk\u0142ad, efekty 2026\",\"isPartOf\":{\"@id\":\"https:\\\/\\\/audiomed.com.pl\\\/apt\\\/#website\"},\"primaryImageOfPage\":{\"@id\":\"https:\\\/\\\/audiomed.com.pl\\\/apt\\\/produkty\\\/dermo-pro\\\/#primaryimage\"},\"image\":{\"@id\":\"https:\\\/\\\/audiomed.com.pl\\\/apt\\\/produkty\\\/dermo-pro\\\/#primaryimage\"},\"thumbnailUrl\":\"https:\\\/\\\/audiomed.com.pl\\\/apt\\\/wp-content\\\/uploads\\\/2023\\\/12\\\/Dermo-Pro-krem-opinie-cena-sklad-forum-gdzie-kupic.png\",\"datePublished\":\"2023-12-27T16:57:42+00:00\",\"dateModified\":\"2026-03-20T11:53:01+00:00\",\"description\":\"Czy krem \ud83e\udd70 Dermo-Pro \ud83e\udd70 wspomaga regeneracj\u0119 sk\u00f3ry i pomo\u017ce w redukcji zmarszczek? Kliknij tutaj i dowiedz si\u0119 wi\u0119cej! \u2705 \u2705\",\"breadcrumb\":{\"@id\":\"https:\\\/\\\/audiomed.com.pl\\\/apt\\\/produkty\\\/dermo-pro\\\/#breadcrumb\"},\"inLanguage\":\"pl-PL\",\"potentialAction\":[{\"@type\":\"ReadAction\",\"target\":[\"https:\\\/\\\/audiomed.com.pl\\\/apt\\\/produkty\\\/dermo-pro\\\/\"]}]},{\"@type\":\"ImageObject\",\"inLanguage\":\"pl-PL\",\"@id\":\"https:\\\/\\\/audiomed.com.pl\\\/apt\\\/produkty\\\/dermo-pro\\\/#primaryimage\",\"url\":\"https:\\\/\\\/audiomed.com.pl\\\/apt\\\/wp-content\\\/uploads\\\/2023\\\/12\\\/Dermo-Pro-krem-opinie-cena-sklad-forum-gdzie-kupic.png\",\"contentUrl\":\"https:\\\/\\\/audiomed.com.pl\\\/apt\\\/wp-content\\\/uploads\\\/2023\\\/12\\\/Dermo-Pro-krem-opinie-cena-sklad-forum-gdzie-kupic.png\",\"width\":375,\"height\":375,\"caption\":\"Dermo-Pro krem - opinie, cena, sk\u0142ad, forum, gdzie kupi\u0107\"},{\"@type\":\"BreadcrumbList\",\"@id\":\"https:\\\/\\\/audiomed.com.pl\\\/apt\\\/produkty\\\/dermo-pro\\\/#breadcrumb\",\"itemListElement\":[{\"@type\":\"ListItem\",\"position\":1,\"name\":\"Home\",\"item\":\"https:\\\/\\\/audiomed.com.pl\\\/apt\\\/\"},{\"@type\":\"ListItem\",\"position\":2,\"name\":\"Produkty\",\"item\":\"https:\\\/\\\/audiomed.com.pl\\\/apt\\\/\"},{\"@type\":\"ListItem\",\"position\":3,\"name\":\"Dermo-Pro\"}]},{\"@type\":\"WebSite\",\"@id\":\"https:\\\/\\\/audiomed.com.pl\\\/apt\\\/#website\",\"url\":\"https:\\\/\\\/audiomed.com.pl\\\/apt\\\/\",\"name\":\"Audiomed\",\"description\":\"\",\"potentialAction\":[{\"@type\":\"SearchAction\",\"target\":{\"@type\":\"EntryPoint\",\"urlTemplate\":\"https:\\\/\\\/audiomed.com.pl\\\/apt\\\/?s={search_term_string}\"},\"query-input\":{\"@type\":\"PropertyValueSpecification\",\"valueRequired\":true,\"valueName\":\"search_term_string\"}}],\"inLanguage\":\"pl-PL\"}]}<\/script>\n<!-- \/ Yoast SEO plugin. -->","yoast_head_json":{"title":"Dermo- Pro krem - opinie, cena, sk\u0142ad, efekty 2026","description":"Czy krem \ud83e\udd70 Dermo-Pro \ud83e\udd70 wspomaga regeneracj\u0119 sk\u00f3ry i pomo\u017ce w redukcji zmarszczek? Kliknij tutaj i dowiedz si\u0119 wi\u0119cej! \u2705 \u2705","robots":{"index":"index","follow":"follow","max-snippet":"max-snippet:-1","max-image-preview":"max-image-preview:large","max-video-preview":"max-video-preview:-1"},"canonical":"https:\/\/audiomed.com.pl\/apt\/produkty\/dermo-pro\/","og_locale":"pl_PL","og_type":"article","og_title":"Dermo- Pro krem - opinie, cena, sk\u0142ad, efekty 2026","og_description":"Czy krem \ud83e\udd70 Dermo-Pro \ud83e\udd70 wspomaga regeneracj\u0119 sk\u00f3ry i pomo\u017ce w redukcji zmarszczek? Kliknij tutaj i dowiedz si\u0119 wi\u0119cej! \u2705 \u2705","og_url":"https:\/\/audiomed.com.pl\/apt\/produkty\/dermo-pro\/","og_site_name":"Audiomed","article_modified_time":"2026-03-20T11:53:01+00:00","og_image":[{"width":375,"height":375,"url":"https:\/\/audiomed.com.pl\/apt\/wp-content\/uploads\/2023\/12\/Dermo-Pro-krem-opinie-cena-sklad-forum-gdzie-kupic.png","type":"image\/png"}],"twitter_card":"summary_large_image","twitter_misc":{"Szacowany czas czytania":"7 minut"},"schema":{"@context":"https:\/\/schema.org","@graph":[{"@type":"WebPage","@id":"https:\/\/audiomed.com.pl\/apt\/produkty\/dermo-pro\/","url":"https:\/\/audiomed.com.pl\/apt\/produkty\/dermo-pro\/","name":"Dermo- Pro krem - opinie, cena, sk\u0142ad, efekty 2026","isPartOf":{"@id":"https:\/\/audiomed.com.pl\/apt\/#website"},"primaryImageOfPage":{"@id":"https:\/\/audiomed.com.pl\/apt\/produkty\/dermo-pro\/#primaryimage"},"image":{"@id":"https:\/\/audiomed.com.pl\/apt\/produkty\/dermo-pro\/#primaryimage"},"thumbnailUrl":"https:\/\/audiomed.com.pl\/apt\/wp-content\/uploads\/2023\/12\/Dermo-Pro-krem-opinie-cena-sklad-forum-gdzie-kupic.png","datePublished":"2023-12-27T16:57:42+00:00","dateModified":"2026-03-20T11:53:01+00:00","description":"Czy krem \ud83e\udd70 Dermo-Pro \ud83e\udd70 wspomaga regeneracj\u0119 sk\u00f3ry i pomo\u017ce w redukcji zmarszczek? Kliknij tutaj i dowiedz si\u0119 wi\u0119cej! \u2705 \u2705","breadcrumb":{"@id":"https:\/\/audiomed.com.pl\/apt\/produkty\/dermo-pro\/#breadcrumb"},"inLanguage":"pl-PL","potentialAction":[{"@type":"ReadAction","target":["https:\/\/audiomed.com.pl\/apt\/produkty\/dermo-pro\/"]}]},{"@type":"ImageObject","inLanguage":"pl-PL","@id":"https:\/\/audiomed.com.pl\/apt\/produkty\/dermo-pro\/#primaryimage","url":"https:\/\/audiomed.com.pl\/apt\/wp-content\/uploads\/2023\/12\/Dermo-Pro-krem-opinie-cena-sklad-forum-gdzie-kupic.png","contentUrl":"https:\/\/audiomed.com.pl\/apt\/wp-content\/uploads\/2023\/12\/Dermo-Pro-krem-opinie-cena-sklad-forum-gdzie-kupic.png","width":375,"height":375,"caption":"Dermo-Pro krem - opinie, cena, sk\u0142ad, forum, gdzie kupi\u0107"},{"@type":"BreadcrumbList","@id":"https:\/\/audiomed.com.pl\/apt\/produkty\/dermo-pro\/#breadcrumb","itemListElement":[{"@type":"ListItem","position":1,"name":"Home","item":"https:\/\/audiomed.com.pl\/apt\/"},{"@type":"ListItem","position":2,"name":"Produkty","item":"https:\/\/audiomed.com.pl\/apt\/"},{"@type":"ListItem","position":3,"name":"Dermo-Pro"}]},{"@type":"WebSite","@id":"https:\/\/audiomed.com.pl\/apt\/#website","url":"https:\/\/audiomed.com.pl\/apt\/","name":"Audiomed","description":"","potentialAction":[{"@type":"SearchAction","target":{"@type":"EntryPoint","urlTemplate":"https:\/\/audiomed.com.pl\/apt\/?s={search_term_string}"},"query-input":{"@type":"PropertyValueSpecification","valueRequired":true,"valueName":"search_term_string"}}],"inLanguage":"pl-PL"}]}},"uagb_featured_image_src":{"full":["https:\/\/audiomed.com.pl\/apt\/wp-content\/uploads\/2023\/12\/Dermo-Pro-krem-opinie-cena-sklad-forum-gdzie-kupic.png",375,375,false],"thumbnail":["https:\/\/audiomed.com.pl\/apt\/wp-content\/uploads\/2023\/12\/Dermo-Pro-krem-opinie-cena-sklad-forum-gdzie-kupic-150x150.png",150,150,true],"medium":["https:\/\/audiomed.com.pl\/apt\/wp-content\/uploads\/2023\/12\/Dermo-Pro-krem-opinie-cena-sklad-forum-gdzie-kupic-300x300.png",300,300,true],"medium_large":["https:\/\/audiomed.com.pl\/apt\/wp-content\/uploads\/2023\/12\/Dermo-Pro-krem-opinie-cena-sklad-forum-gdzie-kupic.png",375,375,false],"large":["https:\/\/audiomed.com.pl\/apt\/wp-content\/uploads\/2023\/12\/Dermo-Pro-krem-opinie-cena-sklad-forum-gdzie-kupic.png",375,375,false],"1536x1536":["https:\/\/audiomed.com.pl\/apt\/wp-content\/uploads\/2023\/12\/Dermo-Pro-krem-opinie-cena-sklad-forum-gdzie-kupic.png",375,375,false],"2048x2048":["https:\/\/audiomed.com.pl\/apt\/wp-content\/uploads\/2023\/12\/Dermo-Pro-krem-opinie-cena-sklad-forum-gdzie-kupic.png",375,375,false],"woocommerce_thumbnail":["https:\/\/audiomed.com.pl\/apt\/wp-content\/uploads\/2023\/12\/Dermo-Pro-krem-opinie-cena-sklad-forum-gdzie-kupic-300x300.png",300,300,true],"woocommerce_single":["https:\/\/audiomed.com.pl\/apt\/wp-content\/uploads\/2023\/12\/Dermo-Pro-krem-opinie-cena-sklad-forum-gdzie-kupic.png",375,375,false],"woocommerce_gallery_thumbnail":["https:\/\/audiomed.com.pl\/apt\/wp-content\/uploads\/2023\/12\/Dermo-Pro-krem-opinie-cena-sklad-forum-gdzie-kupic-100x100.png",100,100,true],"yarpp-thumbnail":["https:\/\/audiomed.com.pl\/apt\/wp-content\/uploads\/2023\/12\/Dermo-Pro-krem-opinie-cena-sklad-forum-gdzie-kupic.png",120,120,false]},"uagb_author_info":{"display_name":"Patrycja","author_link":"https:\/\/audiomed.com.pl\/apt\/author\/"},"uagb_comment_info":0,"uagb_excerpt":"Dermo-Pro to krem, kt\u00f3ry mo\u017ce stanowi\u0107 kluczow\u0105 cz\u0119\u015b\u0107 Twojej rutyny piel\u0119gnacyjnej. Regularne stosowanie kremu Dermo-Pro mo\u017ce wspomaga\u0107 regeneracj\u0119 sk\u00f3ry, stymulowa\u0107 produkcj\u0119 kolagenu i potencjalnie zredukowa\u0107 widoczno\u015b\u0107 drobnych zmarszczek. Jak wydaj\u0105\u00a0si\u0119 podawa\u0107 aktualne recenzje u\u017cytkownik\u00f3w 2026, krem Dermo-Pro sta\u0142 si\u0119 produktem, kt\u00f3ry mo\u017ce te\u017c dobrze od\u017cywia\u0107 sk\u00f3r\u0119 i dostarcza\u0107 intensywne nawil\u017cenie. Krem Dermo-Pro mo\u017ce by\u0107 warto\u015bciowym&hellip;","_links":{"self":[{"href":"https:\/\/audiomed.com.pl\/apt\/wp-json\/wp\/v2\/product\/173","targetHints":{"allow":["GET"]}}],"collection":[{"href":"https:\/\/audiomed.com.pl\/apt\/wp-json\/wp\/v2\/product"}],"about":[{"href":"https:\/\/audiomed.com.pl\/apt\/wp-json\/wp\/v2\/types\/product"}],"replies":[{"embeddable":true,"href":"https:\/\/audiomed.com.pl\/apt\/wp-json\/wp\/v2\/comments?post=173"}],"wp:featuredmedia":[{"embeddable":true,"href":"https:\/\/audiomed.com.pl\/apt\/wp-json\/wp\/v2\/media\/176"}],"wp:attachment":[{"href":"https:\/\/audiomed.com.pl\/apt\/wp-json\/wp\/v2\/media?parent=173"}],"wp:term":[{"taxonomy":"product_brand","embeddable":true,"href":"https:\/\/audiomed.com.pl\/apt\/wp-json\/wp\/v2\/product_brand?post=173"},{"taxonomy":"product_cat","embeddable":true,"href":"https:\/\/audiomed.com.pl\/apt\/wp-json\/wp\/v2\/product_cat?post=173"},{"taxonomy":"product_tag","embeddable":true,"href":"https:\/\/audiomed.com.pl\/apt\/wp-json\/wp\/v2\/product_tag?post=173"}],"curies":[{"name":"wp","href":"https:\/\/api.w.org\/{rel}","templated":true}]}}