{"id":162,"date":"2023-12-27T15:45:56","date_gmt":"2023-12-27T15:45:56","guid":{"rendered":"https:\/\/audiomed.com.pl\/apt\/?post_type=product&#038;p=162"},"modified":"2024-01-10T08:49:59","modified_gmt":"2024-01-10T08:49:59","slug":"getshape-beauty-eyes","status":"publish","type":"product","link":"https:\/\/audiomed.com.pl\/apt\/produkty\/getshape-beauty-eyes\/","title":{"rendered":"Getshape Beauty Eyes"},"content":{"rendered":"\n<p>GetShape Beauty Eyes to innowacyjne serum do rz\u0119s, kt\u00f3re wyr\u00f3\u017cnia si\u0119 na rynku dzi\u0119ki swojej unikalnej formule. Produkt ten zaprojektowano z my\u015bl\u0105 o osobach pragn\u0105cych poprawi\u0107 wygl\u0105d i zdrowie swoich rz\u0119s.<\/p>\n\n\n\n<div style=\"height:20px\" aria-hidden=\"true\" class=\"wp-block-spacer\"><\/div>\n\n\n\n<figure class=\"wp-block-table is-style-regular\"><table class=\"has-fixed-layout\"><tbody><tr><td><strong>Nazwa produktu<\/strong><\/td><td>GetShape Beauty Eyes<\/td><\/tr><tr><td><strong>Zastosowanie<\/strong><\/td><td>na rz\u0119sy \ud83d\ude0d<\/td><\/tr><tr><td><strong>Opinie<\/strong><\/td><td>\u2b50\u2b50\u2b50\u2b50\u2b50<\/td><\/tr><tr><td><strong>Cena<\/strong><\/td><td>139 PLN \ud83d\udcb5<\/td><\/tr><tr><td><strong>Typ produktu<\/strong><\/td><td>serum\ud83e\uddf4<\/td><\/tr><tr><td><strong>Dawka<\/strong><\/td><td>codziennie \ud83e\uded9<\/td><\/tr><tr><td><strong>Sk\u0142ad<\/strong><\/td><td>Zaawansowane sk\u0142adniki od\u017cywcze\ud83c\udf43<br>Keratyna\ud83c\udf43<br>Naturalne komponenty\ud83c\udf43<\/td><\/tr><\/tbody><\/table><\/figure>\n\n\n\n<div style=\"height:20px\" aria-hidden=\"true\" class=\"wp-block-spacer\"><\/div>\n\n\n\n<h2 class=\"wp-block-heading\">Czym jest GetShape Beauty Eyes?&nbsp;<\/h2>\n\n\n\n<p>GetShape Beauty Eyes to serum do rz\u0119s, kt\u00f3re zawiera zaawansowane sk\u0142adniki od\u017cywcze, kt\u00f3re dzia\u0142aj\u0105 bezpo\u015brednio u nasady rz\u0119s, stymuluj\u0105c ich wzrost i poprawiaj\u0105c elastyczno\u015b\u0107. Jest to odpowied\u017a na potrzeby konsument\u00f3w, kt\u00f3rzy szukaj\u0105 naturalnych i skutecznych rozwi\u0105za\u0144 w dziedzinie piel\u0119gnacji oczu.&nbsp;<\/p>\n\n\n\n<p>To jak dzia\u0142a GetShape Beauty Eyes wyr\u00f3\u017cnia si\u0119 na tle innych produkt\u00f3w dzi\u0119ki swojemu skoncentrowanemu dzia\u0142aniu. Dzi\u0119ki zastosowaniu zaawansowanych sk\u0142adnik\u00f3w aktywnych, ten produkt nie tylko od\u017cywia rz\u0119sy, ale r\u00f3wnie\u017c stymuluje u\u015bpione mieszki w\u0142osowe, co przyczynia si\u0119 do zwi\u0119kszenia ich g\u0119sto\u015bci. Jest to idealny produkt dla os\u00f3b, kt\u00f3re borykaj\u0105 si\u0119 z problemem rzadkich lub s\u0142abych rz\u0119s.&nbsp;<\/p>\n\n\n\n<h2 class=\"wp-block-heading\">Wskazania do stosowania GetShape Beauty Eyes&nbsp;<\/h2>\n\n\n\n<p>Preparat jest zalecany dla os\u00f3b, kt\u00f3re pragn\u0105 poprawi\u0107 kondycj\u0119 swoich rz\u0119s. Jest szczeg\u00f3lnie polecane dla os\u00f3b z os\u0142abionymi, \u0142amliwymi rz\u0119sami, kt\u00f3re wymagaj\u0105 intensywnej regeneracji.&nbsp;&nbsp;<\/p>\n\n\n\n<h3 class=\"wp-block-heading\">S\u0142aba kondycja rz\u0119s&nbsp;<\/h3>\n\n\n\n<p>Dzi\u0119ki swoim od\u017cywczym w\u0142a\u015bciwo\u015bciom, od\u017cywka skutecznie wzmacnia rz\u0119sy od nasady a\u017c po same ko\u0144c\u00f3wki, sprawiaj\u0105c, \u017ce staj\u0105 si\u0119 one mocniejsze i mniej podatne na uszkodzenia.&nbsp;<\/p>\n\n\n\n<h3 class=\"wp-block-heading\">Porost rz\u0119s&nbsp;<\/h3>\n\n\n\n<p>Dzi\u0119ki stymulacji mieszka w\u0142osowego, produkt przyspiesza naturalny wzrost rz\u0119s, co skutkuje szybszym osi\u0105ganiem po\u017c\u0105danej d\u0142ugo\u015bci i g\u0119sto\u015bci. Jest to idealne rozwi\u0105zanie dla os\u00f3b, kt\u00f3rym si\u0119 marz\u0105 grube naturalne rz\u0119sy bez konieczno\u015bci stosowania sztucznych rz\u0119s.&nbsp;<\/p>\n\n\n\n<h3 class=\"wp-block-heading\">Os\u0142abienie rz\u0119s&nbsp;<\/h3>\n\n\n\n<p>Os\u0142abienie rz\u0119s mo\u017ce by\u0107 spowodowane czynnikami zewn\u0119trznymi, takimi jak makija\u017c czy warunki atmosferyczne. Produkt ten skutecznie chroni rz\u0119sy przed szkodliwym dzia\u0142aniem tych czynnik\u00f3w, zapewniaj\u0105c im odpowiedni\u0105 ochron\u0119 i od\u017cywienie.&nbsp;<\/p>\n\n\n\n<h2 class=\"wp-block-heading\">Efekty stosowania \u2013 Jak dzia\u0142a serum GetShape Beauty Eyes?&nbsp;<\/h2>\n\n\n\n<p>Efekty stosowania serum s\u0105 widoczne ju\u017c po kr\u00f3tkim czasie od rozpocz\u0119cia stosowania. U\u017cytkownicy do\u015bwiadczaj\u0105 znacz\u0105cej poprawy stanu swoich rz\u0119s, kt\u00f3re staj\u0105 si\u0119 d\u0142u\u017csze, grubsze i bardziej elastyczne. Zapewnia kompleksow\u0105 piel\u0119gnacj\u0119 rz\u0119s, dzia\u0142aj\u0105c na kilka sposob\u00f3w.&nbsp;<\/p>\n\n\n\n<p>Po pierwsze, stymuluje wzrost nowych rz\u0119s, co przyczynia si\u0119 do zwi\u0119kszenia ich g\u0119sto\u015bci. Dzi\u0119ki temu rz\u0119sy wydaj\u0105 si\u0119 by\u0107 naturalnie pe\u0142niejsze i bardziej wyraziste. Po drugie, od\u017cywia i wzmacnia rz\u0119sy, co zapobiega ich \u0142amaniu i wypadaniu. Jest to szczeg\u00f3lnie wa\u017cne dla os\u00f3b, kt\u00f3re regularnie stosuj\u0105 makija\u017c oczu.&nbsp;<\/p>\n\n\n\n<h2 class=\"wp-block-heading\">Sk\u0142adniki \u2013 Co zawiera produkt GetShape Beauty Eyes?&nbsp;<\/h2>\n\n\n\n<p>Serum zawiera szereg starannie dobranych sk\u0142adnik\u00f3w, kt\u00f3re zapewniaj\u0105 maksymaln\u0105 efektywno\u015b\u0107. W\u015br\u00f3d nich znajduj\u0105 si\u0119:&nbsp;<\/p>\n\n\n\n<ul class=\"wp-block-list\">\n<li><strong>Zaawansowane sk\u0142adniki od\u017cywcze<\/strong> \u2013 dzia\u0142aj\u0105 bezpo\u015brednio na mieszki w\u0142osowe, stymuluj\u0105c wzrost i poprawiaj\u0105c kondycj\u0119 rz\u0119s.&nbsp;<\/li>\n\n\n\n<li><strong>Keratyna<\/strong> \u2013 bioaktywator, kt\u00f3ry wzmacnia struktur\u0119 rz\u0119s, nadaj\u0105c im elastyczno\u015b\u0107 i blask.&nbsp;<\/li>\n\n\n\n<li><strong>Naturalne komponenty<\/strong> \u2013 zapewniaj\u0105 bezpiecze\u0144stwo stosowania, nawet dla os\u00f3b z wra\u017cliw\u0105 sk\u00f3r\u0105.&nbsp;<\/li>\n<\/ul>\n\n\n\n<p>Pe\u0142na lista sk\u0142adnik\u00f3w jest dost\u0119pna w ulotce do\u0142\u0105czonej do produktu, co pozwala na dok\u0142adne zapoznanie si\u0119 z jego w\u0142a\u015bciwo\u015bciami.&nbsp;<\/p>\n\n\n\n<h2 class=\"wp-block-heading\">Cena GetShape Beauty Eyes<\/h2>\n\n\n\n<p>Cena serum jest dostosowana do wysokiej jako\u015bci i efektywno\u015bci produktu. Chocia\u017c od\u017cywka ta nie jest dost\u0119pna w aptekach, mo\u017cna je naby\u0107 wy\u0142\u0105cznie na oficjalnej stronie internetowej producenta. Cena mo\u017ce ulega\u0107 zmianom, a cz\u0119sto dost\u0119pne s\u0105 promocyjne oferty, kt\u00f3re sprawiaj\u0105, \u017ce produkt jest jeszcze bardziej dost\u0119pny dla szerokiego grona odbiorc\u00f3w.&nbsp;<\/p>\n\n\n\n<h2 class=\"wp-block-heading\">GetShape Beauty Eyes opinie \u2013 Recenzje u\u017cytkownik\u00f3w o produkcie&nbsp;<\/h2>\n\n\n\n<p>Opinie u\u017cytkownik\u00f3w na temat tego jak wp\u0142ywa na kondycj\u0119 rz\u0119s GetShape Beauty Eyes s\u0105 niezwykle wa\u017cne dla os\u00f3b zastanawiaj\u0105cych si\u0119 nad zakupem tego produktu. Wi\u0119kszo\u015b\u0107 recenzji jest pozytywna, z u\u017cytkownikami chwal\u0105cymi preparat za jego skuteczno\u015b\u0107 w poprawie wygl\u0105du i kondycji rz\u0119s. Klienci podkre\u015blaj\u0105, \u017ce regularne stosowanie serum sprawia, \u017ce rz\u0119sy staj\u0105 si\u0119 grubsze, wzmacnia rz\u0119sy i brwi, oraz przeciwdzia\u0142a wypadaniu rz\u0119s. Dodatkowo konsumenci chwal\u0105 to ile kosztuje GetShape Beauty Eyes.&nbsp;<\/p>\n\n\n\n<h2 class=\"wp-block-heading\">Spos\u00f3b aplikacji \u2013 Jak stosowa\u0107 GetShape Beauty Eyes?&nbsp;<\/h2>\n\n\n\n<p>Spos\u00f3b aplikacji od\u017cywki jest prosty i wygodny. Nale\u017cy aplikowa\u0107 produkt codziennie, najlepiej wieczorem, na czyst\u0105 i such\u0105 sk\u00f3r\u0119 powiek. Aplikator umo\u017cliwia precyzyjne na\u0142o\u017cenie produktu bezpo\u015brednio u nasady rz\u0119s. Wa\u017cne jest, aby unika\u0107 kontaktu serum z oczami, a tak\u017ce upewni\u0107 si\u0119, \u017ce rz\u0119sy s\u0105 ca\u0142kowicie suche przed na\u0142o\u017ceniem makija\u017cu.&nbsp;<\/p>\n\n\n\n<p>Codzienne stosowanie jest kluczem do osi\u0105gni\u0119cia najlepszych efekt\u00f3w. Serum powinno by\u0107 stosowane przez co najmniej kilka tygodni, aby m\u00f3c zaobserwowa\u0107 znacz\u0105ce zmiany w kondycji rz\u0119s.&nbsp;&nbsp;<\/p>\n\n\n\n<h2 class=\"wp-block-heading\">Skutki uboczne serum GetShape Beauty Eyes&nbsp;<\/h2>\n\n\n\n<p>Od\u017cywka zosta\u0142a zaprojektowana tak, aby minimalizowa\u0107 ryzyko wyst\u0105pienia skutk\u00f3w ubocznych. Produkt zawiera sk\u0142adniki, kt\u00f3re s\u0105 zwykle dobrze tolerowane przez wi\u0119kszo\u015b\u0107 u\u017cytkownik\u00f3w. Jednak\u017ce, jak w przypadku ka\u017cdego produktu kosmetycznego, istnieje mo\u017cliwo\u015b\u0107 wyst\u0105pienia reakcji alergicznych, szczeg\u00f3lnie u os\u00f3b o wra\u017cliwej sk\u00f3rze.&nbsp;<\/p>\n\n\n\n<h2 class=\"wp-block-heading\">Gdzie kupi\u0107 GetShape Beauty Eyes: Apteka, Allegro czy Oficjalna strona producenta?&nbsp;<\/h2>\n\n\n\n<p>Produktu GetShape Beauty Eyes nie zakupimy w aptekach, a jego zakup najlepiej dokona\u0107 przez oficjaln\u0105 stron\u0119 internetow\u0105 producenta. Jest to najbezpieczniejszy spos\u00f3b, aby upewni\u0107 si\u0119, \u017ce otrzymuje si\u0119 oryginalny i pe\u0142nowarto\u015bciowy produkt. Chocia\u017c serum mo\u017ce by\u0107 dost\u0119pne na platformach takich jak Allegro, istnieje ryzyko zakupu podr\u00f3bek, kt\u00f3re mog\u0105 nie by\u0107 skuteczne lub nawet bezpieczne. Zakup bezpo\u015brednio od producenta gwarantuje otrzymanie autentycznego produktu, a tak\u017ce umo\u017cliwia dost\u0119p do aktualnych promocji i ofert specjalnych.&nbsp;<\/p>\n\n\n\n<h2 class=\"wp-block-heading\">Najcz\u0119\u015bciej zadawane pytania<\/h2>\n\n\n\n<h3 class=\"wp-block-heading\">W jakim celu stosuje si\u0119 GetShape Beauty Eyes?&nbsp;<\/h3>\n\n\n\n<p>Serum stosuje si\u0119 do piel\u0119gnacji rz\u0119s. Produkt ten jest przeznaczony do wzmacniania, zag\u0119szczania oraz przyspieszania wzrostu rz\u0119s. Jest szczeg\u00f3lnie polecany dla os\u00f3b z os\u0142abionymi, cienkimi lub rzadkimi rz\u0119sami.&nbsp;<\/p>\n\n\n\n<h3 class=\"wp-block-heading\">Czy Serum GetShape Beauty Eyes mo\u017ce powodowa\u0107 skutki uboczne?&nbsp;<\/h3>\n\n\n\n<p>Chocia\u017c serum jest zaprojektowane tak, aby minimalizowa\u0107 ryzyko skutk\u00f3w ubocznych, w rzadkich przypadkach mo\u017ce wyst\u0105pi\u0107 reakcja alergiczna.&nbsp;&nbsp;<\/p>\n\n\n\n<h3 class=\"wp-block-heading\">Jakie s\u0105 opinie lekarzy na temat Serum GetShape Beauty Eyes?&nbsp;<\/h3>\n\n\n\n<p>W Internecie mo\u017cna znale\u017a\u0107 wiele opinii lekarzy na temat serum, jednak nie by\u0142y one weryfikowane. Opinie te zazwyczaj koncentruj\u0105 si\u0119 na skuteczno\u015bci i bezpiecze\u0144stwie stosowania produktu.&nbsp;<\/p>\n\n\n\n<h3 class=\"wp-block-heading\">Gdzie mog\u0119 kupi\u0107 serum GetShape Beauty Eyes?&nbsp;<\/h3>\n\n\n\n<p>GetShape Beauty Eyes mo\u017cna zakupi\u0107 wy\u0142\u0105cznie na oficjalnej stronie internetowej producenta. Zakup przez oficjalne kana\u0142y gwarantuje otrzymanie oryginalnego produktu oraz zapewnia dost\u0119p do wsparcia ze strony producenta.<\/p>\n","protected":false},"excerpt":{"rendered":"<p>GetShape Beauty Eyes to innowacyjne serum do rz\u0119s, kt\u00f3re wyr\u00f3\u017cnia si\u0119 na rynku dzi\u0119ki swojej unikalnej formule. Produkt ten zaprojektowano z my\u015bl\u0105 o osobach pragn\u0105cych poprawi\u0107 wygl\u0105d i zdrowie swoich rz\u0119s. Nazwa produktu GetShape Beauty Eyes Zastosowanie na rz\u0119sy \ud83d\ude0d Opinie \u2b50\u2b50\u2b50\u2b50\u2b50 Cena 139 PLN \ud83d\udcb5 Typ produktu serum\ud83e\uddf4 Dawka codziennie \ud83e\uded9 Sk\u0142ad Zaawansowane sk\u0142adniki &#8230; <a title=\"Getshape Beauty Eyes\" class=\"read-more\" href=\"https:\/\/audiomed.com.pl\/apt\/produkty\/getshape-beauty-eyes\/\" aria-label=\"More on Getshape Beauty Eyes\">Czytaj dalej<\/a><\/p>\n","protected":false},"featured_media":167,"comment_status":"open","ping_status":"closed","template":"","meta":{"_uag_custom_page_level_css":""},"product_brand":[],"product_cat":[24],"product_tag":[],"class_list":{"0":"post-162","1":"product","2":"type-product","3":"status-publish","4":"has-post-thumbnail","6":"product_cat-uroda","7":"sales-flash-overlay","8":"woocommerce-text-align-center","9":"woocommerce-image-align-center","10":"do-quantity-buttons","12":"first","13":"instock","14":"sale","15":"shipping-taxable","16":"product-type-external"},"yoast_head":"<!-- This site is optimized with the Yoast SEO plugin v27.5 - https:\/\/yoast.com\/product\/yoast-seo-wordpress\/ -->\n<title>Getshape Beauty Eyes serum - opinie, cena, sk\u0142ad, efekty 2024<\/title>\n<meta name=\"description\" content=\"Czy \ud83e\udd29 Getshape Beauty Eyes \ud83e\udd29 stymuluje wzrost rz\u0119s i mo\u017ce poprawi\u0107 zdrowie rz\u0119s? Kliknij tutaj! \ud83c\udf38 \ud83d\udc48\" \/>\n<meta name=\"robots\" content=\"index, follow, max-snippet:-1, max-image-preview:large, max-video-preview:-1\" \/>\n<link rel=\"canonical\" href=\"https:\/\/audiomed.com.pl\/apt\/produkty\/getshape-beauty-eyes\/\" \/>\n<meta property=\"og:locale\" content=\"pl_PL\" \/>\n<meta property=\"og:type\" content=\"article\" \/>\n<meta property=\"og:title\" content=\"Getshape Beauty Eyes serum - opinie, cena, sk\u0142ad, efekty 2024\" \/>\n<meta property=\"og:description\" content=\"Czy \ud83e\udd29 Getshape Beauty Eyes \ud83e\udd29 stymuluje wzrost rz\u0119s i mo\u017ce poprawi\u0107 zdrowie rz\u0119s? Kliknij tutaj! \ud83c\udf38 \ud83d\udc48\" \/>\n<meta property=\"og:url\" content=\"https:\/\/audiomed.com.pl\/apt\/produkty\/getshape-beauty-eyes\/\" \/>\n<meta property=\"og:site_name\" content=\"Audiomed\" \/>\n<meta property=\"article:modified_time\" content=\"2024-01-10T08:49:59+00:00\" \/>\n<meta property=\"og:image\" content=\"https:\/\/audiomed.com.pl\/apt\/wp-content\/uploads\/2023\/12\/Getshape-Beauty-Eyes-serum-opinie-cena-sklad-forum-gdzie-kupic.png\" \/>\n\t<meta property=\"og:image:width\" content=\"300\" \/>\n\t<meta property=\"og:image:height\" content=\"300\" \/>\n\t<meta property=\"og:image:type\" content=\"image\/png\" \/>\n<meta name=\"twitter:card\" content=\"summary_large_image\" \/>\n<meta name=\"twitter:label1\" content=\"Szacowany czas czytania\" \/>\n\t<meta name=\"twitter:data1\" content=\"6 minut\" \/>\n<script type=\"application\/ld+json\" class=\"yoast-schema-graph\">{\"@context\":\"https:\\\/\\\/schema.org\",\"@graph\":[{\"@type\":\"WebPage\",\"@id\":\"https:\\\/\\\/audiomed.com.pl\\\/apt\\\/produkty\\\/getshape-beauty-eyes\\\/\",\"url\":\"https:\\\/\\\/audiomed.com.pl\\\/apt\\\/produkty\\\/getshape-beauty-eyes\\\/\",\"name\":\"Getshape Beauty Eyes serum - opinie, cena, sk\u0142ad, efekty 2024\",\"isPartOf\":{\"@id\":\"https:\\\/\\\/audiomed.com.pl\\\/apt\\\/#website\"},\"primaryImageOfPage\":{\"@id\":\"https:\\\/\\\/audiomed.com.pl\\\/apt\\\/produkty\\\/getshape-beauty-eyes\\\/#primaryimage\"},\"image\":{\"@id\":\"https:\\\/\\\/audiomed.com.pl\\\/apt\\\/produkty\\\/getshape-beauty-eyes\\\/#primaryimage\"},\"thumbnailUrl\":\"https:\\\/\\\/audiomed.com.pl\\\/apt\\\/wp-content\\\/uploads\\\/2023\\\/12\\\/Getshape-Beauty-Eyes-serum-opinie-cena-sklad-forum-gdzie-kupic.png\",\"datePublished\":\"2023-12-27T15:45:56+00:00\",\"dateModified\":\"2024-01-10T08:49:59+00:00\",\"description\":\"Czy \ud83e\udd29 Getshape Beauty Eyes \ud83e\udd29 stymuluje wzrost rz\u0119s i mo\u017ce poprawi\u0107 zdrowie rz\u0119s? Kliknij tutaj! \ud83c\udf38 \ud83d\udc48\",\"breadcrumb\":{\"@id\":\"https:\\\/\\\/audiomed.com.pl\\\/apt\\\/produkty\\\/getshape-beauty-eyes\\\/#breadcrumb\"},\"inLanguage\":\"pl-PL\",\"potentialAction\":[{\"@type\":\"ReadAction\",\"target\":[\"https:\\\/\\\/audiomed.com.pl\\\/apt\\\/produkty\\\/getshape-beauty-eyes\\\/\"]}]},{\"@type\":\"ImageObject\",\"inLanguage\":\"pl-PL\",\"@id\":\"https:\\\/\\\/audiomed.com.pl\\\/apt\\\/produkty\\\/getshape-beauty-eyes\\\/#primaryimage\",\"url\":\"https:\\\/\\\/audiomed.com.pl\\\/apt\\\/wp-content\\\/uploads\\\/2023\\\/12\\\/Getshape-Beauty-Eyes-serum-opinie-cena-sklad-forum-gdzie-kupic.png\",\"contentUrl\":\"https:\\\/\\\/audiomed.com.pl\\\/apt\\\/wp-content\\\/uploads\\\/2023\\\/12\\\/Getshape-Beauty-Eyes-serum-opinie-cena-sklad-forum-gdzie-kupic.png\",\"width\":300,\"height\":300,\"caption\":\"Getshape Beauty Eyes serum - opinie, cena, sk\u0142ad, forum, gdzie kupi\u0107\"},{\"@type\":\"BreadcrumbList\",\"@id\":\"https:\\\/\\\/audiomed.com.pl\\\/apt\\\/produkty\\\/getshape-beauty-eyes\\\/#breadcrumb\",\"itemListElement\":[{\"@type\":\"ListItem\",\"position\":1,\"name\":\"Home\",\"item\":\"https:\\\/\\\/audiomed.com.pl\\\/apt\\\/\"},{\"@type\":\"ListItem\",\"position\":2,\"name\":\"Produkty\",\"item\":\"https:\\\/\\\/audiomed.com.pl\\\/apt\\\/\"},{\"@type\":\"ListItem\",\"position\":3,\"name\":\"Getshape Beauty Eyes\"}]},{\"@type\":\"WebSite\",\"@id\":\"https:\\\/\\\/audiomed.com.pl\\\/apt\\\/#website\",\"url\":\"https:\\\/\\\/audiomed.com.pl\\\/apt\\\/\",\"name\":\"Audiomed\",\"description\":\"\",\"potentialAction\":[{\"@type\":\"SearchAction\",\"target\":{\"@type\":\"EntryPoint\",\"urlTemplate\":\"https:\\\/\\\/audiomed.com.pl\\\/apt\\\/?s={search_term_string}\"},\"query-input\":{\"@type\":\"PropertyValueSpecification\",\"valueRequired\":true,\"valueName\":\"search_term_string\"}}],\"inLanguage\":\"pl-PL\"}]}<\/script>\n<!-- \/ Yoast SEO plugin. -->","yoast_head_json":{"title":"Getshape Beauty Eyes serum - opinie, cena, sk\u0142ad, efekty 2024","description":"Czy \ud83e\udd29 Getshape Beauty Eyes \ud83e\udd29 stymuluje wzrost rz\u0119s i mo\u017ce poprawi\u0107 zdrowie rz\u0119s? Kliknij tutaj! \ud83c\udf38 \ud83d\udc48","robots":{"index":"index","follow":"follow","max-snippet":"max-snippet:-1","max-image-preview":"max-image-preview:large","max-video-preview":"max-video-preview:-1"},"canonical":"https:\/\/audiomed.com.pl\/apt\/produkty\/getshape-beauty-eyes\/","og_locale":"pl_PL","og_type":"article","og_title":"Getshape Beauty Eyes serum - opinie, cena, sk\u0142ad, efekty 2024","og_description":"Czy \ud83e\udd29 Getshape Beauty Eyes \ud83e\udd29 stymuluje wzrost rz\u0119s i mo\u017ce poprawi\u0107 zdrowie rz\u0119s? Kliknij tutaj! \ud83c\udf38 \ud83d\udc48","og_url":"https:\/\/audiomed.com.pl\/apt\/produkty\/getshape-beauty-eyes\/","og_site_name":"Audiomed","article_modified_time":"2024-01-10T08:49:59+00:00","og_image":[{"width":300,"height":300,"url":"https:\/\/audiomed.com.pl\/apt\/wp-content\/uploads\/2023\/12\/Getshape-Beauty-Eyes-serum-opinie-cena-sklad-forum-gdzie-kupic.png","type":"image\/png"}],"twitter_card":"summary_large_image","twitter_misc":{"Szacowany czas czytania":"6 minut"},"schema":{"@context":"https:\/\/schema.org","@graph":[{"@type":"WebPage","@id":"https:\/\/audiomed.com.pl\/apt\/produkty\/getshape-beauty-eyes\/","url":"https:\/\/audiomed.com.pl\/apt\/produkty\/getshape-beauty-eyes\/","name":"Getshape Beauty Eyes serum - opinie, cena, sk\u0142ad, efekty 2024","isPartOf":{"@id":"https:\/\/audiomed.com.pl\/apt\/#website"},"primaryImageOfPage":{"@id":"https:\/\/audiomed.com.pl\/apt\/produkty\/getshape-beauty-eyes\/#primaryimage"},"image":{"@id":"https:\/\/audiomed.com.pl\/apt\/produkty\/getshape-beauty-eyes\/#primaryimage"},"thumbnailUrl":"https:\/\/audiomed.com.pl\/apt\/wp-content\/uploads\/2023\/12\/Getshape-Beauty-Eyes-serum-opinie-cena-sklad-forum-gdzie-kupic.png","datePublished":"2023-12-27T15:45:56+00:00","dateModified":"2024-01-10T08:49:59+00:00","description":"Czy \ud83e\udd29 Getshape Beauty Eyes \ud83e\udd29 stymuluje wzrost rz\u0119s i mo\u017ce poprawi\u0107 zdrowie rz\u0119s? Kliknij tutaj! \ud83c\udf38 \ud83d\udc48","breadcrumb":{"@id":"https:\/\/audiomed.com.pl\/apt\/produkty\/getshape-beauty-eyes\/#breadcrumb"},"inLanguage":"pl-PL","potentialAction":[{"@type":"ReadAction","target":["https:\/\/audiomed.com.pl\/apt\/produkty\/getshape-beauty-eyes\/"]}]},{"@type":"ImageObject","inLanguage":"pl-PL","@id":"https:\/\/audiomed.com.pl\/apt\/produkty\/getshape-beauty-eyes\/#primaryimage","url":"https:\/\/audiomed.com.pl\/apt\/wp-content\/uploads\/2023\/12\/Getshape-Beauty-Eyes-serum-opinie-cena-sklad-forum-gdzie-kupic.png","contentUrl":"https:\/\/audiomed.com.pl\/apt\/wp-content\/uploads\/2023\/12\/Getshape-Beauty-Eyes-serum-opinie-cena-sklad-forum-gdzie-kupic.png","width":300,"height":300,"caption":"Getshape Beauty Eyes serum - opinie, cena, sk\u0142ad, forum, gdzie kupi\u0107"},{"@type":"BreadcrumbList","@id":"https:\/\/audiomed.com.pl\/apt\/produkty\/getshape-beauty-eyes\/#breadcrumb","itemListElement":[{"@type":"ListItem","position":1,"name":"Home","item":"https:\/\/audiomed.com.pl\/apt\/"},{"@type":"ListItem","position":2,"name":"Produkty","item":"https:\/\/audiomed.com.pl\/apt\/"},{"@type":"ListItem","position":3,"name":"Getshape Beauty Eyes"}]},{"@type":"WebSite","@id":"https:\/\/audiomed.com.pl\/apt\/#website","url":"https:\/\/audiomed.com.pl\/apt\/","name":"Audiomed","description":"","potentialAction":[{"@type":"SearchAction","target":{"@type":"EntryPoint","urlTemplate":"https:\/\/audiomed.com.pl\/apt\/?s={search_term_string}"},"query-input":{"@type":"PropertyValueSpecification","valueRequired":true,"valueName":"search_term_string"}}],"inLanguage":"pl-PL"}]}},"uagb_featured_image_src":{"full":["https:\/\/audiomed.com.pl\/apt\/wp-content\/uploads\/2023\/12\/Getshape-Beauty-Eyes-serum-opinie-cena-sklad-forum-gdzie-kupic.png",300,300,false],"thumbnail":["https:\/\/audiomed.com.pl\/apt\/wp-content\/uploads\/2023\/12\/Getshape-Beauty-Eyes-serum-opinie-cena-sklad-forum-gdzie-kupic-150x150.png",150,150,true],"medium":["https:\/\/audiomed.com.pl\/apt\/wp-content\/uploads\/2023\/12\/Getshape-Beauty-Eyes-serum-opinie-cena-sklad-forum-gdzie-kupic.png",300,300,false],"medium_large":["https:\/\/audiomed.com.pl\/apt\/wp-content\/uploads\/2023\/12\/Getshape-Beauty-Eyes-serum-opinie-cena-sklad-forum-gdzie-kupic.png",300,300,false],"large":["https:\/\/audiomed.com.pl\/apt\/wp-content\/uploads\/2023\/12\/Getshape-Beauty-Eyes-serum-opinie-cena-sklad-forum-gdzie-kupic.png",300,300,false],"1536x1536":["https:\/\/audiomed.com.pl\/apt\/wp-content\/uploads\/2023\/12\/Getshape-Beauty-Eyes-serum-opinie-cena-sklad-forum-gdzie-kupic.png",300,300,false],"2048x2048":["https:\/\/audiomed.com.pl\/apt\/wp-content\/uploads\/2023\/12\/Getshape-Beauty-Eyes-serum-opinie-cena-sklad-forum-gdzie-kupic.png",300,300,false],"woocommerce_thumbnail":["https:\/\/audiomed.com.pl\/apt\/wp-content\/uploads\/2023\/12\/Getshape-Beauty-Eyes-serum-opinie-cena-sklad-forum-gdzie-kupic.png",300,300,false],"woocommerce_single":["https:\/\/audiomed.com.pl\/apt\/wp-content\/uploads\/2023\/12\/Getshape-Beauty-Eyes-serum-opinie-cena-sklad-forum-gdzie-kupic.png",300,300,false],"woocommerce_gallery_thumbnail":["https:\/\/audiomed.com.pl\/apt\/wp-content\/uploads\/2023\/12\/Getshape-Beauty-Eyes-serum-opinie-cena-sklad-forum-gdzie-kupic-100x100.png",100,100,true],"yarpp-thumbnail":["https:\/\/audiomed.com.pl\/apt\/wp-content\/uploads\/2023\/12\/Getshape-Beauty-Eyes-serum-opinie-cena-sklad-forum-gdzie-kupic.png",120,120,false]},"uagb_author_info":{"display_name":"Patrycja","author_link":"https:\/\/audiomed.com.pl\/apt\/author\/"},"uagb_comment_info":0,"uagb_excerpt":"GetShape Beauty Eyes to innowacyjne serum do rz\u0119s, kt\u00f3re wyr\u00f3\u017cnia si\u0119 na rynku dzi\u0119ki swojej unikalnej formule. Produkt ten zaprojektowano z my\u015bl\u0105 o osobach pragn\u0105cych poprawi\u0107 wygl\u0105d i zdrowie swoich rz\u0119s. Nazwa produktu GetShape Beauty Eyes Zastosowanie na rz\u0119sy \ud83d\ude0d Opinie \u2b50\u2b50\u2b50\u2b50\u2b50 Cena 139 PLN \ud83d\udcb5 Typ produktu serum\ud83e\uddf4 Dawka codziennie \ud83e\uded9 Sk\u0142ad Zaawansowane sk\u0142adniki&hellip;","_links":{"self":[{"href":"https:\/\/audiomed.com.pl\/apt\/wp-json\/wp\/v2\/product\/162","targetHints":{"allow":["GET"]}}],"collection":[{"href":"https:\/\/audiomed.com.pl\/apt\/wp-json\/wp\/v2\/product"}],"about":[{"href":"https:\/\/audiomed.com.pl\/apt\/wp-json\/wp\/v2\/types\/product"}],"replies":[{"embeddable":true,"href":"https:\/\/audiomed.com.pl\/apt\/wp-json\/wp\/v2\/comments?post=162"}],"wp:featuredmedia":[{"embeddable":true,"href":"https:\/\/audiomed.com.pl\/apt\/wp-json\/wp\/v2\/media\/167"}],"wp:attachment":[{"href":"https:\/\/audiomed.com.pl\/apt\/wp-json\/wp\/v2\/media?parent=162"}],"wp:term":[{"taxonomy":"product_brand","embeddable":true,"href":"https:\/\/audiomed.com.pl\/apt\/wp-json\/wp\/v2\/product_brand?post=162"},{"taxonomy":"product_cat","embeddable":true,"href":"https:\/\/audiomed.com.pl\/apt\/wp-json\/wp\/v2\/product_cat?post=162"},{"taxonomy":"product_tag","embeddable":true,"href":"https:\/\/audiomed.com.pl\/apt\/wp-json\/wp\/v2\/product_tag?post=162"}],"curies":[{"name":"wp","href":"https:\/\/api.w.org\/{rel}","templated":true}]}}