{"id":109,"date":"2023-12-22T16:42:56","date_gmt":"2023-12-22T16:42:56","guid":{"rendered":"https:\/\/audiomed.com.pl\/apt\/?post_type=product&#038;p=109"},"modified":"2025-02-28T14:33:47","modified_gmt":"2025-02-28T14:33:47","slug":"nemanex","status":"publish","type":"product","link":"https:\/\/audiomed.com.pl\/apt\/produkty\/nemanex\/","title":{"rendered":"Nemanex"},"content":{"rendered":"\n<p>Nemanex to krople oparte na naturalnych sk\u0142adnikach, kt\u00f3re maj\u0105 potencja\u0142 wspiera\u0107 naturaln\u0105 odporno\u015b\u0107 organizmu i procesy oczyszczania. Regularne stosowanie Nemanex mo\u017ce wspomaga\u0107 usuwanie toksyn z uk\u0142adu pokarmowego. Produkty detoksykacyjne, takie jak Nemanex, cz\u0119sto wspomagaj\u0105 popraw\u0119 funkcji uk\u0142adu pokarmowego, a naturalny sk\u0142ad preparatu mo\u017ce pozytywnie wp\u0142ywa\u0107 r\u00f3wnie\u017c na popraw\u0119 trawienia.<\/p>\n\n\n\n<p>Jak wydaj\u0105 si\u0119 sugerowa\u0107 aktualne recenzje u\u017cytkownik\u00f3w 2024 skuteczno\u015b\u0107 Nemanex jest do\u015b\u0107 wysoka, a przy tym ryzyko wyst\u0105pienia skutk\u00f3w ubocznych powinno by\u0107 bardzo niskie. Opr\u00f3cz tego, cena Nemanex na stronie wydaje si\u0119 atrakcyjna.<\/p>\n\n\n\n<div style=\"height:20px\" aria-hidden=\"true\" class=\"wp-block-spacer\"><\/div>\n\n\n\n<figure class=\"wp-block-table is-style-regular\"><table class=\"has-fixed-layout\"><tbody><tr><td><strong>Nazwa produktu<\/strong><\/td><td>Nemanex<\/td><\/tr><tr><td><strong>Zastosowanie<\/strong><\/td><td>na paso\u017cyty \ud83d\udc1b<\/td><\/tr><tr><td><strong>Opinie<\/strong><\/td><td>\u2b50\u2b50\u2b50\u2b50\u2b50<\/td><\/tr><tr><td><strong>Cena<\/strong><\/td><td>159 PLN \ud83d\udcb5<\/td><\/tr><tr><td><strong>Typ produktu<\/strong><\/td><td>krople \ud83d\udca6<\/td><\/tr><tr><td><strong>Dawka<\/strong><\/td><td>dwa razy dziennie \u23f0<\/td><\/tr><tr><td><strong>Sk\u0142ad<\/strong><\/td><td>Ekstrakt z korzenia \u0142opianu\ud83c\udf43<br>Ekstrakt z \u0142odygi naw\u0142oci\ud83c\udf43<br>Ekstrakt z li\u015bci karczocha\ud83c\udf43<br>Ekstrakt z bulw karczocha jerozolimskiego\ud83c\udf43<br>Ekstrakt z li\u015bci laurowych\ud83c\udf43<\/td><\/tr><\/tbody><\/table><\/figure>\n\n\n\n<div style=\"height:20px\" aria-hidden=\"true\" class=\"wp-block-spacer\"><\/div>\n\n\n\n<h2 class=\"wp-block-heading\">Nemanex krople, sk\u0142adniki, jak za\u017cywa\u0107, jak to dzia\u0142a, skutki uboczne<\/h2>\n\n\n\n<p>Nemanex sk\u0142adniki to wyselekcjonowana kompozycja substancji aktywnych, kt\u00f3re maj\u0105 za zadanie przynie\u015b\u0107 korzystne efekty w walce z paso\u017cytami oraz usprawni\u0107 usuwanie toksyn z organizmu. Producent informuje, \u017ce sk\u0142ad Nemanex jest ca\u0142kowicie naturalny, co sprawia, \u017ce korzystne efekty powinny by\u0107 osi\u0105galne bez obaw o skutki uboczne oraz przeciwwskazania. Je\u015bli kto\u015b jest zainteresowany tym jak za\u017cywa\u0107 Nemanex, lub zadaje sobie pytanie &#8222;Nemanex jak to dzia\u0142a&#8221; i po co to jest, to dobrym \u017ar\u00f3d\u0142em takich informacji mo\u017ce si\u0119 okaza\u0107 ulotka. Na szcz\u0119\u015bcie cz\u0119\u015b\u0107 informacji o produkcie, takie jak naturalne sk\u0142adniki tego preparatu, mo\u017cna znale\u017a\u0107 na oficjalnej stronie producenta.<\/p>\n\n\n\n<p>Oto wybrane Nemanex sk\u0142adniki oraz ich kluczowe w\u0142a\u015bciwo\u015bci:<\/p>\n\n\n\n<ul class=\"wp-block-list\">\n<li><strong>Ekstrakt z korzenia \u0142opianu<\/strong> &#8211; zosta\u0142 skonstruowany z my\u015bl\u0105 o wsparciu naturalnych mechanizm\u00f3w obronnych organizmu, maj\u0105c jednocze\u015bnie pozytywny wp\u0142yw na funkcjonowanie w\u0105troby.<\/li>\n\n\n\n<li><strong>Ekstrakt z \u0142odygi naw\u0142oci<\/strong> &#8211; powinien wspiera\u0107 naturaln\u0105 obron\u0119 organizmu przed wp\u0142ywami zewn\u0119trznymi, jednocze\u015bnie stymuluj\u0105c prawid\u0142owe funkcjonowanie przewodu pokarmowego.<\/li>\n\n\n\n<li><strong>Ekstrakt z li\u015bci karczocha<\/strong> &#8211; ma na celu aktywny udzia\u0142 w utrzymaniu prawid\u0142owego funkcjonowania przewodu pokarmowego oraz wspomaganiu zdrowej pracy w\u0105troby.<\/li>\n\n\n\n<li><strong>Ekstrakt z bulw karczocha jerozolimskiego<\/strong> &#8211; zosta\u0142 opracowany z my\u015bl\u0105 o wzmacnianiu uk\u0142adu odporno\u015bciowego, stanowi\u0105c jednocze\u015bnie wsparcie dla og\u00f3lnego zdrowia organizmu.<\/li>\n\n\n\n<li><strong>Ekstrakt z li\u015bci laurowych<\/strong> &#8211; posiada potencja\u0142 w redukcji liczby drobnoustroj\u00f3w, co sprawia, \u017ce mo\u017ce przyczyni\u0107 si\u0119 do utrzymania zdrowej r\u00f3wnowagi mikroflory organizmu.<\/li>\n<\/ul>\n\n\n\n<p>Nemanex to suplement diety dost\u0119pny w postaci kropelek, kt\u00f3rego g\u0142\u00f3wnym celem jest wspieranie naturalnej odporno\u015bci organizmu i proces\u00f3w oczyszczania organizmu. Produkt ten opiera si\u0119 na naturalnych sk\u0142adnikach, co mo\u017ce przyczyni\u0107 si\u0119 do korzystnych efekt\u00f3w przy regularnym stosowaniu. Dzia\u0142anie Nemanex mo\u017ce przejawia\u0107 si\u0119 popraw\u0105 pracy uk\u0142adu pokarmowego, wspomaganiem trawienia oraz usuwaniem szkodliwych substancji. Przy rozpocz\u0119ciu stosowania Nemanex istotne jest, aby stosowa\u0107 si\u0119 do zalece\u0144 producenta i regularnie przyjmowa\u0107 preparat. Mo\u017cliwe korzy\u015bci to r\u00f3wnie\u017c wzmacnianie uk\u0142adu odporno\u015bciowego oraz detoksykacja organizmu.<\/p>\n\n\n\n<p>Stosuj\u0105c Nemanex zgodnie z zaleceniami, mo\u017cna do\u015bwiadczy\u0107 poprawy og\u00f3lnego samopoczucia oraz wzmocnienia uk\u0142adu odporno\u015bciowego. Dodatkowe informacje tego jak to dzia\u0142a oraz jak za\u017cywa\u0107 powinna zawiera\u0107, w przypadku Nemanex ulotka.<\/p>\n\n\n\n<h2 class=\"wp-block-heading\">Nemanex opinie, forum, komentarze<\/h2>\n\n\n\n<p>Osoby, kt\u00f3re szukaj\u0105 produktu, kt\u00f3ry b\u0119dzie wspiera\u0107 ich uk\u0142ad odporno\u015bciowy i og\u00f3lne samopoczucie, cz\u0119sto chc\u0105 przeczyta\u0107 opinie i komentarze na temat Nemanex. Na szcz\u0119\u015bcie w przypadku tego produktu, aktualne recenzje u\u017cytkownik\u00f3w 2024 mo\u017cna przeczyta\u0107 na specjalnym Nemanex forum.<\/p>\n\n\n\n<p>Je\u015bli chodzi o Nemanex opinie u\u017cytkownik\u00f3w na wy\u017cej wspomnianym forum, s\u0105 raczej pozytywne, co mo\u017ce wynika\u0107 z korzystnych efekt\u00f3w regularnego stosowania produktu. U\u017cytkownicy podkre\u015blaj\u0105 skuteczno\u015b\u0107 Nemanex we wzmacnianiu naturalnej odporno\u015bci organizmu, usuwaniu toksyn, a tak\u017ce pozytywny wp\u0142yw na prac\u0119 uk\u0142adu pokarmowego i popraw\u0119 trawienia. Wi\u0119kszo\u015b\u0107 recenzji wydaje si\u0119 wskazywa\u0107 tak\u017ce na brak wyst\u0105pienia jakichkolwiek skutk\u00f3w ubocznych. Forum internetowe oraz opinie na r\u00f3\u017cnych platformach podkre\u015blaj\u0105 tak\u017ce dost\u0119pno\u015b\u0107 Nemanex na oficjalnej stronie producenta, zach\u0119caj\u0105c do korzystania z ewentualnych promocji i gwarancji oryginalno\u015bci oferowanych przez producenta. Niekt\u00f3re osoby wskazuj\u0105, \u017ce regularne stosowanie Nemanex mo\u017ce przynie\u015b\u0107 znaczn\u0105 popraw\u0119 je\u015bli chodzi o detoksykacj\u0119 organizmu. U\u017cytkownicy tak\u017ce wspominaj\u0105 korze\u0144 \u0142opianu, czy ekstrakt z mniszka lekarskiego r\u00f3\u017cnych forach internetowych.<\/p>\n\n\n\n<p>Wiele os\u00f3b na plus ocenia r\u00f3wnie\u017c brak szkodliwych substancji w preparacie Nemanex. Mimo \u017ce opinie s\u0105 pozytywne, zawsze zaleca si\u0119 indywidualne dostosowanie stosowania produktu do w\u0142asnych potrzeb, a tak\u017ce przestrzeganie informacji zawartych w ulotce i dok\u0142adne jej przeczytanie przed rozpocz\u0119ciem stosowania kropli Nemanex. Warto tak\u017ce zauwa\u017cy\u0107, \u017ce opinie u\u017cytkownik\u00f3w mog\u0105 by\u0107 subiektywne, dlatego ka\u017cda osoba zainteresowana produktem powinna podej\u015b\u0107 do recenzji z rozwag\u0105 i wzi\u0105\u0107 pod uwag\u0119 swoje indywidualne potrzeby i warunki zdrowotne.<\/p>\n\n\n\n<h2 class=\"wp-block-heading\">Nemanex cena, ile to kosztuje<\/h2>\n\n\n\n<p>Cena Nemanex dost\u0119pna jest na oficjalnej stronie producenta, gdzie mo\u017cna tak\u017ce sprawdzi\u0107 ewentualne promocje i korzysta\u0107 z gwarancji oryginalno\u015bci. Nemanex cena jest uznawana za adekwatn\u0105 do skuteczno\u015bci preparatu we wspieraniu naturalnej odporno\u015bci organizmu, usuwaniu toksyn oraz poprawie funkcjonowania uk\u0142adu pokarmowego. Korzystaj\u0105c z ofert oficjalnej strony internetowej u\u017cytkownicy mog\u0105 nie tylko dowiedzie\u0107 si\u0119 ile to kosztuje, ale r\u00f3wnie\u017c natkn\u0105\u0107 si\u0119 na promocje i rabaty, kt\u00f3re mog\u0105 sprawi\u0107, \u017ce cena Nemanex b\u0119dzie dla nas jeszcze bardziej atrakcyjna. Warto indywidualnie dostosowa\u0107 zakup do w\u0142asnych potrzeb, a tak\u017ce przeczyta\u0107 informacje zawarte na stronie internetowej oraz w ulotce.<\/p>\n\n\n\n<h2 class=\"wp-block-heading\">Nemanex gdzie kupi\u0107, apteka<\/h2>\n\n\n\n<p>Nemanex jest dost\u0119pny wy\u0142\u0105cznie na oficjalnej stronie internetowej producenta. Je\u015bli zastanawiamy si\u0119 i zadajemy sobie pytanie &#8222;Nemanex gdzie kupi\u0107?&#8221;, to tw\u00f3rca Nemanex informuje, \u017ce nie dostaniemy ich zar\u00f3wno w aptekach internetowych, jak i w stacjonarnych aptekach. Zatem je\u015bli nie apteka, to gdzie kupi\u0107 Nemanex? Zgodnie z zaleceniami producenta, najlepiej jest dokonywa\u0107 zakup\u00f3w poprzez oficjaln\u0105 stron\u0119 internetow\u0105, unikaj\u0105c fraz typu &#8222;Nemanex apteka&#8221; w wyszukiwarce. <\/p>\n\n\n\n<p>Szukanie produktu w aptekach nie przyniesie oczekiwanych rezultat\u00f3w, poniewa\u017c Nemanex nie jest oferowany w tradycyjnych punktach sprzeda\u017cy. Oryginalny produkt, kt\u00f3ry mo\u017ce zagwarantowa\u0107 skuteczno\u015b\u0107 i brak skutk\u00f3w ubocznych, mo\u017cna naby\u0107 bezpo\u015brednio na oficjalnej stronie producenta, gdzie r\u00f3wnie\u017c mog\u0105 obowi\u0105zywa\u0107 ewentualne promocje i rabaty. Warto skorzysta\u0107 z tej opcji, aby nie natkn\u0105\u0107 si\u0119 na podrobione kropelki Nemanex. Dzi\u0119ki wygodnym zakupom na stronie internetowej, mo\u017cemy dostosowa\u0107 zakup do indywidualnych potrzeb.<\/p>\n\n\n\n<h2 class=\"wp-block-heading\">Nemanex allegro, ceneo &#8211; Polska<\/h2>\n\n\n\n<p>Je\u015bli chodzi o kraj jakim jest Polska, to Nemanex jest dost\u0119pny wy\u0142\u0105cznie na oficjalnej stronie. Dodatkowo, w przypadku Nemanex producent odradza szukania tych kropelek na takich popularnych platformach sprzeda\u017cowych jak Amazon, Ceneo, Allegro czy eBay. Mimo, \u017ce s\u0105 to bardzo popularne witryny i ciesz\u0105 si\u0119 du\u017c\u0105 popularno\u015bci\u0105, to producent nie prowadzi oficjalnej dystrybucji Nemanex na tych stronach. <\/p>\n\n\n\n<p>Warto skupi\u0107 si\u0119 na bezpo\u015brednim zam\u00f3wieniu produktu poprzez oficjaln\u0105 stron\u0119 internetow\u0105. Nie ma sensu traci\u0107 czasu na poszukiwania produktu na innych platformach ani wpisywanie fraz, takich jak &#8222;Nemanex Ceneo&#8221; czy &#8222;Nemanex Allegro&#8221;. Producent zapewnia jednak, \u017ce w przypadku Nemanex Polska to kraj, w kt\u00f3rym \u0142atwo mo\u017cna zam\u00f3wi\u0107 oryginalny produkt za po\u015brednictwem oficjalnej strony internetowej, unikaj\u0105c ryzyka zakupu podrobionego produktu.<\/p>\n","protected":false},"excerpt":{"rendered":"<p>Nemanex to krople oparte na naturalnych sk\u0142adnikach, kt\u00f3re maj\u0105 potencja\u0142 wspiera\u0107 naturaln\u0105 odporno\u015b\u0107 organizmu i procesy oczyszczania. Regularne stosowanie Nemanex mo\u017ce wspomaga\u0107 usuwanie toksyn z uk\u0142adu pokarmowego. Produkty detoksykacyjne, takie jak Nemanex, cz\u0119sto wspomagaj\u0105 popraw\u0119 funkcji uk\u0142adu pokarmowego, a naturalny sk\u0142ad preparatu mo\u017ce pozytywnie wp\u0142ywa\u0107 r\u00f3wnie\u017c na popraw\u0119 trawienia. Jak wydaj\u0105 si\u0119 sugerowa\u0107 aktualne recenzje &#8230; <a title=\"Nemanex\" class=\"read-more\" href=\"https:\/\/audiomed.com.pl\/apt\/produkty\/nemanex\/\" aria-label=\"More on Nemanex\">Czytaj dalej<\/a><\/p>\n","protected":false},"featured_media":110,"comment_status":"open","ping_status":"closed","template":"","meta":{"_uag_custom_page_level_css":""},"product_brand":[],"product_cat":[23],"product_tag":[],"class_list":{"0":"post-109","1":"product","2":"type-product","3":"status-publish","4":"has-post-thumbnail","6":"product_cat-zdrowie","7":"sales-flash-overlay","8":"woocommerce-text-align-center","9":"woocommerce-image-align-center","10":"do-quantity-buttons","12":"first","13":"instock","14":"sale","15":"shipping-taxable","16":"product-type-external"},"yoast_head":"<!-- This site is optimized with the Yoast SEO plugin v27.5 - https:\/\/yoast.com\/product\/yoast-seo-wordpress\/ -->\n<title>Nemanex krople - opinie, cena, sk\u0142ad, efekty 2024<\/title>\n<meta name=\"description\" content=\"\ud83d\ude0d Czy kapsu\u0142ki \u2705 Nemanex \u2705 wspomagaj\u0105 naturaln\u0105 odporno\u015b\u0107 organizmu i przyspieszaj\u0105 procesy oczyszczania organizmu? Kliknij tutaj i dowiedz si\u0119 wi\u0119cej! \ud83d\ude0d\" \/>\n<meta name=\"robots\" content=\"index, follow, max-snippet:-1, max-image-preview:large, max-video-preview:-1\" \/>\n<link rel=\"canonical\" href=\"https:\/\/audiomed.com.pl\/apt\/produkty\/nemanex\/\" \/>\n<meta property=\"og:locale\" content=\"pl_PL\" \/>\n<meta property=\"og:type\" content=\"article\" \/>\n<meta property=\"og:title\" content=\"Nemanex krople - opinie, cena, sk\u0142ad, efekty 2024\" \/>\n<meta property=\"og:description\" content=\"\ud83d\ude0d Czy kapsu\u0142ki \u2705 Nemanex \u2705 wspomagaj\u0105 naturaln\u0105 odporno\u015b\u0107 organizmu i przyspieszaj\u0105 procesy oczyszczania organizmu? Kliknij tutaj i dowiedz si\u0119 wi\u0119cej! \ud83d\ude0d\" \/>\n<meta property=\"og:url\" content=\"https:\/\/audiomed.com.pl\/apt\/produkty\/nemanex\/\" \/>\n<meta property=\"og:site_name\" content=\"Audiomed\" \/>\n<meta property=\"article:modified_time\" content=\"2025-02-28T14:33:47+00:00\" \/>\n<meta property=\"og:image\" content=\"https:\/\/audiomed.com.pl\/apt\/wp-content\/uploads\/2023\/12\/Nemanex-krople-opinie-cena-sklad-forum-gdzie-kupic.png\" \/>\n\t<meta property=\"og:image:width\" content=\"400\" \/>\n\t<meta property=\"og:image:height\" content=\"400\" \/>\n\t<meta property=\"og:image:type\" content=\"image\/png\" \/>\n<meta name=\"twitter:card\" content=\"summary_large_image\" \/>\n<meta name=\"twitter:label1\" content=\"Szacowany czas czytania\" \/>\n\t<meta name=\"twitter:data1\" content=\"7 minut\" \/>\n<script type=\"application\/ld+json\" class=\"yoast-schema-graph\">{\"@context\":\"https:\\\/\\\/schema.org\",\"@graph\":[{\"@type\":\"WebPage\",\"@id\":\"https:\\\/\\\/audiomed.com.pl\\\/apt\\\/produkty\\\/nemanex\\\/\",\"url\":\"https:\\\/\\\/audiomed.com.pl\\\/apt\\\/produkty\\\/nemanex\\\/\",\"name\":\"Nemanex krople - opinie, cena, sk\u0142ad, efekty 2024\",\"isPartOf\":{\"@id\":\"http:\\\/\\\/audiomed.com.pl\\\/apt\\\/#website\"},\"primaryImageOfPage\":{\"@id\":\"https:\\\/\\\/audiomed.com.pl\\\/apt\\\/produkty\\\/nemanex\\\/#primaryimage\"},\"image\":{\"@id\":\"https:\\\/\\\/audiomed.com.pl\\\/apt\\\/produkty\\\/nemanex\\\/#primaryimage\"},\"thumbnailUrl\":\"https:\\\/\\\/audiomed.com.pl\\\/apt\\\/wp-content\\\/uploads\\\/2023\\\/12\\\/Nemanex-krople-opinie-cena-sklad-forum-gdzie-kupic.png\",\"datePublished\":\"2023-12-22T16:42:56+00:00\",\"dateModified\":\"2025-02-28T14:33:47+00:00\",\"description\":\"\ud83d\ude0d Czy kapsu\u0142ki \u2705 Nemanex \u2705 wspomagaj\u0105 naturaln\u0105 odporno\u015b\u0107 organizmu i przyspieszaj\u0105 procesy oczyszczania organizmu? Kliknij tutaj i dowiedz si\u0119 wi\u0119cej! \ud83d\ude0d\",\"breadcrumb\":{\"@id\":\"https:\\\/\\\/audiomed.com.pl\\\/apt\\\/produkty\\\/nemanex\\\/#breadcrumb\"},\"inLanguage\":\"pl-PL\",\"potentialAction\":[{\"@type\":\"ReadAction\",\"target\":[\"https:\\\/\\\/audiomed.com.pl\\\/apt\\\/produkty\\\/nemanex\\\/\"]}]},{\"@type\":\"ImageObject\",\"inLanguage\":\"pl-PL\",\"@id\":\"https:\\\/\\\/audiomed.com.pl\\\/apt\\\/produkty\\\/nemanex\\\/#primaryimage\",\"url\":\"https:\\\/\\\/audiomed.com.pl\\\/apt\\\/wp-content\\\/uploads\\\/2023\\\/12\\\/Nemanex-krople-opinie-cena-sklad-forum-gdzie-kupic.png\",\"contentUrl\":\"https:\\\/\\\/audiomed.com.pl\\\/apt\\\/wp-content\\\/uploads\\\/2023\\\/12\\\/Nemanex-krople-opinie-cena-sklad-forum-gdzie-kupic.png\",\"width\":400,\"height\":400,\"caption\":\"Nemanex krople - opinie, cena, sk\u0142ad, forum, gdzie kupi\u0107\"},{\"@type\":\"BreadcrumbList\",\"@id\":\"https:\\\/\\\/audiomed.com.pl\\\/apt\\\/produkty\\\/nemanex\\\/#breadcrumb\",\"itemListElement\":[{\"@type\":\"ListItem\",\"position\":1,\"name\":\"Home\",\"item\":\"http:\\\/\\\/audiomed.com.pl\\\/apt\\\/\"},{\"@type\":\"ListItem\",\"position\":2,\"name\":\"Produkty\",\"item\":\"http:\\\/\\\/audiomed.com.pl\\\/apt\\\/\"},{\"@type\":\"ListItem\",\"position\":3,\"name\":\"Nemanex\"}]},{\"@type\":\"WebSite\",\"@id\":\"http:\\\/\\\/audiomed.com.pl\\\/apt\\\/#website\",\"url\":\"http:\\\/\\\/audiomed.com.pl\\\/apt\\\/\",\"name\":\"Audiomed\",\"description\":\"\",\"potentialAction\":[{\"@type\":\"SearchAction\",\"target\":{\"@type\":\"EntryPoint\",\"urlTemplate\":\"http:\\\/\\\/audiomed.com.pl\\\/apt\\\/?s={search_term_string}\"},\"query-input\":{\"@type\":\"PropertyValueSpecification\",\"valueRequired\":true,\"valueName\":\"search_term_string\"}}],\"inLanguage\":\"pl-PL\"}]}<\/script>\n<!-- \/ Yoast SEO plugin. -->","yoast_head_json":{"title":"Nemanex krople - opinie, cena, sk\u0142ad, efekty 2024","description":"\ud83d\ude0d Czy kapsu\u0142ki \u2705 Nemanex \u2705 wspomagaj\u0105 naturaln\u0105 odporno\u015b\u0107 organizmu i przyspieszaj\u0105 procesy oczyszczania organizmu? Kliknij tutaj i dowiedz si\u0119 wi\u0119cej! \ud83d\ude0d","robots":{"index":"index","follow":"follow","max-snippet":"max-snippet:-1","max-image-preview":"max-image-preview:large","max-video-preview":"max-video-preview:-1"},"canonical":"https:\/\/audiomed.com.pl\/apt\/produkty\/nemanex\/","og_locale":"pl_PL","og_type":"article","og_title":"Nemanex krople - opinie, cena, sk\u0142ad, efekty 2024","og_description":"\ud83d\ude0d Czy kapsu\u0142ki \u2705 Nemanex \u2705 wspomagaj\u0105 naturaln\u0105 odporno\u015b\u0107 organizmu i przyspieszaj\u0105 procesy oczyszczania organizmu? Kliknij tutaj i dowiedz si\u0119 wi\u0119cej! \ud83d\ude0d","og_url":"https:\/\/audiomed.com.pl\/apt\/produkty\/nemanex\/","og_site_name":"Audiomed","article_modified_time":"2025-02-28T14:33:47+00:00","og_image":[{"width":400,"height":400,"url":"https:\/\/audiomed.com.pl\/apt\/wp-content\/uploads\/2023\/12\/Nemanex-krople-opinie-cena-sklad-forum-gdzie-kupic.png","type":"image\/png"}],"twitter_card":"summary_large_image","twitter_misc":{"Szacowany czas czytania":"7 minut"},"schema":{"@context":"https:\/\/schema.org","@graph":[{"@type":"WebPage","@id":"https:\/\/audiomed.com.pl\/apt\/produkty\/nemanex\/","url":"https:\/\/audiomed.com.pl\/apt\/produkty\/nemanex\/","name":"Nemanex krople - opinie, cena, sk\u0142ad, efekty 2024","isPartOf":{"@id":"http:\/\/audiomed.com.pl\/apt\/#website"},"primaryImageOfPage":{"@id":"https:\/\/audiomed.com.pl\/apt\/produkty\/nemanex\/#primaryimage"},"image":{"@id":"https:\/\/audiomed.com.pl\/apt\/produkty\/nemanex\/#primaryimage"},"thumbnailUrl":"https:\/\/audiomed.com.pl\/apt\/wp-content\/uploads\/2023\/12\/Nemanex-krople-opinie-cena-sklad-forum-gdzie-kupic.png","datePublished":"2023-12-22T16:42:56+00:00","dateModified":"2025-02-28T14:33:47+00:00","description":"\ud83d\ude0d Czy kapsu\u0142ki \u2705 Nemanex \u2705 wspomagaj\u0105 naturaln\u0105 odporno\u015b\u0107 organizmu i przyspieszaj\u0105 procesy oczyszczania organizmu? Kliknij tutaj i dowiedz si\u0119 wi\u0119cej! \ud83d\ude0d","breadcrumb":{"@id":"https:\/\/audiomed.com.pl\/apt\/produkty\/nemanex\/#breadcrumb"},"inLanguage":"pl-PL","potentialAction":[{"@type":"ReadAction","target":["https:\/\/audiomed.com.pl\/apt\/produkty\/nemanex\/"]}]},{"@type":"ImageObject","inLanguage":"pl-PL","@id":"https:\/\/audiomed.com.pl\/apt\/produkty\/nemanex\/#primaryimage","url":"https:\/\/audiomed.com.pl\/apt\/wp-content\/uploads\/2023\/12\/Nemanex-krople-opinie-cena-sklad-forum-gdzie-kupic.png","contentUrl":"https:\/\/audiomed.com.pl\/apt\/wp-content\/uploads\/2023\/12\/Nemanex-krople-opinie-cena-sklad-forum-gdzie-kupic.png","width":400,"height":400,"caption":"Nemanex krople - opinie, cena, sk\u0142ad, forum, gdzie kupi\u0107"},{"@type":"BreadcrumbList","@id":"https:\/\/audiomed.com.pl\/apt\/produkty\/nemanex\/#breadcrumb","itemListElement":[{"@type":"ListItem","position":1,"name":"Home","item":"http:\/\/audiomed.com.pl\/apt\/"},{"@type":"ListItem","position":2,"name":"Produkty","item":"http:\/\/audiomed.com.pl\/apt\/"},{"@type":"ListItem","position":3,"name":"Nemanex"}]},{"@type":"WebSite","@id":"http:\/\/audiomed.com.pl\/apt\/#website","url":"http:\/\/audiomed.com.pl\/apt\/","name":"Audiomed","description":"","potentialAction":[{"@type":"SearchAction","target":{"@type":"EntryPoint","urlTemplate":"http:\/\/audiomed.com.pl\/apt\/?s={search_term_string}"},"query-input":{"@type":"PropertyValueSpecification","valueRequired":true,"valueName":"search_term_string"}}],"inLanguage":"pl-PL"}]}},"uagb_featured_image_src":{"full":["https:\/\/audiomed.com.pl\/apt\/wp-content\/uploads\/2023\/12\/Nemanex-krople-opinie-cena-sklad-forum-gdzie-kupic.png",400,400,false],"thumbnail":["https:\/\/audiomed.com.pl\/apt\/wp-content\/uploads\/2023\/12\/Nemanex-krople-opinie-cena-sklad-forum-gdzie-kupic-150x150.png",150,150,true],"medium":["https:\/\/audiomed.com.pl\/apt\/wp-content\/uploads\/2023\/12\/Nemanex-krople-opinie-cena-sklad-forum-gdzie-kupic-300x300.png",300,300,true],"medium_large":["https:\/\/audiomed.com.pl\/apt\/wp-content\/uploads\/2023\/12\/Nemanex-krople-opinie-cena-sklad-forum-gdzie-kupic.png",400,400,false],"large":["https:\/\/audiomed.com.pl\/apt\/wp-content\/uploads\/2023\/12\/Nemanex-krople-opinie-cena-sklad-forum-gdzie-kupic.png",400,400,false],"1536x1536":["https:\/\/audiomed.com.pl\/apt\/wp-content\/uploads\/2023\/12\/Nemanex-krople-opinie-cena-sklad-forum-gdzie-kupic.png",400,400,false],"2048x2048":["https:\/\/audiomed.com.pl\/apt\/wp-content\/uploads\/2023\/12\/Nemanex-krople-opinie-cena-sklad-forum-gdzie-kupic.png",400,400,false],"woocommerce_thumbnail":["https:\/\/audiomed.com.pl\/apt\/wp-content\/uploads\/2023\/12\/Nemanex-krople-opinie-cena-sklad-forum-gdzie-kupic-300x300.png",300,300,true],"woocommerce_single":["https:\/\/audiomed.com.pl\/apt\/wp-content\/uploads\/2023\/12\/Nemanex-krople-opinie-cena-sklad-forum-gdzie-kupic.png",400,400,false],"woocommerce_gallery_thumbnail":["https:\/\/audiomed.com.pl\/apt\/wp-content\/uploads\/2023\/12\/Nemanex-krople-opinie-cena-sklad-forum-gdzie-kupic-100x100.png",100,100,true],"yarpp-thumbnail":["https:\/\/audiomed.com.pl\/apt\/wp-content\/uploads\/2023\/12\/Nemanex-krople-opinie-cena-sklad-forum-gdzie-kupic.png",120,120,false]},"uagb_author_info":{"display_name":"Patrycja","author_link":"https:\/\/audiomed.com.pl\/apt\/author\/"},"uagb_comment_info":2,"uagb_excerpt":"Nemanex to krople oparte na naturalnych sk\u0142adnikach, kt\u00f3re maj\u0105 potencja\u0142 wspiera\u0107 naturaln\u0105 odporno\u015b\u0107 organizmu i procesy oczyszczania. Regularne stosowanie Nemanex mo\u017ce wspomaga\u0107 usuwanie toksyn z uk\u0142adu pokarmowego. Produkty detoksykacyjne, takie jak Nemanex, cz\u0119sto wspomagaj\u0105 popraw\u0119 funkcji uk\u0142adu pokarmowego, a naturalny sk\u0142ad preparatu mo\u017ce pozytywnie wp\u0142ywa\u0107 r\u00f3wnie\u017c na popraw\u0119 trawienia. Jak wydaj\u0105 si\u0119 sugerowa\u0107 aktualne recenzje&hellip;","_links":{"self":[{"href":"https:\/\/audiomed.com.pl\/apt\/wp-json\/wp\/v2\/product\/109","targetHints":{"allow":["GET"]}}],"collection":[{"href":"https:\/\/audiomed.com.pl\/apt\/wp-json\/wp\/v2\/product"}],"about":[{"href":"https:\/\/audiomed.com.pl\/apt\/wp-json\/wp\/v2\/types\/product"}],"replies":[{"embeddable":true,"href":"https:\/\/audiomed.com.pl\/apt\/wp-json\/wp\/v2\/comments?post=109"}],"wp:featuredmedia":[{"embeddable":true,"href":"https:\/\/audiomed.com.pl\/apt\/wp-json\/wp\/v2\/media\/110"}],"wp:attachment":[{"href":"https:\/\/audiomed.com.pl\/apt\/wp-json\/wp\/v2\/media?parent=109"}],"wp:term":[{"taxonomy":"product_brand","embeddable":true,"href":"https:\/\/audiomed.com.pl\/apt\/wp-json\/wp\/v2\/product_brand?post=109"},{"taxonomy":"product_cat","embeddable":true,"href":"https:\/\/audiomed.com.pl\/apt\/wp-json\/wp\/v2\/product_cat?post=109"},{"taxonomy":"product_tag","embeddable":true,"href":"https:\/\/audiomed.com.pl\/apt\/wp-json\/wp\/v2\/product_tag?post=109"}],"curies":[{"name":"wp","href":"https:\/\/api.w.org\/{rel}","templated":true}]}}