{"id":1033,"date":"2024-01-24T14:00:12","date_gmt":"2024-01-24T14:00:12","guid":{"rendered":"https:\/\/audiomed.com.pl\/apt\/?post_type=product&#038;p=1033"},"modified":"2024-01-24T14:00:15","modified_gmt":"2024-01-24T14:00:15","slug":"exodermin","status":"publish","type":"product","link":"https:\/\/audiomed.com.pl\/apt\/produkty\/exodermin\/","title":{"rendered":"Exodermin"},"content":{"rendered":"\n<p>Exodermin krem do leczenia grzybicy palc\u00f3w egzotermicznych to wyj\u0105tkowy kosmetyczny produkt medyczny, kt\u00f3ry zwalcza konsekwencje chor\u00f3b grzybiczych st\u00f3p i paznokci. Sk\u0142ad kremu przeciw grzybicy palc\u00f3w zawiera wy\u0142\u0105cznie sk\u0142adniki ro\u015blinne i ekologiczne, dzi\u0119ki czemu produkt dzia\u0142a antybakteryjnie i nawil\u017caj\u0105co.<\/p>\n\n\n\n<p>Ze wzgl\u0119du na lekk\u0105 konsystencj\u0119 krem Exodermin all-fungus jest g\u0142\u0119boko wch\u0142aniany przez \u015brodkow\u0105 warstw\u0119 sk\u00f3ry i pomaga poprawi\u0107 kr\u0105\u017cenie tkanek mi\u0119kkich w uszkodzonych obszarach sk\u00f3ry, a zwi\u0105zki przeciwgrzybicze wchodz\u0105ce w sk\u0142ad cz\u0105steczki kremu szybko wykrywaj\u0105 \u017ar\u00f3d\u0142o pojawienia si\u0119 i rozprzestrzeniania si\u0119 infekcji.<\/p>\n\n\n\n<h2 class=\"wp-block-heading\">Czym jest Exodermin?<\/h2>\n\n\n\n<p>\u015arodek na grzybic\u0119 st\u00f3p i paznokci zosta\u0142 opracowany pod nadzorem Europejskiego Stowarzyszenia dermatolog\u00f3w, a Rumunia do\u0142\u0105czy\u0142a do rezolucji. Lek jest produkowany w postaci bia\u0142ego kremu o g\u0119stej konsystencji Exodermin. Opakowanie wykonane jest w ekologicznych plastikowych tubach o pojemno\u015bci 30 ml, z gwintowan\u0105 nasadk\u0105.<\/p>\n\n\n\n<p>Dla wi\u0119kszego bezpiecze\u0144stwa tub\u0119 umieszcza si\u0119 w kartonowym pude\u0142ku. Sk\u0142ad egzotermicznego \u017celu zawiera naturalne sk\u0142adniki Exodermin, kt\u00f3re maj\u0105 ukierunkowany wp\u0142yw na dotkni\u0119te obszary n\u00f3g, jednocze\u015bnie zapobiegaj\u0105c uszkodzeniom innych tkanek i narz\u0105d\u00f3w.<\/p>\n\n\n\n<h2 class=\"wp-block-heading\">Wskazania do stosowania Exodermin<\/h2>\n\n\n\n<p>Inne wskazania do stosowania kremu to: sk\u00f3ra nogi staje si\u0119 bardziej sucha, pojawiaj\u0105 si\u0119 na niej \u0142uszcz\u0105ce si\u0119 lub zag\u0119szczone obszary; zmiana kszta\u0142tu paznokci, przybieraj\u0105ce formy patologiczne; p\u0119cherze lub g\u0142\u0119bokie p\u0119kni\u0119cia w okolicy pi\u0119ty ; stopy lub p\u0142ytki paznokcia zaczynaj\u0105 nieprzyjemnie pachnie\u0107; dr\u0119twienie, b\u00f3l, mrowienie w ko\u0144czynach dolnych.<\/p>\n\n\n\n<p>Wsp\u00f3\u0142czesna medycyna oferuje wiele narz\u0119dzi, ale ich skuteczno\u015b\u0107 nie jest tak wysoka, jak by\u015bmy chcieli, dlatego s\u0105 stosowane w spos\u00f3b zintegrowany, co prowadzi do znacznych koszt\u00f3w finansowych. Ale nie tak dawno temu opracowano unikaln\u0105 formu\u0142\u0119 zio\u0142ow\u0105, kt\u00f3ra jest kilkakrotnie skuteczniejsza ni\u017c inne podobne leki &#8211; krem Exodermin.<\/p>\n\n\n\n<h2 class=\"wp-block-heading\">Efekty stosowania \u2013 Jak dzia\u0142a Exodermin<\/h2>\n\n\n\n<p>Nie chcieli\u015bmy kwestionowa\u0107 opisu producenta, ale chcieli\u015bmy dowiedzie\u0107 si\u0119, jaka jest prawda o dzia\u0142aniu produktu Exodermin.<\/p>\n\n\n\n<p>Po wyszukaniu wi\u0119cej informacji na innych stronach i zebraniu opinii ekspert\u00f3w na temat kremu do st\u00f3p sportowca, doszed\u0142em do wniosku Exodermin, \u017ce produkt jest opisany tak dok\u0142adnie, jak to mo\u017cliwe.<\/p>\n\n\n\n<h2 class=\"wp-block-heading\">Sk\u0142adniki \u2013 Co zawiera Exodermin<\/h2>\n\n\n\n<p><strong>Melaleuca Alternifolia Oi Leaf<\/strong> &#8211; wspomaga odbudow\u0119 uszkodzonych tkanek i eliminacj\u0119 bolesnych odczu\u0107, sw\u0119dzenia, zmian zapalnych i zaka\u017anych.<\/p>\n\n\n\n<p><strong>Ekstrakt z trawy cytrynowej<\/strong> &#8211; wzmacnia struktur\u0119 p\u0142ytki paznokcia i zatrzymuje rozprzestrzenianie si\u0119 grzybicy, leczy tkanki i mikrop\u0119kni\u0119cia, kt\u00f3re powstaj\u0105 w wyniku sk\u0142adniki Exodermin.<\/p>\n\n\n\n<p><strong>Ekstrakt z glistnika<\/strong> &#8211; sk\u0142adnik aktywny pomaga zneutralizowa\u0107 specyficzny zapach dotkni\u0119tych st\u00f3p i usprawnia procesy zwi\u0105zane z metabolizmem tkankowym, dzi\u0119ki czemu nask\u00f3rek zmi\u0119kcza i nabiera dodatkowego tonu.<\/p>\n\n\n\n<p><strong>Ekstrakt Kalanchoe<\/strong> &#8211; dzia\u0142a przeciwb\u00f3lowo i przeciwbakteryjnie, wspomaga regeneracj\u0119 kom\u00f3rek nab\u0142onkowych, kt\u00f3re s\u0105 nasycone mikro &#8211; i makroelementami.<\/p>\n\n\n\n<p><strong>Ekstrakt z kwiat\u00f3w Chamomila Recutita<\/strong> &#8211; pod jego wp\u0142ywem eliminowane s\u0105 nieprzyjemne objawy, w tym b\u00f3l i sw\u0119dzenie, mo\u017cliwa jest normalizacja odporno\u015bci miejscowej, a tak\u017ce przyspieszenie gojenia si\u0119 wszystkich warstw nask\u00f3rka \u2013 jednego ze sk\u0142adnik\u00f3w niezb\u0119dnych w leczeniu profilaktycznym.<\/p>\n\n\n\n<h2 class=\"wp-block-heading\">Cena Exodermin<\/h2>\n\n\n\n<p>Krem Exodermin w najni\u017cszej cenie i z dostaw\u0105 w mo\u017cna uzyska\u0107 na oficjalnej stronie producenta. To niesamowity kosmologiczny produkt medyczny, kt\u00f3ry szybko eliminuje choroby grzybicze st\u00f3p i paznokci. Usuni\u0119cie rodzaj\u00f3w grzybicy jest gwarantowane i ca\u0142kowicie bezpieczne dzi\u0119ki skutecznemu kremowi. Kompozycja zawiera wy\u0142\u0105cznie substancje naturalne i ekologiczne cena Exodermin. Maj\u0105 dzia\u0142anie antybakteryjne i nawil\u017caj\u0105ce.<\/p>\n\n\n\n<h2 class=\"wp-block-heading\">Exodermin opinie \u2013 recenzje u\u017cytkownik\u00f3w o produkcie<\/h2>\n\n\n\n<p>Niebezpiecze\u0144stwo chor\u00f3b grzybiczych-grzybic polega na ich zaka\u017ano\u015bci i trudno\u015bciach w wydalaniu. Krem Exodermin zosta\u0142 opracowany ca\u0142kiem niedawno, ale ju\u017c udowodni\u0142 swoj\u0105 skuteczno\u015b\u0107. Zawarte w nim sk\u0142adniki zapewniaj\u0105 kompleksow\u0105 opiek\u0119, niszcz\u0105c problem u podstaw. Nie czekaj, a\u017c grzyb zaatakuje wszystkie Twoje paznokcie lub stopy Exodermin opinie; przy pierwszych objawach zacznij stosowa\u0107 Egzotermik\u0119, aby chroni\u0107 siebie i swoich bliskich.<\/p>\n\n\n\n<h2 class=\"wp-block-heading\">Aplikowania \u2013 Jak stosowa\u0107 Exodermin<\/h2>\n\n\n\n<p>Przed na\u0142o\u017ceniem kremu nale\u017cy oczy\u015bci\u0107 stopy wod\u0105 z myd\u0142em i dok\u0142adnie osuszy\u0107 dotkni\u0119ty obszar sk\u00f3ry i przylegaj\u0105cy do niego oko\u0142o 1 cm, a tak\u017ce usun\u0105\u0107 uszkodzone obszary paznokcia zdezynfekowanymi no\u017cyczkami lub pilnikiem do paznokci.<\/p>\n\n\n\n<p>Exodermin stosuje si\u0119 2 razy dziennie przez 14 dni w \u0142agodnych warunkach i przez 4 tygodnie w przypadku bardziej zaawansowanej stopy sportowca. Je\u015bli objawy ust\u0105pi\u0142y wcze\u015bniej, leczenie nale\u017cy kontynuowa\u0107 przez co najmniej 2 tygodnie p\u00f3\u017aniej. Musisz \u015bci\u015ble przestrzega\u0107 instrukcji zawartych w ulotce.<\/p>\n\n\n\n<h2 class=\"wp-block-heading\">Gdzie kupi\u0107 krem Exodermin: apteka, Amazon czy oficjalna strona producenta<\/h2>\n\n\n\n<p>Kremu Exodermin nie mo\u017cna kupi\u0107 w aptece, ale mo\u017cna go kupi\u0107 tylko na oficjalnej stronie producenta. Aby kupi\u0107 krem, musisz zam\u00f3wi\u0107 tylko, aby skorzysta\u0107 z obni\u017cki ceny.<\/p>\n\n\n\n<p>Ponadto, je\u015bli zam\u00f3wisz produkt na oficjalna strona producenta Exodermin, B\u0119dziesz mie\u0107 gwarancj\u0119, \u017ce otrzymasz oryginalny produkt. Je\u015bli zam\u00f3wisz produkt z innych stron, nie b\u0119dziesz mie\u0107 gwarancji, \u017ce otrzymasz oryginalny produkt, ale podrobiony apteka.<\/p>\n\n\n\n<h2 class=\"wp-block-heading\">Najcz\u0119\u015bciej zadawane pytania<\/h2>\n\n\n\n<h3 class=\"wp-block-heading\">W jakim celu stosuje si\u0119 Exodermin?<\/h3>\n\n\n\n<p>Jest to naturalny \u015brodek oparty na w\u0142a\u015bciwo\u015bciach przeciwbakteryjnych, przeciwdrobnoustrojowych i przeciwgrzybiczych ro\u015blin leczniczych.<\/p>\n\n\n\n<h3 class=\"wp-block-heading\">Jakie s\u0105 opinie lekarzy na temat Exodermin?<\/h3>\n\n\n\n<p>Krem Exodermin od dawna udowodni\u0142 swoj\u0105 skuteczno\u015b\u0107. Nawet je\u015bli nie masz \u017cadnych objaw\u00f3w, nadal powiniene\u015b zacz\u0105\u0107 stosowa\u0107 krem jako \u015brodek zapobiegawczy.<\/p>\n","protected":false},"excerpt":{"rendered":"<p>Exodermin krem do leczenia grzybicy palc\u00f3w egzotermicznych to wyj\u0105tkowy kosmetyczny produkt medyczny, kt\u00f3ry zwalcza konsekwencje chor\u00f3b grzybiczych st\u00f3p i paznokci. Sk\u0142ad kremu przeciw grzybicy palc\u00f3w zawiera wy\u0142\u0105cznie sk\u0142adniki ro\u015blinne i ekologiczne, dzi\u0119ki czemu produkt dzia\u0142a antybakteryjnie i nawil\u017caj\u0105co. Ze wzgl\u0119du na lekk\u0105 konsystencj\u0119 krem Exodermin all-fungus jest g\u0142\u0119boko wch\u0142aniany przez \u015brodkow\u0105 warstw\u0119 sk\u00f3ry i pomaga &#8230; <a title=\"Exodermin\" class=\"read-more\" href=\"https:\/\/audiomed.com.pl\/apt\/produkty\/exodermin\/\" aria-label=\"More on Exodermin\">Czytaj dalej<\/a><\/p>\n","protected":false},"featured_media":1060,"comment_status":"open","ping_status":"closed","template":"","meta":{"_uag_custom_page_level_css":""},"product_brand":[],"product_cat":[23],"product_tag":[],"class_list":{"0":"post-1033","1":"product","2":"type-product","3":"status-publish","4":"has-post-thumbnail","6":"product_cat-zdrowie","7":"sales-flash-overlay","8":"woocommerce-text-align-center","9":"woocommerce-image-align-center","10":"do-quantity-buttons","12":"first","13":"instock","14":"sale","15":"shipping-taxable","16":"product-type-external"},"yoast_head":"<!-- This site is optimized with the Yoast SEO plugin v27.5 - https:\/\/yoast.com\/product\/yoast-seo-wordpress\/ -->\n<title>Exodermin krem - opinie, cena, sk\u0142ad, efekty 2024<\/title>\n<meta name=\"robots\" content=\"index, follow, max-snippet:-1, max-image-preview:large, max-video-preview:-1\" \/>\n<link rel=\"canonical\" href=\"https:\/\/audiomed.com.pl\/apt\/produkty\/exodermin\/\" \/>\n<meta property=\"og:locale\" content=\"pl_PL\" \/>\n<meta property=\"og:type\" content=\"article\" \/>\n<meta property=\"og:title\" content=\"Exodermin krem - opinie, cena, sk\u0142ad, efekty 2024\" \/>\n<meta property=\"og:description\" content=\"Exodermin krem do leczenia grzybicy palc\u00f3w egzotermicznych to wyj\u0105tkowy kosmetyczny produkt medyczny, kt\u00f3ry zwalcza konsekwencje chor\u00f3b grzybiczych st\u00f3p i paznokci. Sk\u0142ad kremu przeciw grzybicy palc\u00f3w zawiera wy\u0142\u0105cznie sk\u0142adniki ro\u015blinne i ekologiczne, dzi\u0119ki czemu produkt dzia\u0142a antybakteryjnie i nawil\u017caj\u0105co. Ze wzgl\u0119du na lekk\u0105 konsystencj\u0119 krem Exodermin all-fungus jest g\u0142\u0119boko wch\u0142aniany przez \u015brodkow\u0105 warstw\u0119 sk\u00f3ry i pomaga ... Czytaj dalej\" \/>\n<meta property=\"og:url\" content=\"https:\/\/audiomed.com.pl\/apt\/produkty\/exodermin\/\" \/>\n<meta property=\"og:site_name\" content=\"Audiomed\" \/>\n<meta property=\"article:modified_time\" content=\"2024-01-24T14:00:15+00:00\" \/>\n<meta property=\"og:image\" content=\"https:\/\/audiomed.com.pl\/apt\/wp-content\/uploads\/2024\/01\/Exodermin.png\" \/>\n\t<meta property=\"og:image:width\" content=\"350\" \/>\n\t<meta property=\"og:image:height\" content=\"350\" \/>\n\t<meta property=\"og:image:type\" content=\"image\/png\" \/>\n<meta name=\"twitter:card\" content=\"summary_large_image\" \/>\n<meta name=\"twitter:label1\" content=\"Szacowany czas czytania\" \/>\n\t<meta name=\"twitter:data1\" content=\"5 minut\" \/>\n<script type=\"application\/ld+json\" class=\"yoast-schema-graph\">{\"@context\":\"https:\\\/\\\/schema.org\",\"@graph\":[{\"@type\":\"WebPage\",\"@id\":\"https:\\\/\\\/audiomed.com.pl\\\/apt\\\/produkty\\\/exodermin\\\/\",\"url\":\"https:\\\/\\\/audiomed.com.pl\\\/apt\\\/produkty\\\/exodermin\\\/\",\"name\":\"Exodermin krem - opinie, cena, sk\u0142ad, efekty 2024\",\"isPartOf\":{\"@id\":\"https:\\\/\\\/audiomed.com.pl\\\/apt\\\/#website\"},\"primaryImageOfPage\":{\"@id\":\"https:\\\/\\\/audiomed.com.pl\\\/apt\\\/produkty\\\/exodermin\\\/#primaryimage\"},\"image\":{\"@id\":\"https:\\\/\\\/audiomed.com.pl\\\/apt\\\/produkty\\\/exodermin\\\/#primaryimage\"},\"thumbnailUrl\":\"https:\\\/\\\/audiomed.com.pl\\\/apt\\\/wp-content\\\/uploads\\\/2024\\\/01\\\/Exodermin.png\",\"datePublished\":\"2024-01-24T14:00:12+00:00\",\"dateModified\":\"2024-01-24T14:00:15+00:00\",\"breadcrumb\":{\"@id\":\"https:\\\/\\\/audiomed.com.pl\\\/apt\\\/produkty\\\/exodermin\\\/#breadcrumb\"},\"inLanguage\":\"pl-PL\",\"potentialAction\":[{\"@type\":\"ReadAction\",\"target\":[\"https:\\\/\\\/audiomed.com.pl\\\/apt\\\/produkty\\\/exodermin\\\/\"]}]},{\"@type\":\"ImageObject\",\"inLanguage\":\"pl-PL\",\"@id\":\"https:\\\/\\\/audiomed.com.pl\\\/apt\\\/produkty\\\/exodermin\\\/#primaryimage\",\"url\":\"https:\\\/\\\/audiomed.com.pl\\\/apt\\\/wp-content\\\/uploads\\\/2024\\\/01\\\/Exodermin.png\",\"contentUrl\":\"https:\\\/\\\/audiomed.com.pl\\\/apt\\\/wp-content\\\/uploads\\\/2024\\\/01\\\/Exodermin.png\",\"width\":350,\"height\":350,\"caption\":\"Exodermin\"},{\"@type\":\"BreadcrumbList\",\"@id\":\"https:\\\/\\\/audiomed.com.pl\\\/apt\\\/produkty\\\/exodermin\\\/#breadcrumb\",\"itemListElement\":[{\"@type\":\"ListItem\",\"position\":1,\"name\":\"Home\",\"item\":\"https:\\\/\\\/audiomed.com.pl\\\/apt\\\/\"},{\"@type\":\"ListItem\",\"position\":2,\"name\":\"Produkty\",\"item\":\"https:\\\/\\\/audiomed.com.pl\\\/apt\\\/\"},{\"@type\":\"ListItem\",\"position\":3,\"name\":\"Exodermin\"}]},{\"@type\":\"WebSite\",\"@id\":\"https:\\\/\\\/audiomed.com.pl\\\/apt\\\/#website\",\"url\":\"https:\\\/\\\/audiomed.com.pl\\\/apt\\\/\",\"name\":\"Audiomed\",\"description\":\"\",\"potentialAction\":[{\"@type\":\"SearchAction\",\"target\":{\"@type\":\"EntryPoint\",\"urlTemplate\":\"https:\\\/\\\/audiomed.com.pl\\\/apt\\\/?s={search_term_string}\"},\"query-input\":{\"@type\":\"PropertyValueSpecification\",\"valueRequired\":true,\"valueName\":\"search_term_string\"}}],\"inLanguage\":\"pl-PL\"}]}<\/script>\n<!-- \/ Yoast SEO plugin. -->","yoast_head_json":{"title":"Exodermin krem - opinie, cena, sk\u0142ad, efekty 2024","robots":{"index":"index","follow":"follow","max-snippet":"max-snippet:-1","max-image-preview":"max-image-preview:large","max-video-preview":"max-video-preview:-1"},"canonical":"https:\/\/audiomed.com.pl\/apt\/produkty\/exodermin\/","og_locale":"pl_PL","og_type":"article","og_title":"Exodermin krem - opinie, cena, sk\u0142ad, efekty 2024","og_description":"Exodermin krem do leczenia grzybicy palc\u00f3w egzotermicznych to wyj\u0105tkowy kosmetyczny produkt medyczny, kt\u00f3ry zwalcza konsekwencje chor\u00f3b grzybiczych st\u00f3p i paznokci. Sk\u0142ad kremu przeciw grzybicy palc\u00f3w zawiera wy\u0142\u0105cznie sk\u0142adniki ro\u015blinne i ekologiczne, dzi\u0119ki czemu produkt dzia\u0142a antybakteryjnie i nawil\u017caj\u0105co. Ze wzgl\u0119du na lekk\u0105 konsystencj\u0119 krem Exodermin all-fungus jest g\u0142\u0119boko wch\u0142aniany przez \u015brodkow\u0105 warstw\u0119 sk\u00f3ry i pomaga ... Czytaj dalej","og_url":"https:\/\/audiomed.com.pl\/apt\/produkty\/exodermin\/","og_site_name":"Audiomed","article_modified_time":"2024-01-24T14:00:15+00:00","og_image":[{"width":350,"height":350,"url":"https:\/\/audiomed.com.pl\/apt\/wp-content\/uploads\/2024\/01\/Exodermin.png","type":"image\/png"}],"twitter_card":"summary_large_image","twitter_misc":{"Szacowany czas czytania":"5 minut"},"schema":{"@context":"https:\/\/schema.org","@graph":[{"@type":"WebPage","@id":"https:\/\/audiomed.com.pl\/apt\/produkty\/exodermin\/","url":"https:\/\/audiomed.com.pl\/apt\/produkty\/exodermin\/","name":"Exodermin krem - opinie, cena, sk\u0142ad, efekty 2024","isPartOf":{"@id":"https:\/\/audiomed.com.pl\/apt\/#website"},"primaryImageOfPage":{"@id":"https:\/\/audiomed.com.pl\/apt\/produkty\/exodermin\/#primaryimage"},"image":{"@id":"https:\/\/audiomed.com.pl\/apt\/produkty\/exodermin\/#primaryimage"},"thumbnailUrl":"https:\/\/audiomed.com.pl\/apt\/wp-content\/uploads\/2024\/01\/Exodermin.png","datePublished":"2024-01-24T14:00:12+00:00","dateModified":"2024-01-24T14:00:15+00:00","breadcrumb":{"@id":"https:\/\/audiomed.com.pl\/apt\/produkty\/exodermin\/#breadcrumb"},"inLanguage":"pl-PL","potentialAction":[{"@type":"ReadAction","target":["https:\/\/audiomed.com.pl\/apt\/produkty\/exodermin\/"]}]},{"@type":"ImageObject","inLanguage":"pl-PL","@id":"https:\/\/audiomed.com.pl\/apt\/produkty\/exodermin\/#primaryimage","url":"https:\/\/audiomed.com.pl\/apt\/wp-content\/uploads\/2024\/01\/Exodermin.png","contentUrl":"https:\/\/audiomed.com.pl\/apt\/wp-content\/uploads\/2024\/01\/Exodermin.png","width":350,"height":350,"caption":"Exodermin"},{"@type":"BreadcrumbList","@id":"https:\/\/audiomed.com.pl\/apt\/produkty\/exodermin\/#breadcrumb","itemListElement":[{"@type":"ListItem","position":1,"name":"Home","item":"https:\/\/audiomed.com.pl\/apt\/"},{"@type":"ListItem","position":2,"name":"Produkty","item":"https:\/\/audiomed.com.pl\/apt\/"},{"@type":"ListItem","position":3,"name":"Exodermin"}]},{"@type":"WebSite","@id":"https:\/\/audiomed.com.pl\/apt\/#website","url":"https:\/\/audiomed.com.pl\/apt\/","name":"Audiomed","description":"","potentialAction":[{"@type":"SearchAction","target":{"@type":"EntryPoint","urlTemplate":"https:\/\/audiomed.com.pl\/apt\/?s={search_term_string}"},"query-input":{"@type":"PropertyValueSpecification","valueRequired":true,"valueName":"search_term_string"}}],"inLanguage":"pl-PL"}]}},"uagb_featured_image_src":{"full":["https:\/\/audiomed.com.pl\/apt\/wp-content\/uploads\/2024\/01\/Exodermin.png",350,350,false],"thumbnail":["https:\/\/audiomed.com.pl\/apt\/wp-content\/uploads\/2024\/01\/Exodermin-150x150.png",150,150,true],"medium":["https:\/\/audiomed.com.pl\/apt\/wp-content\/uploads\/2024\/01\/Exodermin-300x300.png",300,300,true],"medium_large":["https:\/\/audiomed.com.pl\/apt\/wp-content\/uploads\/2024\/01\/Exodermin.png",350,350,false],"large":["https:\/\/audiomed.com.pl\/apt\/wp-content\/uploads\/2024\/01\/Exodermin.png",350,350,false],"1536x1536":["https:\/\/audiomed.com.pl\/apt\/wp-content\/uploads\/2024\/01\/Exodermin.png",350,350,false],"2048x2048":["https:\/\/audiomed.com.pl\/apt\/wp-content\/uploads\/2024\/01\/Exodermin.png",350,350,false],"woocommerce_thumbnail":["https:\/\/audiomed.com.pl\/apt\/wp-content\/uploads\/2024\/01\/Exodermin-300x300.png",300,300,true],"woocommerce_single":["https:\/\/audiomed.com.pl\/apt\/wp-content\/uploads\/2024\/01\/Exodermin.png",350,350,false],"woocommerce_gallery_thumbnail":["https:\/\/audiomed.com.pl\/apt\/wp-content\/uploads\/2024\/01\/Exodermin-100x100.png",100,100,true],"yarpp-thumbnail":["https:\/\/audiomed.com.pl\/apt\/wp-content\/uploads\/2024\/01\/Exodermin-120x120.png",120,120,true]},"uagb_author_info":{"display_name":"Patrycja","author_link":"https:\/\/audiomed.com.pl\/apt\/author\/"},"uagb_comment_info":0,"uagb_excerpt":"Exodermin krem do leczenia grzybicy palc\u00f3w egzotermicznych to wyj\u0105tkowy kosmetyczny produkt medyczny, kt\u00f3ry zwalcza konsekwencje chor\u00f3b grzybiczych st\u00f3p i paznokci. Sk\u0142ad kremu przeciw grzybicy palc\u00f3w zawiera wy\u0142\u0105cznie sk\u0142adniki ro\u015blinne i ekologiczne, dzi\u0119ki czemu produkt dzia\u0142a antybakteryjnie i nawil\u017caj\u0105co. Ze wzgl\u0119du na lekk\u0105 konsystencj\u0119 krem Exodermin all-fungus jest g\u0142\u0119boko wch\u0142aniany przez \u015brodkow\u0105 warstw\u0119 sk\u00f3ry i pomaga&hellip;","_links":{"self":[{"href":"https:\/\/audiomed.com.pl\/apt\/wp-json\/wp\/v2\/product\/1033","targetHints":{"allow":["GET"]}}],"collection":[{"href":"https:\/\/audiomed.com.pl\/apt\/wp-json\/wp\/v2\/product"}],"about":[{"href":"https:\/\/audiomed.com.pl\/apt\/wp-json\/wp\/v2\/types\/product"}],"replies":[{"embeddable":true,"href":"https:\/\/audiomed.com.pl\/apt\/wp-json\/wp\/v2\/comments?post=1033"}],"wp:featuredmedia":[{"embeddable":true,"href":"https:\/\/audiomed.com.pl\/apt\/wp-json\/wp\/v2\/media\/1060"}],"wp:attachment":[{"href":"https:\/\/audiomed.com.pl\/apt\/wp-json\/wp\/v2\/media?parent=1033"}],"wp:term":[{"taxonomy":"product_brand","embeddable":true,"href":"https:\/\/audiomed.com.pl\/apt\/wp-json\/wp\/v2\/product_brand?post=1033"},{"taxonomy":"product_cat","embeddable":true,"href":"https:\/\/audiomed.com.pl\/apt\/wp-json\/wp\/v2\/product_cat?post=1033"},{"taxonomy":"product_tag","embeddable":true,"href":"https:\/\/audiomed.com.pl\/apt\/wp-json\/wp\/v2\/product_tag?post=1033"}],"curies":[{"name":"wp","href":"https:\/\/api.w.org\/{rel}","templated":true}]}}