{"id":1030,"date":"2024-01-24T09:17:15","date_gmt":"2024-01-24T09:17:15","guid":{"rendered":"https:\/\/audiomed.com.pl\/apt\/?post_type=product&#038;p=1030"},"modified":"2024-01-24T09:17:17","modified_gmt":"2024-01-24T09:17:17","slug":"oculax","status":"publish","type":"product","link":"https:\/\/audiomed.com.pl\/apt\/produkty\/oculax\/","title":{"rendered":"Oculax"},"content":{"rendered":"\n<p>Oculax tabletki oczne to suplement diety stworzony specjalnie z my\u015bl\u0105 o zdrowiu oczu, czyli poprawia ostro\u015b\u0107 wzroku. Kapsu\u0142ki te zawieraj\u0105 kombinacj\u0119 naturalnych sk\u0142adnik\u00f3w i niezb\u0119dnych sk\u0142adnik\u00f3w od\u017cywczych, kt\u00f3re wspieraj\u0105 i poprawiaj\u0105 zdrowie oczu.<\/p>\n\n\n\n<p>Niezale\u017cnie od tego, czy masz do czynienia z niebezpiecze\u0144stwami zwi\u0105zanymi z czasem przed ekranem, czy problemami ze wzrokiem zwi\u0105zanymi z wiekiem, utrzymanie optymalnego zdrowia oczu ma znaczenie, zgodnie ze skutecznym badaniem.<\/p>\n\n\n\n<p>Przeanalizujemy szczeg\u00f3\u0142owo sk\u0142ad kapsu\u0142ek Oculax oraz jego zalety i koszt, a tak\u017ce prawdziwe recenzje u\u017cytkownik\u00f3w oraz jakie pytania i odpowiedzi odkryjemy, pomagaj\u0105c Ci zdecydowa\u0107 mi\u0119dzy zakupem w aptekach lub bezpo\u015brednio z oficjalnej strony internetowej.<\/p>\n\n\n\n<h2 class=\"wp-block-heading\">Czym jest Oculax?<\/h2>\n\n\n\n<p>Kapsu\u0142ki do oczu mog\u0105 pom\u00f3c chroni\u0107 oczy przed wolnymi rodnikami i stresem oksydacyjnym dzi\u0119ki zawarto\u015bci przeciwutleniaczy. Oculax mo\u017ce r\u00f3wnie\u017c pom\u00f3c w utrzymaniu i poprawie widzenia, szczeg\u00f3lnie dla os\u00f3b, kt\u00f3re sp\u0119dzaj\u0105 du\u017co czasu przed ekranami komputer\u00f3w lub telefonami kom\u00f3rkowymi.<\/p>\n\n\n\n<p>Kapsu\u0142ki mog\u0105 r\u00f3wnie\u017c pom\u00f3c w utrzymaniu zdrowia siatk\u00f3wki i zmniejszy\u0107 ryzyko rozwoju niekt\u00f3rych chor\u00f3b oczu bez skutk\u00f3w ubocznych. Opr\u00f3cz tych korzy\u015bci Oculax, mo\u017ce r\u00f3wnie\u017c pom\u00f3c w utrzymaniu nawil\u017cenia oczu i zapobieganiu wysuszeniu lub podra\u017cnieniu oczu.<\/p>\n\n\n\n<h2 class=\"wp-block-heading\">Wskazania do stosowania Oculax<\/h2>\n\n\n\n<p>Je\u015bli chodzi o mo\u017cliwe dzia\u0142ania niepo\u017c\u0105dane i przeciwwskazania do oczu, z ulg\u0105 dowiesz si\u0119, \u017ce wed\u0142ug producenta nie powinno ich by\u0107. Bior\u0105c pod uwag\u0119, \u017ce kapsu\u0142ki Oculax nie maj\u0105 skutk\u00f3w ubocznych, przeciwwskaza\u0144 i \/ lub innych negatywnych skutk\u00f3w, wynika to z naturalnego sk\u0142adu witamin i minera\u0142\u00f3w, kt\u00f3re naprawd\u0119 dzia\u0142aj\u0105 na oczy i poprawiaj\u0105 widzenie.<\/p>\n\n\n\n<h2 class=\"wp-block-heading\">Efekty stosowania \u2013 Jak dzia\u0142a Oculax<\/h2>\n\n\n\n<p>Niezb\u0119dne jest zbadanie pe\u0142nej listy sk\u0142adnik\u00f3w tabletek Oculax, ich sk\u0142adu, mo\u017cliwych skutk\u00f3w ubocznych i przeciwwskaza\u0144. Tw\u00f3rcy tego naturalnego suplementu do oczu starannie wybrali ka\u017cdy sk\u0142adnik ze wzgl\u0119du na jego wyj\u0105tkowe korzy\u015bci dla zdrowia oczu.<\/p>\n\n\n\n<p>Zgodnie z twoim pragnieniem wolno\u015bci, z przyjemno\u015bci\u0105 dowiesz si\u0119, \u017ce kapsu\u0142ki do oczu s\u0105 formu\u0142owane z naturalnych sk\u0142adnik\u00f3w Oculax. Oznacza to, \u017ce wed\u0142ug producenta ma minimalne przeciwwskazania.<\/p>\n\n\n\n<p>Dzi\u0119ki ca\u0142kowicie naturalnemu sk\u0142adowi kapsu\u0142ek Oculax, ten suplement do oczu, Oculax capsules, oferuje wiele korzy\u015bci dla poprawy i utrzymania zdrowia wzroku. Kluczowe sk\u0142adniki produktu dzia\u0142aj\u0105 synergistycznie, aby zwalczy\u0107 pierwotne przyczyny dyskomfortu i uszkodze\u0144 oczu.<\/p>\n\n\n\n<h2 class=\"wp-block-heading\">Sk\u0142adniki \u2013 Co zawiera Oculax<\/h2>\n\n\n\n<p><strong>Witaminy A, E, C<\/strong> &#8211; odgrywa wa\u017cn\u0105 rol\u0119 w poprawie widzenia, a tak\u017ce w zapobieganiu przewlek\u0142emu starzeniu si\u0119 oczu. Pomaga r\u00f3wnie\u017c zapobiega\u0107 za\u0107mie i poprawia\u0107 kr\u0105\u017cenie krwi w siatk\u00f3wce.<\/p>\n\n\n\n<p><strong>Jagody<\/strong> &#8211; bogate \u017ar\u00f3d\u0142o antocyjanidyn, kt\u00f3re pomagaj\u0105 chroni\u0107 oczy przed uszkodzeniami spowodowanymi promieniowaniem UV i niebieskim \u015bwiat\u0142em.<\/p>\n\n\n\n<p><strong>Marchew<\/strong> &#8211; s\u0105 bogate w beta-karoten, kt\u00f3ry w organizmie przekszta\u0142ca si\u0119 w witamin\u0119 A. Pomaga zapobiega\u0107 chorobom i poprawia widzenie w nocy sk\u0142adniki Oculax.<\/p>\n\n\n\n<p><strong>Li\u015bcie bor\u00f3wki<\/strong> &#8211; pomaga poprawi\u0107 kr\u0105\u017cenie krwi oraz chroni kom\u00f3rki i tkanki przed podra\u017cnieniem i obrz\u0119kiem oczu. Zawieraj\u0105 r\u00f3wnie\u017c potas, kt\u00f3ry pomaga zapobiega\u0107 nadci\u015bnieniu ocznemu.<\/p>\n\n\n\n<p><strong>Cynk<\/strong> &#8211; odgrywa wa\u017cn\u0105 rol\u0119 w poprawie widzenia, poniewa\u017c pomaga zapobiega\u0107 za\u0107mie i bezpo\u015brednio wp\u0142ywa na jako\u015b\u0107 i ostro\u015b\u0107 wzroku.<\/p>\n\n\n\n<p><strong>Ginkgo biloba<\/strong> &#8211; zawiera przeciwutleniacze, kt\u00f3re chroni\u0105 oczy i zapobiegaj\u0105 uszkodzeniom przez wolne rodniki oraz pomagaj\u0105 w chronicznym zm\u0119czeniu.<\/p>\n\n\n\n<h2 class=\"wp-block-heading\">Cena Oculax<\/h2>\n\n\n\n<p>Czy jeste\u015b gotowy zainwestowa\u0107 w zdrowie oczu? Sprawd\u017a aktualn\u0105 ofert\u0119 na oficjalnej stronie producenta, aby uzyska\u0107 szczeg\u00f3\u0142owe informacje na temat cen i mo\u017cliwych rabat\u00f3w. Cena Oculax przeznaczona do poprawy wzroku oraz zm\u0119czonych i czerwonych oczu jest wy\u015bwietlana tylko na oficjalnej stronie.<\/p>\n\n\n\n<p>Chocia\u017c mo\u017cesz ulec pokusie, aby uda\u0107 si\u0119 do Farmacia Tei, Catena lub wypr\u00f3bowa\u0107 Oculax na Amazon lub innej lokalnej aptece, najpierw rozwa\u017c zalety zakupu bezpo\u015brednio ze \u017ar\u00f3d\u0142a. &#8222;Pharmacy Oculax &#8221; nie wchodzi w gr\u0119 cena Oculax, uzyskanie produktu bezpo\u015brednio ze \u017ar\u00f3d\u0142a zapewnia autentyczno\u015b\u0107 i daje dost\u0119p do potencjalnych oszcz\u0119dno\u015bci. Pami\u0119taj, \u017ce nie ma ceny za dobre zdrowie, zw\u0142aszcza je\u015bli chodzi o co\u015b tak wa\u017cnego jak wzrok.<\/p>\n\n\n\n<h2 class=\"wp-block-heading\">Oculax opinie \u2013 recenzje u\u017cytkownik\u00f3w o produkcie<\/h2>\n\n\n\n<p>Z r\u00f3\u017cnych for\u00f3w internetowych wynika, \u017ce u\u017cytkownicy Oculax w wi\u0119kszo\u015bci dzielili si\u0119 pozytywnymi opiniami na temat produktu bez \u017cadnych zalet i wad. Wyra\u017caj\u0105 zadowolenie ze sk\u0142adu produktu i korzystnego wp\u0142ywu na zdrowie oczu oraz prowadz\u0105 do eliminacji obrz\u0119k\u00f3w oczu i zm\u0119czenia oczu dzi\u0119ki sk\u0142adnikom takim jak cynk i witamina C.<\/p>\n\n\n\n<p>Wiele os\u00f3b zg\u0142osi\u0142o, w jaki spos\u00f3b kapsu\u0142ki Oculax poprawi\u0142y ich wzrok i zdrowie oczu oraz zmniejszy\u0142y dyskomfort, a nawet poprawi\u0142y objawy powa\u017cnych chor\u00f3b oczu. Ich opinie podkre\u015blaj\u0105 skuteczno\u015b\u0107 &#8222;opinii o sk\u0142adzie oka&#8221; Oculax opinie, podkre\u015blaj\u0105c naturalne sk\u0142adniki i innowacyjn\u0105 formu\u0142\u0119, kt\u00f3re odr\u00f3\u017cniaj\u0105 kapsu\u0142ki Oculax od innych produkt\u00f3w.<\/p>\n\n\n\n<p>Inni stwierdzili, \u017ce mog\u0105 teraz znacznie lepiej pracowa\u0107 przed komputerem dzi\u0119ki Oculax ticks, suplementowi diety, kt\u00f3ry poprawi\u0142 ich widzenie, chroni\u0142 przed promieniowaniem UV i nie odczuwa\u0142 ju\u017c zaczerwienienia oczu.<\/p>\n\n\n\n<h2 class=\"wp-block-heading\">Spos\u00f3b przyjmowania \u2013 Jak stosowa\u0107 Oculax<\/h2>\n\n\n\n<p>Spos\u00f3b podawania perspektywy oka jest nast\u0119puj\u0105cy: we\u017a 2 tabletki Ocufloks podczas posi\u0142k\u00f3w, popijaj\u0105c szklank\u0105 wody przez 30 dni. W ten spos\u00f3b zapewnisz zdrowie oczu, ostro\u015b\u0107 wzroku i inne korzy\u015bci przez kilka nast\u0119pnych tygodni. Pomog\u0105 ci, je\u015bli twoje oczy s\u0105 zm\u0119czone lub do\u015bwiadczy\u0142e\u015b obrz\u0119ku oczu przed komputerem dzi\u0119ki zaletom Oculax, kt\u00f3ry poprawia ostro\u015b\u0107 wzroku, a Oculax dzia\u0142a, je\u015bli post\u0119pujesz zgodnie z instrukcjami dotycz\u0105cymi dawkowania<\/p>\n\n\n\n<p>Wi\u0119cej informacji na temat kapsu\u0142ek Oculax mo\u017cna znale\u017a\u0107 w ulotce, aby upewni\u0107 si\u0119, \u017ce zawsze post\u0119pujesz zgodnie z prawid\u0142owymi instrukcjami podawania, aby wyeliminowa\u0107 b\u00f3le g\u0142owy, poprawi\u0107 widzenie i zaczerwienienie wok\u00f3\u0142 oczu spowodowane promieniowaniem UV lub kr\u0105\u017ceniem krwi.<\/p>\n\n\n\n<h2 class=\"wp-block-heading\">Gdzie kupi\u0107 kapsu\u0142ki Oculax: apteka, Amazon czy oficjalna strona producenta<\/h2>\n\n\n\n<p>Producent kapsu\u0142ek vision przesta\u0142 dostarcza\u0107 apteki z powodu pojawienia si\u0119 podr\u00f3bek i nadmiernych znacznik\u00f3w. Dlatego jedynym miejscem oficjalna strona producenta Oculax, w kt\u00f3rym mo\u017cna zam\u00f3wi\u0107 orygina\u0142, jest oficjalna strona Oculax. Oficjalna strona internetowa oferuje klientom bezpiecze\u0144stwo zakupu, mo\u017cliwo\u015b\u0107 weryfikacji autentyczno\u015bci produktu oraz szerok\u0105 gam\u0119 opcji p\u0142atno\u015bci.<\/p>\n\n\n\n<p>Zamawianie Oculax w Internecie eliminuje r\u00f3wnie\u017c ryzyko zamawiania podrobionych produkt\u00f3w, co z kolei oszcz\u0119dza pieni\u0105dze i czas dla kupuj\u0105cego. Ponadto klienci maj\u0105 mo\u017cliwo\u015b\u0107 otrzymania produktu w domu, bez konieczno\u015bci szukania apteki. Og\u00f3lnie rzecz bior\u0105c, kupowanie kapsu\u0142ek vision z oficjalnej strony internetowej jest najbardziej niezawodnym i wygodnym sposobem na uzyskanie oryginalnego produktu apteka.<\/p>\n\n\n\n<h2 class=\"wp-block-heading\">Najcz\u0119\u015bciej zadawane pytania<\/h2>\n\n\n\n<h3 class=\"wp-block-heading\">W jakim celu stosuje si\u0119 Oculax?<\/h3>\n\n\n\n<p>Oka dzia\u0142a poprzez dostarczanie niezb\u0119dnych sk\u0142adnik\u00f3w od\u017cywczych dla zdrowia oczu, takich jak przeciwutleniacze, kt\u00f3re pomagaj\u0105 chroni\u0107 kom\u00f3rki oka przed uszkodzeniem oksydacyjnym.<\/p>\n\n\n\n<h3 class=\"wp-block-heading\">Jakie s\u0105 opinie lekarzy na temat Oculax?<\/h3>\n\n\n\n<p>Oczne opinie medyczne s\u0105 r\u00f3wnie\u017c pozytywne, lekarze aktywnie wykorzystuj\u0105 je w swojej praktyce i s\u0105 zadowoleni z wynik\u00f3w swoich pacjent\u00f3w Oculax.<\/p>\n","protected":false},"excerpt":{"rendered":"<p>Oculax tabletki oczne to suplement diety stworzony specjalnie z my\u015bl\u0105 o zdrowiu oczu, czyli poprawia ostro\u015b\u0107 wzroku. Kapsu\u0142ki te zawieraj\u0105 kombinacj\u0119 naturalnych sk\u0142adnik\u00f3w i niezb\u0119dnych sk\u0142adnik\u00f3w od\u017cywczych, kt\u00f3re wspieraj\u0105 i poprawiaj\u0105 zdrowie oczu. Niezale\u017cnie od tego, czy masz do czynienia z niebezpiecze\u0144stwami zwi\u0105zanymi z czasem przed ekranem, czy problemami ze wzrokiem zwi\u0105zanymi z wiekiem, utrzymanie &#8230; <a title=\"Oculax\" class=\"read-more\" href=\"https:\/\/audiomed.com.pl\/apt\/produkty\/oculax\/\" aria-label=\"More on Oculax\">Czytaj dalej<\/a><\/p>\n","protected":false},"featured_media":1031,"comment_status":"open","ping_status":"closed","template":"","meta":{"_uag_custom_page_level_css":""},"product_brand":[],"product_cat":[23],"product_tag":[],"class_list":{"0":"post-1030","1":"product","2":"type-product","3":"status-publish","4":"has-post-thumbnail","6":"product_cat-zdrowie","7":"sales-flash-overlay","8":"woocommerce-text-align-center","9":"woocommerce-image-align-center","10":"do-quantity-buttons","12":"first","13":"instock","14":"sale","15":"shipping-taxable","16":"product-type-external"},"yoast_head":"<!-- This site is optimized with the Yoast SEO plugin v27.6 - https:\/\/yoast.com\/product\/yoast-seo-wordpress\/ -->\n<title>Oculax kapsu\u0142ki - opinie, cena, sk\u0142ad, efekty 2024<\/title>\n<meta name=\"robots\" content=\"index, follow, max-snippet:-1, max-image-preview:large, max-video-preview:-1\" \/>\n<link rel=\"canonical\" href=\"https:\/\/audiomed.com.pl\/apt\/produkty\/oculax\/\" \/>\n<meta property=\"og:locale\" content=\"pl_PL\" \/>\n<meta property=\"og:type\" content=\"article\" \/>\n<meta property=\"og:title\" content=\"Oculax kapsu\u0142ki - opinie, cena, sk\u0142ad, efekty 2024\" \/>\n<meta property=\"og:description\" content=\"Oculax tabletki oczne to suplement diety stworzony specjalnie z my\u015bl\u0105 o zdrowiu oczu, czyli poprawia ostro\u015b\u0107 wzroku. Kapsu\u0142ki te zawieraj\u0105 kombinacj\u0119 naturalnych sk\u0142adnik\u00f3w i niezb\u0119dnych sk\u0142adnik\u00f3w od\u017cywczych, kt\u00f3re wspieraj\u0105 i poprawiaj\u0105 zdrowie oczu. Niezale\u017cnie od tego, czy masz do czynienia z niebezpiecze\u0144stwami zwi\u0105zanymi z czasem przed ekranem, czy problemami ze wzrokiem zwi\u0105zanymi z wiekiem, utrzymanie ... Czytaj dalej\" \/>\n<meta property=\"og:url\" content=\"https:\/\/audiomed.com.pl\/apt\/produkty\/oculax\/\" \/>\n<meta property=\"og:site_name\" content=\"Audiomed\" \/>\n<meta property=\"article:modified_time\" content=\"2024-01-24T09:17:17+00:00\" \/>\n<meta property=\"og:image\" content=\"https:\/\/audiomed.com.pl\/apt\/wp-content\/uploads\/2024\/01\/Oculax.png\" \/>\n\t<meta property=\"og:image:width\" content=\"400\" \/>\n\t<meta property=\"og:image:height\" content=\"400\" \/>\n\t<meta property=\"og:image:type\" content=\"image\/png\" \/>\n<meta name=\"twitter:card\" content=\"summary_large_image\" \/>\n<meta name=\"twitter:label1\" content=\"Szacowany czas czytania\" \/>\n\t<meta name=\"twitter:data1\" content=\"7 minut\" \/>\n<script type=\"application\/ld+json\" class=\"yoast-schema-graph\">{\"@context\":\"https:\\\/\\\/schema.org\",\"@graph\":[{\"@type\":\"WebPage\",\"@id\":\"https:\\\/\\\/audiomed.com.pl\\\/apt\\\/produkty\\\/oculax\\\/\",\"url\":\"https:\\\/\\\/audiomed.com.pl\\\/apt\\\/produkty\\\/oculax\\\/\",\"name\":\"Oculax kapsu\u0142ki - opinie, cena, sk\u0142ad, efekty 2024\",\"isPartOf\":{\"@id\":\"https:\\\/\\\/audiomed.com.pl\\\/apt\\\/#website\"},\"primaryImageOfPage\":{\"@id\":\"https:\\\/\\\/audiomed.com.pl\\\/apt\\\/produkty\\\/oculax\\\/#primaryimage\"},\"image\":{\"@id\":\"https:\\\/\\\/audiomed.com.pl\\\/apt\\\/produkty\\\/oculax\\\/#primaryimage\"},\"thumbnailUrl\":\"https:\\\/\\\/audiomed.com.pl\\\/apt\\\/wp-content\\\/uploads\\\/2024\\\/01\\\/Oculax.png\",\"datePublished\":\"2024-01-24T09:17:15+00:00\",\"dateModified\":\"2024-01-24T09:17:17+00:00\",\"breadcrumb\":{\"@id\":\"https:\\\/\\\/audiomed.com.pl\\\/apt\\\/produkty\\\/oculax\\\/#breadcrumb\"},\"inLanguage\":\"pl-PL\",\"potentialAction\":[{\"@type\":\"ReadAction\",\"target\":[\"https:\\\/\\\/audiomed.com.pl\\\/apt\\\/produkty\\\/oculax\\\/\"]}]},{\"@type\":\"ImageObject\",\"inLanguage\":\"pl-PL\",\"@id\":\"https:\\\/\\\/audiomed.com.pl\\\/apt\\\/produkty\\\/oculax\\\/#primaryimage\",\"url\":\"https:\\\/\\\/audiomed.com.pl\\\/apt\\\/wp-content\\\/uploads\\\/2024\\\/01\\\/Oculax.png\",\"contentUrl\":\"https:\\\/\\\/audiomed.com.pl\\\/apt\\\/wp-content\\\/uploads\\\/2024\\\/01\\\/Oculax.png\",\"width\":400,\"height\":400,\"caption\":\"Oculax\"},{\"@type\":\"BreadcrumbList\",\"@id\":\"https:\\\/\\\/audiomed.com.pl\\\/apt\\\/produkty\\\/oculax\\\/#breadcrumb\",\"itemListElement\":[{\"@type\":\"ListItem\",\"position\":1,\"name\":\"Home\",\"item\":\"https:\\\/\\\/audiomed.com.pl\\\/apt\\\/\"},{\"@type\":\"ListItem\",\"position\":2,\"name\":\"Produkty\",\"item\":\"https:\\\/\\\/audiomed.com.pl\\\/apt\\\/\"},{\"@type\":\"ListItem\",\"position\":3,\"name\":\"Oculax\"}]},{\"@type\":\"WebSite\",\"@id\":\"https:\\\/\\\/audiomed.com.pl\\\/apt\\\/#website\",\"url\":\"https:\\\/\\\/audiomed.com.pl\\\/apt\\\/\",\"name\":\"Audiomed\",\"description\":\"\",\"potentialAction\":[{\"@type\":\"SearchAction\",\"target\":{\"@type\":\"EntryPoint\",\"urlTemplate\":\"https:\\\/\\\/audiomed.com.pl\\\/apt\\\/?s={search_term_string}\"},\"query-input\":{\"@type\":\"PropertyValueSpecification\",\"valueRequired\":true,\"valueName\":\"search_term_string\"}}],\"inLanguage\":\"pl-PL\"}]}<\/script>\n<!-- \/ Yoast SEO plugin. -->","yoast_head_json":{"title":"Oculax kapsu\u0142ki - opinie, cena, sk\u0142ad, efekty 2024","robots":{"index":"index","follow":"follow","max-snippet":"max-snippet:-1","max-image-preview":"max-image-preview:large","max-video-preview":"max-video-preview:-1"},"canonical":"https:\/\/audiomed.com.pl\/apt\/produkty\/oculax\/","og_locale":"pl_PL","og_type":"article","og_title":"Oculax kapsu\u0142ki - opinie, cena, sk\u0142ad, efekty 2024","og_description":"Oculax tabletki oczne to suplement diety stworzony specjalnie z my\u015bl\u0105 o zdrowiu oczu, czyli poprawia ostro\u015b\u0107 wzroku. Kapsu\u0142ki te zawieraj\u0105 kombinacj\u0119 naturalnych sk\u0142adnik\u00f3w i niezb\u0119dnych sk\u0142adnik\u00f3w od\u017cywczych, kt\u00f3re wspieraj\u0105 i poprawiaj\u0105 zdrowie oczu. Niezale\u017cnie od tego, czy masz do czynienia z niebezpiecze\u0144stwami zwi\u0105zanymi z czasem przed ekranem, czy problemami ze wzrokiem zwi\u0105zanymi z wiekiem, utrzymanie ... Czytaj dalej","og_url":"https:\/\/audiomed.com.pl\/apt\/produkty\/oculax\/","og_site_name":"Audiomed","article_modified_time":"2024-01-24T09:17:17+00:00","og_image":[{"width":400,"height":400,"url":"https:\/\/audiomed.com.pl\/apt\/wp-content\/uploads\/2024\/01\/Oculax.png","type":"image\/png"}],"twitter_card":"summary_large_image","twitter_misc":{"Szacowany czas czytania":"7 minut"},"schema":{"@context":"https:\/\/schema.org","@graph":[{"@type":"WebPage","@id":"https:\/\/audiomed.com.pl\/apt\/produkty\/oculax\/","url":"https:\/\/audiomed.com.pl\/apt\/produkty\/oculax\/","name":"Oculax kapsu\u0142ki - opinie, cena, sk\u0142ad, efekty 2024","isPartOf":{"@id":"https:\/\/audiomed.com.pl\/apt\/#website"},"primaryImageOfPage":{"@id":"https:\/\/audiomed.com.pl\/apt\/produkty\/oculax\/#primaryimage"},"image":{"@id":"https:\/\/audiomed.com.pl\/apt\/produkty\/oculax\/#primaryimage"},"thumbnailUrl":"https:\/\/audiomed.com.pl\/apt\/wp-content\/uploads\/2024\/01\/Oculax.png","datePublished":"2024-01-24T09:17:15+00:00","dateModified":"2024-01-24T09:17:17+00:00","breadcrumb":{"@id":"https:\/\/audiomed.com.pl\/apt\/produkty\/oculax\/#breadcrumb"},"inLanguage":"pl-PL","potentialAction":[{"@type":"ReadAction","target":["https:\/\/audiomed.com.pl\/apt\/produkty\/oculax\/"]}]},{"@type":"ImageObject","inLanguage":"pl-PL","@id":"https:\/\/audiomed.com.pl\/apt\/produkty\/oculax\/#primaryimage","url":"https:\/\/audiomed.com.pl\/apt\/wp-content\/uploads\/2024\/01\/Oculax.png","contentUrl":"https:\/\/audiomed.com.pl\/apt\/wp-content\/uploads\/2024\/01\/Oculax.png","width":400,"height":400,"caption":"Oculax"},{"@type":"BreadcrumbList","@id":"https:\/\/audiomed.com.pl\/apt\/produkty\/oculax\/#breadcrumb","itemListElement":[{"@type":"ListItem","position":1,"name":"Home","item":"https:\/\/audiomed.com.pl\/apt\/"},{"@type":"ListItem","position":2,"name":"Produkty","item":"https:\/\/audiomed.com.pl\/apt\/"},{"@type":"ListItem","position":3,"name":"Oculax"}]},{"@type":"WebSite","@id":"https:\/\/audiomed.com.pl\/apt\/#website","url":"https:\/\/audiomed.com.pl\/apt\/","name":"Audiomed","description":"","potentialAction":[{"@type":"SearchAction","target":{"@type":"EntryPoint","urlTemplate":"https:\/\/audiomed.com.pl\/apt\/?s={search_term_string}"},"query-input":{"@type":"PropertyValueSpecification","valueRequired":true,"valueName":"search_term_string"}}],"inLanguage":"pl-PL"}]}},"uagb_featured_image_src":{"full":["https:\/\/audiomed.com.pl\/apt\/wp-content\/uploads\/2024\/01\/Oculax.png",400,400,false],"thumbnail":["https:\/\/audiomed.com.pl\/apt\/wp-content\/uploads\/2024\/01\/Oculax-150x150.png",150,150,true],"medium":["https:\/\/audiomed.com.pl\/apt\/wp-content\/uploads\/2024\/01\/Oculax-300x300.png",300,300,true],"medium_large":["https:\/\/audiomed.com.pl\/apt\/wp-content\/uploads\/2024\/01\/Oculax.png",400,400,false],"large":["https:\/\/audiomed.com.pl\/apt\/wp-content\/uploads\/2024\/01\/Oculax.png",400,400,false],"1536x1536":["https:\/\/audiomed.com.pl\/apt\/wp-content\/uploads\/2024\/01\/Oculax.png",400,400,false],"2048x2048":["https:\/\/audiomed.com.pl\/apt\/wp-content\/uploads\/2024\/01\/Oculax.png",400,400,false],"woocommerce_thumbnail":["https:\/\/audiomed.com.pl\/apt\/wp-content\/uploads\/2024\/01\/Oculax-300x300.png",300,300,true],"woocommerce_single":["https:\/\/audiomed.com.pl\/apt\/wp-content\/uploads\/2024\/01\/Oculax.png",400,400,false],"woocommerce_gallery_thumbnail":["https:\/\/audiomed.com.pl\/apt\/wp-content\/uploads\/2024\/01\/Oculax-100x100.png",100,100,true],"yarpp-thumbnail":["https:\/\/audiomed.com.pl\/apt\/wp-content\/uploads\/2024\/01\/Oculax-120x120.png",120,120,true]},"uagb_author_info":{"display_name":"Patrycja","author_link":"https:\/\/audiomed.com.pl\/apt\/author\/"},"uagb_comment_info":0,"uagb_excerpt":"Oculax tabletki oczne to suplement diety stworzony specjalnie z my\u015bl\u0105 o zdrowiu oczu, czyli poprawia ostro\u015b\u0107 wzroku. Kapsu\u0142ki te zawieraj\u0105 kombinacj\u0119 naturalnych sk\u0142adnik\u00f3w i niezb\u0119dnych sk\u0142adnik\u00f3w od\u017cywczych, kt\u00f3re wspieraj\u0105 i poprawiaj\u0105 zdrowie oczu. Niezale\u017cnie od tego, czy masz do czynienia z niebezpiecze\u0144stwami zwi\u0105zanymi z czasem przed ekranem, czy problemami ze wzrokiem zwi\u0105zanymi z wiekiem, utrzymanie&hellip;","_links":{"self":[{"href":"https:\/\/audiomed.com.pl\/apt\/wp-json\/wp\/v2\/product\/1030","targetHints":{"allow":["GET"]}}],"collection":[{"href":"https:\/\/audiomed.com.pl\/apt\/wp-json\/wp\/v2\/product"}],"about":[{"href":"https:\/\/audiomed.com.pl\/apt\/wp-json\/wp\/v2\/types\/product"}],"replies":[{"embeddable":true,"href":"https:\/\/audiomed.com.pl\/apt\/wp-json\/wp\/v2\/comments?post=1030"}],"wp:featuredmedia":[{"embeddable":true,"href":"https:\/\/audiomed.com.pl\/apt\/wp-json\/wp\/v2\/media\/1031"}],"wp:attachment":[{"href":"https:\/\/audiomed.com.pl\/apt\/wp-json\/wp\/v2\/media?parent=1030"}],"wp:term":[{"taxonomy":"product_brand","embeddable":true,"href":"https:\/\/audiomed.com.pl\/apt\/wp-json\/wp\/v2\/product_brand?post=1030"},{"taxonomy":"product_cat","embeddable":true,"href":"https:\/\/audiomed.com.pl\/apt\/wp-json\/wp\/v2\/product_cat?post=1030"},{"taxonomy":"product_tag","embeddable":true,"href":"https:\/\/audiomed.com.pl\/apt\/wp-json\/wp\/v2\/product_tag?post=1030"}],"curies":[{"name":"wp","href":"https:\/\/api.w.org\/{rel}","templated":true}]}}