{"id":861,"date":"2024-01-16T13:59:10","date_gmt":"2024-01-16T13:59:10","guid":{"rendered":"https:\/\/audiomed.com.pl\/apt\/?post_type=product&#038;p=861"},"modified":"2024-01-16T13:59:12","modified_gmt":"2024-01-16T13:59:12","slug":"keto-slim","status":"publish","type":"product","link":"http:\/\/audiomed.com.pl\/apt\/produkty\/keto-slim\/","title":{"rendered":"Keto Slim"},"content":{"rendered":"\n<p>Keto Slim w naszym nowoczesnym spo\u0142ecze\u0144stwie wiele os\u00f3b ma trudno\u015bci z utrzymaniem zdrowej masy cia\u0142a. Przy tak wielu dost\u0119pnych opcjach \u017cywno\u015bci i siedz\u0105cym trybie \u017cycia oty\u0142o\u015b\u0107 i nadwaga staj\u0105 si\u0119 coraz bardziej powszechne. Na szcz\u0119\u015bcie na rynku jest wiele suplement\u00f3w i produkt\u00f3w, kt\u00f3re obiecuj\u0105 pom\u00f3c w regulacji masy cia\u0142a, a jednym z tych produkt\u00f3w jest Keto Slim.<\/p>\n\n\n\n<h2 class=\"wp-block-heading\">Czym jest Keto Slim?<\/h2>\n\n\n\n<p>Keto Slim to suplement diety w postaci kapsu\u0142ek, kt\u00f3ry ma pom\u00f3c w utrzymaniu prawid\u0142owej masy cia\u0142a. Kapsu\u0142ki te s\u0105 przeznaczone do stosowania jako cz\u0119\u015b\u0107 diety ketonowej, kt\u00f3ra jest diet\u0105 wysokot\u0142uszczow\u0105 i niskow\u0119glowodanow\u0105. Dieta ketonowa zyska\u0142a popularno\u015b\u0107 w ostatnich latach ze wzgl\u0119du na jej zdolno\u015b\u0107 do wspomagania utraty wagi i poprawy og\u00f3lnego stanu zdrowia.<\/p>\n\n\n\n<p>Kilka bada\u0144 wykaza\u0142o, \u017ce diety ketogeniczne s\u0105 korzystne dla utraty wagi Keto Slim. Pomys\u0142 ten opiera si\u0119 na fakcie, \u017ce takie diety zmniejszaj\u0105 apetyt i celuj\u0105 w spalanie t\u0142uszczu. Te same badania sugeruj\u0105 r\u00f3wnie\u017c, \u017ce wyniki diety ketogenicznej mog\u0105 pom\u00f3c w walce z chorobami przewlek\u0142ymi, takimi jak cukrzyca i niekt\u00f3re zaburzenia neurologiczne.<\/p>\n\n\n\n<h2 class=\"wp-block-heading\">Wskazania do stosowania Keto Slim<\/h2>\n\n\n\n<p>Keto Slim jest przeznaczony dla os\u00f3b, kt\u00f3re chc\u0105 utrzyma\u0107 zdrow\u0105 mas\u0119 cia\u0142a lub schudn\u0105\u0107 stosuj\u0105c diet\u0119 ketonow\u0105. Mo\u017ce by\u0107 r\u00f3wnie\u017c korzystny dla tych, kt\u00f3rzy maj\u0105 trudno\u015bci z kontrolowaniem apetytu lub utrzymaniem stanu ketozy w organizmie. Jednak wa\u017cne jest, aby skonsultowa\u0107 si\u0119 z lekarzem przed rozpocz\u0119ciem stosowania Keto Slim, zw\u0142aszcza je\u015bli masz wcze\u015bniej problemy zdrowotne lub przyjmujesz leki.<\/p>\n\n\n\n<p>Nale\u017cy r\u00f3wnie\u017c pami\u0119ta\u0107, \u017ce suplement\u00f3w diety nie nale\u017cy stosowa\u0107 jako substytutu zdrowej, zbilansowanej diety i regularnych \u0107wicze\u0144.<\/p>\n\n\n\n<h2 class=\"wp-block-heading\">Efekty stosowania \u2013 Jak dzia\u0142a Keto Slim<\/h2>\n\n\n\n<p>Keto Slim to produkt keto wykonany z naturalnych sk\u0142adnik\u00f3w, kt\u00f3re nie powoduj\u0105 niekorzystnego wp\u0142ywu na organizm. Dzia\u0142a ze 100% bezpieczn\u0105 formu\u0142\u0105, kt\u00f3ra nie powoduje skutk\u00f3w ubocznych ani przeciwwskaza\u0144. Ze wzgl\u0119du na charakter swojego sk\u0142adu mo\u017ce by\u0107 suplementem diety, kt\u00f3ry mo\u017ce spo\u017cywa\u0107 ka\u017cdy, niezale\u017cnie od aktualnego stopnia oty\u0142o\u015bci i nadwagi.<\/p>\n\n\n\n<p>Og\u00f3lnie rzecz bior\u0105c, Keto Slim jest uwa\u017cany za bezpieczny do spo\u017cycia, gdy jest stosowany zgodnie z zaleceniami. Mog\u0105 jednak wyst\u0105pi\u0107 niewielkie dzia\u0142ania niepo\u017c\u0105dane, takie jak nudno\u015bci, biegunka lub skurcze brzucha. Te dzia\u0142ania niepo\u017c\u0105dane s\u0105 zwykle tymczasowe i ust\u0119puj\u0105 w ci\u0105gu kilku dni.<\/p>\n\n\n\n<p>Wa\u017cne jest, aby skonsultowa\u0107 si\u0119 z lekarzem, je\u015bli wyst\u0105pi\u0105 jakiekolwiek dzia\u0142ania niepo\u017c\u0105dane lub utrzymuj\u0105ce si\u0119 dzia\u0142ania niepo\u017c\u0105dane.<\/p>\n\n\n\n<h2 class=\"wp-block-heading\">Sk\u0142adniki \u2013 Co zawiera Keto Slim<\/h2>\n\n\n\n<p>Sk\u0142adniki Keto Slim r\u00f3\u017cni\u0105 si\u0119 w zale\u017cno\u015bci od producenta, ale wi\u0119kszo\u015b\u0107 zawiera:<\/p>\n\n\n\n<p><strong>Beta-hydroksyma\u015blan (BHB)<\/strong>: jest to rodzaj egzogennego ketonu, kt\u00f3ry pomaga utrzyma\u0107 stan ketozy w organizmie.<\/p>\n\n\n\n<p><strong>Kwas cytrynowy<\/strong>: jest to kwas organiczny wyst\u0119puj\u0105cy w wielu owocach i warzywach i pomaga utrzyma\u0107 poziom pH w organizmie.<\/p>\n\n\n\n<p><strong>Ekstrakt z zielonej herbaty<\/strong>: ekstrakt ten jest bogaty w przeciwutleniacze i mo\u017ce pom\u00f3c zwi\u0119kszy\u0107 poziom energii i zmniejszy\u0107 stan zapalny w organizmie.<\/p>\n\n\n\n<p><strong>Kofeina<\/strong>: ten sk\u0142adnik jest naturalnym stymulantem, kt\u00f3ry mo\u017ce pom\u00f3c zwi\u0119kszy\u0107 poziom energii i poprawi\u0107 koncentracj\u0119.<\/p>\n\n\n\n<p>Wa\u017cne jest, aby sprawdzi\u0107 pe\u0142n\u0105 list\u0119 sk\u0142adnik\u00f3w i upewni\u0107 si\u0119, \u017ce nie jeste\u015b uczulony na \u017caden z nich przed rozpocz\u0119ciem stosowania Keto Slim.<\/p>\n\n\n\n<h2 class=\"wp-block-heading\">Cena Keto Slim<\/h2>\n\n\n\n<p>Prawdopodobnie zastanawiasz si\u0119, w jakiej cenie mo\u017cna kupi\u0107 Keto Slim i ile czasu zajmuje dotarcie paczki, prawda? Nie zd\u0105\u017cymy ju\u017c d\u0142u\u017cej i od razu znajdziesz odpowied\u017a na to pytanie cena Keto Slim.<\/p>\n\n\n\n<p>Jak zauwa\u017cy\u0142em nieco powy\u017cej, kupuj\u0105c bezpo\u015brednio od producenta otrzymujemy specjaln\u0105 cen\u0119, zw\u0142aszcza, \u017ce w tym okresie obowi\u0105zuje zni\u017cka na kilka 50% zni\u017cki dni bardzo atrakcyjne. Jednak zapasy s\u0105 ograniczone, wi\u0119c musisz si\u0119 spieszy\u0107, je\u015bli chcesz si\u0119 nimi cieszy\u0107.<\/p>\n\n\n\n<h2 class=\"wp-block-heading\">Keto Slim opinie \u2013 recenzje u\u017cytkownik\u00f3w o produkcie<\/h2>\n\n\n\n<p>Opinie U\u017cytkownik\u00f3w o Keto Slim s\u0105 podzielone. Niekt\u00f3rzy u\u017cytkownicy twierdz\u0105, \u017ce widzieli dobre wyniki w zakresie utraty wagi i poprawy poziomu energii, podczas gdy inni nie widzieli znacz\u0105cej r\u00f3\u017cnicy. Wa\u017cne jest, aby wzi\u0105\u0107 pod uwag\u0119 Keto Slim opinie, \u017ce ka\u017cda osoba jest inna i \u017ce wyniki mog\u0105 si\u0119 r\u00f3\u017cni\u0107 w zale\u017cno\u015bci od kilku czynnik\u00f3w, takich jak dieta, poziom aktywno\u015bci fizycznej i metabolizm.<\/p>\n\n\n\n<h2 class=\"wp-block-heading\">Spos\u00f3b przyjmowania \u2013 Jak stosowa\u0107 Keto Slim<\/h2>\n\n\n\n<p>Keto Slim ma r\u00f3wnie\u017c prost\u0105 metod\u0119 u\u017cycia, kt\u00f3ra u\u0142atwia ka\u017cdemu codzienne korzystanie z niej:<\/p>\n\n\n\n<p>Wystarczy wzi\u0105\u0107 2 kapsu\u0142ki dziennie, 30 minut przed \u015bniadaniem, popijaj\u0105c szklank\u0105 wody. Zaleca si\u0119, aby nie przekracza\u0107 zalecanej dziennej dawki. Nie ma dowod\u00f3w na to, \u017ce zwi\u0119kszenie lub zmniejszenie dawki poprawia wyniki.<\/p>\n\n\n\n<p>Powinien by\u0107 spo\u017cywany jako suplement zintegrowany z codzienn\u0105 rutyn\u0105 \u017cywieniow\u0105. Ze wzgl\u0119du na moc reguluj\u0105c\u0105 i zwi\u0119kszaj\u0105c\u0105 keto zaleca si\u0119 towarzyszy\u0107 diecie ketonowej lub niskow\u0119glowodanowemu planowi \u017cywieniowemu.<\/p>\n\n\n\n<h2 class=\"wp-block-heading\">Gdzie kupi\u0107 kapsu\u0142ki Keto Slim: apteka, Amazon czy oficjalna strona producenta<\/h2>\n\n\n\n<p>Keto Slim mo\u017cna kupi\u0107 online lub w sklepach ze zdrow\u0105 \u017cywno\u015bci\u0105. Wa\u017cne jest, aby kupi\u0107 produkt od zaufanego sprzedawcy i zawsze sprawdzi\u0107 pe\u0142n\u0105 list\u0119 sk\u0142adnik\u00f3w przed zakupem oficjalna strona producenta Keto Slim.<\/p>\n\n\n\n<p>Nale\u017cy r\u00f3wnie\u017c uwa\u017ca\u0107 na przesadne reklamy lub zbyt dobre, aby by\u0142y prawdziwe ceny, poniewa\u017c mog\u0105 to by\u0107 oznaki oszustwa apteka. Przed zakupem Keto Slim lub innego suplementu diety wa\u017cne jest, aby przeprowadzi\u0107 badania i upewni\u0107 si\u0119, \u017ce kupujesz produkt od zaufanego sprzedawcy.<\/p>\n\n\n\n<h2 class=\"wp-block-heading\">Najcz\u0119\u015bciej zadawane pytania<\/h2>\n\n\n\n<h3 class=\"wp-block-heading\">W jakim celu stosuje si\u0119 Keto Slim?<\/h3>\n\n\n\n<p>KetoSlim to naturalne rozwi\u0105zanie odchudzaj\u0105ce, kt\u00f3re oferuje zdrowe i skuteczne podej\u015bcie do redukcji masy cia\u0142a.<\/p>\n\n\n\n<h3 class=\"wp-block-heading\">Jakie s\u0105 opinie lekarzy na temat Keto Slim?<\/h3>\n\n\n\n<p>Suplementowa\u0142em Keto Slim diet\u0105 ketonow\u0105, a wyniki by\u0142y wspania\u0142e. Keto Slim da\u0142 mi impuls, kt\u00f3rego potrzebowa\u0142em.<\/p>\n","protected":false},"excerpt":{"rendered":"<p>Keto Slim w naszym nowoczesnym spo\u0142ecze\u0144stwie wiele os\u00f3b ma trudno\u015bci z utrzymaniem zdrowej masy cia\u0142a. Przy tak wielu dost\u0119pnych opcjach \u017cywno\u015bci i siedz\u0105cym trybie \u017cycia oty\u0142o\u015b\u0107 i nadwaga staj\u0105 si\u0119 coraz bardziej powszechne. Na szcz\u0119\u015bcie na rynku jest wiele suplement\u00f3w i produkt\u00f3w, kt\u00f3re obiecuj\u0105 pom\u00f3c w regulacji masy cia\u0142a, a jednym z tych produkt\u00f3w jest &#8230; <a title=\"Keto Slim\" class=\"read-more\" href=\"http:\/\/audiomed.com.pl\/apt\/produkty\/keto-slim\/\" aria-label=\"More on Keto Slim\">Czytaj dalej<\/a><\/p>\n","protected":false},"featured_media":862,"comment_status":"open","ping_status":"closed","template":"","meta":{"_uag_custom_page_level_css":""},"product_brand":[],"product_cat":[21],"product_tag":[],"class_list":{"0":"post-861","1":"product","2":"type-product","3":"status-publish","4":"has-post-thumbnail","6":"product_cat-odchudzanie","7":"sales-flash-overlay","8":"woocommerce-text-align-center","9":"woocommerce-image-align-center","10":"do-quantity-buttons","12":"first","13":"instock","14":"sale","15":"shipping-taxable","16":"product-type-external"},"yoast_head":"<!-- This site is optimized with the Yoast SEO plugin v27.4 - https:\/\/yoast.com\/product\/yoast-seo-wordpress\/ -->\n<title>Keto Slim kapsu\u0142ki - opinie, cena, sk\u0142ad, efekty 2024<\/title>\n<meta name=\"description\" content=\"Naj\u0142atwiejszy spos\u00f3b na odchudzanie i przyspieszenie metabolizmu? Spr\u00f3buj! Keto Slim!\" \/>\n<meta name=\"robots\" content=\"index, follow, max-snippet:-1, max-image-preview:large, max-video-preview:-1\" \/>\n<link rel=\"canonical\" href=\"https:\/\/audiomed.com.pl\/apt\/produkty\/keto-slim\/\" \/>\n<meta property=\"og:locale\" content=\"pl_PL\" \/>\n<meta property=\"og:type\" content=\"article\" \/>\n<meta property=\"og:title\" content=\"Keto Slim kapsu\u0142ki - opinie, cena, sk\u0142ad, efekty 2024\" \/>\n<meta property=\"og:description\" content=\"Naj\u0142atwiejszy spos\u00f3b na odchudzanie i przyspieszenie metabolizmu? Spr\u00f3buj! Keto Slim!\" \/>\n<meta property=\"og:url\" content=\"https:\/\/audiomed.com.pl\/apt\/produkty\/keto-slim\/\" \/>\n<meta property=\"og:site_name\" content=\"Audiomed\" \/>\n<meta property=\"article:modified_time\" content=\"2024-01-16T13:59:12+00:00\" \/>\n<meta property=\"og:image\" content=\"https:\/\/audiomed.com.pl\/apt\/wp-content\/uploads\/2024\/01\/Keto-Slim.png\" \/>\n\t<meta property=\"og:image:width\" content=\"400\" \/>\n\t<meta property=\"og:image:height\" content=\"400\" \/>\n\t<meta property=\"og:image:type\" content=\"image\/png\" \/>\n<meta name=\"twitter:card\" content=\"summary_large_image\" \/>\n<meta name=\"twitter:label1\" content=\"Szacowany czas czytania\" \/>\n\t<meta name=\"twitter:data1\" content=\"6 minut\" \/>\n<script type=\"application\/ld+json\" class=\"yoast-schema-graph\">{\"@context\":\"https:\\\/\\\/schema.org\",\"@graph\":[{\"@type\":\"WebPage\",\"@id\":\"https:\\\/\\\/audiomed.com.pl\\\/apt\\\/produkty\\\/keto-slim\\\/\",\"url\":\"https:\\\/\\\/audiomed.com.pl\\\/apt\\\/produkty\\\/keto-slim\\\/\",\"name\":\"Keto Slim kapsu\u0142ki - opinie, cena, sk\u0142ad, efekty 2024\",\"isPartOf\":{\"@id\":\"https:\\\/\\\/audiomed.com.pl\\\/apt\\\/#website\"},\"primaryImageOfPage\":{\"@id\":\"https:\\\/\\\/audiomed.com.pl\\\/apt\\\/produkty\\\/keto-slim\\\/#primaryimage\"},\"image\":{\"@id\":\"https:\\\/\\\/audiomed.com.pl\\\/apt\\\/produkty\\\/keto-slim\\\/#primaryimage\"},\"thumbnailUrl\":\"http:\\\/\\\/audiomed.com.pl\\\/apt\\\/wp-content\\\/uploads\\\/2024\\\/01\\\/Keto-Slim.png\",\"datePublished\":\"2024-01-16T13:59:10+00:00\",\"dateModified\":\"2024-01-16T13:59:12+00:00\",\"description\":\"Naj\u0142atwiejszy spos\u00f3b na odchudzanie i przyspieszenie metabolizmu? Spr\u00f3buj! Keto Slim!\",\"breadcrumb\":{\"@id\":\"https:\\\/\\\/audiomed.com.pl\\\/apt\\\/produkty\\\/keto-slim\\\/#breadcrumb\"},\"inLanguage\":\"pl-PL\",\"potentialAction\":[{\"@type\":\"ReadAction\",\"target\":[\"https:\\\/\\\/audiomed.com.pl\\\/apt\\\/produkty\\\/keto-slim\\\/\"]}]},{\"@type\":\"ImageObject\",\"inLanguage\":\"pl-PL\",\"@id\":\"https:\\\/\\\/audiomed.com.pl\\\/apt\\\/produkty\\\/keto-slim\\\/#primaryimage\",\"url\":\"http:\\\/\\\/audiomed.com.pl\\\/apt\\\/wp-content\\\/uploads\\\/2024\\\/01\\\/Keto-Slim.png\",\"contentUrl\":\"http:\\\/\\\/audiomed.com.pl\\\/apt\\\/wp-content\\\/uploads\\\/2024\\\/01\\\/Keto-Slim.png\",\"width\":400,\"height\":400,\"caption\":\"Keto Slim\"},{\"@type\":\"BreadcrumbList\",\"@id\":\"https:\\\/\\\/audiomed.com.pl\\\/apt\\\/produkty\\\/keto-slim\\\/#breadcrumb\",\"itemListElement\":[{\"@type\":\"ListItem\",\"position\":1,\"name\":\"Home\",\"item\":\"https:\\\/\\\/audiomed.com.pl\\\/apt\\\/\"},{\"@type\":\"ListItem\",\"position\":2,\"name\":\"Produkty\",\"item\":\"https:\\\/\\\/audiomed.com.pl\\\/apt\\\/\"},{\"@type\":\"ListItem\",\"position\":3,\"name\":\"Keto Slim\"}]},{\"@type\":\"WebSite\",\"@id\":\"https:\\\/\\\/audiomed.com.pl\\\/apt\\\/#website\",\"url\":\"https:\\\/\\\/audiomed.com.pl\\\/apt\\\/\",\"name\":\"Audiomed\",\"description\":\"\",\"potentialAction\":[{\"@type\":\"SearchAction\",\"target\":{\"@type\":\"EntryPoint\",\"urlTemplate\":\"https:\\\/\\\/audiomed.com.pl\\\/apt\\\/?s={search_term_string}\"},\"query-input\":{\"@type\":\"PropertyValueSpecification\",\"valueRequired\":true,\"valueName\":\"search_term_string\"}}],\"inLanguage\":\"pl-PL\"}]}<\/script>\n<!-- \/ Yoast SEO plugin. -->","yoast_head_json":{"title":"Keto Slim kapsu\u0142ki - opinie, cena, sk\u0142ad, efekty 2024","description":"Naj\u0142atwiejszy spos\u00f3b na odchudzanie i przyspieszenie metabolizmu? Spr\u00f3buj! Keto Slim!","robots":{"index":"index","follow":"follow","max-snippet":"max-snippet:-1","max-image-preview":"max-image-preview:large","max-video-preview":"max-video-preview:-1"},"canonical":"https:\/\/audiomed.com.pl\/apt\/produkty\/keto-slim\/","og_locale":"pl_PL","og_type":"article","og_title":"Keto Slim kapsu\u0142ki - opinie, cena, sk\u0142ad, efekty 2024","og_description":"Naj\u0142atwiejszy spos\u00f3b na odchudzanie i przyspieszenie metabolizmu? Spr\u00f3buj! Keto Slim!","og_url":"https:\/\/audiomed.com.pl\/apt\/produkty\/keto-slim\/","og_site_name":"Audiomed","article_modified_time":"2024-01-16T13:59:12+00:00","og_image":[{"width":400,"height":400,"url":"https:\/\/audiomed.com.pl\/apt\/wp-content\/uploads\/2024\/01\/Keto-Slim.png","type":"image\/png"}],"twitter_card":"summary_large_image","twitter_misc":{"Szacowany czas czytania":"6 minut"},"schema":{"@context":"https:\/\/schema.org","@graph":[{"@type":"WebPage","@id":"https:\/\/audiomed.com.pl\/apt\/produkty\/keto-slim\/","url":"https:\/\/audiomed.com.pl\/apt\/produkty\/keto-slim\/","name":"Keto Slim kapsu\u0142ki - opinie, cena, sk\u0142ad, efekty 2024","isPartOf":{"@id":"https:\/\/audiomed.com.pl\/apt\/#website"},"primaryImageOfPage":{"@id":"https:\/\/audiomed.com.pl\/apt\/produkty\/keto-slim\/#primaryimage"},"image":{"@id":"https:\/\/audiomed.com.pl\/apt\/produkty\/keto-slim\/#primaryimage"},"thumbnailUrl":"http:\/\/audiomed.com.pl\/apt\/wp-content\/uploads\/2024\/01\/Keto-Slim.png","datePublished":"2024-01-16T13:59:10+00:00","dateModified":"2024-01-16T13:59:12+00:00","description":"Naj\u0142atwiejszy spos\u00f3b na odchudzanie i przyspieszenie metabolizmu? Spr\u00f3buj! Keto Slim!","breadcrumb":{"@id":"https:\/\/audiomed.com.pl\/apt\/produkty\/keto-slim\/#breadcrumb"},"inLanguage":"pl-PL","potentialAction":[{"@type":"ReadAction","target":["https:\/\/audiomed.com.pl\/apt\/produkty\/keto-slim\/"]}]},{"@type":"ImageObject","inLanguage":"pl-PL","@id":"https:\/\/audiomed.com.pl\/apt\/produkty\/keto-slim\/#primaryimage","url":"http:\/\/audiomed.com.pl\/apt\/wp-content\/uploads\/2024\/01\/Keto-Slim.png","contentUrl":"http:\/\/audiomed.com.pl\/apt\/wp-content\/uploads\/2024\/01\/Keto-Slim.png","width":400,"height":400,"caption":"Keto Slim"},{"@type":"BreadcrumbList","@id":"https:\/\/audiomed.com.pl\/apt\/produkty\/keto-slim\/#breadcrumb","itemListElement":[{"@type":"ListItem","position":1,"name":"Home","item":"https:\/\/audiomed.com.pl\/apt\/"},{"@type":"ListItem","position":2,"name":"Produkty","item":"https:\/\/audiomed.com.pl\/apt\/"},{"@type":"ListItem","position":3,"name":"Keto Slim"}]},{"@type":"WebSite","@id":"https:\/\/audiomed.com.pl\/apt\/#website","url":"https:\/\/audiomed.com.pl\/apt\/","name":"Audiomed","description":"","potentialAction":[{"@type":"SearchAction","target":{"@type":"EntryPoint","urlTemplate":"https:\/\/audiomed.com.pl\/apt\/?s={search_term_string}"},"query-input":{"@type":"PropertyValueSpecification","valueRequired":true,"valueName":"search_term_string"}}],"inLanguage":"pl-PL"}]}},"uagb_featured_image_src":{"full":["http:\/\/audiomed.com.pl\/apt\/wp-content\/uploads\/2024\/01\/Keto-Slim.png",400,400,false],"thumbnail":["http:\/\/audiomed.com.pl\/apt\/wp-content\/uploads\/2024\/01\/Keto-Slim-150x150.png",150,150,true],"medium":["http:\/\/audiomed.com.pl\/apt\/wp-content\/uploads\/2024\/01\/Keto-Slim-300x300.png",300,300,true],"medium_large":["http:\/\/audiomed.com.pl\/apt\/wp-content\/uploads\/2024\/01\/Keto-Slim.png",400,400,false],"large":["http:\/\/audiomed.com.pl\/apt\/wp-content\/uploads\/2024\/01\/Keto-Slim.png",400,400,false],"1536x1536":["http:\/\/audiomed.com.pl\/apt\/wp-content\/uploads\/2024\/01\/Keto-Slim.png",400,400,false],"2048x2048":["http:\/\/audiomed.com.pl\/apt\/wp-content\/uploads\/2024\/01\/Keto-Slim.png",400,400,false],"woocommerce_thumbnail":["http:\/\/audiomed.com.pl\/apt\/wp-content\/uploads\/2024\/01\/Keto-Slim-300x300.png",300,300,true],"woocommerce_single":["http:\/\/audiomed.com.pl\/apt\/wp-content\/uploads\/2024\/01\/Keto-Slim.png",400,400,false],"woocommerce_gallery_thumbnail":["http:\/\/audiomed.com.pl\/apt\/wp-content\/uploads\/2024\/01\/Keto-Slim-100x100.png",100,100,true],"yarpp-thumbnail":["http:\/\/audiomed.com.pl\/apt\/wp-content\/uploads\/2024\/01\/Keto-Slim-120x120.png",120,120,true]},"uagb_author_info":{"display_name":"Patrycja","author_link":"http:\/\/audiomed.com.pl\/apt\/author\/"},"uagb_comment_info":0,"uagb_excerpt":"Keto Slim w naszym nowoczesnym spo\u0142ecze\u0144stwie wiele os\u00f3b ma trudno\u015bci z utrzymaniem zdrowej masy cia\u0142a. Przy tak wielu dost\u0119pnych opcjach \u017cywno\u015bci i siedz\u0105cym trybie \u017cycia oty\u0142o\u015b\u0107 i nadwaga staj\u0105 si\u0119 coraz bardziej powszechne. Na szcz\u0119\u015bcie na rynku jest wiele suplement\u00f3w i produkt\u00f3w, kt\u00f3re obiecuj\u0105 pom\u00f3c w regulacji masy cia\u0142a, a jednym z tych produkt\u00f3w jest&hellip;","_links":{"self":[{"href":"http:\/\/audiomed.com.pl\/apt\/wp-json\/wp\/v2\/product\/861","targetHints":{"allow":["GET"]}}],"collection":[{"href":"http:\/\/audiomed.com.pl\/apt\/wp-json\/wp\/v2\/product"}],"about":[{"href":"http:\/\/audiomed.com.pl\/apt\/wp-json\/wp\/v2\/types\/product"}],"replies":[{"embeddable":true,"href":"http:\/\/audiomed.com.pl\/apt\/wp-json\/wp\/v2\/comments?post=861"}],"wp:featuredmedia":[{"embeddable":true,"href":"http:\/\/audiomed.com.pl\/apt\/wp-json\/wp\/v2\/media\/862"}],"wp:attachment":[{"href":"http:\/\/audiomed.com.pl\/apt\/wp-json\/wp\/v2\/media?parent=861"}],"wp:term":[{"taxonomy":"product_brand","embeddable":true,"href":"http:\/\/audiomed.com.pl\/apt\/wp-json\/wp\/v2\/product_brand?post=861"},{"taxonomy":"product_cat","embeddable":true,"href":"http:\/\/audiomed.com.pl\/apt\/wp-json\/wp\/v2\/product_cat?post=861"},{"taxonomy":"product_tag","embeddable":true,"href":"http:\/\/audiomed.com.pl\/apt\/wp-json\/wp\/v2\/product_tag?post=861"}],"curies":[{"name":"wp","href":"https:\/\/api.w.org\/{rel}","templated":true}]}}