{"id":249,"date":"2023-12-28T22:32:19","date_gmt":"2023-12-28T22:32:19","guid":{"rendered":"https:\/\/audiomed.com.pl\/apt\/?post_type=product&#038;p=249"},"modified":"2024-01-10T09:25:09","modified_gmt":"2024-01-10T09:25:09","slug":"turboshaper","status":"publish","type":"product","link":"http:\/\/audiomed.com.pl\/apt\/produkty\/turboshaper\/","title":{"rendered":"Turboshaper"},"content":{"rendered":"\n<p>Turboshaper to plastry, kt\u00f3re mog\u0105 okaza\u0107 si\u0119 bardzo dobrym rozwi\u0105zaniem w dziedzinie utraty wagi, oferuj\u0105c u\u017cytkownikom prosty spos\u00f3b na popraw\u0119 swojego zdrowia i wygl\u0105du. Plastry te zawieraj\u0105 ekstrakty ro\u015blinne, kt\u00f3re wed\u0142ug producenta posiadaj\u0105 w\u0142a\u015bciwo\u015bci wspieraj\u0105ce procesy zwi\u0105zane z odchudzaniem. Dzi\u0119ki temu Turboshaper mo\u017ce nie tylko pomaga\u0107 w utracie wagi, ale tak\u017ce poprawia\u0107 kondycj\u0119 sk\u00f3ry, nadaj\u0105c jej zdrowszy i m\u0142odszy wygl\u0105d. Wed\u0142ug tego, co podaj\u0105 aktualne recenzje u\u017cytkownik\u00f3w 2024, Turboshaper okaza\u0142 si\u0119 dobrym wsparciem w odchudzaniu, a tak\u017ce mo\u017ce poprawi\u0107 kondycj\u0119 sk\u00f3ry i przyspieszy\u0107 utrat\u0119 wagi.<\/p>\n\n\n\n<p>Turboshaper to plastry, kt\u00f3re w ostatnim czasie zyskuj\u0105 coraz wi\u0119ksz\u0105 popularno\u015b\u0107 w kontek\u015bcie utraty wagi, poprawy kondycji sk\u00f3ry i og\u00f3lnego dobrego wp\u0142ywu na organizm. Odkryj, jak naturalne sk\u0142adniki i sk\u0142adniki aktywne zawarte w Turboshaper mog\u0105 potencjalnie wp\u0142ywa\u0107 pozytywnie na utrat\u0119 masy cia\u0142a oraz wygl\u0105d sk\u00f3ry.<\/p>\n\n\n\n<div style=\"height:20px\" aria-hidden=\"true\" class=\"wp-block-spacer\"><\/div>\n\n\n\n<figure class=\"wp-block-table is-style-regular\"><table class=\"has-fixed-layout\"><tbody><tr><td><strong>Nazwa produktu<\/strong><\/td><td>Turboshaper<\/td><\/tr><tr><td><strong>Zastosowanie<\/strong><\/td><td>na odchudzanie \ud83d\udc83<\/td><\/tr><tr><td><strong>Opinie<\/strong><\/td><td>\u2b50\u2b50\u2b50\u2b50\u2b50<\/td><\/tr><tr><td><strong>Cena<\/strong><\/td><td>157 PLN \ud83d\udcb5<\/td><\/tr><tr><td><strong>Typ produktu<\/strong><\/td><td>plastry\ud83e\ude79<\/td><\/tr><tr><td><strong>Dawka<\/strong><\/td><td>sprawd\u017a ulotk\u0119 \u23f0<\/td><\/tr><tr><td><strong>Sk\u0142ad<\/strong><\/td><td>Ekstrakt z zielonej herbaty\ud83c\udf43<br>Kofeina\ud83c\udf43<br>L-karnityna\ud83c\udf43<br>Ekstrakt z Guarany\ud83c\udf43<br>Witaminy i minera\u0142y\ud83c\udf43<\/td><\/tr><\/tbody><\/table><\/figure>\n\n\n\n<div style=\"height:20px\" aria-hidden=\"true\" class=\"wp-block-spacer\"><\/div>\n\n\n\n<h2 class=\"wp-block-heading\">Turboshaper plastry, sk\u0142adniki, jak u\u017cywa\u0107, jak to dzia\u0142a, skutki uboczne<\/h2>\n\n\n\n<p>Turboshaper sk\u0142adniki, to specjalnie opracowana kompozycja, kt\u00f3ra powinna przynie\u015b\u0107 korzystne efekty w redukcji masy cia\u0142a, a tak\u017ce poprawi\u0107 wygl\u0105d sk\u00f3ry. Dzi\u0119ki temu, \u017ce ten preparat w postaci plastr\u00f3w posiada naturalny sk\u0142ad, to nie powinny wyst\u0119powa\u0107 jakiekolwiek przeciwwskazania, ani p\u00f3\u017aniejsze skutki uboczne Turboshaper. Wiele os\u00f3b zastanawia si\u0119 po co to jest, a producent informuje, \u017ce te plastry powinny wspomaga\u0107 utrat\u0119 wagi i prowadzi\u0107 do og\u00f3lnego dobrego samopoczucia.<\/p>\n\n\n\n<p>W przypadku pyta\u0144 dotycz\u0105cych tego, jakie s\u0105 Turboshaper sk\u0142adniki, jak to dzia\u0142a oraz jak u\u017cywa\u0107, cz\u0119\u015b\u0107 odpowiedzi mo\u017cna znale\u017a\u0107 na oficjalnej stronie internetowej produktu, a reszt\u0119 powinna w sobie zawiera\u0107 Turboshaper ulotka.<\/p>\n\n\n\n<p>Naturalne sk\u0142adniki Turboshaper zosta\u0142y starannie dobrane w proporcjach, kt\u00f3re powinny wzmacnia\u0107 wzajemne dzia\u0142anie pozosta\u0142ych sk\u0142adnik\u00f3w, d\u0105\u017c\u0105c do jak najlepszego dzia\u0142ania na szybsz\u0105 utrat\u0119 wagi. Zgodnie z informacjami producenta, ekstrakty ro\u015blinne i sk\u0142adniki aktywne zawarte w plastrach, powinny przyczynia\u0107 si\u0119 nie tylko do utraty wagi, ale tak\u017ce do dobrego samopoczucia.<\/p>\n\n\n\n<p>Aby uzyska\u0107 wi\u0119cej informacji na temat plastr\u00f3w, takich jak Turboshaper jak to dzia\u0142a i jak u\u017cywa\u0107, warto odwiedzi\u0107 oficjaln\u0105 stron\u0119 producenta, na kt\u00f3rej znajdziesz obszerne informacje. To, czego nie znajdziesz tam na temat tego produktu na stronie, powinna zawiera\u0107 ulotka Turboshaper. Dzi\u0119ki temu dowiesz si\u0119 wi\u0119cej na temat produktu, kt\u00f3ry mo\u017ce okaza\u0107 si\u0119 skuteczn\u0105 pomoc\u0105 dla os\u00f3b, dla kt\u00f3rych liczy si\u0119 utrata masy cia\u0142a bez niepo\u017c\u0105danych skutk\u00f3w ubocznych.<\/p>\n\n\n\n<h2 class=\"wp-block-heading\">Turboshaper opinie, forum, komentarze<\/h2>\n\n\n\n<p>Turboshaper zdobywa\u0107 si\u0119 wydaje coraz wi\u0119ksz\u0105 popularno\u015b\u0107, co przyci\u0105ga uwag\u0119 potencjalnych nabywc\u00f3w, zaciekawionych do\u015bwiadczeniem innych u\u017cytkownik\u00f3w. Dla tych poszukuj\u0105cych informacji, istnieje dedykowane Turboshaper forum, gdzie dost\u0119pne s\u0105 opinie, komentarze oraz aktualne recenzje u\u017cytkownik\u00f3w 2024.<\/p>\n\n\n\n<p>Turboshaper opinie, zazwyczaj ukazuj\u0105 si\u0119 w pozytywnym \u015bwietle, co sugeruje zadowolenie korzystaj\u0105cych z tych plastr\u00f3w. Recenzje wydaj\u0105 si\u0119\u00a0podkre\u015bla\u0107 korzy\u015bci wynikaj\u0105ce z regularnego stosowania produktu, takie jak poprawa kondycji sk\u00f3ry, redukcja masy cia\u0142a oraz og\u00f3lne lepsze samopoczucie. Na forum, u\u017cytkownicy doceniaj\u0105 tak\u017ce wygod\u0119 noszenia plastra, kt\u00f3re nie powoduje dyskomfortu i poprawia kondycj\u0119 sk\u00f3ry, nie powoduj\u0105c jej wiotczenia po utracie zb\u0119dnych kilogram\u00f3w.<\/p>\n\n\n\n<p>Recenzenci dodatkowo zwracaj\u0105 uwag\u0119 na aktywne sk\u0142adniki, przekonani, \u017ce wspieraj\u0105 one kompleksowe przyspieszanie metabolizmu i redukcj\u0119 masy cia\u0142a. Wielu z nich dostrzega popraw\u0119 w wygl\u0105dzie sylwetki oraz j\u0119drno\u015bci sk\u00f3ry. Turboshaper, zgodnie z relacjami, wykorzystuje innowacyjn\u0105 formu\u0142\u0119, w kt\u00f3rej kompozycj\u0119 wchodz\u0105 wy\u0142\u0105cznie sk\u0142adniki aktywne. Co istotne, nie ma przeciwwskaza\u0144 do stosowania plastra, ani nie powinno by\u0107 niepo\u017c\u0105danych skutk\u00f3w ubocznych po jego zastosowaniu.<\/p>\n\n\n\n<p>W kontek\u015bcie utraty wagi, Turboshaper okazuje si\u0119 by\u0107 potencjalnie bezpiecznym i skutecznym rozwi\u0105zaniem, zdobywaj\u0105c pozytywne recenzje od zadowolonych u\u017cytkownik\u00f3w. To w\u0142a\u015bnie naturalny sk\u0142ad oraz \u0142atwo\u015b\u0107 u\u017cytkowania stanowi\u0105 kluczowe elementy jego popularno\u015bci w \u015bwiecie zdrowego odchudzania.<\/p>\n\n\n\n<h2 class=\"wp-block-heading\">Turboshaper cena, ile to kosztuje<\/h2>\n\n\n\n<p>Cena Turboshaper jest dost\u0119pna na oficjalnej stronie producenta. Wielu zainteresowanych z pewno\u015bci\u0105 zastanawia si\u0119, ile to kosztuje, a odpowied\u017a na to pytanie bezpo\u015brednio udziela producent. Podkre\u015bla on, \u017ce w przypadku Turboshaper cena mo\u017ce ulega\u0107 wahaniom ze wzgl\u0119du na liczne promocje i obni\u017cki dost\u0119pne na oficjalnej stronie internetowej. Aby zatem skorzysta\u0107 z najkorzystniejszej oferty i sprawi\u0107, by\u0142a jak najni\u017csza, to warto regularnie odwiedza\u0107 t\u0119 witryn\u0119.<\/p>\n\n\n\n<p>Turboshaper, dzi\u0119ki swoim aktywnym sk\u0142adnikom, mo\u017ce korzystnie wp\u0142ywa\u0107 na redukcj\u0119 masy cia\u0142a, przyczyniaj\u0105c si\u0119 r\u00f3wnie\u017c do dobrego samopoczucia. Regularne stosowanie plastra mo\u017ce by\u0107 zwi\u0105zane z procesem szybszej utraty wagi, co sprawia, \u017ce Turboshaper mo\u017ce by\u0107 skutecznym wsparciem dla os\u00f3b d\u0105\u017c\u0105cych do utrzymania zdrowej sylwetki.<\/p>\n\n\n\n<h2 class=\"wp-block-heading\">Turboshaper gdzie kupi\u0107, apteka<\/h2>\n\n\n\n<p>Turboshaper plastry wspieraj\u0105ce redukcj\u0119 wagi dost\u0119pne s\u0105 wy\u0142\u0105cznie na oficjalnej stronie producenta. Powszechnym pytaniem, kt\u00f3re pojawia si\u0119 w kontek\u015bcie tych plastr\u00f3w, brzmi &#8222;Turboshaper gdzie kupi\u0107?&#8221;. Wielu potencjalnych nabywc\u00f3w zastanawia si\u0119, czy produkt jest dost\u0119pny w aptekach czy innych tradycyjnych punktach sprzeda\u017cy. Jednak producent jednoznacznie informuje, \u017ce Turboshaper nie jest dost\u0119pny w miejscach takich jak apteka czy konwencjonalne sklepy.<\/p>\n\n\n\n<p>Poszukiwanie produktu w aptekach, jak w przypadku frazy &#8222;Turboshaper apteka&#8221;, jest wi\u0119c bezcelowe. Tym samym, gdzie kupi\u0107 Turboshaper? Jedyn\u0105 skuteczn\u0105 opcj\u0105 zakupu jest korzystanie z oficjalnej strony internetowej produktu. Tam klient ma pewno\u015b\u0107, \u017ce otrzymuje oryginalny produkt, a tak\u017ce mo\u017ce skorzysta\u0107 z ewentualnych promocji i obni\u017cek cen, kt\u00f3re s\u0105 regularnie dost\u0119pne na tej platformie.<\/p>\n\n\n\n<p>Warto podkre\u015bli\u0107, \u017ce dokonywanie zakup\u00f3w bezpo\u015brednio u producenta eliminuje ryzyko zakupu podr\u00f3bek i zapewnia dost\u0119p do pe\u0142nej gamy informacji na temat produktu. Klient mo\u017ce tam znale\u017a\u0107 nie tylko odpowiedzi na pytanie, &#8222;Gdzie kupi\u0107 Turboshaper?&#8221;, ale tak\u017ce inne informacje na temat plastra, zalece\u0144 dotycz\u0105cych stosowania, ewentualnych przeciwwskaza\u0144 oraz skutk\u00f3w ubocznych. Przy wyborze miejsca zakupu warto by\u0107 ostro\u017cnym, aby unikn\u0105\u0107 nieautoryzowanych \u017ar\u00f3de\u0142, kt\u00f3re mog\u0105 oferowa\u0107 podr\u00f3bki produktu. Turboshaper, jako produkt dedykowany utracie wagi, powinien by\u0107 nabywany wy\u0142\u0105cznie ze sprawdzonych i wiarygodnych \u017ar\u00f3de\u0142, takich jak oficjalna strona producenta.<\/p>\n\n\n\n<h2 class=\"wp-block-heading\">Turboshaper allegro, ceneo &#8211; Polska<\/h2>\n\n\n\n<p>Plastry Turboshaper s\u0105 dost\u0119pne do zakupu jedynie za po\u015brednictwem oficjalnej strony internetowej. Produkt zdaje si\u0119 zyskiwa\u0107 popularno\u015b\u0107 na rynku w kraju jakim jest Polska. Niemniej jednak, je\u015bli chodzi o Turboshaper producent jednoznacznie informuje, \u017ce produkt nie jest dost\u0119pny na popularnych platformach zakupowych, takich jak Ceneo, Amazon, Allegro czy eBay. Szukanie produktu na tych platformach, w tym wpisywanie fraz typu &#8222;Turboshaper Ceneo&#8221; czy &#8222;Turboshaper Allegro&#8221;, nie przyniesie oczekiwanych rezultat\u00f3w.<\/p>\n\n\n\n<p>Je\u015bli chodzi jednak o Turboshaper Polska jest krajem, w kt\u00f3rym plaster ten jest dost\u0119pny, a producent zapewnia, \u017ce mo\u017cna go \u0142atwo zam\u00f3wi\u0107 poprzez oficjaln\u0105 stron\u0119 internetow\u0105. Odradza zakupy z innych \u017ar\u00f3de\u0142 ni\u017c oficjalna strona producenta, aby unikn\u0105\u0107 ryzyka zakupu podr\u00f3bek lub produkt\u00f3w o w\u0105tpliwej jako\u015bci.<\/p>\n","protected":false},"excerpt":{"rendered":"<p>Turboshaper to plastry, kt\u00f3re mog\u0105 okaza\u0107 si\u0119 bardzo dobrym rozwi\u0105zaniem w dziedzinie utraty wagi, oferuj\u0105c u\u017cytkownikom prosty spos\u00f3b na popraw\u0119 swojego zdrowia i wygl\u0105du. Plastry te zawieraj\u0105 ekstrakty ro\u015blinne, kt\u00f3re wed\u0142ug producenta posiadaj\u0105 w\u0142a\u015bciwo\u015bci wspieraj\u0105ce procesy zwi\u0105zane z odchudzaniem. Dzi\u0119ki temu Turboshaper mo\u017ce nie tylko pomaga\u0107 w utracie wagi, ale tak\u017ce poprawia\u0107 kondycj\u0119 sk\u00f3ry, nadaj\u0105c &#8230; <a title=\"Turboshaper\" class=\"read-more\" href=\"http:\/\/audiomed.com.pl\/apt\/produkty\/turboshaper\/\" aria-label=\"More on Turboshaper\">Czytaj dalej<\/a><\/p>\n","protected":false},"featured_media":279,"comment_status":"open","ping_status":"closed","template":"","meta":{"_uag_custom_page_level_css":""},"product_brand":[],"product_cat":[21],"product_tag":[],"class_list":{"0":"post-249","1":"product","2":"type-product","3":"status-publish","4":"has-post-thumbnail","6":"product_cat-odchudzanie","7":"sales-flash-overlay","8":"woocommerce-text-align-center","9":"woocommerce-image-align-center","10":"do-quantity-buttons","12":"first","13":"instock","14":"sale","15":"shipping-taxable","16":"product-type-external"},"yoast_head":"<!-- This site is optimized with the Yoast SEO plugin v27.4 - https:\/\/yoast.com\/product\/yoast-seo-wordpress\/ -->\n<title>Turboshaper plastry - opinie, cena, sk\u0142ad, efekty 2024<\/title>\n<meta name=\"description\" content=\"Czy plastry \ud83d\udc49 Turboshaper \ud83d\udc48 poprawiaj\u0105 kondycj\u0119 sk\u00f3ry i sprawiaj\u0105, \u017ce nast\u0119puje utrata masy cia\u0142a? Kliknij tutaj i dowiedz si\u0119 wi\u0119cej! \ud83d\udd25 \ud83d\udd25\" \/>\n<meta name=\"robots\" content=\"index, follow, max-snippet:-1, max-image-preview:large, max-video-preview:-1\" \/>\n<link rel=\"canonical\" href=\"https:\/\/audiomed.com.pl\/apt\/produkty\/turboshaper\/\" \/>\n<meta property=\"og:locale\" content=\"pl_PL\" \/>\n<meta property=\"og:type\" content=\"article\" \/>\n<meta property=\"og:title\" content=\"Turboshaper plastry - opinie, cena, sk\u0142ad, efekty 2024\" \/>\n<meta property=\"og:description\" content=\"Czy plastry \ud83d\udc49 Turboshaper \ud83d\udc48 poprawiaj\u0105 kondycj\u0119 sk\u00f3ry i sprawiaj\u0105, \u017ce nast\u0119puje utrata masy cia\u0142a? Kliknij tutaj i dowiedz si\u0119 wi\u0119cej! \ud83d\udd25 \ud83d\udd25\" \/>\n<meta property=\"og:url\" content=\"https:\/\/audiomed.com.pl\/apt\/produkty\/turboshaper\/\" \/>\n<meta property=\"og:site_name\" content=\"Audiomed\" \/>\n<meta property=\"article:modified_time\" content=\"2024-01-10T09:25:09+00:00\" \/>\n<meta property=\"og:image\" content=\"https:\/\/audiomed.com.pl\/apt\/wp-content\/uploads\/2023\/12\/Turboshaper-plastry-opinie-cena-sklad-forum-gdzie-kupic.png\" \/>\n\t<meta property=\"og:image:width\" content=\"400\" \/>\n\t<meta property=\"og:image:height\" content=\"400\" \/>\n\t<meta property=\"og:image:type\" content=\"image\/png\" \/>\n<meta name=\"twitter:card\" content=\"summary_large_image\" \/>\n<meta name=\"twitter:label1\" content=\"Szacowany czas czytania\" \/>\n\t<meta name=\"twitter:data1\" content=\"7 minut\" \/>\n<script type=\"application\/ld+json\" class=\"yoast-schema-graph\">{\"@context\":\"https:\\\/\\\/schema.org\",\"@graph\":[{\"@type\":\"WebPage\",\"@id\":\"https:\\\/\\\/audiomed.com.pl\\\/apt\\\/produkty\\\/turboshaper\\\/\",\"url\":\"https:\\\/\\\/audiomed.com.pl\\\/apt\\\/produkty\\\/turboshaper\\\/\",\"name\":\"Turboshaper plastry - opinie, cena, sk\u0142ad, efekty 2024\",\"isPartOf\":{\"@id\":\"https:\\\/\\\/audiomed.com.pl\\\/apt\\\/#website\"},\"primaryImageOfPage\":{\"@id\":\"https:\\\/\\\/audiomed.com.pl\\\/apt\\\/produkty\\\/turboshaper\\\/#primaryimage\"},\"image\":{\"@id\":\"https:\\\/\\\/audiomed.com.pl\\\/apt\\\/produkty\\\/turboshaper\\\/#primaryimage\"},\"thumbnailUrl\":\"http:\\\/\\\/audiomed.com.pl\\\/apt\\\/wp-content\\\/uploads\\\/2023\\\/12\\\/Turboshaper-plastry-opinie-cena-sklad-forum-gdzie-kupic.png\",\"datePublished\":\"2023-12-28T22:32:19+00:00\",\"dateModified\":\"2024-01-10T09:25:09+00:00\",\"description\":\"Czy plastry \ud83d\udc49 Turboshaper \ud83d\udc48 poprawiaj\u0105 kondycj\u0119 sk\u00f3ry i sprawiaj\u0105, \u017ce nast\u0119puje utrata masy cia\u0142a? Kliknij tutaj i dowiedz si\u0119 wi\u0119cej! \ud83d\udd25 \ud83d\udd25\",\"breadcrumb\":{\"@id\":\"https:\\\/\\\/audiomed.com.pl\\\/apt\\\/produkty\\\/turboshaper\\\/#breadcrumb\"},\"inLanguage\":\"pl-PL\",\"potentialAction\":[{\"@type\":\"ReadAction\",\"target\":[\"https:\\\/\\\/audiomed.com.pl\\\/apt\\\/produkty\\\/turboshaper\\\/\"]}]},{\"@type\":\"ImageObject\",\"inLanguage\":\"pl-PL\",\"@id\":\"https:\\\/\\\/audiomed.com.pl\\\/apt\\\/produkty\\\/turboshaper\\\/#primaryimage\",\"url\":\"http:\\\/\\\/audiomed.com.pl\\\/apt\\\/wp-content\\\/uploads\\\/2023\\\/12\\\/Turboshaper-plastry-opinie-cena-sklad-forum-gdzie-kupic.png\",\"contentUrl\":\"http:\\\/\\\/audiomed.com.pl\\\/apt\\\/wp-content\\\/uploads\\\/2023\\\/12\\\/Turboshaper-plastry-opinie-cena-sklad-forum-gdzie-kupic.png\",\"width\":400,\"height\":400,\"caption\":\"Turboshaper\"},{\"@type\":\"BreadcrumbList\",\"@id\":\"https:\\\/\\\/audiomed.com.pl\\\/apt\\\/produkty\\\/turboshaper\\\/#breadcrumb\",\"itemListElement\":[{\"@type\":\"ListItem\",\"position\":1,\"name\":\"Home\",\"item\":\"https:\\\/\\\/audiomed.com.pl\\\/apt\\\/\"},{\"@type\":\"ListItem\",\"position\":2,\"name\":\"Produkty\",\"item\":\"https:\\\/\\\/audiomed.com.pl\\\/apt\\\/\"},{\"@type\":\"ListItem\",\"position\":3,\"name\":\"Turboshaper\"}]},{\"@type\":\"WebSite\",\"@id\":\"https:\\\/\\\/audiomed.com.pl\\\/apt\\\/#website\",\"url\":\"https:\\\/\\\/audiomed.com.pl\\\/apt\\\/\",\"name\":\"Audiomed\",\"description\":\"\",\"potentialAction\":[{\"@type\":\"SearchAction\",\"target\":{\"@type\":\"EntryPoint\",\"urlTemplate\":\"https:\\\/\\\/audiomed.com.pl\\\/apt\\\/?s={search_term_string}\"},\"query-input\":{\"@type\":\"PropertyValueSpecification\",\"valueRequired\":true,\"valueName\":\"search_term_string\"}}],\"inLanguage\":\"pl-PL\"}]}<\/script>\n<!-- \/ Yoast SEO plugin. -->","yoast_head_json":{"title":"Turboshaper plastry - opinie, cena, sk\u0142ad, efekty 2024","description":"Czy plastry \ud83d\udc49 Turboshaper \ud83d\udc48 poprawiaj\u0105 kondycj\u0119 sk\u00f3ry i sprawiaj\u0105, \u017ce nast\u0119puje utrata masy cia\u0142a? Kliknij tutaj i dowiedz si\u0119 wi\u0119cej! \ud83d\udd25 \ud83d\udd25","robots":{"index":"index","follow":"follow","max-snippet":"max-snippet:-1","max-image-preview":"max-image-preview:large","max-video-preview":"max-video-preview:-1"},"canonical":"https:\/\/audiomed.com.pl\/apt\/produkty\/turboshaper\/","og_locale":"pl_PL","og_type":"article","og_title":"Turboshaper plastry - opinie, cena, sk\u0142ad, efekty 2024","og_description":"Czy plastry \ud83d\udc49 Turboshaper \ud83d\udc48 poprawiaj\u0105 kondycj\u0119 sk\u00f3ry i sprawiaj\u0105, \u017ce nast\u0119puje utrata masy cia\u0142a? Kliknij tutaj i dowiedz si\u0119 wi\u0119cej! \ud83d\udd25 \ud83d\udd25","og_url":"https:\/\/audiomed.com.pl\/apt\/produkty\/turboshaper\/","og_site_name":"Audiomed","article_modified_time":"2024-01-10T09:25:09+00:00","og_image":[{"width":400,"height":400,"url":"https:\/\/audiomed.com.pl\/apt\/wp-content\/uploads\/2023\/12\/Turboshaper-plastry-opinie-cena-sklad-forum-gdzie-kupic.png","type":"image\/png"}],"twitter_card":"summary_large_image","twitter_misc":{"Szacowany czas czytania":"7 minut"},"schema":{"@context":"https:\/\/schema.org","@graph":[{"@type":"WebPage","@id":"https:\/\/audiomed.com.pl\/apt\/produkty\/turboshaper\/","url":"https:\/\/audiomed.com.pl\/apt\/produkty\/turboshaper\/","name":"Turboshaper plastry - opinie, cena, sk\u0142ad, efekty 2024","isPartOf":{"@id":"https:\/\/audiomed.com.pl\/apt\/#website"},"primaryImageOfPage":{"@id":"https:\/\/audiomed.com.pl\/apt\/produkty\/turboshaper\/#primaryimage"},"image":{"@id":"https:\/\/audiomed.com.pl\/apt\/produkty\/turboshaper\/#primaryimage"},"thumbnailUrl":"http:\/\/audiomed.com.pl\/apt\/wp-content\/uploads\/2023\/12\/Turboshaper-plastry-opinie-cena-sklad-forum-gdzie-kupic.png","datePublished":"2023-12-28T22:32:19+00:00","dateModified":"2024-01-10T09:25:09+00:00","description":"Czy plastry \ud83d\udc49 Turboshaper \ud83d\udc48 poprawiaj\u0105 kondycj\u0119 sk\u00f3ry i sprawiaj\u0105, \u017ce nast\u0119puje utrata masy cia\u0142a? Kliknij tutaj i dowiedz si\u0119 wi\u0119cej! \ud83d\udd25 \ud83d\udd25","breadcrumb":{"@id":"https:\/\/audiomed.com.pl\/apt\/produkty\/turboshaper\/#breadcrumb"},"inLanguage":"pl-PL","potentialAction":[{"@type":"ReadAction","target":["https:\/\/audiomed.com.pl\/apt\/produkty\/turboshaper\/"]}]},{"@type":"ImageObject","inLanguage":"pl-PL","@id":"https:\/\/audiomed.com.pl\/apt\/produkty\/turboshaper\/#primaryimage","url":"http:\/\/audiomed.com.pl\/apt\/wp-content\/uploads\/2023\/12\/Turboshaper-plastry-opinie-cena-sklad-forum-gdzie-kupic.png","contentUrl":"http:\/\/audiomed.com.pl\/apt\/wp-content\/uploads\/2023\/12\/Turboshaper-plastry-opinie-cena-sklad-forum-gdzie-kupic.png","width":400,"height":400,"caption":"Turboshaper"},{"@type":"BreadcrumbList","@id":"https:\/\/audiomed.com.pl\/apt\/produkty\/turboshaper\/#breadcrumb","itemListElement":[{"@type":"ListItem","position":1,"name":"Home","item":"https:\/\/audiomed.com.pl\/apt\/"},{"@type":"ListItem","position":2,"name":"Produkty","item":"https:\/\/audiomed.com.pl\/apt\/"},{"@type":"ListItem","position":3,"name":"Turboshaper"}]},{"@type":"WebSite","@id":"https:\/\/audiomed.com.pl\/apt\/#website","url":"https:\/\/audiomed.com.pl\/apt\/","name":"Audiomed","description":"","potentialAction":[{"@type":"SearchAction","target":{"@type":"EntryPoint","urlTemplate":"https:\/\/audiomed.com.pl\/apt\/?s={search_term_string}"},"query-input":{"@type":"PropertyValueSpecification","valueRequired":true,"valueName":"search_term_string"}}],"inLanguage":"pl-PL"}]}},"uagb_featured_image_src":{"full":["http:\/\/audiomed.com.pl\/apt\/wp-content\/uploads\/2023\/12\/Turboshaper-plastry-opinie-cena-sklad-forum-gdzie-kupic.png",400,400,false],"thumbnail":["http:\/\/audiomed.com.pl\/apt\/wp-content\/uploads\/2023\/12\/Turboshaper-plastry-opinie-cena-sklad-forum-gdzie-kupic-150x150.png",150,150,true],"medium":["http:\/\/audiomed.com.pl\/apt\/wp-content\/uploads\/2023\/12\/Turboshaper-plastry-opinie-cena-sklad-forum-gdzie-kupic-300x300.png",300,300,true],"medium_large":["http:\/\/audiomed.com.pl\/apt\/wp-content\/uploads\/2023\/12\/Turboshaper-plastry-opinie-cena-sklad-forum-gdzie-kupic.png",400,400,false],"large":["http:\/\/audiomed.com.pl\/apt\/wp-content\/uploads\/2023\/12\/Turboshaper-plastry-opinie-cena-sklad-forum-gdzie-kupic.png",400,400,false],"1536x1536":["http:\/\/audiomed.com.pl\/apt\/wp-content\/uploads\/2023\/12\/Turboshaper-plastry-opinie-cena-sklad-forum-gdzie-kupic.png",400,400,false],"2048x2048":["http:\/\/audiomed.com.pl\/apt\/wp-content\/uploads\/2023\/12\/Turboshaper-plastry-opinie-cena-sklad-forum-gdzie-kupic.png",400,400,false],"woocommerce_thumbnail":["http:\/\/audiomed.com.pl\/apt\/wp-content\/uploads\/2023\/12\/Turboshaper-plastry-opinie-cena-sklad-forum-gdzie-kupic-300x300.png",300,300,true],"woocommerce_single":["http:\/\/audiomed.com.pl\/apt\/wp-content\/uploads\/2023\/12\/Turboshaper-plastry-opinie-cena-sklad-forum-gdzie-kupic.png",400,400,false],"woocommerce_gallery_thumbnail":["http:\/\/audiomed.com.pl\/apt\/wp-content\/uploads\/2023\/12\/Turboshaper-plastry-opinie-cena-sklad-forum-gdzie-kupic-100x100.png",100,100,true],"yarpp-thumbnail":["http:\/\/audiomed.com.pl\/apt\/wp-content\/uploads\/2023\/12\/Turboshaper-plastry-opinie-cena-sklad-forum-gdzie-kupic.png",120,120,false]},"uagb_author_info":{"display_name":"Patrycja","author_link":"http:\/\/audiomed.com.pl\/apt\/author\/"},"uagb_comment_info":0,"uagb_excerpt":"Turboshaper to plastry, kt\u00f3re mog\u0105 okaza\u0107 si\u0119 bardzo dobrym rozwi\u0105zaniem w dziedzinie utraty wagi, oferuj\u0105c u\u017cytkownikom prosty spos\u00f3b na popraw\u0119 swojego zdrowia i wygl\u0105du. Plastry te zawieraj\u0105 ekstrakty ro\u015blinne, kt\u00f3re wed\u0142ug producenta posiadaj\u0105 w\u0142a\u015bciwo\u015bci wspieraj\u0105ce procesy zwi\u0105zane z odchudzaniem. Dzi\u0119ki temu Turboshaper mo\u017ce nie tylko pomaga\u0107 w utracie wagi, ale tak\u017ce poprawia\u0107 kondycj\u0119 sk\u00f3ry, nadaj\u0105c&hellip;","_links":{"self":[{"href":"http:\/\/audiomed.com.pl\/apt\/wp-json\/wp\/v2\/product\/249","targetHints":{"allow":["GET"]}}],"collection":[{"href":"http:\/\/audiomed.com.pl\/apt\/wp-json\/wp\/v2\/product"}],"about":[{"href":"http:\/\/audiomed.com.pl\/apt\/wp-json\/wp\/v2\/types\/product"}],"replies":[{"embeddable":true,"href":"http:\/\/audiomed.com.pl\/apt\/wp-json\/wp\/v2\/comments?post=249"}],"wp:featuredmedia":[{"embeddable":true,"href":"http:\/\/audiomed.com.pl\/apt\/wp-json\/wp\/v2\/media\/279"}],"wp:attachment":[{"href":"http:\/\/audiomed.com.pl\/apt\/wp-json\/wp\/v2\/media?parent=249"}],"wp:term":[{"taxonomy":"product_brand","embeddable":true,"href":"http:\/\/audiomed.com.pl\/apt\/wp-json\/wp\/v2\/product_brand?post=249"},{"taxonomy":"product_cat","embeddable":true,"href":"http:\/\/audiomed.com.pl\/apt\/wp-json\/wp\/v2\/product_cat?post=249"},{"taxonomy":"product_tag","embeddable":true,"href":"http:\/\/audiomed.com.pl\/apt\/wp-json\/wp\/v2\/product_tag?post=249"}],"curies":[{"name":"wp","href":"https:\/\/api.w.org\/{rel}","templated":true}]}}